{"id":94,"date":"2020-04-04T18:43:33","date_gmt":"2020-04-04T18:43:33","guid":{"rendered":"http:\/\/www.pstl.radwanskie.nstrefa.pl\/?page_id=94"},"modified":"2024-12-04T22:57:12","modified_gmt":"2024-12-04T22:57:12","slug":"dolacz-do-nas","status":"publish","type":"page","link":"https:\/\/pstl.pl\/index.php\/dolacz-do-nas\/","title":{"rendered":"Do\u0142\u0105cz do nas"},"content":{"rendered":"\n<p>Zgodnie ze statutem PSTL w naszych turniejach mo\u017ce bra\u0107 udzia\u0142 ka\u017cdy <strong>lekarz<\/strong>,<strong> lekarz dentysta\/stomatolog, <\/strong>kt\u00f3ry posiada dyplom i obywatelstwo polskie. Dopuszczamy udzia\u0142 tak\u017ce sta\u017cyst\u00f3w. W kategorii mikstowej dopuszcza si\u0119 wyj\u0105tkowo udzia\u0142 lekarza wraz osob\u0105, kt\u00f3ra nie jest medykiem. Wystarczy zg\u0142osi\u0107 si\u0119 na konkretne zawody wysy\u0142aj\u0105c zg\u0142oszenie zgodnie z komunikatem turniejowym, kt\u00f3ry pojawia si\u0119 na naszej stronie oko\u0142o miesi\u0105c przed rozpocz\u0119ciem turnieju. Lekarze weterynarii nie mog\u0105 bra\u0107 udzia\u0142u w naszych turniejach.<\/p>\n\n\n\n<br>\n\n\n\n<p><strong>Dodatkowo istnieje mo\u017cliwo\u015b\u0107, po op\u0142aceniu sk\u0142adki, do\u0142\u0105czenia do grona cz\u0142onk\u00f3w Polskiego Stowarzyszenia Tenisowego Lekarzy. Cz\u0142onkostwo gwarantuje<\/strong>:<\/p>\n\n\n\n<p>&#8211; ni\u017csze wpisowe na turnieje akredytowane przez PSTL<br><br>&#8211; mo\u017cliwo\u015b\u0107 klasyfikacji na li\u015bcie rankingowej PSTL, co daje rozstawienie w turniejach<br><br>&#8211; statuetki dla zawodnik\u00f3w i zawodniczek, kt\u00f3rzy uko\u0144cz\u0105 sezon na pierwszym miejscu w rankingu PSTL w danej kategorii (statuetki za poprzedni sezon wr\u0119czamy podczas Letnich Mistrzostw Polski w kolejnym sezonie)<\/p>\n\n\n\n<p>\u2013 licencj\u0119 amatorsk\u0105 TOP Polskiego Zwi\u0105zku Tenisowego, kt\u00f3ra umo\u017cliwia udzia\u0142 w turniejach PSTL i PZT oraz klasyfikacj\u0119 w rankingu Tenis Open Polska PZT (turnieje PSTL s\u0105 wpisane do kalendarza amatorskich turniej\u00f3w PZT)<br><br>&#8211; udzia\u0142 w Pucharze Izb Lekarskich (Twoje indywidualne zdobycze punktowe w turniejach PSTL b\u0119d\u0105 wliczane do klasyfikacji Izb Lekarskich i Twoja Izba mo\u017ce dzi\u0119ki temu wygra\u0107)<br><\/p>\n\n\n\n<h2 class=\"wp-block-heading\"><strong>Sk\u0142adka cz\u0142onkowska<\/strong><\/h2>\n\n\n\n<p>P\u0142atna przelewem na konto lub poprzez wp\u0142at\u0119 bezpo\u015bredni\u0105 w trakcie trwania turniej\u00f3w u kogokolwiek z cz\u0142onk\u00f3w zarz\u0105du PSTL.&nbsp;<strong>Sk\u0142adk\u0119 mo\u017cna zap\u0142aci\u0107 w ka\u017cdym momencie danego roku, natomiast obowi\u0105zuje ona tylko do &nbsp;ko\u0144ca danego roku kalendarzowego<\/strong>. Punkty do rankingu PSTL s\u0105 naliczane dopiero od momentu op\u0142acenia sk\u0142adki.<\/p>\n\n\n\n<p>Nowych cz\u0142onk\u00f3w PSTL po op\u0142aceniu sk\u0142adki prosimy o przes\u0142anie na maila: pokrzywnicki@pstl.pl nast\u0119puj\u0105cych informacji: imi\u0119, nazwisko, data urodzenia, numer telefonu, adres zamieszkania, miejscowo\u015b\u0107, kraj, nazw\u0119 izby lekarskiej, do kt\u00f3rej lekarz przynale\u017cy oraz posiadan\u0105 specjalizacj\u0119. Prosimy r\u00f3wnie\u017c w za\u0142\u0105czniku zamie\u015bci\u0107 potwierdzenie op\u0142acenia sk\u0142adki. Dopisanie do listy cz\u0142onk\u00f3w PSTL zostanie potwierdzone mailem zwrotnym.<\/p>\n\n\n\n<p><\/p>\n\n\n\n<h2 class=\"wp-block-heading\"><strong>Wysoko\u015b\u0107 sk\u0142adek<\/strong><\/h2>\n\n\n\n<p class=\"has-vivid-red-color has-text-color has-link-color wp-elements-043cec8092c68ae32ebf3ec5daa3494a\">Zmiana wysoko\u015bci sk\u0142adek od 2025 roku!<\/p>\n\n\n\n<p>&#8211; 200 z\u0142 &#8211; osoby do 30 roku \u017cycia w\u0142\u0105cznie i powy\u017cej 65 roku \u017cycia w\u0142\u0105cznie<\/p>\n\n\n\n<p>&#8211; 300 z\u0142 &#8211; reszta<\/p>\n\n\n\n<h2 class=\"wp-block-heading\"><strong>Dane do przelewu<\/strong><\/h2>\n\n\n\n<p>Numer konta: 18 1240 4588 1111 0010 3232 7640<br>Polskie Stowarzyszenie Tenisowe Lekarzy<br>W tytule prosz\u0119 wpisa\u0107 &#8222;sk\u0142adka pstl za rok 2025, imi\u0119 i nazwisko&#8221;<\/p>\n\n\n\n<p><\/p>\n\n\n\n<p><\/p>\n","protected":false},"excerpt":{"rendered":"<p>Zgodnie ze statutem PSTL w naszych turniejach mo\u017ce bra\u0107 udzia\u0142 ka\u017cdy lekarz, lekarz dentysta\/stomatolog, kt\u00f3ry posiada dyplom i obywatelstwo polskie. Dopuszczamy udzia\u0142 tak\u017ce sta\u017cyst\u00f3w. W kategorii mikstowej dopuszcza si\u0119 wyj\u0105tkowo udzia\u0142 lekarza wraz osob\u0105, kt\u00f3ra nie jest medykiem. Wystarczy zg\u0142osi\u0107 si\u0119 na konkretne zawody wysy\u0142aj\u0105c zg\u0142oszenie zgodnie z komunikatem turniejowym, kt\u00f3ry pojawia si\u0119 na naszej &hellip; <\/p>\n<p class=\"link-more\"><a href=\"https:\/\/pstl.pl\/index.php\/dolacz-do-nas\/\" class=\"more-link\">Czytaj dalej<span class=\"screen-reader-text\"> \u201eDo\u0142\u0105cz do nas\u201d<\/span><\/a><\/p>\n","protected":false},"author":1,"featured_media":0,"parent":0,"menu_order":0,"comment_status":"closed","ping_status":"closed","template":"","meta":{"footnotes":""},"class_list":["post-94","page","type-page","status-publish","hentry"],"_links":{"self":[{"href":"https:\/\/pstl.pl\/index.php\/wp-json\/wp\/v2\/pages\/94","targetHints":{"allow":["GET"]}}],"collection":[{"href":"https:\/\/pstl.pl\/index.php\/wp-json\/wp\/v2\/pages"}],"about":[{"href":"https:\/\/pstl.pl\/index.php\/wp-json\/wp\/v2\/types\/page"}],"author":[{"embeddable":true,"href":"https:\/\/pstl.pl\/index.php\/wp-json\/wp\/v2\/users\/1"}],"replies":[{"embeddable":true,"href":"https:\/\/pstl.pl\/index.php\/wp-json\/wp\/v2\/comments?post=94"}],"version-history":[{"count":17,"href":"https:\/\/pstl.pl\/index.php\/wp-json\/wp\/v2\/pages\/94\/revisions"}],"predecessor-version":[{"id":2656,"href":"https:\/\/pstl.pl\/index.php\/wp-json\/wp\/v2\/pages\/94\/revisions\/2656"}],"wp:attachment":[{"href":"https:\/\/pstl.pl\/index.php\/wp-json\/wp\/v2\/media?parent=94"}],"curies":[{"name":"wp","href":"https:\/\/api.w.org\/{rel}","templated":true}]}}