{"id":905,"date":"2020-08-09T12:41:48","date_gmt":"2020-08-09T12:41:48","guid":{"rendered":"https:\/\/pstl.pl\/?page_id=905"},"modified":"2020-08-10T22:03:04","modified_gmt":"2020-08-10T22:03:04","slug":"puchar-izb-lekarskich-2019-2020","status":"publish","type":"page","link":"https:\/\/pstl.pl\/index.php\/puchar-izb-lekarskich-2019-2020\/","title":{"rendered":"Puchar Izb Lekarskich 2019\/2020"},"content":{"rendered":"\n<div class=\"wp-block-group\"><div class=\"wp-block-group__inner-container is-layout-flow wp-block-group-is-layout-flow\">\n<p><strong>10. MIEJSCE<\/strong><br \/><strong>WOJSKOWA IZBA LEKARSKA \u2013 516 PKT<\/strong><br \/>1. ROBERT KOWALCZYK \u2013 258 PKT<br \/>2. ZBIGNIEW \u017b\u0118GOTA \u2013 214 PKT<br \/>3. KRZYSZTOF STARO\u0143 \u2013 44 PKT<\/p>\n<p><strong>9. MIEJSCE<\/strong><br \/><strong>OKR\u0118GOWA IZBA LEKARSKA W RZESZOWIE \u2013 535 PKT<\/strong><br \/>1. KAZIMIERZ BUJAK &#8211; 234 PKT<br \/>2. WIES\u0141AW B\u0104BA &#8211; 221 PKT<br \/>3. KOWAL JACEK &#8211; 80 PKT<\/p>\n<p><strong>8. MIEJSCE<\/strong><br \/><strong>OKR\u0118GOWA IZBA LEKARSKA W KRAKOWIE \u2013 692 PKT<\/strong><br \/>1. ROBERT TELEGA &#8211; 290 PKT<br \/>2. PAWE\u0141 \u0141YSIKOWSKI -206 PKT<br \/>3. JAN PARADOWSKI -196 PKT<\/p>\n<p><strong>7. MIEJSCE<\/strong><br \/><strong>OKR\u0118GOWA IZBA LEKARSKA W OPOLU \u2013 694 PKT<\/strong><br \/>1. ZBIGNIEW NANOWSKI &#8211; 380 PKT<br \/>2. ROMAN SADOWSKI &#8211; 254 PKT<br \/>3. KRZYSZTOF PARTYKA &#8211; 60 PKT<\/p>\n<p><strong>6. MIEJSCE<\/strong><br \/><strong>OKR\u0118GOWA IZBA LEKARSKA W ZIELONEJ G\u00d3RZE -703 PKT<\/strong><br \/>1. J\u00d3ZEF SAFIAN &#8211; 265 PKT<br \/>2. ARTUR FERENCZ &#8211; 260 PKT<br \/>3. LECH BORKOWSKI &#8211; 178 PKT<\/p>\n<p><strong>5. MIEJSCE<\/strong><br \/><strong>OKR\u0118GOWA IZBA LEKARSKA W LUBLINIE- 734 PKT<\/strong><br \/>1.AGATA WOJCIUK &#8211; 340 PKT<br \/>2.JOANNA SZAFRANEK-PYZEL &#8211; 220 PKT<br \/>3.J\u00d3ZEF SZAFRANEK &#8211; 174 PKT<\/p>\n<p><strong>4. MIEJSCE<\/strong><br \/><strong>OKR\u0118GOWA IZBA LEKARSKA W \u0141ODZI &#8211; 846 PKT<\/strong><br \/>1.WOJCIECH PIETRZAK &#8211; 383 PKT<br \/>2.DANIEL LEO\u0143CZYK &#8211; 267 PKT<br \/>3.BOGUS\u0141AW RATAJ &#8211; 196 PKT<\/p>\n<p><strong>3. MIEJSCE<\/strong><br \/><strong>\u015aL\u0104SKA IZBA LEKARSKA &#8211; 1125 PKT<\/strong><br \/>1. BART\u0141OMIEJ PTAK &#8211; 480 PKT<br \/>2. MARCIN POKRZYWNICKI &#8211; 386 PKT<br \/>3. BO\u017bENA KLIMCZYK &#8211; 259 PKT<\/p>\n<p><strong>2. MIEJSCE<\/strong><br \/><strong>DOLNO\u015aL\u0104SKA IZBA LEKARSKA &#8211; 1171 PKT<\/strong><br \/>1. MAREK PUDE\u0141KO &#8211; 431 PKT<br \/>2. TOMASZ MAZIAK &#8211; 370 PKT<br \/>3. STANIS\u0141AW \u015aWIERAD &#8211; 370 PKT<\/p>\n<p><span style=\"color: #ff0000;\"><strong>1. MIEJSCE<\/strong><\/span><br \/><span style=\"color: #ff0000;\"><strong>WIELKOPOLSKA IZBA LEKARSKA- 1180 PKT<\/strong><\/span><br \/><span style=\"color: #ff0000;\"><strong>1. ANNA KOMAR \u2013 520 PKT<\/strong><\/span><br \/><span style=\"color: #ff0000;\"><strong>2. MA\u0141GORZATA PAWELEC-WOJTALIK \u2013 400 PKT<\/strong><\/span><br \/><span style=\"color: #ff0000;\"><strong>3. OLESJA SZPAK \u2013 260 PKT<\/strong><\/span><\/p>\n<p>\u00a0<\/p>\n<\/div><\/div>\n\n\n\n<div class=\"wp-block-image\"><figure class=\"aligncenter size-large is-resized\"><img loading=\"lazy\" decoding=\"async\" src=\"https:\/\/pstl.pl\/wp-content\/uploads\/2020\/08\/puchar-izb-19-20-1024x683.jpg\" alt=\"\" class=\"wp-image-910\" width=\"830\" height=\"553\" srcset=\"https:\/\/pstl.pl\/wp-content\/uploads\/2020\/08\/puchar-izb-19-20-1024x683.jpg 1024w, https:\/\/pstl.pl\/wp-content\/uploads\/2020\/08\/puchar-izb-19-20-300x200.jpg 300w, https:\/\/pstl.pl\/wp-content\/uploads\/2020\/08\/puchar-izb-19-20-768x512.jpg 768w, https:\/\/pstl.pl\/wp-content\/uploads\/2020\/08\/puchar-izb-19-20-1536x1024.jpg 1536w, https:\/\/pstl.pl\/wp-content\/uploads\/2020\/08\/puchar-izb-19-20-2048x1365.jpg 2048w\" sizes=\"auto, (max-width: 767px) 89vw, (max-width: 1000px) 54vw, (max-width: 1071px) 543px, 580px\" \/><\/figure><\/div>\n","protected":false},"excerpt":{"rendered":"<p>10. MIEJSCEWOJSKOWA IZBA LEKARSKA \u2013 516 PKT1. ROBERT KOWALCZYK \u2013 258 PKT2. ZBIGNIEW \u017b\u0118GOTA \u2013 214 PKT3. KRZYSZTOF STARO\u0143 \u2013 44 PKT 9. MIEJSCEOKR\u0118GOWA IZBA LEKARSKA W RZESZOWIE \u2013 535 PKT1. KAZIMIERZ BUJAK &#8211; 234 PKT2. WIES\u0141AW B\u0104BA &#8211; 221 PKT3. KOWAL JACEK &#8211; 80 PKT 8. MIEJSCEOKR\u0118GOWA IZBA LEKARSKA W KRAKOWIE \u2013 692 PKT1. &hellip; <\/p>\n<p class=\"link-more\"><a href=\"https:\/\/pstl.pl\/index.php\/puchar-izb-lekarskich-2019-2020\/\" class=\"more-link\">Czytaj dalej<span class=\"screen-reader-text\"> \u201ePuchar Izb Lekarskich 2019\/2020\u201d<\/span><\/a><\/p>\n","protected":false},"author":1,"featured_media":0,"parent":0,"menu_order":0,"comment_status":"closed","ping_status":"closed","template":"","meta":{"footnotes":""},"class_list":["post-905","page","type-page","status-publish","hentry"],"_links":{"self":[{"href":"https:\/\/pstl.pl\/index.php\/wp-json\/wp\/v2\/pages\/905","targetHints":{"allow":["GET"]}}],"collection":[{"href":"https:\/\/pstl.pl\/index.php\/wp-json\/wp\/v2\/pages"}],"about":[{"href":"https:\/\/pstl.pl\/index.php\/wp-json\/wp\/v2\/types\/page"}],"author":[{"embeddable":true,"href":"https:\/\/pstl.pl\/index.php\/wp-json\/wp\/v2\/users\/1"}],"replies":[{"embeddable":true,"href":"https:\/\/pstl.pl\/index.php\/wp-json\/wp\/v2\/comments?post=905"}],"version-history":[{"count":2,"href":"https:\/\/pstl.pl\/index.php\/wp-json\/wp\/v2\/pages\/905\/revisions"}],"predecessor-version":[{"id":911,"href":"https:\/\/pstl.pl\/index.php\/wp-json\/wp\/v2\/pages\/905\/revisions\/911"}],"wp:attachment":[{"href":"https:\/\/pstl.pl\/index.php\/wp-json\/wp\/v2\/media?parent=905"}],"curies":[{"name":"wp","href":"https:\/\/api.w.org\/{rel}","templated":true}]}}