{"id":782,"date":"2020-07-16T21:07:52","date_gmt":"2020-07-16T21:07:52","guid":{"rendered":"https:\/\/pstl.pl\/?page_id=782"},"modified":"2020-07-16T22:37:47","modified_gmt":"2020-07-16T22:37:47","slug":"ix-ogolnopolski-turniej-tenisowy-lekarzy-memorial-dr-tomasza-teresinskiego-zamosc-3-5-07-2020-r","status":"publish","type":"page","link":"https:\/\/pstl.pl\/index.php\/ix-ogolnopolski-turniej-tenisowy-lekarzy-memorial-dr-tomasza-teresinskiego-zamosc-3-5-07-2020-r\/","title":{"rendered":"IX Og\u00f3lnopolski Turniej Tenisowy Lekarzy ,,Memoria\u0142 dr Tomasza Teresi\u0144skiego\u201d, Zamo\u015b\u0107, 3-5.07.2020 r."},"content":{"rendered":"\n<p><a rel=\"noreferrer noopener\" href=\"https:\/\/pstl.pl\/wp-content\/uploads\/2020\/05\/komunikat-turniejowy-zamosc-2020.pdf\" target=\"_blank\"><strong>Komunikat turniejowy<\/strong><\/a><\/p><br><br>\n\n\n\n<p><\/p>\n\n\n\n<p><\/p>\n\n\n\n<p>W dniach 03-05 lipca 2020 r. na kortach KT Return przy ul. Studziennej 2 w Zamo\u015bciu rozegrano IX Og\u00f3lnopolski Turniej Tenisowy Lekarzy &#8211; XII Memoria\u0142 dr Tomasza Teresi\u0144skiego.<\/p>\n\n\n\n<p>W turnieju uczestniczy\u0142o 56 zawodnik\u00f3w z ca\u0142ego kraju (42 pan\u00f3w i 14 pa\u0144). Turniej rozegrano systemem grupowym i pucharowym.<\/p><br><br>\n\n\n\n<p><strong>KLASYFIKACJA KO\u0143COWA:<\/strong><\/p><br>\n\n\n\n<p><strong>M\u0119\u017cczy\u017ani &#8211; Gra pojedyncza OPEN<\/strong><\/p>\n\n\n\n<p>1 POKRZYWNICKI Marcin \u015al\u0105ska IL<\/p>\n\n\n\n<p>2 PTAK Bart\u0142omiej \u015al\u0105ska IL<\/p>\n\n\n\n<p>3 MARINKOVI\u0106 Bogus\u0142aw Tarnowska IL<\/p>\n\n\n\n<p>4 GALIK Rafa\u0142 OIL w Krakowie<\/p>\n\n\n\n<p><strong>M\u0119\u017cczy\u017ani &#8211; Gra pojedyncza 35+<\/strong><\/p>\n\n\n\n<p>1 PTAK Bart\u0142omiej \u015al\u0105ska IL<\/p>\n\n\n\n<p>2 MARINKOVI\u0106 Bogus\u0142aw Tarnowska IL<\/p>\n\n\n\n<p>3 GALIK Rafa\u0142 OIL w Krakowie<\/p>\n\n\n\n<p><strong>M\u0119\u017cczy\u017ani &#8211; Gra pojedyncza 45+<\/strong><\/p>\n\n\n\n<p>1 TELEGA Robert OIL w Krakowie<\/p>\n\n\n\n<p>2 KORNACKI Jakub Wielkopolska IL<\/p>\n\n\n\n<p>3 BARNA\u015a Jerzy OIL w Rzeszowie<\/p>\n\n\n\n<p><strong>M\u0119\u017cczy\u017ani &#8211; Gra pojedyncza 50+<\/strong><\/p>\n\n\n\n<p>1 \u017b\u0118GOTA Zbigniew Wojskowa IL w Warszawie<\/p>\n\n\n\n<p>2 WAWRZYNEK Wojciech \u015al\u0105ska IL<\/p>\n\n\n\n<p>3-4 KOWALCZYK Robert Wojskowa IL w Warszawie<\/p>\n\n\n\n<p>3-4 \u0141UKASIEWICZ Maciej \u015al\u0105ska IL<\/p>\n\n\n\n<p><strong>M\u0119\u017cczy\u017ani &#8211; Gra pojedyncza 55+<\/strong><\/p>\n\n\n\n<p>1 SADOWSKI Roman OIL w Opolu<\/p>\n\n\n\n<p>2 \u0141YSIKOWSKI Pawe\u0142 OIL w Krakowie<\/p>\n\n\n\n<p>3-4 GAJECKI Dariusz Dolno\u015bl\u0105ska IL<\/p>\n\n\n\n<p>3-4 MICA\u0141 Alfred OIL w Rzeszowie<\/p>\n\n\n\n<p><strong>M\u0119\u017cczy\u017ani &#8211; Gra pojedyncza 60+<\/strong><\/p>\n\n\n\n<p>1 B\u0104BA Wies\u0142aw Podkarpacka Izba Lekarska<\/p>\n\n\n\n<p>2 BACHURSKI Andrzej Dolno\u015bl\u0105ska IL we Wroc\u0142awiu<\/p>\n\n\n\n<p>3 ZIEJA Andrzej Lubelska IL<\/p>\n\n\n\n<p><strong>M\u0119\u017cczy\u017ani &#8211; Gra pojedyncza 65+<\/strong><\/p>\n\n\n\n<p>1 CIE\u015aLAK Zbigniew Bydgoska IL<\/p>\n\n\n\n<p>2 TALARCZYK Jerzy OIL w Bia\u0142ymstoku<\/p>\n\n\n\n<p>3-4 BUJAK Kazimierz OIL w Rzeszowie<\/p>\n\n\n\n<p>3-4 LEO\u0143CZYK Daniel OIL w \u0141odzi<\/p>\n\n\n\n<p><strong>M\u0119\u017cczy\u017ani &#8211; Gra pojedyncza 70+<\/strong><\/p>\n\n\n\n<p>1 SOBEL Jerzy \u015al\u0105ska IL<\/p>\n\n\n\n<p>2 KO\u0141ODZIEJ Piotr OIL w Warszawie<\/p>\n\n\n\n<p>3-4 LUBI\u0143SKI Ignacy Kujawsko-Pomorska IL<\/p>\n\n\n\n<p>3-4 MICHA\u0141OWSKI Krzysztof Lubelska IL<\/p>\n\n\n\n<p><strong>Kobiety &#8211; Gra pojedyncza OPEN<\/strong><\/p>\n\n\n\n<p>1 KOMAR Anna Wielkopolska IL<\/p>\n\n\n\n<p>2 GA\u0141USZKA-GARNUSZEK Joanna \u015awi\u0119tokrzyska IL<\/p>\n\n\n\n<p>3-4 POLKOWSKA-PRUSZY\u0143SKA Beata Lubelska IL<\/p>\n\n\n\n<p>3-4 WIDZISZOWSKA Agnieszka \u015al\u0105ska IL<\/p>\n\n\n\n<p><strong>Kobiety &#8211; Gra pojedyncza 45+<\/strong><\/p>\n\n\n\n<p>1 KOMAR Anna Wielkopolska IL<\/p>\n\n\n\n<p>2 GA\u0141USZKA-GARNUSZEK Joanna \u015awi\u0119tokrzyska IL<\/p>\n\n\n\n<p>3-4 POLKOWSKA-PRUSZY\u0143SKA Beata Lubelska IL<\/p>\n\n\n\n<p>3-4 WIDZISZOWSKA Agnieszka \u015al\u0105ska IL<\/p>\n\n\n\n<p><strong>Kobiety &#8211; Gra pojedyncza 55+<\/strong><\/p>\n\n\n\n<p>1 MARTINI-KAMI\u0143SKA Gra\u017cyna Beskidzka IL<\/p>\n\n\n\n<p>2 K\u0118DZIERSKA Bo\u017cenna OIL w Warszawie<\/p>\n\n\n\n<p>3 OLSZEWSKA-KOZI\u0143SKA Ma\u0142gorzata OIL w \u0141odzi<\/p>\n\n\n\n<p><strong>Kobiety &#8211; Gra pojedyncza 60+<\/strong><\/p>\n\n\n\n<p>1 K\u0118DZIERSKA Bo\u017cenna OIL w Warszawie<\/p>\n\n\n\n<p><strong>M\u0119\u017cczy\u017ani &#8211; Gra podw\u00f3jna OPEN<\/strong><\/p>\n\n\n\n<p>1 GALIK Rafa\u0142 OIL w Krakowie<\/p>\n\n\n\n<p>POKRZYWNICKI Marcin \u015al\u0105ska IL<\/p>\n\n\n\n<p>2 PILCH Maciej OIL Warszawa<\/p>\n\n\n\n<p>PTAK Bart\u0142omiej \u015al\u0105ska IL<\/p>\n\n\n\n<p>3 KORNACKI Jakub&nbsp; Wielkopolska IL<\/p>\n\n\n\n<p>MARINKOVI\u0106 Bogus\u0142aw&nbsp; Tarnowska IL<\/p>\n\n\n\n<p><strong>M\u0119\u017cczy\u017ani &#8211; Gra podw\u00f3jna 45+<\/strong><\/p>\n\n\n\n<p>1 KOWALCZYK Robert Wojskowa IL w Warszawie<\/p>\n\n\n\n<p>TELEGA Robert OIL w Krakowie<\/p>\n\n\n\n<p>2 BORKOWSKI Lech OIL w Zielonej G\u00f3rze<\/p>\n\n\n\n<p>\u0141YSIKOWSKI Pawe\u0142 OIL w Krakowie<\/p>\n\n\n\n<p>3-4 FUNDAMENT Mariusz OIL w Krakowie<\/p>\n\n\n\n<p>SEMCZUK Andrzej Lubelska IL<\/p>\n\n\n\n<p>3-4 SADOWSKI Roman OIL w Opolu<\/p>\n\n\n\n<p>\u017b\u0118GOTA Zbigniew Wojskowa IL w Warszawie<\/p>\n\n\n\n<p><strong>M\u0119\u017cczy\u017ani &#8211; Gra podw\u00f3jna 55+<\/strong><\/p>\n\n\n\n<p>1 B\u0104BA Wies\u0142aw Podkarpacka Izba Lekarska<\/p>\n\n\n\n<p>MARZEC Jaros\u0142aw OIL w Rzeszowie<\/p>\n\n\n\n<p>2 GAJECKI Dariusz Dolno\u015bl\u0105ska IL<\/p>\n\n\n\n<p>KLIMAS Przemys\u0142aw Cz\u0119stochowska IL<\/p>\n\n\n\n<p>3 CIOS Mariusz Lubelska IL<\/p>\n\n\n\n<p>STARO\u0143 Krzysztof Wojskowa IL w Warszawie<\/p>\n\n\n\n<p><strong>M\u0119\u017cczy\u017ani &#8211; Gra podw\u00f3jna 65+<\/strong><\/p>\n\n\n\n<p>1 BUJAK Kazimierz OIL w Rzeszowie<\/p>\n\n\n\n<p>LEO\u0143CZYK Daniel OIL w \u0141odzi<\/p>\n\n\n\n<p>2 CIE\u015aLAK Zbigniew Bydgoska IL<\/p>\n\n\n\n<p>TALARCZYK Jerzy Lubelska IL<\/p>\n\n\n\n<p>3-4 JAKUBOWSKI Adam \u0141\u00f3dzka IL<\/p>\n\n\n\n<p>KO\u0141ODZIEJ Piotr OIL w Warszawie<\/p>\n\n\n\n<p>3-4 KINTZI Marek Wielkopolska IL<\/p>\n\n\n\n<p>LUBI\u0143SKI Ignacy Kujawsko-Pomorska IL<\/p>\n\n\n\n<p><strong>Kobiety &#8211; Gra podw\u00f3jna OPEN<\/strong><\/p>\n\n\n\n<p>1 KOMAR Anna Wielkopolska IL<\/p>\n\n\n\n<p>MARTINI-KAMI\u0143SKA Gra\u017cyna Beskidzka IL<\/p>\n\n\n\n<p>2 K\u0118DZIERSKA Bo\u017cenna [1] OIL w Warszawie<\/p>\n\n\n\n<p>OLSZEWSKA-KOZI\u0143SKA Ma\u0142gorzata OIL w \u0141odzi<\/p>\n\n\n\n<p>3-4 GA\u0141USZKA-GARNUSZEK Joanna \u015awi\u0119tokrzyska IL<\/p>\n\n\n\n<p>\u0141ADZIAK-T\u0118CZA Jadwiga Lubelska IL<\/p>\n\n\n\n<p>3-4 MARTYNIUK Joanna Lubelska IL<\/p>\n\n\n\n<p>POLKOWSKA-PRUSZY\u0143SKA Beata Lubelska IL<\/p>\n\n\n\n<p><strong>Najlepszy Zawodnik Turnieju<\/strong><\/p>\n\n\n\n<p>POKRZYWNICKI Marcin \u015al\u0105ska IL<\/p>\n\n\n\n<p><strong>Najlepsza Zawodniczka Turnieju<\/strong><\/p>\n\n\n\n<p>KOMAR Anna Wielkopolska IL<\/p>\n\n\n\n<p><strong>Nagrody<\/strong><\/p>\n\n\n\n<p>Za zaj\u0119cie miejsc 1-2 zawodnicy otrzymali puchary, a za miejsca 1-4 pami\u0105tkowe dyplomy z&nbsp;fotografi\u0105 uczestnik\u00f3w zawod\u00f3w.<\/p>\n\n\n\n<p>Wr\u0119czono puchary dla \u201eNajlepszego Zawodnika Turnieju\u201d i \u201eNajlepszej Zawodniczki Turnieju\u201d.<\/p>\n\n\n\n<p><strong>Sprawy finansowe<\/strong><\/p>\n\n\n\n<p>Turniej wsp\u00f3\u0142finansowany przez Naczeln\u0105 Izb\u0119 Lekarsk\u0105 i Lubelsk\u0105 Izb\u0119 Lekarsk\u0105.<\/p>\n\n\n\n<p>Turniej wspierany finansowo r\u00f3wnie\u017c przez PKP Linia Hutnicza Szerokotorowa Sp. z o .o. i&nbsp;Sp\u00f3\u0142dzielni\u0119 Mleczarsk\u0105 w Krasnymstawie.<\/p>\n\n\n\n<p><strong>Sprawy organizacyjne<\/strong><\/p>\n\n\n\n<p>Uroczystego otwarcia turnieju dokona\u0142 Prezes ZTT KT Return Jacek Podko\u015bcielny. Na otwarciu obecni byli m. in. rodzice, \u017cona, i c\u00f3rka dr Tomasza Teresi\u0144skiego, Prezes Lubelskiej Izby Lekarskiej Leszek Buk, Prezes Polskiego Stowarzyszenia Tenisowego Lekarzy Joanna Szafranek, Honorowy Prezes ZTT KT Return Janusz Kawa\u0142ko.<\/p>\n\n\n\n<p>Poziom turnieju obserwuj\u0105cy kibice oraz znawcy tenisa ocenili jako bardzo wysoki. Du\u017co pojedynk\u00f3w by\u0142a bardzo zaci\u0119ta i ko\u0144czy\u0142a si\u0119 minimalnymi przewagami.<\/p>\n\n\n\n<p>Ka\u017cdy m\u00f3g\u0142 bezp\u0142atnie skorzysta\u0107 z kawy, herbaty i wody mineralnej. Przez dwa dni turnieju organizator zapewni\u0142 katering.<\/p>\n\n\n\n<p class=\"has-text-align-right\">Organizator: ZTT KT Return Zamo\u015b\u0107<\/p><br>\n\n\n\n<p><\/p>\n\n\n\n<p><strong>PE\u0141NE WYNIKI:<\/strong><\/p>\n\n\n\n<ul class=\"wp-block-list\"><li><a rel=\"noreferrer noopener\" href=\"https:\/\/pstl.pl\/wp-content\/uploads\/2020\/07\/wyniki_grupy.pdf\" target=\"_blank\">Grupy<\/a><\/li><li><a rel=\"noreferrer noopener\" href=\"https:\/\/pstl.pl\/wp-content\/uploads\/2020\/07\/MS_55.pdf\" target=\"_blank\">MS +55<\/a><\/li><li><a rel=\"noreferrer noopener\" href=\"https:\/\/pstl.pl\/wp-content\/uploads\/2020\/07\/MS_65.pdf\" target=\"_blank\">MS +65<\/a><\/li><li><a rel=\"noreferrer noopener\" href=\"https:\/\/pstl.pl\/wp-content\/uploads\/2020\/07\/MS_70.pdf\" target=\"_blank\">MS +70<\/a><\/li><li><a rel=\"noreferrer noopener\" href=\"https:\/\/pstl.pl\/wp-content\/uploads\/2020\/07\/MD_45.pdf\" target=\"_blank\">MD +45<\/a><\/li><li><a rel=\"noreferrer noopener\" href=\"https:\/\/pstl.pl\/wp-content\/uploads\/2020\/07\/MD_65.pdf\" target=\"_blank\">MD +65<\/a><\/li><li><a rel=\"noreferrer noopener\" href=\"https:\/\/pstl.pl\/wp-content\/uploads\/2020\/07\/WS_open_45.pdf\" target=\"_blank\">WS open i +45<\/a><\/li><li><a href=\"https:\/\/pstl.pl\/wp-content\/uploads\/2020\/07\/WD_open.pdf\" target=\"_blank\" rel=\"noreferrer noopener\">WD open<\/a><\/li><\/ul>\n\n\n\n<p><strong>ZDJ\u0118CIA<\/strong> -&gt; <a href=\"https:\/\/imgur.com\/a\/bRwly9Z\" target=\"_blank\" rel=\"noreferrer noopener\">TUTAJ<\/a><\/p>\n","protected":false},"excerpt":{"rendered":"<p>Komunikat turniejowy W dniach 03-05 lipca 2020 r. na kortach KT Return przy ul. Studziennej 2 w Zamo\u015bciu rozegrano IX Og\u00f3lnopolski Turniej Tenisowy Lekarzy &#8211; XII Memoria\u0142 dr Tomasza Teresi\u0144skiego. W turnieju uczestniczy\u0142o 56 zawodnik\u00f3w z ca\u0142ego kraju (42 pan\u00f3w i 14 pa\u0144). Turniej rozegrano systemem grupowym i pucharowym. KLASYFIKACJA KO\u0143COWA: M\u0119\u017cczy\u017ani &#8211; Gra pojedyncza &hellip; <\/p>\n<p class=\"link-more\"><a href=\"https:\/\/pstl.pl\/index.php\/ix-ogolnopolski-turniej-tenisowy-lekarzy-memorial-dr-tomasza-teresinskiego-zamosc-3-5-07-2020-r\/\" class=\"more-link\">Czytaj dalej<span class=\"screen-reader-text\"> \u201eIX Og\u00f3lnopolski Turniej Tenisowy Lekarzy ,,Memoria\u0142 dr Tomasza Teresi\u0144skiego\u201d, Zamo\u015b\u0107, 3-5.07.2020 r.\u201d<\/span><\/a><\/p>\n","protected":false},"author":1,"featured_media":0,"parent":0,"menu_order":0,"comment_status":"closed","ping_status":"closed","template":"","meta":{"footnotes":""},"class_list":["post-782","page","type-page","status-publish","hentry"],"_links":{"self":[{"href":"https:\/\/pstl.pl\/index.php\/wp-json\/wp\/v2\/pages\/782","targetHints":{"allow":["GET"]}}],"collection":[{"href":"https:\/\/pstl.pl\/index.php\/wp-json\/wp\/v2\/pages"}],"about":[{"href":"https:\/\/pstl.pl\/index.php\/wp-json\/wp\/v2\/types\/page"}],"author":[{"embeddable":true,"href":"https:\/\/pstl.pl\/index.php\/wp-json\/wp\/v2\/users\/1"}],"replies":[{"embeddable":true,"href":"https:\/\/pstl.pl\/index.php\/wp-json\/wp\/v2\/comments?post=782"}],"version-history":[{"count":6,"href":"https:\/\/pstl.pl\/index.php\/wp-json\/wp\/v2\/pages\/782\/revisions"}],"predecessor-version":[{"id":801,"href":"https:\/\/pstl.pl\/index.php\/wp-json\/wp\/v2\/pages\/782\/revisions\/801"}],"wp:attachment":[{"href":"https:\/\/pstl.pl\/index.php\/wp-json\/wp\/v2\/media?parent=782"}],"curies":[{"name":"wp","href":"https:\/\/api.w.org\/{rel}","templated":true}]}}