{"id":628,"date":"2020-04-19T12:56:45","date_gmt":"2020-04-19T12:56:45","guid":{"rendered":"http:\/\/www.pstl.radwanskie.nstrefa.pl\/?page_id=628"},"modified":"2020-04-19T12:56:45","modified_gmt":"2020-04-19T12:56:45","slug":"klauzula-informacyjna","status":"publish","type":"page","link":"https:\/\/pstl.pl\/index.php\/klauzula-informacyjna\/","title":{"rendered":"Klauzula informacyjna"},"content":{"rendered":"\n<p><strong>Informujemy, \u017ce<\/strong>:<\/p>\n\n\n\n<ol class=\"wp-block-list\"><li>Administratorem Pa\u0144stwa danych osobowych jest Polskie Stowarzyszenie Tenisowe Lekarzy (siedziba ul. Jana Kazimierza 11a\/4, 01-248 Warszawa, NIP 739 32 62 366, REGON 510917034).<\/li><li>G\u0142\u00f3wnym celem zbierania Pa\u0144stwa danych osobowych jest mo\u017cliwo\u015b\u0107 zapisania si\u0119 przez Pa\u0144stwa na listach startowych w zawodach sportowych, a tak\u017ce umieszczenie Pa\u0144stwa danych (imi\u0119 i nazwisko) na listach rankingowych dost\u0119pnych na stronie internetowej Stowarzyszenia.<\/li><li>Na mocy przepis\u00f3w Rozporz\u0105dzenia Parlamentu Europejskiego i Rady (UE) 2016\/679 z dnia 27 kwietnia 2016 przys\u0142uguje Pa\u0144stwu prawo dost\u0119pu do Pa\u0144stwa danych osobowych, ich sprostowania, ograniczenia ich przetwarzania, przeniesienia, sprzeciwu wobec przetwarzania oraz prawo do wniesienia skargi do organu nadzorczego (tj.: Prezesa Urz\u0119du Ochrony Danych Osobowych). Przy czym niekt\u00f3re z przys\u0142uguj\u0105cych Pa\u0144stwu praw s\u0105 ograniczone przepisami krajowymi.<\/li><li>W przypadku zapisywania si\u0119 przez Pa\u0144stwa na listach startowych w turniejach sportowych, podanie danych jest konieczne. Brak wyra\u017cenia zgody na przetwarzanie Pa\u0144stwa danych osobowych wi\u0105za\u0107 si\u0119 b\u0119dzie z brakiem mo\u017cliwo\u015bci uczestniczenia w zawodach. Natomiast wyra\u017cenie zgody na umieszczenie Pa\u0144stwa danych na listach rankingowych jest dobrowolne. Brak wyra\u017cenia zgody spowoduje nieumieszczenie Pa\u0144stwa na li\u015bcie rankingowej.<\/li><li>Dane udost\u0119pnione przez Pa\u0144stwa nie b\u0119d\u0105 podlega\u0142y udost\u0119pnieniu podmiotom trzecim. Odbiorcami danych mog\u0105 by\u0107 tylko instytucje upowa\u017cnione z mocy prawa. Dane udost\u0119pnione przez Pa\u0144stwa nie b\u0119d\u0105 podlega\u0142y profilowaniu. Administrator danych nie ma zamiaru przekazywa\u0107 danych osobowych do pa\u0144stwa trzeciego lub organizacji mi\u0119dzynarodowej.<\/li><li>Pa\u0144stwa dane osobowe zwi\u0105zane z uczestniczeniem w turnieju b\u0105d\u017a zawodach i zwi\u0105zane z rankingiem przechowywane b\u0119d\u0105 do czasu cofni\u0119cia zgody.<\/li><\/ol>\n","protected":false},"excerpt":{"rendered":"<p>Informujemy, \u017ce: Administratorem Pa\u0144stwa danych osobowych jest Polskie Stowarzyszenie Tenisowe Lekarzy (siedziba ul. Jana Kazimierza 11a\/4, 01-248 Warszawa, NIP 739 32 62 366, REGON 510917034). G\u0142\u00f3wnym celem zbierania Pa\u0144stwa danych osobowych jest mo\u017cliwo\u015b\u0107 zapisania si\u0119 przez Pa\u0144stwa na listach startowych w zawodach sportowych, a tak\u017ce umieszczenie Pa\u0144stwa danych (imi\u0119 i nazwisko) na listach rankingowych dost\u0119pnych &hellip; <\/p>\n<p class=\"link-more\"><a href=\"https:\/\/pstl.pl\/index.php\/klauzula-informacyjna\/\" class=\"more-link\">Czytaj dalej<span class=\"screen-reader-text\"> \u201eKlauzula informacyjna\u201d<\/span><\/a><\/p>\n","protected":false},"author":1,"featured_media":0,"parent":0,"menu_order":0,"comment_status":"closed","ping_status":"closed","template":"","meta":{"footnotes":""},"class_list":["post-628","page","type-page","status-publish","hentry"],"_links":{"self":[{"href":"https:\/\/pstl.pl\/index.php\/wp-json\/wp\/v2\/pages\/628","targetHints":{"allow":["GET"]}}],"collection":[{"href":"https:\/\/pstl.pl\/index.php\/wp-json\/wp\/v2\/pages"}],"about":[{"href":"https:\/\/pstl.pl\/index.php\/wp-json\/wp\/v2\/types\/page"}],"author":[{"embeddable":true,"href":"https:\/\/pstl.pl\/index.php\/wp-json\/wp\/v2\/users\/1"}],"replies":[{"embeddable":true,"href":"https:\/\/pstl.pl\/index.php\/wp-json\/wp\/v2\/comments?post=628"}],"version-history":[{"count":1,"href":"https:\/\/pstl.pl\/index.php\/wp-json\/wp\/v2\/pages\/628\/revisions"}],"predecessor-version":[{"id":629,"href":"https:\/\/pstl.pl\/index.php\/wp-json\/wp\/v2\/pages\/628\/revisions\/629"}],"wp:attachment":[{"href":"https:\/\/pstl.pl\/index.php\/wp-json\/wp\/v2\/media?parent=628"}],"curies":[{"name":"wp","href":"https:\/\/api.w.org\/{rel}","templated":true}]}}