{"id":607,"date":"2020-04-16T00:28:22","date_gmt":"2020-04-16T00:28:22","guid":{"rendered":"http:\/\/www.pstl.radwanskie.nstrefa.pl\/?page_id=607"},"modified":"2025-12-06T16:48:07","modified_gmt":"2025-12-06T16:48:07","slug":"regulamin-i-zasady-turniejow-pstl","status":"publish","type":"page","link":"https:\/\/pstl.pl\/index.php\/regulamin-i-zasady-turniejow-pstl\/","title":{"rendered":"Regulamin i zasady turniej\u00f3w PSTL"},"content":{"rendered":"\n<p><strong><span class=\"has-inline-color has-vivid-red-color\">Ostatnia aktualizacja: 06.12.2025 r.<\/span><\/strong><\/p>\n\n\n\n<br><br>\n\n\n\n<p>1. W przypadku zg\u0142oszenia do danej kategorii wiekowej poni\u017cej 2 os\u00f3b (debli\/mikst\u00f3w) &#8211; \u0142\u0105czymy kategorie. W miar\u0119 mo\u017cliwo\u015bci nie \u0142\u0105czymy kategorii m\u0119\u017cczy\u017ani +75 z +80 i +75 z +85.<\/p>\n\n\n\n<p>2. <strong>W przypadku zg\u0142oszenia 3-6 os\u00f3b w\u0142\u0105cznie do danej kategorii wiekowej singlowej &#8211; rozgrywki grupowe. Powy\u017cej 6 os\u00f3b &#8211; drabinka.<\/strong><\/p>\n\n\n\n<p>3. Turnieje grupowe: 3 osoby &#8211; gramy ka\u017cdy z ka\u017cdym, 4 osoby &#8211; gramy ka\u017cdy z ka\u017cdym, 5 os\u00f3b &#8211; gramy ka\u017cdy z ka\u017cdym, 6 os\u00f3b &#8211; dwie grupy po 3 osoby, w grupie ka\u017cdy z ka\u017cdym, potem zwyci\u0119zcy grup graj\u0105 mecz o 1 miejsce.<\/p>\n\n\n\n<p>4. Oficjalna pi\u0142ka turniej\u00f3w PSTL to Tretorn Serie + Control. Pi\u0142ki na turnieje zapewnia PSTL.<\/p>\n\n\n\n<p>5. W ka\u017cdym turnieju mo\u017cna zg\u0142osi\u0107 si\u0119 do 3 kategorii (jeden singiel + jeden debel + jeden mikst + turniej pocieszenia w singlu).  <strong>Mo\u017cna gra\u0107 w m\u0142odszej kategorii wiekowej ni\u017c to wynika z wieku gracza lub w kategorii open.<\/strong><\/p>\n\n\n\n<p>6. <strong>W ka\u017cdym turnieju organizujemy turniej pocieszenia<\/strong> &#8211; dzi\u0119ki temu ka\u017cdy uczestnik ma zagwarantowane minimum 2 mecze singlowe. W przypadku problem\u00f3w z pogod\u0105 i ilo\u015bci\u0105 kort\u00f3w dopuszcza si\u0119 odst\u0119pstwo od tej zasady. W turnieju pocieszenia nie ma rozstawie\u0144. Osobny turniej w formie drabinki dla m\u0119\u017cczyzn i kobiet pod warunkiem przynajmniej 4 zg\u0142oszonych os\u00f3b, bez podzia\u0142u na kategorie wiekowe. Do turnieju pocieszenia wchodzi ka\u017cdy, kto przegra\u0142 pierwszy mecz w drabince (nawet gdy wcze\u015bniej mia\u0142 wolny los).<\/p>\n\n\n\n<p>7. W turniejach, w kt\u00f3rych b\u0119d\u0105 organizowane rozgrywki mikstowe (najcz\u0119\u015bciej Mistrzostwa Polski) gramy zawsze w dw\u00f3ch kategoriach: open i +50. Nie tworzymy rankingu mikstowego. Do decyzji s\u0119dziego nale\u017cy w jakim formacie b\u0119d\u0105 mecze singlowe, deblowe, mikstowe (np. dwa pe\u0142ne sety\/jeden pe\u0142ny set\/dwa sety od 2\/2) &#8211; w zale\u017cno\u015bci od ilo\u015bci kort\u00f3w\/pogody.<\/p>\n\n\n\n<p>8. W ka\u017cdym turnieju gramy w \u015bci\u015ble okre\u015blonych kategoriach wiekowych: Singiel kobiet: open, + 45, +55, +60, +65. Singiel panowie: open, +35, +40, + 45, + 50, + 55, + 60, + 65, + 70, + 75, +80, +85. Debel panie: open, + 45, +55, +60. Debel panowie: open, +45, +55, +65, +75, +85. Mikst: open, +50. Turniej pocieszenia kobiet i m\u0119\u017cczyzn w singlu.<\/p>\n\n\n\n<p>9. <strong>Zg\u0142oszenia do turnieju zamykamy najp\u00f3\u017aniej tydzie\u0144 przed turniejem.<\/strong> <strong>Plan gier nie mo\u017ce pojawi\u0107 si\u0119 p\u00f3\u017aniej ni\u017c 3 pe\u0142ne dni przed rozpocz\u0119ciem turnieju na stronie www.pstl.pl, w grupie &#8222;Tennis-Med&#8221; WhatsApp oraz na profilu PSTL na Facebooku.<\/strong><\/p>\n\n\n\n<p>10. Organizator turnieju ma obowi\u0105zek do tygodnia od zako\u0144czenia zawod\u00f3w przes\u0142a\u0107 do Sekretarza PSTL (Marcin Pokrzywnicki, marcinpokrzywnicki90@gmail.com) pe\u0142ne i uzupe\u0142nione drabinki turniejowe\/grupy, list\u0119 zg\u0142osze\u0144 do turnieju oraz informacje, kt\u00f3re kategorie wiekowe zosta\u0142y po\u0142\u0105czone (ma to znaczenie podczas przyznawania punkt\u00f3w do rankingu).<\/p>\n\n\n\n<p>11. Rozstawienia zawodnik\u00f3w w turniejach PSTL wed\u0142ug aktualnego rankingu PSTL dost\u0119pnego na stronie www. pstl.pl (zak\u0142adka Rankingi).<\/p>\n\n\n\n<p>12. Rozstawienia w deblu \u2013 liczy si\u0119 suma miejsc obu graczy z pary, kt\u00f3re zajmuj\u0105 w rankingu deblowym. Im mniejsza suma tym wy\u017csze rozstawienie.<\/p>\n\n\n\n<p>13. Ze wzgl\u0119du na brak rankingu mikstowego &#8211; w tej kategorii stosujemy rozstawienia na podstawie 'si\u0142y gry&#8217;. <strong>W mik\u015bcie dopuszcza si\u0119 udzia\u0142 w duecie jednej osoby, kt\u00f3ra nie jest lekarzem\/dentyst\u0105<\/strong>.<\/p>\n\n\n\n<p>14. W naszych turniejach w singlu i w deblu mo\u017ce bra\u0107 udzia\u0142 ka\u017cdy&nbsp;<strong>lekarz<\/strong>,<strong>&nbsp;lekarz dentysta\/stomatolog<\/strong>, kt\u00f3ry posiada dyplom i obywatelstwo polskie. Dopuszczamy udzia\u0142 tak\u017ce sta\u017cyst\u00f3w. Inne zawody medyczne, takie jak lekarze weterynarii lub farmaceuci nie mog\u0105 bra\u0107 udzia\u0142u w turniejach PSTL.<\/p>\n\n\n\n<p>15. Uczestnicy z kategorii +80 i +85 m\u0119\u017cczyzn s\u0105 zwolnieni z wpisowego pod warunkiem op\u0142aconej sk\u0142adki PSTL za dany rok.<\/p>\n\n\n\n<p>16. Nie ma mo\u017cliwo\u015bci rozegrania swojego pierwszego meczu od drugiego dnia turnieju, chyba, \u017ce tak wynika z drabinki (wolny los, ma\u0142o zg\u0142osze\u0144 w danej kategorii wiekowej). Plan gier u\u0142o\u017cony przez s\u0119dziego jest ostateczny i zak\u0142ada maksymalne ob\u0142o\u017cenie wszystkich kort\u00f3w ju\u017c od godzin porannych od pierwszego dnia turnieju. To wszystko w celu sprawnego przeprowadzenia turnieju.<\/p>\n\n\n\n<p>17. Ka\u017cdy cz\u0142onek PSTL mo\u017ce poprosi\u0107 o zamro\u017cenie rankingu oraz sk\u0142adki z powodu powa\u017cnej kontuzji lub choroby pod warunkiem braku gry w turniejach PSTL przez co najmniej p\u00f3\u0142 roku. W tym celu powinien wys\u0142a\u0107 maila na adres: komar@pstl.pl i poinformowa\u0107 o takiej sytuacji. Zamro\u017cenie rankingu spowoduje, \u017ce nie b\u0119d\u0105 odpisywane punkty rankingowe za turnieje zagrane w ostatnich 12 miesi\u0105cach i zostan\u0105 zachowane przez pe\u0142ny rok od momentu powrotu do gry. Zamro\u017cenie sk\u0142adki spowoduje, \u017ce b\u0119dzie ona wa\u017cna przez rok od momentu powrotu do grania.<\/p>\n\n\n\n<p>18. W trakcie turnieju rangi Mistrzostwa Polski musi odby\u0107 si\u0119 bankiet turniejowy. Nie jest to wymagane w przypadku turniej\u00f3w ni\u017cszej rangi (turnieje og\u00f3lnopolskie).<\/p>\n\n\n\n<p>19. Wycofanie si\u0119 z turnieju PSTL po zamkni\u0119ciu zg\u0142osze\u0144 jest r\u00f3wnoznaczne z konieczno\u015bci\u0105 op\u0142acenia wpisowego.<\/p>\n\n\n\n<p>20. Pozosta\u0142e zasady nie zawarte w tym dziale &#8211; zgodnie z Regulaminem Polskiego Zwi\u0105zku Tenisowego.<\/p>\n\n\n\n<p class=\"has-text-align-right\">Zarz\u0105d PSTL<\/p>\n","protected":false},"excerpt":{"rendered":"<p>Ostatnia aktualizacja: 06.12.2025 r. 1. W przypadku zg\u0142oszenia do danej kategorii wiekowej poni\u017cej 2 os\u00f3b (debli\/mikst\u00f3w) &#8211; \u0142\u0105czymy kategorie. W miar\u0119 mo\u017cliwo\u015bci nie \u0142\u0105czymy kategorii m\u0119\u017cczy\u017ani +75 z +80 i +75 z +85. 2. W przypadku zg\u0142oszenia 3-6 os\u00f3b w\u0142\u0105cznie do danej kategorii wiekowej singlowej &#8211; rozgrywki grupowe. Powy\u017cej 6 os\u00f3b &#8211; drabinka. 3. Turnieje &hellip; <\/p>\n<p class=\"link-more\"><a href=\"https:\/\/pstl.pl\/index.php\/regulamin-i-zasady-turniejow-pstl\/\" class=\"more-link\">Czytaj dalej<span class=\"screen-reader-text\"> \u201eRegulamin i zasady turniej\u00f3w PSTL\u201d<\/span><\/a><\/p>\n","protected":false},"author":1,"featured_media":0,"parent":0,"menu_order":0,"comment_status":"closed","ping_status":"closed","template":"","meta":{"footnotes":""},"class_list":["post-607","page","type-page","status-publish","hentry"],"_links":{"self":[{"href":"https:\/\/pstl.pl\/index.php\/wp-json\/wp\/v2\/pages\/607","targetHints":{"allow":["GET"]}}],"collection":[{"href":"https:\/\/pstl.pl\/index.php\/wp-json\/wp\/v2\/pages"}],"about":[{"href":"https:\/\/pstl.pl\/index.php\/wp-json\/wp\/v2\/types\/page"}],"author":[{"embeddable":true,"href":"https:\/\/pstl.pl\/index.php\/wp-json\/wp\/v2\/users\/1"}],"replies":[{"embeddable":true,"href":"https:\/\/pstl.pl\/index.php\/wp-json\/wp\/v2\/comments?post=607"}],"version-history":[{"count":25,"href":"https:\/\/pstl.pl\/index.php\/wp-json\/wp\/v2\/pages\/607\/revisions"}],"predecessor-version":[{"id":3003,"href":"https:\/\/pstl.pl\/index.php\/wp-json\/wp\/v2\/pages\/607\/revisions\/3003"}],"wp:attachment":[{"href":"https:\/\/pstl.pl\/index.php\/wp-json\/wp\/v2\/media?parent=607"}],"curies":[{"name":"wp","href":"https:\/\/api.w.org\/{rel}","templated":true}]}}