{"id":586,"date":"2020-04-16T00:07:50","date_gmt":"2020-04-16T00:07:50","guid":{"rendered":"http:\/\/www.pstl.radwanskie.nstrefa.pl\/?page_id=586"},"modified":"2020-04-16T00:07:50","modified_gmt":"2020-04-16T00:07:50","slug":"vi-mistrzostwa-polski-lekarzy-w-tenisie-gryfino-1996","status":"publish","type":"page","link":"https:\/\/pstl.pl\/index.php\/vi-mistrzostwa-polski-lekarzy-w-tenisie-gryfino-1996\/","title":{"rendered":"VI Mistrzostwa Polski Lekarzy w Tenisie &#8211; Gryfino 1996"},"content":{"rendered":"\n<p>Relacja i wyniki:<\/p>\n\n\n\n<ul class=\"wp-block-list\"><li><a href=\"http:\/\/www.pstl.radwanskie.nstrefa.pl\/wp-content\/uploads\/2020\/04\/96-1-scaled.jpg\" target=\"_blank\" rel=\"noreferrer noopener\">cz\u0119\u015b\u0107 1<\/a><\/li><\/ul>\n\n\n\n<ul class=\"wp-block-list\"><li><a href=\"http:\/\/www.pstl.radwanskie.nstrefa.pl\/wp-content\/uploads\/2020\/04\/96-2-scaled.jpg\" target=\"_blank\" rel=\"noreferrer noopener\">cz\u0119\u015b\u0107 2<\/a><\/li><\/ul>\n\n\n\n<ul class=\"wp-block-list\"><li><a href=\"http:\/\/www.pstl.radwanskie.nstrefa.pl\/wp-content\/uploads\/2020\/04\/96-3-scaled.jpg\" target=\"_blank\" rel=\"noreferrer noopener\">cz\u0119\u015b\u0107 3<\/a><\/li><\/ul>\n\n\n\n<ul class=\"wp-block-list\"><li><a href=\"http:\/\/www.pstl.radwanskie.nstrefa.pl\/wp-content\/uploads\/2020\/04\/96-4-scaled.jpg\" target=\"_blank\" rel=\"noreferrer noopener\">cz\u0119\u015b\u0107 4<\/a><\/li><\/ul>\n\n\n\n<p><\/p>\n","protected":false},"excerpt":{"rendered":"<p>Relacja i wyniki: cz\u0119\u015b\u0107 1 cz\u0119\u015b\u0107 2 cz\u0119\u015b\u0107 3 cz\u0119\u015b\u0107 4<\/p>\n","protected":false},"author":1,"featured_media":0,"parent":0,"menu_order":0,"comment_status":"closed","ping_status":"closed","template":"","meta":{"footnotes":""},"class_list":["post-586","page","type-page","status-publish","hentry"],"_links":{"self":[{"href":"https:\/\/pstl.pl\/index.php\/wp-json\/wp\/v2\/pages\/586","targetHints":{"allow":["GET"]}}],"collection":[{"href":"https:\/\/pstl.pl\/index.php\/wp-json\/wp\/v2\/pages"}],"about":[{"href":"https:\/\/pstl.pl\/index.php\/wp-json\/wp\/v2\/types\/page"}],"author":[{"embeddable":true,"href":"https:\/\/pstl.pl\/index.php\/wp-json\/wp\/v2\/users\/1"}],"replies":[{"embeddable":true,"href":"https:\/\/pstl.pl\/index.php\/wp-json\/wp\/v2\/comments?post=586"}],"version-history":[{"count":1,"href":"https:\/\/pstl.pl\/index.php\/wp-json\/wp\/v2\/pages\/586\/revisions"}],"predecessor-version":[{"id":591,"href":"https:\/\/pstl.pl\/index.php\/wp-json\/wp\/v2\/pages\/586\/revisions\/591"}],"wp:attachment":[{"href":"https:\/\/pstl.pl\/index.php\/wp-json\/wp\/v2\/media?parent=586"}],"curies":[{"name":"wp","href":"https:\/\/api.w.org\/{rel}","templated":true}]}}