{"id":552,"date":"2020-04-15T23:12:20","date_gmt":"2020-04-15T23:12:20","guid":{"rendered":"http:\/\/www.pstl.radwanskie.nstrefa.pl\/?page_id=552"},"modified":"2020-04-15T23:12:20","modified_gmt":"2020-04-15T23:12:20","slug":"ogolnopolski-turniej-tenisowy-lekarzy-zamosc-20-22-08-2010","status":"publish","type":"page","link":"https:\/\/pstl.pl\/index.php\/ogolnopolski-turniej-tenisowy-lekarzy-zamosc-20-22-08-2010\/","title":{"rendered":"Og\u00f3lnopolski Turniej Tenisowy Lekarzy &#8211; Zamo\u015b\u0107 20-22.08.2010"},"content":{"rendered":"\n<p><strong>Rodzaj:<\/strong>&nbsp;Og\u00f3lnopolski Turniej Tenisowy Lekarzy<\/p>\n\n\n\n<p><strong>Miejsce rozgrywek:<\/strong>&nbsp;Zamo\u015b\u0107<\/p>\n\n\n\n<p><strong>Data rozgrywek:<\/strong>&nbsp;20-22 sierpnia 2010<\/p>\n\n\n\n<p><\/p>\n\n\n\n<p>Dokumenty do pobrania dla tego turnieju:<\/p>\n\n\n\n<figure class=\"wp-block-image\"><a href=\"http:\/\/www.pstl.radwanskie.nstrefa.pl\/wp-content\/uploads\/2020\/04\/turnieje2010_zamosc_informator.pdf\" target=\"_blank\" rel=\"noreferrer noopener\"><img decoding=\"async\" src=\"http:\/\/www.pstl.org\/images\/turnieje_informator.png\" alt=\"Informator turniejowy\"\/><\/a><\/figure>\n\n\n\n<figure class=\"wp-block-image\"><a href=\"http:\/\/www.pstl.radwanskie.nstrefa.pl\/wp-content\/uploads\/2020\/04\/turnieje2010_zamosc_wyniki.pdf\" target=\"_blank\" rel=\"noreferrer noopener\"><img decoding=\"async\" src=\"http:\/\/www.pstl.org\/images\/turnieje_wyniki.png\" alt=\"Wyniki turnieju\"\/><\/a><\/figure>\n\n\n\n<figure class=\"wp-block-image\"><a href=\"http:\/\/www.pstl.radwanskie.nstrefa.pl\/wp-content\/uploads\/2020\/04\/turnieje2010_zamosc_sprawozdanie.pdf\" target=\"_blank\" rel=\"noreferrer noopener\"><img decoding=\"async\" src=\"http:\/\/www.pstl.org\/images\/turnieje_sprawozdanie.png\" alt=\"Sprawozdanie\"\/><\/a><\/figure>\n","protected":false},"excerpt":{"rendered":"<p>Rodzaj:&nbsp;Og\u00f3lnopolski Turniej Tenisowy Lekarzy Miejsce rozgrywek:&nbsp;Zamo\u015b\u0107 Data rozgrywek:&nbsp;20-22 sierpnia 2010 Dokumenty do pobrania dla tego turnieju:<\/p>\n","protected":false},"author":1,"featured_media":0,"parent":0,"menu_order":0,"comment_status":"closed","ping_status":"closed","template":"","meta":{"footnotes":""},"class_list":["post-552","page","type-page","status-publish","hentry"],"_links":{"self":[{"href":"https:\/\/pstl.pl\/index.php\/wp-json\/wp\/v2\/pages\/552","targetHints":{"allow":["GET"]}}],"collection":[{"href":"https:\/\/pstl.pl\/index.php\/wp-json\/wp\/v2\/pages"}],"about":[{"href":"https:\/\/pstl.pl\/index.php\/wp-json\/wp\/v2\/types\/page"}],"author":[{"embeddable":true,"href":"https:\/\/pstl.pl\/index.php\/wp-json\/wp\/v2\/users\/1"}],"replies":[{"embeddable":true,"href":"https:\/\/pstl.pl\/index.php\/wp-json\/wp\/v2\/comments?post=552"}],"version-history":[{"count":1,"href":"https:\/\/pstl.pl\/index.php\/wp-json\/wp\/v2\/pages\/552\/revisions"}],"predecessor-version":[{"id":556,"href":"https:\/\/pstl.pl\/index.php\/wp-json\/wp\/v2\/pages\/552\/revisions\/556"}],"wp:attachment":[{"href":"https:\/\/pstl.pl\/index.php\/wp-json\/wp\/v2\/media?parent=552"}],"curies":[{"name":"wp","href":"https:\/\/api.w.org\/{rel}","templated":true}]}}