{"id":487,"date":"2020-04-14T15:55:40","date_gmt":"2020-04-14T15:55:40","guid":{"rendered":"http:\/\/www.pstl.radwanskie.nstrefa.pl\/?page_id=487"},"modified":"2020-04-14T15:55:40","modified_gmt":"2020-04-14T15:55:40","slug":"xxvii-mistrzostwa-polski-lekarzy-lexus-cup-2017-warszawa-15-18-czerwca-2017","status":"publish","type":"page","link":"https:\/\/pstl.pl\/index.php\/xxvii-mistrzostwa-polski-lekarzy-lexus-cup-2017-warszawa-15-18-czerwca-2017\/","title":{"rendered":"XXVII Mistrzostwa Polski Lekarzy &#8222;Lexus Cup 2017&#8221; &#8211; Warszawa 15-18 czerwca 2017"},"content":{"rendered":"\n<p><strong><a href=\"http:\/\/www.pstl.radwanskie.nstrefa.pl\/wp-content\/uploads\/2020\/04\/warszawa17-LEXUS-CUP-2017-komunikat-PSTL.docx\">Komunikat<\/a><\/strong><\/p>\n\n\n\n<p><strong><a href=\"http:\/\/www.pstl.radwanskie.nstrefa.pl\/wp-content\/uploads\/2020\/04\/warszawa17-plakat_lexus2017-scaled.jpg\">Plakat<\/a><\/strong><\/p>\n\n\n\n<p><\/p>\n\n\n\n<h2 class=\"wp-block-heading\"><strong>Drabinki turniejowe gier singlowych:<\/strong><\/h2>\n\n\n\n<ul class=\"wp-block-list\"><li><a href=\"http:\/\/www.pstl.radwanskie.nstrefa.pl\/wp-content\/uploads\/2020\/04\/warszawa17-K_OPEN.pdf\">Kobiety open<\/a><\/li><li><a href=\"http:\/\/www.pstl.radwanskie.nstrefa.pl\/wp-content\/uploads\/2020\/04\/warszawa17-K_45.pdf\">Kobiety 45+<\/a><\/li><li><a href=\"http:\/\/www.pstl.radwanskie.nstrefa.pl\/wp-content\/uploads\/2020\/04\/warszawa17-K_55.pdf\">Kobiety 55+<\/a><\/li><li><a href=\"http:\/\/www.pstl.radwanskie.nstrefa.pl\/wp-content\/uploads\/2020\/04\/warszawa17-M_OPEN.pdf\">M\u0119\u017cczy\u017ani open<\/a><\/li><li><a href=\"http:\/\/www.pstl.radwanskie.nstrefa.pl\/wp-content\/uploads\/2020\/04\/warszawa17-M_35.pdf\">M\u0119\u017cczy\u017ani 35+<\/a><\/li><li><a href=\"http:\/\/www.pstl.radwanskie.nstrefa.pl\/wp-content\/uploads\/2020\/04\/warszawa17-M_45.pdf\">M\u0119\u017cczy\u017ani 45+<\/a><\/li><li><a href=\"http:\/\/www.pstl.radwanskie.nstrefa.pl\/wp-content\/uploads\/2020\/04\/warszawa17-M_50.pdf\">M\u0119\u017cczy\u017ani 50+<\/a><\/li><li><a href=\"http:\/\/www.pstl.radwanskie.nstrefa.pl\/wp-content\/uploads\/2020\/04\/warszawa17-M_55.pdf\">M\u0119\u017cczy\u017ani 55+<\/a><\/li><li><a href=\"http:\/\/www.pstl.radwanskie.nstrefa.pl\/wp-content\/uploads\/2020\/04\/warszawa17-M_60.pdf\">M\u0119\u017cczy\u017ani 60+<\/a><\/li><li><a href=\"http:\/\/www.pstl.radwanskie.nstrefa.pl\/wp-content\/uploads\/2020\/04\/warszawa17-M_65.pdf\">M\u0119\u017cczy\u017ani 65+<\/a><\/li><li><a href=\"http:\/\/www.pstl.radwanskie.nstrefa.pl\/wp-content\/uploads\/2020\/04\/warszawa17-M_70.pdf\">M\u0119\u017cczy\u017ani 70+<\/a><\/li><li><a href=\"http:\/\/www.pstl.radwanskie.nstrefa.pl\/wp-content\/uploads\/2020\/04\/warszawa17-M_75.pdf\">M\u0119\u017cczy\u017ani 75+<\/a><\/li><li><a href=\"http:\/\/www.pstl.radwanskie.nstrefa.pl\/wp-content\/uploads\/2020\/04\/warszawa17-M_80.pdf\">M\u0119\u017cczy\u017ani 80+<\/a><\/li><\/ul>\n\n\n\n<p><\/p>\n\n\n\n<h2 class=\"wp-block-heading\"><strong>Drabinki turniejowe gier deblowych:<\/strong><\/h2>\n\n\n\n<ul class=\"wp-block-list\"><li><a href=\"http:\/\/www.pstl.radwanskie.nstrefa.pl\/wp-content\/uploads\/2020\/04\/warszawa17-KD_45.pdf\">Kobiety do 45<\/a><\/li><li><a href=\"http:\/\/www.pstl.radwanskie.nstrefa.pl\/wp-content\/uploads\/2020\/04\/warszawa17-KD_45plus.pdf\">Kobiety 45 +<\/a><\/li><li><a href=\"http:\/\/www.pstl.radwanskie.nstrefa.pl\/wp-content\/uploads\/2020\/04\/warszawa17-MX_50.pdf\">Mixt do 50<\/a><\/li><li><a href=\"http:\/\/www.pstl.radwanskie.nstrefa.pl\/wp-content\/uploads\/2020\/04\/warszawa17-MX_50plus.pdf\">Mixt 50 +<\/a><\/li><li><a href=\"http:\/\/www.pstl.radwanskie.nstrefa.pl\/wp-content\/uploads\/2020\/04\/warszawa17-MD_45.pdf\">M\u0119\u017cczy\u017ani do 45<\/a><\/li><li><a href=\"http:\/\/www.pstl.radwanskie.nstrefa.pl\/wp-content\/uploads\/2020\/04\/warszawa17-MD_55.pdf\">M\u0119\u017cczy\u017ani do 55<\/a><\/li><li><a href=\"http:\/\/www.pstl.radwanskie.nstrefa.pl\/wp-content\/uploads\/2020\/04\/warszawa17-MD-do-65.pdf\">M\u0119zczy\u017ani do 65<\/a><\/li><li><a href=\"http:\/\/www.pstl.radwanskie.nstrefa.pl\/wp-content\/uploads\/2020\/04\/warszawa17-MD-do-75.pdf\">M\u0119\u017cczy\u017ani do 75<\/a><\/li><li><a href=\"http:\/\/www.pstl.radwanskie.nstrefa.pl\/wp-content\/uploads\/2020\/04\/warszawa17-MD_75plus.pdf\">M\u0119\u017cczy\u017ani 75 +<\/a><\/li><\/ul>\n","protected":false},"excerpt":{"rendered":"<p>Komunikat Plakat Drabinki turniejowe gier singlowych: Kobiety open Kobiety 45+ Kobiety 55+ M\u0119\u017cczy\u017ani open M\u0119\u017cczy\u017ani 35+ M\u0119\u017cczy\u017ani 45+ M\u0119\u017cczy\u017ani 50+ M\u0119\u017cczy\u017ani 55+ M\u0119\u017cczy\u017ani 60+ M\u0119\u017cczy\u017ani 65+ M\u0119\u017cczy\u017ani 70+ M\u0119\u017cczy\u017ani 75+ M\u0119\u017cczy\u017ani 80+ Drabinki turniejowe gier deblowych: Kobiety do 45 Kobiety 45 + Mixt do 50 Mixt 50 + M\u0119\u017cczy\u017ani do 45 M\u0119\u017cczy\u017ani do 55 M\u0119zczy\u017ani &hellip; <\/p>\n<p class=\"link-more\"><a href=\"https:\/\/pstl.pl\/index.php\/xxvii-mistrzostwa-polski-lekarzy-lexus-cup-2017-warszawa-15-18-czerwca-2017\/\" class=\"more-link\">Czytaj dalej<span class=\"screen-reader-text\"> \u201eXXVII Mistrzostwa Polski Lekarzy &#8222;Lexus Cup 2017&#8221; &#8211; Warszawa 15-18 czerwca 2017\u201d<\/span><\/a><\/p>\n","protected":false},"author":1,"featured_media":0,"parent":0,"menu_order":0,"comment_status":"closed","ping_status":"closed","template":"","meta":{"footnotes":""},"class_list":["post-487","page","type-page","status-publish","hentry"],"_links":{"self":[{"href":"https:\/\/pstl.pl\/index.php\/wp-json\/wp\/v2\/pages\/487","targetHints":{"allow":["GET"]}}],"collection":[{"href":"https:\/\/pstl.pl\/index.php\/wp-json\/wp\/v2\/pages"}],"about":[{"href":"https:\/\/pstl.pl\/index.php\/wp-json\/wp\/v2\/types\/page"}],"author":[{"embeddable":true,"href":"https:\/\/pstl.pl\/index.php\/wp-json\/wp\/v2\/users\/1"}],"replies":[{"embeddable":true,"href":"https:\/\/pstl.pl\/index.php\/wp-json\/wp\/v2\/comments?post=487"}],"version-history":[{"count":1,"href":"https:\/\/pstl.pl\/index.php\/wp-json\/wp\/v2\/pages\/487\/revisions"}],"predecessor-version":[{"id":514,"href":"https:\/\/pstl.pl\/index.php\/wp-json\/wp\/v2\/pages\/487\/revisions\/514"}],"wp:attachment":[{"href":"https:\/\/pstl.pl\/index.php\/wp-json\/wp\/v2\/media?parent=487"}],"curies":[{"name":"wp","href":"https:\/\/api.w.org\/{rel}","templated":true}]}}