{"id":483,"date":"2020-04-14T14:25:31","date_gmt":"2020-04-14T14:25:31","guid":{"rendered":"http:\/\/www.pstl.radwanskie.nstrefa.pl\/?page_id=483"},"modified":"2020-04-14T14:25:31","modified_gmt":"2020-04-14T14:25:31","slug":"trojmecz-lekarze-prawnicy-architekci-poznan-2018","status":"publish","type":"page","link":"https:\/\/pstl.pl\/index.php\/trojmecz-lekarze-prawnicy-architekci-poznan-2018\/","title":{"rendered":"Tr\u00f3jmecz Lekarze-Prawnicy-Architekci &#8211; Pozna\u0144 2018"},"content":{"rendered":"\n<h2 class=\"wp-block-heading\"><strong>Zdj\u0119cia<\/strong>&nbsp;-&gt;&nbsp;<a href=\"https:\/\/imgur.com\/a\/uvyZwF9\" target=\"_blank\" rel=\"noreferrer noopener\">tutaj<\/a><\/h2>\n\n\n\n<p><\/p>\n\n\n\n<p>W dniach 23-24.062018 na Kortowie w Poznaniu odby\u0142a si\u0119 II edycja Tr\u00f3jmeczu Architekci-Prawnicy -Lekarze.<\/p>\n\n\n\n<p>Reprezentanci powy\u017cszych grup zawodowych spotkali si\u0119 na kortach w Poznaniu w mi\u0142ej atmosferze, przyja\u017anie, ale oczywi\u015bcie z ch\u0119ci\u0105 rywalizacji.<\/p>\n\n\n\n<p>Ka\u017cdy zesp\u00f3\u0142 sk\u0142ada\u0142 si\u0119 z 18 zawodnik\u00f3w: 11 m\u0119\u017cczyzn oraz 7 kobiet. Byli\u015bmy podzieleni na kategorie wiekowe: m\u0119\u017cczy\u017ani open, 40-50 lat, powy\u017cej 50 lat, kobiety open i kobiety powy\u017cej 40 lat.<\/p>\n\n\n\n<p>Wszyscy uczestnicy musieli zagra\u0107 dwa mecze singlowe i dwa deblowe lub mixtowe.<\/p>\n\n\n\n<p>Za ka\u017cdy wygrany pojedynek dru\u017cyna otrzymywa\u0142a jeden punkt.<\/p>\n\n\n\n<p>W sobot\u0119 rywalizacja dotyczy\u0142a pojedynk\u00f3w singlowych, a w niedziele deblowych.<\/p>\n\n\n\n<p>Ostateczne wyniki 11-31-39 (Architekci-Prawnicy-Lekarze) z wygrana po raz drugi Lekarzy.<\/p>\n\n\n\n<p>Wyniki by\u0142y wa\u017cne, ale nie najwa\u017cniejsze. Atmosfera spotkania, ucieczka od codzienno\u015bci<\/p>\n\n\n\n<p>i sp\u0119dzenie czasu na sportowo w mi\u0142ym towarzystwie da\u0142o nam najwi\u0119cej.<\/p>\n\n\n\n<p>Grupy zawodowe lekarzy i prawnik\u00f3w to najsilniejsze tenisowo profesje.<\/p>\n\n\n\n<p>My\u015blimy o poszerzeniu w przysz\u0142o\u015bci zawod\u00f3w i do\u0142\u0105czeniu nast\u0119pnych grup zawodowych.<\/p>\n\n\n\n<p>Konwencja imprezy bardzo si\u0119 sprawdzi\u0142a &#8211; by\u0142a rywalizacja, mo\u017cna by\u0142o kibicowa\u0107 swoim, rywalizowali\u015bmy si\u0119 na korcie z mniej znanym przeciwnikiem.<\/p>\n\n\n\n<p>Organizatorzy: Jarek \u2013 prawnik, Lidka \u2013 architekt oraz Ryszard &#8211; lekarz, przy wsparciu Lexusa i Terrano. Przeprowadzili\u015bmy interesuj\u0105ce zawody, kt\u00f3re zosta\u0142y przyj\u0119te z pe\u0142n\u0105 aprobat\u0105. Turniej nie by\u0142 punktowany do rankingu PSTL.<\/p>\n\n\n\n<p><\/p>\n\n\n\n<p><strong>Lekarze wyst\u0105pili w sk\u0142adzie<\/strong>:<\/p>\n\n\n\n<p>&#8211; <strong>M\u0119\u017cczy\u017ani OPEN<\/strong>: Jan Paradowski, Micha\u0142 Dyrda, Marcin Pokrzywnicki, J\u0119drzej Molicki<\/p>\n\n\n\n<p>&#8211; <strong>M\u0119\u017cczy\u017ani 40-50<\/strong>:\u00a0Maciej Koczorowski,\u00a0Marcin Krywiak,\u00a0Robert Telega,\u00a0Bartek Ruszkowski<\/p>\n\n\n\n<p>&#8211; <strong>M\u0119\u017cczy\u017ani +50<\/strong>:\u00a0Ryszard Stawicki,\u00a0Wojciech Pietrzak,\u00a0Dariusz I\u017cycki<\/p>\n\n\n\n<p>&#8211; <strong>Kobiety OPEN<\/strong>: ,Olesja Szpak, Agata Wojciuk, Kinga Janczukowicz,\u00a0Zuzanna Przybylska<\/p>\n\n\n\n<p>&#8211; <strong>Kobiety +40<\/strong>:\u00a0Anna Komar,\u00a0Agnieszka Widziszowska,\u00a0Joanna Szafranek<\/p>\n\n\n\n<p><\/p>\n\n\n\n<p>Zosta\u0142 ustalony termin zawod\u00f3w III Edycji na 1-2.06.2019.<\/p>\n\n\n\n<p class=\"has-text-align-right\"><em>Ryszard Stawicki<\/em><\/p>\n","protected":false},"excerpt":{"rendered":"<p>Zdj\u0119cia&nbsp;-&gt;&nbsp;tutaj W dniach 23-24.062018 na Kortowie w Poznaniu odby\u0142a si\u0119 II edycja Tr\u00f3jmeczu Architekci-Prawnicy -Lekarze. Reprezentanci powy\u017cszych grup zawodowych spotkali si\u0119 na kortach w Poznaniu w mi\u0142ej atmosferze, przyja\u017anie, ale oczywi\u015bcie z ch\u0119ci\u0105 rywalizacji. Ka\u017cdy zesp\u00f3\u0142 sk\u0142ada\u0142 si\u0119 z 18 zawodnik\u00f3w: 11 m\u0119\u017cczyzn oraz 7 kobiet. Byli\u015bmy podzieleni na kategorie wiekowe: m\u0119\u017cczy\u017ani open, 40-50 lat, &hellip; <\/p>\n<p class=\"link-more\"><a href=\"https:\/\/pstl.pl\/index.php\/trojmecz-lekarze-prawnicy-architekci-poznan-2018\/\" class=\"more-link\">Czytaj dalej<span class=\"screen-reader-text\"> \u201eTr\u00f3jmecz Lekarze-Prawnicy-Architekci &#8211; Pozna\u0144 2018\u201d<\/span><\/a><\/p>\n","protected":false},"author":1,"featured_media":0,"parent":0,"menu_order":0,"comment_status":"closed","ping_status":"closed","template":"","meta":{"footnotes":""},"class_list":["post-483","page","type-page","status-publish","hentry"],"_links":{"self":[{"href":"https:\/\/pstl.pl\/index.php\/wp-json\/wp\/v2\/pages\/483","targetHints":{"allow":["GET"]}}],"collection":[{"href":"https:\/\/pstl.pl\/index.php\/wp-json\/wp\/v2\/pages"}],"about":[{"href":"https:\/\/pstl.pl\/index.php\/wp-json\/wp\/v2\/types\/page"}],"author":[{"embeddable":true,"href":"https:\/\/pstl.pl\/index.php\/wp-json\/wp\/v2\/users\/1"}],"replies":[{"embeddable":true,"href":"https:\/\/pstl.pl\/index.php\/wp-json\/wp\/v2\/comments?post=483"}],"version-history":[{"count":1,"href":"https:\/\/pstl.pl\/index.php\/wp-json\/wp\/v2\/pages\/483\/revisions"}],"predecessor-version":[{"id":484,"href":"https:\/\/pstl.pl\/index.php\/wp-json\/wp\/v2\/pages\/483\/revisions\/484"}],"wp:attachment":[{"href":"https:\/\/pstl.pl\/index.php\/wp-json\/wp\/v2\/media?parent=483"}],"curies":[{"name":"wp","href":"https:\/\/api.w.org\/{rel}","templated":true}]}}