{"id":469,"date":"2020-04-14T14:10:03","date_gmt":"2020-04-14T14:10:03","guid":{"rendered":"http:\/\/www.pstl.radwanskie.nstrefa.pl\/?page_id=469"},"modified":"2020-04-14T14:10:03","modified_gmt":"2020-04-14T14:10:03","slug":"viii-ogolnopolski-turniej-tenisowy-lekarzy-x-memorial-dr-tomasza-teresinskiego-zamosc-2018","status":"publish","type":"page","link":"https:\/\/pstl.pl\/index.php\/viii-ogolnopolski-turniej-tenisowy-lekarzy-x-memorial-dr-tomasza-teresinskiego-zamosc-2018\/","title":{"rendered":"VIII Og\u00f3lnopolski Turniej Tenisowy Lekarzy X Memoria\u0142 Dr Tomasza Teresi\u0144skiego &#8211; Zamo\u015b\u0107 2018"},"content":{"rendered":"\n<p>W dniach 06-08 lipca 2018 r. na kortach KT Return przy ul. Studziennej 2 w Zamo\u015bciu rozegrano VIII Og\u00f3lnopolski Turniej Tenisowy Lekarzy &#8211; X Memoria\u0142 dr Tomasza Teresi\u0144skiego. W turnieju uczestniczy\u0142o 52 zawodnik\u00f3w z ca\u0142ego kraju (41 pan\u00f3w i 11 pa\u0144). Turniej rozegrano systemem grupowym i pucharowym.<br><br><strong>Nagrody<\/strong><\/p>\n\n\n\n<p>Za zaj\u0119cie miejsca 1-2 w grach pojedynczych zawodnicy otrzymali puchary, a za miejsca 3-4 w grach pojedynczych i miejsca 1-4 w grach podw\u00f3jnych i mieszanych zawodnicy otrzymali medale. Za miejsca 1-4 we wszystkich grach zawodnicy otrzymali pami\u0105tkowe dyplomy. Puchary dla \u201eNajlepszego Zawodnika Turnieju\u201d i \u201eNajlepszej Zawodniczki Turnieju\u201d ufundowa\u0142 prof. Andrzej Semczuk.<\/p>\n\n\n\n<p><br><strong>Sprawy finansowe<\/strong><\/p>\n\n\n\n<p>Turniej wsp\u00f3\u0142finansowany przez Naczeln\u0105 Izb\u0119 Lekarsk\u0105 i Lubelsk\u0105 Izb\u0119 Lekarsk\u0105. Turniej wspierany finansowo r\u00f3wnie\u017c przez PKP Linia Hutnicza Szerokotorowa Sp. z o .o. i Sp\u00f3\u0142dzielni\u0119 Mleczarsk\u0105 w Krasnymstawie.<\/p>\n\n\n\n<p><br><strong>Sprawy organizacyjne<\/strong><\/p>\n\n\n\n<p>Uroczystego otwarcia turnieju dokona\u0142 Prezes ZTT KT Return Jacek Podko\u015bcielny. Na otwarciu obecny by\u0142 m. in. Prezydent Miasta Zamo\u015b\u0107 Andrzej Wnuk. Poziom turnieju obserwuj\u0105cy kibice oraz znawcy tenisa ocenili jako bardzo wysoki, du\u017co pojedynk\u00f3w by\u0142a bardzo zaci\u0119ta i ko\u0144czy\u0142a si\u0119 minimalnymi przewagami. Ka\u017cdy m\u00f3g\u0142 bezp\u0142atnie skorzysta\u0107 z kawy, herbaty i wody mineralnej. Przez dwa pierwsze dni organizator zapewni\u0142 catering w postaci grilla.<\/p>\n\n\n\n<p class=\"has-text-align-right\"><br><em>Organizator: ZTT KT Return Zamo\u015b\u0107<\/em><\/p>\n\n\n\n<p><\/p>\n\n\n\n<h2 class=\"wp-block-heading\"><strong>WYNIKI:<\/strong><\/h2>\n\n\n\n<p><strong>KOBIETY SINGIEL OPEN<\/strong><\/p>\n\n\n\n<p>1. Wojciuk Agata<\/p>\n\n\n\n<p><strong>KOBIETY SINGIEL +45<\/strong><\/p>\n\n\n\n<p>1. Szafranek Joanna<\/p>\n\n\n\n<p>2. Zdanowicz Iwona<\/p>\n\n\n\n<p>3. Komar Anna<\/p>\n\n\n\n<p><strong>KOBIETY SINGIEL +55<\/strong><\/p>\n\n\n\n<p>1. K\u0119dzierska Bo\u017cena<\/p>\n\n\n\n<p>2. Bana\u015b-Samson Renata<\/p>\n\n\n\n<p>3. Marmurowska-Micha\u0142owska Halina, Olszewska-Kozi\u0144ska Ma\u0142gorzata<\/p>\n\n\n\n<p><strong>KOBIETY DEBEL OPEN<\/strong><\/p>\n\n\n\n<p>1. Szafranek Joanna\/Wojciuk Agata<\/p>\n\n\n\n<p>2. Dyrda Ewa\/Komar Anna<\/p>\n\n\n\n<p><strong>KOBIETY DEBEL +45<\/strong><\/p>\n\n\n\n<p>1. K\u0119dzierska Bo\u017cena\/Zdanowicz Iwona<\/p>\n\n\n\n<p>2. Dyrda Ewa\/Komar Anna<\/p>\n\n\n\n<p>3. Olszewska-Kozi\u0144ska Ma\u0142gorzata\/Marmurowska-Micha\u0142owska Halina<\/p>\n\n\n\n<p><strong>M\u0118\u017bCZY\u0179NI SINGIEL OPEN<\/strong><\/p>\n\n\n\n<p>1. Paradowski Jan<\/p>\n\n\n\n<p>2. Pokrzywnicki Marcin<\/p>\n\n\n\n<p>3. Klepacki Jakub<\/p>\n\n\n\n<p><strong>M\u0118\u017bCZY\u0179NI SINGIEL +35<\/strong><\/p>\n\n\n\n<p>1. Ptak Bart\u0142omiej<\/p>\n\n\n\n<p>2. Galik Rafa\u0142<\/p>\n\n\n\n<p><strong>M\u0118\u017bCZY\u0179NI SINGIEL +45<\/strong><\/p>\n\n\n\n<p>1. Telega Robert<\/p>\n\n\n\n<p>2. Ostrowski Ireneusz<\/p>\n\n\n\n<p>3. Barna\u015b Jerzy<\/p>\n\n\n\n<p><strong>M\u0118\u017bCZY\u0179NI SINGIEL +50<\/strong><\/p>\n\n\n\n<p>1. Kowalczyk Robert<\/p>\n\n\n\n<p>2. \u0141ysikowski Pawe\u0142<\/p>\n\n\n\n<p>3. Marzec Jaros\u0142aw<\/p>\n\n\n\n<p><strong>M\u0118\u017bCZY\u0179NI SINGIEL +55<\/strong><\/p>\n\n\n\n<p>1. Sadowski Roman<\/p>\n\n\n\n<p>2. B\u0105ba Wies\u0142aw<\/p>\n\n\n\n<p>3. Wo\u017aniak Stanis\u0142aw, Gajecki Dariusz<\/p>\n\n\n\n<p><strong>M\u0118\u017bCZY\u0179NI SINGIEL +60<\/strong><\/p>\n\n\n\n<p>1. Rataj Bogus\u0142\u0105w<\/p>\n\n\n\n<p>2. Maziak Tomasz<\/p>\n\n\n\n<p>3. Zieja Andrzej<\/p>\n\n\n\n<p><strong>M\u0118\u017bCZY\u0179NI SINGIEL +65<\/strong><\/p>\n\n\n\n<p>1. Cie\u015blak Zbigniew<\/p>\n\n\n\n<p>2. Bujak Kazimierz<\/p>\n\n\n\n<p>3. Pawlas Roman<\/p>\n\n\n\n<p><strong>M\u0118\u017bCZY\u0179NI SINGIEL +70<\/strong><\/p>\n\n\n\n<p>1. Micha\u0142owski Krzysztof<\/p>\n\n\n\n<p>2. Ko\u0142odziej Piotr<\/p>\n\n\n\n<p>3. Szafranek J\u00f3zef<\/p>\n\n\n\n<p><strong>M\u0118\u017bCZY\u0179NI DEBEL OPEN<\/strong><\/p>\n\n\n\n<p>1. Paradowski Jan\/Ptak Bart\u0142omiej<\/p>\n\n\n\n<p>2. Pokrzywnicki Marcin\/Galik Rafa\u0142<\/p>\n\n\n\n<p>3. Kulig Jan\/Klepacki Jakub<\/p>\n\n\n\n<p><strong>M\u0118\u017bCZY\u0179NI DEBEL +45<\/strong><\/p>\n\n\n\n<p>1. Kowalczyk Robert\/Telega Robert<\/p>\n\n\n\n<p>2. Gajecki Dariusz\/Wieczorkowski Piotr<\/p>\n\n\n\n<p>3. \u0141ukasiewicz Maciej\/Maziak Tomasz, \u0141ysikowski Pawe\u0142\/Marzec Jaros\u0142aw<\/p>\n\n\n\n<p><strong>M\u0118\u017bCZY\u0179NI DEBEL +55<\/strong><\/p>\n\n\n\n<p>1. Leonczyk Daniel\/Rataj Bogus\u0142aw<\/p>\n\n\n\n<p>2. Dyrda Adam\/Sadowski Roman<\/p>\n\n\n\n<p>3. B\u0105ba Wies\u0142aw\/J\u00f3zefczuk Jan, Cios Mariusz\/Wo\u017aniak Stanis\u0142aw<\/p>\n\n\n\n<p><strong>M\u0118\u017bCZY\u0179NI DEBEL +65<\/strong><\/p>\n\n\n\n<p>1. Bujak Kazimierz\/Leonczyk Daniel<\/p>\n\n\n\n<p>2. Cie\u015blak Zbigniew\/Micha\u0142owski Krzysztof<\/p>\n\n\n\n<p>3. Ko\u0142odziej Piotr\/Pawlas Roman<\/p>\n\n\n\n<p><strong>MIKST PONI\u017bEJ 100 LAT (suma wieku)<\/strong><\/p>\n\n\n\n<p>1. Paradowski Jan\/Zdanowicz Iwona<\/p>\n\n\n\n<p>2. Pokrzywnicki Marcin\/Komar Anna<\/p>\n\n\n\n<p>3. Kowalczyk Robert\/Szafranek Joanna<\/p>\n\n\n\n<p><strong>MIKST POWY\u017bEJ 100 LAT (suma wieku)<\/strong><\/p>\n\n\n\n<p>1. Dyrda Adam\/Dyrda Ewa<\/p>\n\n\n\n<p>2. Kintzi Marek\/K\u0119dzierska Bo\u017cena<\/p>\n\n\n\n<p>3. Komar Marek\/Klimczyk Bo\u017cena, Micha\u0142owski Krzysztof\/Marmurowska-Micha\u0142owska Halina<\/p>\n\n\n\n<p><\/p>\n\n\n\n<p><strong>Najlepszy Zawodnik Turnieju &#8211; PARADOWSKI Jan, OIL w Krakowie<\/strong><br><strong>Najlepsza Zawodniczka Turnieju &#8211; WOJCIUK Agata, Lubelska IL<\/strong><\/p>\n\n\n\n<p><\/p>\n\n\n\n<h2 class=\"wp-block-heading\"><strong>DRABINKI\/GRUPY<\/strong>:<\/h2>\n\n\n\n<p>&#8211;\u00a0<a href=\"http:\/\/www.pstl.radwanskie.nstrefa.pl\/wp-content\/uploads\/2020\/04\/zamosc18-drabinki_dm55.pdf\" target=\"_blank\" rel=\"noreferrer noopener\">DM55<\/a><\/p>\n\n\n\n<p>&#8211;\u00a0<a href=\"http:\/\/www.pstl.radwanskie.nstrefa.pl\/wp-content\/uploads\/2020\/04\/zamosc18-drabinki_md45.pdf\" target=\"_blank\" rel=\"noreferrer noopener\">MD45<\/a><\/p>\n\n\n\n<p>&#8211;\u00a0<a href=\"http:\/\/www.pstl.radwanskie.nstrefa.pl\/wp-content\/uploads\/2020\/04\/zamosc18-drabinki_ms55.pdf\" target=\"_blank\" rel=\"noreferrer noopener\">MS55<\/a><\/p>\n\n\n\n<p>&#8211;\u00a0<a href=\"http:\/\/www.pstl.radwanskie.nstrefa.pl\/wp-content\/uploads\/2020\/04\/zamosc18-drabinki_xd_poni\u017cej_100.pdf\" target=\"_blank\" rel=\"noreferrer noopener\">XD-ponizej100<\/a><\/p>\n\n\n\n<p>&#8211;\u00a0<a href=\"http:\/\/www.pstl.radwanskie.nstrefa.pl\/wp-content\/uploads\/2020\/04\/zamosc18-drabinki_xd_powy\u017cej_100.pdf\" target=\"_blank\" rel=\"noreferrer noopener\">XD-powyzej100<\/a><\/p>\n\n\n\n<p>&#8211;\u00a0<a href=\"http:\/\/www.pstl.radwanskie.nstrefa.pl\/wp-content\/uploads\/2020\/04\/zamosc18-PSTL-grupy_wyniki.pdf\" target=\"_blank\" rel=\"noreferrer noopener\">Grupy<\/a><\/p>\n\n\n\n<p><\/p>\n\n\n\n<h2 class=\"wp-block-heading\"><strong>ZDJ\u0118CIA<\/strong>\u00a0->\u00a0<a rel=\"noreferrer noopener\" href=\"https:\/\/imgur.com\/a\/RjrgbgU\" target=\"_blank\">TUTAJ<\/a><\/h2>\n","protected":false},"excerpt":{"rendered":"<p>W dniach 06-08 lipca 2018 r. na kortach KT Return przy ul. Studziennej 2 w Zamo\u015bciu rozegrano VIII Og\u00f3lnopolski Turniej Tenisowy Lekarzy &#8211; X Memoria\u0142 dr Tomasza Teresi\u0144skiego. W turnieju uczestniczy\u0142o 52 zawodnik\u00f3w z ca\u0142ego kraju (41 pan\u00f3w i 11 pa\u0144). Turniej rozegrano systemem grupowym i pucharowym. Nagrody Za zaj\u0119cie miejsca 1-2 w grach pojedynczych &hellip; <\/p>\n<p class=\"link-more\"><a href=\"https:\/\/pstl.pl\/index.php\/viii-ogolnopolski-turniej-tenisowy-lekarzy-x-memorial-dr-tomasza-teresinskiego-zamosc-2018\/\" class=\"more-link\">Czytaj dalej<span class=\"screen-reader-text\"> \u201eVIII Og\u00f3lnopolski Turniej Tenisowy Lekarzy X Memoria\u0142 Dr Tomasza Teresi\u0144skiego &#8211; Zamo\u015b\u0107 2018\u201d<\/span><\/a><\/p>\n","protected":false},"author":1,"featured_media":0,"parent":0,"menu_order":0,"comment_status":"closed","ping_status":"closed","template":"","meta":{"footnotes":""},"class_list":["post-469","page","type-page","status-publish","hentry"],"_links":{"self":[{"href":"https:\/\/pstl.pl\/index.php\/wp-json\/wp\/v2\/pages\/469","targetHints":{"allow":["GET"]}}],"collection":[{"href":"https:\/\/pstl.pl\/index.php\/wp-json\/wp\/v2\/pages"}],"about":[{"href":"https:\/\/pstl.pl\/index.php\/wp-json\/wp\/v2\/types\/page"}],"author":[{"embeddable":true,"href":"https:\/\/pstl.pl\/index.php\/wp-json\/wp\/v2\/users\/1"}],"replies":[{"embeddable":true,"href":"https:\/\/pstl.pl\/index.php\/wp-json\/wp\/v2\/comments?post=469"}],"version-history":[{"count":1,"href":"https:\/\/pstl.pl\/index.php\/wp-json\/wp\/v2\/pages\/469\/revisions"}],"predecessor-version":[{"id":476,"href":"https:\/\/pstl.pl\/index.php\/wp-json\/wp\/v2\/pages\/469\/revisions\/476"}],"wp:attachment":[{"href":"https:\/\/pstl.pl\/index.php\/wp-json\/wp\/v2\/media?parent=469"}],"curies":[{"name":"wp","href":"https:\/\/api.w.org\/{rel}","templated":true}]}}