{"id":450,"date":"2020-04-14T13:57:15","date_gmt":"2020-04-14T13:57:15","guid":{"rendered":"http:\/\/www.pstl.radwanskie.nstrefa.pl\/?page_id=450"},"modified":"2020-04-14T13:57:15","modified_gmt":"2020-04-14T13:57:15","slug":"vii-otwarte-mistrzostwa-slaska-lekarzy-w-tenisie-tychy-2018","status":"publish","type":"page","link":"https:\/\/pstl.pl\/index.php\/vii-otwarte-mistrzostwa-slaska-lekarzy-w-tenisie-tychy-2018\/","title":{"rendered":"VII Otwarte Mistrzostwa \u015al\u0105ska Lekarzy w Tenisie &#8211; Tychy 2018"},"content":{"rendered":"\n<p><\/p>\n\n\n\n<h2 class=\"wp-block-heading\"><strong>WYNIKI:<\/strong><\/h2>\n\n\n\n<p><strong>KOBIETY SINGIEL +45<\/strong><\/p>\n\n\n\n<p>1. Widziszowska Agnieszka<\/p>\n\n\n\n<p>2. Smy\u0142a Natalia<\/p>\n\n\n\n<p>3. Szafranek Joanna, Martini-Kami\u0144ska Gra\u017cyna<\/p>\n\n\n\n<p><strong>KOBIETY DEBEL +45<\/strong><\/p>\n\n\n\n<p>1. Smy\u0142a Natalia\/Pawelec-Wojtalik Ma\u0142gorzata<\/p>\n\n\n\n<p>2. Martini-Kami\u0144ska Gra\u017cyna\/Komar Anna<\/p>\n\n\n\n<p>3. Dyrda Ewa\/Smolik Katarzyna, Klimczyk Bo\u017cena\/Micha\u0142owska Halina<\/p>\n\n\n\n<p><strong>KOBIETY SINGIEL +55<\/strong><\/p>\n\n\n\n<p>1. Wojtalik-Pawelec Malgorzata<\/p>\n\n\n\n<p>2. Smolik Katarzyna<\/p>\n\n\n\n<p>3. Klimczyk Bo\u017cena<\/p>\n\n\n\n<p><strong>M\u0118\u017bCZY\u0179NI SINGIEL OPEN<\/strong><\/p>\n\n\n\n<p>1. Dyrda Micha\u0142<\/p>\n\n\n\n<p>2. Ptak Bart\u0142omiej<\/p>\n\n\n\n<p>3. Kulig Jan<\/p>\n\n\n\n<p><strong>M\u0118\u017bCZY\u0179NI SINGIEL +45<\/strong><\/p>\n\n\n\n<p>1. Telega Robert<\/p>\n\n\n\n<p>2. Wawrzynek Wojciech<\/p>\n\n\n\n<p>3. Komar Marek<\/p>\n\n\n\n<p><strong>M\u0118\u017bCZY\u0179NI SINGIEL +50<\/strong><\/p>\n\n\n\n<p>1. Kowalczyk Robert<\/p>\n\n\n\n<p>2. \u0141ukasiewicz Maciej<\/p>\n\n\n\n<p>3. Drzyga\u0142a Dariusz, Marzec Jaros\u0142aw<\/p>\n\n\n\n<p><strong>M\u0118\u017bCZY\u0179NI SINGIEL +55<\/strong><\/p>\n\n\n\n<p>1. Sadowski Roman<\/p>\n\n\n\n<p>2. B\u0105ba Wies\u0142aw<\/p>\n\n\n\n<p>3. Grzywocz Jerzy, Griman Krzysztof<\/p>\n\n\n\n<p><strong>M\u0118\u017bCZY\u0179NI SINGIEL +60<\/strong><\/p>\n\n\n\n<p>1. Maziak Tomasz<\/p>\n\n\n\n<p>2. Pude\u0142ko Marek<\/p>\n\n\n\n<p>3. Rataj Bogus\u0142aw, Kintzi Marek<\/p>\n\n\n\n<p><strong>M\u0118\u017bCZY\u0179NI SINGIEL +65<\/strong><\/p>\n\n\n\n<p>1. Leo\u0144czyk Daniel<\/p>\n\n\n\n<p>2. Sobel Jerzy<\/p>\n\n\n\n<p>3. Pawlas Roman, Bujak Kazimierz<\/p>\n\n\n\n<p><strong>M\u0118\u017bCZY\u0179NI SINGIEL +70<\/strong><\/p>\n\n\n\n<p>1. Micha\u0142owski Krzysztof<\/p>\n\n\n\n<p>2. Ko\u0142odziej Piotr<\/p>\n\n\n\n<p>3. Nanowski Zbigniew<\/p>\n\n\n\n<p><strong>M\u0118\u017bCZY\u0179NI SINGIEL +75<\/strong><\/p>\n\n\n\n<p>1. Safian J\u00f3zef<\/p>\n\n\n\n<p>2. \u015awierad Stanis\u0142aw<\/p>\n\n\n\n<p><strong>M\u0118\u017bCZY\u0179NI DEBEL OPEN<\/strong><\/p>\n\n\n\n<p>1. Dyrda Micha\u0142\/Ptak Bart\u0142omiej<\/p>\n\n\n\n<p>2. Kulig Jan\/Klepacki Jakub<\/p>\n\n\n\n<p><strong>M\u0118\u017bCZY\u0179NI DEBEL +45<\/strong><\/p>\n\n\n\n<p>1. \u0141ukasiewicz Maciej\/Wawrzynek Wojciech<\/p>\n\n\n\n<p>2. Telega Robert\/Kowalczyk Robert<\/p>\n\n\n\n<p>3. Marzec Jaros\u0142aw\/Smolik Mariusz, Drzyga\u0142a Dariusz\/Maziak Tomasz<\/p>\n\n\n\n<p><strong>M\u0118\u017bCZY\u0179NI DEBEL +55<\/strong><\/p>\n\n\n\n<p>1. B\u0105ba Wies\u0142aw\/Dyrda Adam<\/p>\n\n\n\n<p>2. Rataj Bogus\u0142aw\/Hakuba Jerzy<\/p>\n\n\n\n<p>3. Pawlas Roman\/Grzywocz Jerzy, Wolak Dariusz\/Soko\u0142owski Andrzej<\/p>\n\n\n\n<p><strong>M\u0118\u017bCZY\u0179NI DEBEL +65<\/strong><\/p>\n\n\n\n<p>1. Leo\u0144czyk Daniel\/Bujak Kazimierz<\/p>\n\n\n\n<p>2. Kolanko Wojciech\/Sobel Jerzy<\/p>\n\n\n\n<p>3. Safian J\u00f3zef\/Micha\u0142owski Krzysztof<\/p>\n\n\n\n<p><\/p>\n\n\n\n<h2 class=\"wp-block-heading\"><strong>DRABINKI\/GRUPY wraz z pe\u0142nymi wynikami<\/strong>:<\/h2>\n\n\n\n<p>&#8211;\u00a0<a href=\"http:\/\/www.pstl.radwanskie.nstrefa.pl\/wp-content\/uploads\/2020\/04\/tychy18-45-K-wyniki.xls\" target=\"_blank\" rel=\"noreferrer noopener\">45+ K<\/a><\/p>\n\n\n\n<p>&#8211;\u00a0<a href=\"http:\/\/www.pstl.radwanskie.nstrefa.pl\/wp-content\/uploads\/2020\/04\/tychy18-50-M.xls\" target=\"_blank\" rel=\"noreferrer noopener\">50+ M<\/a><\/p>\n\n\n\n<p>&#8211;\u00a0<a href=\"http:\/\/www.pstl.radwanskie.nstrefa.pl\/wp-content\/uploads\/2020\/04\/tychy18-55-M-wyniki.xls\" target=\"_blank\" rel=\"noreferrer noopener\">55+ M<\/a><\/p>\n\n\n\n<p>&#8211;\u00a0<a href=\"http:\/\/www.pstl.radwanskie.nstrefa.pl\/wp-content\/uploads\/2020\/04\/tychy18-60-M-wyniki.xls\" target=\"_blank\" rel=\"noreferrer noopener\">60+ M<\/a><\/p>\n\n\n\n<p>&#8211;\u00a0<a href=\"http:\/\/www.pstl.radwanskie.nstrefa.pl\/wp-content\/uploads\/2020\/04\/tychy18-Gra-podw\u00f3jna-K-45.xls\" target=\"_blank\" rel=\"noreferrer noopener\">45+ K gra podw\u00f3jna<\/a><\/p>\n\n\n\n<p>&#8211;\u00a0<a href=\"http:\/\/www.pstl.radwanskie.nstrefa.pl\/wp-content\/uploads\/2020\/04\/tychy18-Gra-podw\u00f3jna-M-45-55.xls\" target=\"_blank\" rel=\"noreferrer noopener\">45-55 M gra podw\u00f3jna<\/a><\/p>\n\n\n\n<p>&#8211;\u00a0<a href=\"http:\/\/www.pstl.radwanskie.nstrefa.pl\/wp-content\/uploads\/2020\/04\/tychy18-Gra-podw\u00f3jna-M-55-65.xls\" target=\"_blank\" rel=\"noreferrer noopener\">55-65 M gra podw\u00f3jna<\/a><\/p>\n\n\n\n<p>&#8211;\u00a0<a href=\"http:\/\/www.pstl.radwanskie.nstrefa.pl\/wp-content\/uploads\/2020\/04\/tychy18-Gra-podw\u00f3jna-M-do-35.xls\" target=\"_blank\" rel=\"noreferrer noopener\">do 35 M gra podw\u00f3jna<\/a><\/p>\n\n\n\n<p>&#8211;\u00a0<a href=\"http:\/\/www.pstl.radwanskie.nstrefa.pl\/wp-content\/uploads\/2020\/04\/tychy18-Kat-55-Kobiet.docx\" target=\"_blank\" rel=\"noreferrer noopener\">55+ K<\/a><\/p>\n\n\n\n<p>&#8211;\u00a0<a href=\"http:\/\/www.pstl.radwanskie.nstrefa.pl\/wp-content\/uploads\/2020\/04\/tychy18-Kat-65-M-GR-1.docx\" target=\"_blank\" rel=\"noreferrer noopener\">65+ M gr. 1<\/a>,\u00a0<a href=\"http:\/\/www.pstl.radwanskie.nstrefa.pl\/wp-content\/uploads\/2020\/04\/tychy18-Kat-65-M-GR-2.docx\" target=\"_blank\" rel=\"noreferrer noopener\">65+ M gr 2.<\/a><\/p>\n\n\n\n<p>&#8211;\u00a0<a href=\"http:\/\/www.pstl.radwanskie.nstrefa.pl\/wp-content\/uploads\/2020\/04\/tychy18-Kat-65-M-Gra-podw\u00f3jna.docx\" target=\"_blank\" rel=\"noreferrer noopener\">65+ M gra podw\u00f3jna<\/a><\/p>\n\n\n\n<p>&#8211;\u00a0<a href=\"http:\/\/www.pstl.radwanskie.nstrefa.pl\/wp-content\/uploads\/2020\/04\/tychy18-Kat-70-M.docx\" target=\"_blank\" rel=\"noreferrer noopener\">70+ M<\/a><\/p>\n\n\n\n<p>&#8211;\u00a0<a href=\"http:\/\/www.pstl.radwanskie.nstrefa.pl\/wp-content\/uploads\/2020\/04\/tychy18-Kat-75-M.docx\" target=\"_blank\" rel=\"noreferrer noopener\">75+ M<\/a><\/p>\n\n\n\n<p>&#8211;\u00a0<a href=\"http:\/\/www.pstl.radwanskie.nstrefa.pl\/wp-content\/uploads\/2020\/04\/tychy18-kat-m-45.docx\" target=\"_blank\" rel=\"noreferrer noopener\">45+ M<\/a><\/p>\n\n\n\n<p>&#8211;\u00a0<a href=\"http:\/\/www.pstl.radwanskie.nstrefa.pl\/wp-content\/uploads\/2020\/04\/tychy18-Kat-open-M.docx\" target=\"_blank\" rel=\"noreferrer noopener\">open M<\/a><\/p>\n\n\n\n<p><\/p>\n\n\n\n<h2 class=\"wp-block-heading\"><strong>ZDJ\u0118CIA<\/strong>\u00a0->\u00a0<a rel=\"noreferrer noopener\" href=\"https:\/\/imgur.com\/a\/NwZhgSV\" target=\"_blank\">tutaj<\/a><\/h2>\n","protected":false},"excerpt":{"rendered":"<p>WYNIKI: KOBIETY SINGIEL +45 1. Widziszowska Agnieszka 2. Smy\u0142a Natalia 3. Szafranek Joanna, Martini-Kami\u0144ska Gra\u017cyna KOBIETY DEBEL +45 1. Smy\u0142a Natalia\/Pawelec-Wojtalik Ma\u0142gorzata 2. Martini-Kami\u0144ska Gra\u017cyna\/Komar Anna 3. Dyrda Ewa\/Smolik Katarzyna, Klimczyk Bo\u017cena\/Micha\u0142owska Halina KOBIETY SINGIEL +55 1. Wojtalik-Pawelec Malgorzata 2. Smolik Katarzyna 3. Klimczyk Bo\u017cena M\u0118\u017bCZY\u0179NI SINGIEL OPEN 1. Dyrda Micha\u0142 2. Ptak Bart\u0142omiej 3. &hellip; <\/p>\n<p class=\"link-more\"><a href=\"https:\/\/pstl.pl\/index.php\/vii-otwarte-mistrzostwa-slaska-lekarzy-w-tenisie-tychy-2018\/\" class=\"more-link\">Czytaj dalej<span class=\"screen-reader-text\"> \u201eVII Otwarte Mistrzostwa \u015al\u0105ska Lekarzy w Tenisie &#8211; Tychy 2018\u201d<\/span><\/a><\/p>\n","protected":false},"author":1,"featured_media":0,"parent":0,"menu_order":0,"comment_status":"closed","ping_status":"closed","template":"","meta":{"footnotes":""},"class_list":["post-450","page","type-page","status-publish","hentry"],"_links":{"self":[{"href":"https:\/\/pstl.pl\/index.php\/wp-json\/wp\/v2\/pages\/450","targetHints":{"allow":["GET"]}}],"collection":[{"href":"https:\/\/pstl.pl\/index.php\/wp-json\/wp\/v2\/pages"}],"about":[{"href":"https:\/\/pstl.pl\/index.php\/wp-json\/wp\/v2\/types\/page"}],"author":[{"embeddable":true,"href":"https:\/\/pstl.pl\/index.php\/wp-json\/wp\/v2\/users\/1"}],"replies":[{"embeddable":true,"href":"https:\/\/pstl.pl\/index.php\/wp-json\/wp\/v2\/comments?post=450"}],"version-history":[{"count":1,"href":"https:\/\/pstl.pl\/index.php\/wp-json\/wp\/v2\/pages\/450\/revisions"}],"predecessor-version":[{"id":467,"href":"https:\/\/pstl.pl\/index.php\/wp-json\/wp\/v2\/pages\/450\/revisions\/467"}],"wp:attachment":[{"href":"https:\/\/pstl.pl\/index.php\/wp-json\/wp\/v2\/media?parent=450"}],"curies":[{"name":"wp","href":"https:\/\/api.w.org\/{rel}","templated":true}]}}