{"id":432,"date":"2020-04-14T13:20:05","date_gmt":"2020-04-14T13:20:05","guid":{"rendered":"http:\/\/www.pstl.radwanskie.nstrefa.pl\/?page_id=432"},"modified":"2020-04-14T13:20:05","modified_gmt":"2020-04-14T13:20:05","slug":"xxi-halowe-mistrzostwa-polski-lekarzy-w-tenisie-memorial-dr-andrzeja-jasinskiego-pabianice-2018","status":"publish","type":"page","link":"https:\/\/pstl.pl\/index.php\/xxi-halowe-mistrzostwa-polski-lekarzy-w-tenisie-memorial-dr-andrzeja-jasinskiego-pabianice-2018\/","title":{"rendered":"XXI Halowe Mistrzostwa Polski Lekarzy w Tenisie, Memoria\u0142 dr Andrzeja Jasi\u0144skiego &#8211; Pabianice 2018"},"content":{"rendered":"\n<p>W dniach 8-11 listopada 2019 w Pabianicach odby\u0142y si\u0119 XXI Halowe Mistrzostwa Polski Lekarzy w Tenisie, Memoria\u0142 dr Andrzeja Jasi\u0144skiego. Organizatorami mistrzostw byli Bogus\u0142aw Rataj, Adam Jakubowski i Daniel Leo\u0144czyk a s\u0119dzi\u0105 naczelnym Miros\u0142aw Grabda. Lekarze rywalizowali codziennie do p\u00f3\u017anych godzin wieczornych na hali tenisowej MOSIR przy ul. Grota-Roweckiego 8.<\/p>\n\n\n\n<p>9 listopada odby\u0142o si\u0119 oficjalne otwarcie turnieju podczas kt\u00f3rego uczcili\u015bmy pami\u0119\u0107 dr Jasi\u0144skiego minut\u0105 ciszy. Przemawia\u0142a r\u00f3wnie\u017c Joanna Szafranek &#8211; Prezes Polskiego Stowarzyszenie Tenisowego Lekarzy, dzi\u0119kuj\u0105c za wspania\u0142\u0105 organizacj\u0119 turnieju i zapraszaj\u0105c na kolejne zawody pod egid\u0105 PSTL w nowym roku w Cz\u0119stochowie (5-7 stycze\u0144 2019). Partnerami turnieju byli m.in.: Okr\u0119gowa Izba Lekarska w \u0141odzi, Mercedes-Benz Auto-Studio, VanPro Center i Angora.<\/p>\n\n\n\n<p>W hotelu Aviator lekarze bawili si\u0119 w sobot\u0119 podczas players party, kt\u00f3re poprzedza\u0142a konferencja pt. &#8222;Wspomaganie procesu treningowego &#8211; wsp\u00f3\u0142czesne kierunki&#8221; pod kierownictwem naukowym prof. dr hab. n. med. Ewy Brzezia\u0144skiej-Lasoty. Mogli\u015bmy pos\u0142ucha\u0107 m.in. o od\u017cywkach, suplementach diety w sporcie, ig\u0142owaniu suchym i nowoczesnych technologiach w diagnostyce wydolno\u015bci. Przyznano r\u00f3wnie\u017c nagrody 'fair play&#8217;. U kobiet otrzyma\u0142a j\u0105 Anna Komar a u m\u0119\u017cczyzn Micha\u0142 Dyrda.<\/p>\n\n\n\n<p>Turniej by\u0142 pe\u0142en emocjonuj\u0105cych mecz\u00f3w. Nie zawsze wygrywali faworyci. Najwi\u0119ksze niespodzianki ogl\u0105dali\u015bmy w kategorii open kobiet i m\u0119\u017cczyzn, gdzie wygrali kolejno Zuzanna Przybylska i Kacper Mularczyk, ogrywaj\u0105c po drodze graczy z czo\u0142owych lokat rankingu PSTL. By\u0142 to ich dopiero pierwszy turniej i mamy nadzieje, \u017ce nie ostatni. Cieszymy si\u0119, \u017ce do\u0142\u0105czaj\u0105 do nas nowe twarze polskiej medycyny i liczmy, \u017ce ta tendencja si\u0119 utrzyma.<\/p>\n\n\n\n<p class=\"has-text-align-right\">Marcin Pokrzywnicki<\/p>\n\n\n\n<p><\/p>\n\n\n\n<h2 class=\"wp-block-heading\"><strong>WYNIKI TURNIEJU<\/strong>:<\/h2>\n\n\n\n<p><strong>KOBIETY SINGIEL OPEN<\/strong><\/p>\n\n\n\n<p>1. Przybylska Zuzanna<\/p>\n\n\n\n<p>2. Witkowska Magdalena<\/p>\n\n\n\n<p>3. Wojciuk Agata, Pelczar Natalia<\/p>\n\n\n\n<p><strong>KOBIETY SINGIEL +45<\/strong><\/p>\n\n\n\n<p>1. Szafranek Joanna<\/p>\n\n\n\n<p>2. Komar Anna<\/p>\n\n\n\n<p>3. Rokicka Maja, Martini-Kami\u0144ska Gra\u017cyna<\/p>\n\n\n\n<p><strong>KOBIETY SINGIEL +55<\/strong><\/p>\n\n\n\n<p>1. Pawelec Wojtalik-Ma\u0142gorzata<\/p>\n\n\n\n<p>2. Klimczyk Bo\u017cena<\/p>\n\n\n\n<p>3. Olszewska-Kozi\u0144ska Ma\u0142gorzata, Szafranek Rozalia<\/p>\n\n\n\n<p><strong>M\u0118\u017bCZY\u0179NI SINGIEL OPEN<\/strong><\/p>\n\n\n\n<p>1. Mularczyk Kacper<\/p>\n\n\n\n<p>2. Dyrda Micha\u0142<\/p>\n\n\n\n<p>3. Pokrzywnicki Marcin, Paradowski Jan<\/p>\n\n\n\n<p><strong>M\u0118\u017bCZY\u0179NI SINGIEL +35<\/strong><\/p>\n\n\n\n<p>1. Ptak Bart\u0142omiej<\/p>\n\n\n\n<p>2. Jakubczyk Andrzej<\/p>\n\n\n\n<p><strong>M\u0118\u017bCZY\u0179NI SINGIEL +45<\/strong><\/p>\n\n\n\n<p>1. Telega Robert<\/p>\n\n\n\n<p>2. \u017b\u0119gota Zbigniew<\/p>\n\n\n\n<p>3. Kornacki Jakub<\/p>\n\n\n\n<p><strong>M\u0118\u017bCZY\u0179NI SINGIEL +50<\/strong><\/p>\n\n\n\n<p>1. Pzybylski Grzegorz<\/p>\n\n\n\n<p>2. Kowalczyk Robert<\/p>\n\n\n\n<p>3. Kowal Jacek, Skop Aleksander<\/p>\n\n\n\n<p><strong>M\u0118\u017bCZY\u0179NI SINGIEL +55<\/strong><\/p>\n\n\n\n<p>1. Ferencz Artur<\/p>\n\n\n\n<p>2. Wo\u017aniak Stanis\u0142aw<\/p>\n\n\n\n<p>3. Wro\u0144ski Marcin, B\u0105ba Wies\u0142aw<\/p>\n\n\n\n<p><strong>M\u0118\u017bCZY\u0179NI SINGIEL +60<\/strong><\/p>\n\n\n\n<p>1. Pude\u0142ko Marek<\/p>\n\n\n\n<p>2. Maziak Tomasz<\/p>\n\n\n\n<p>3. Hrynkiewicz Zdzis\u0142aw, Rataj Bogus\u0142aw<\/p>\n\n\n\n<p><strong>M\u0118\u017bCZY\u0179NI SINGIEL +65<\/strong><\/p>\n\n\n\n<p>1. Jakubowski Adam<\/p>\n\n\n\n<p>2. Cie\u015blak Zbigniew<\/p>\n\n\n\n<p>3. Pawlas Roman, Leo\u0144czyk Daniel<\/p>\n\n\n\n<p><strong>M\u0118\u017bCZY\u0179NI SINGIEL +70<\/strong><\/p>\n\n\n\n<p>1. Koczorowski Ryszard<\/p>\n\n\n\n<p>2. Nanowski Zbigniew<\/p>\n\n\n\n<p>3. Micha\u0142owski Krzysztof, Malarski Janusz<\/p>\n\n\n\n<p><strong>M\u0118\u017bCZY\u0179NI SINGIEL +75<\/strong><\/p>\n\n\n\n<p>1. Pozowski Andrzej<\/p>\n\n\n\n<p>2. Safian J\u00f3zef<\/p>\n\n\n\n<p>3. Struk Bogdan<\/p>\n\n\n\n<p><strong>M\u0118\u017bCZY\u0179NI SINGIEL +80<\/strong><\/p>\n\n\n\n<p>1. Solarski Bogdan<\/p>\n\n\n\n<p>2. \u015awierad Stanis\u0142aw<\/p>\n\n\n\n<p><strong>M\u0118\u017bCZY\u0179NI SINGIEL +85<\/strong><\/p>\n\n\n\n<p>1. Rudnicki Eugeniusz<\/p>\n\n\n\n<p>2. Fr\u0119szkowski Zbigniew<\/p>\n\n\n\n<p><strong>KOBIETY DEBEL DO LAT 45<\/strong><\/p>\n\n\n\n<p>1. Przybylska Zuzanna\/Litwin Angelika<\/p>\n\n\n\n<p>2. Wojciuk Agata\/Witkowska Magdalena<\/p>\n\n\n\n<p>3. Pelczar Natalia\/Giermak Agnieszka<\/p>\n\n\n\n<p><strong>KOBIETY DEBEL +45<\/strong><\/p>\n\n\n\n<p>1. Widziszowska Agnieszka\/Szafranek Joanna<\/p>\n\n\n\n<p>2. Komar Anna\/Martini Kami\u0144ska Gra\u017cyna<\/p>\n\n\n\n<p>3. Dyrda Ewa\/\u015aliwi\u0144ska Anna, Olszewska-Kozi\u0144ska Ma\u0142gorzata\/Pawelec Wojtalik Ma\u0142gorzata<\/p>\n\n\n\n<p><strong>M\u0118\u017bCZY\u0179NI DEBEL OPEN<\/strong><\/p>\n\n\n\n<p>1. Dyrda Micha\u0142\/Mularczyk Kacper<\/p>\n\n\n\n<p>2. Paradowski Jan\/Pietrzak Wojciech<\/p>\n\n\n\n<p>3. Ptak Bart\u0142omiej\/Stamirowski Remigiusz, Kulig Jan\/Klepacki Jakub<\/p>\n\n\n\n<p><strong>M\u0118\u017bCZY\u0179NI DEBEL +45<\/strong><\/p>\n\n\n\n<p>1. Semczuk Andrzej\/Ferencz Artur<\/p>\n\n\n\n<p>2. Skop Aleksander\/Przybylski Grzegorz<\/p>\n\n\n\n<p>3. Kowalczyk Robert\/Telega Robert, Pude\u0142ko Marek\/Maziak Tomasz<\/p>\n\n\n\n<p><strong>M\u0118\u017bCZY\u0179NI DEBEL +55<\/strong><\/p>\n\n\n\n<p>1. Rataj Bogus\u0142aw\/Hrynkiewicz Zdzis\u0142aw<\/p>\n\n\n\n<p>2. Soko\u0142owski Andrzej\/Wolak Dariusz<\/p>\n\n\n\n<p>3. B\u0105ba Wies\u0142aw\/J\u00f3zefczuk Jan, Kintzi Marek\/Talarczyk Jerzy<\/p>\n\n\n\n<p><strong>M\u0118\u017bCZY\u0179NI DEBEL +65<\/strong><\/p>\n\n\n\n<p>1. Leo\u0144czyk Daniel\/Bujak Kazimierz<\/p>\n\n\n\n<p>2. Malarski Janusz\/Ko\u0142odziej Piotr<\/p>\n\n\n\n<p>3. Pawlas Roman\/Jakubowski Adam, Koczorowski Ryszard\/Lubi\u0144ski Ignacy<\/p>\n\n\n\n<p><strong>M\u0118\u017bCZY\u0179NI DEBEL +75<\/strong><\/p>\n\n\n\n<p>1. Safian J\u00f3zef\/Pozowski Andrzej<\/p>\n\n\n\n<p>2. Struk Bogdan\/Stemplewski Kadet<\/p>\n\n\n\n<p>3. Solarski Bogdan\/\u015awierad Stanis\u0142aw<\/p>\n\n\n\n<p><\/p>\n\n\n\n<h2 class=\"wp-block-heading\"><strong>Zdj\u0119cia z turnieju<\/strong>\u00a0->\u00a0<a rel=\"noreferrer noopener\" href=\"https:\/\/imgur.com\/a\/KY8l9mW\" target=\"_blank\">TUTAJ<\/a><\/h2>\n\n\n\n<p><\/p>\n\n\n\n<h2 class=\"wp-block-heading\"><strong>Drabinki z pe\u0142nymi wynikami<\/strong>\u00a0->\u00a0<a href=\"http:\/\/www.pstl.radwanskie.nstrefa.pl\/wp-content\/uploads\/2020\/04\/HMP-Lekarzy-w-Tenisie-2018-M.xls\">M\u0118\u017bCZY\u0179NI<\/a>,\u00a0<a href=\"http:\/\/www.pstl.radwanskie.nstrefa.pl\/wp-content\/uploads\/2020\/04\/HMP-Lekarzy-w-Tenisie-2018-Kobiety.xls\" target=\"_blank\" rel=\"noreferrer noopener\">KOBIETY<\/a><\/h2>\n\n\n\n<p><\/p>\n","protected":false},"excerpt":{"rendered":"<p>W dniach 8-11 listopada 2019 w Pabianicach odby\u0142y si\u0119 XXI Halowe Mistrzostwa Polski Lekarzy w Tenisie, Memoria\u0142 dr Andrzeja Jasi\u0144skiego. Organizatorami mistrzostw byli Bogus\u0142aw Rataj, Adam Jakubowski i Daniel Leo\u0144czyk a s\u0119dzi\u0105 naczelnym Miros\u0142aw Grabda. Lekarze rywalizowali codziennie do p\u00f3\u017anych godzin wieczornych na hali tenisowej MOSIR przy ul. Grota-Roweckiego 8. 9 listopada odby\u0142o si\u0119 oficjalne &hellip; <\/p>\n<p class=\"link-more\"><a href=\"https:\/\/pstl.pl\/index.php\/xxi-halowe-mistrzostwa-polski-lekarzy-w-tenisie-memorial-dr-andrzeja-jasinskiego-pabianice-2018\/\" class=\"more-link\">Czytaj dalej<span class=\"screen-reader-text\"> \u201eXXI Halowe Mistrzostwa Polski Lekarzy w Tenisie, Memoria\u0142 dr Andrzeja Jasi\u0144skiego &#8211; Pabianice 2018\u201d<\/span><\/a><\/p>\n","protected":false},"author":1,"featured_media":0,"parent":0,"menu_order":0,"comment_status":"closed","ping_status":"closed","template":"","meta":{"footnotes":""},"class_list":["post-432","page","type-page","status-publish","hentry"],"_links":{"self":[{"href":"https:\/\/pstl.pl\/index.php\/wp-json\/wp\/v2\/pages\/432","targetHints":{"allow":["GET"]}}],"collection":[{"href":"https:\/\/pstl.pl\/index.php\/wp-json\/wp\/v2\/pages"}],"about":[{"href":"https:\/\/pstl.pl\/index.php\/wp-json\/wp\/v2\/types\/page"}],"author":[{"embeddable":true,"href":"https:\/\/pstl.pl\/index.php\/wp-json\/wp\/v2\/users\/1"}],"replies":[{"embeddable":true,"href":"https:\/\/pstl.pl\/index.php\/wp-json\/wp\/v2\/comments?post=432"}],"version-history":[{"count":1,"href":"https:\/\/pstl.pl\/index.php\/wp-json\/wp\/v2\/pages\/432\/revisions"}],"predecessor-version":[{"id":435,"href":"https:\/\/pstl.pl\/index.php\/wp-json\/wp\/v2\/pages\/432\/revisions\/435"}],"wp:attachment":[{"href":"https:\/\/pstl.pl\/index.php\/wp-json\/wp\/v2\/media?parent=432"}],"curies":[{"name":"wp","href":"https:\/\/api.w.org\/{rel}","templated":true}]}}