{"id":34,"date":"2020-04-03T23:14:22","date_gmt":"2020-04-03T23:14:22","guid":{"rendered":"http:\/\/www.pstl.radwanskie.nstrefa.pl\/?page_id=34"},"modified":"2025-09-26T21:12:10","modified_gmt":"2025-09-26T21:12:10","slug":"o-nas","status":"publish","type":"page","link":"https:\/\/pstl.pl\/index.php\/o-nas\/","title":{"rendered":"O nas"},"content":{"rendered":"\n<p>Polskie Stowarzyszenie Tenisowe Lekarzy powsta\u0142o w 1999 roku. Zrzesza ono lekarzy i dentyst\u00f3w, kt\u00f3rych pasj\u0105 jest tenis. Nasz\u0105 g\u0142\u00f3wn\u0105 ide\u0105 jest propagowanie aktywno\u015bci fizycznej w \u015brodowisku lekarskim oraz stworzenie okazji do spotka\u0144 poza szpitalami, przychodniami, gabinetami czy konferencjami naukowymi. Stowarzyszenie ma charakter&nbsp;<em>non-profit<\/em>&nbsp;\u2014 finansowane jest ze sk\u0142adek cz\u0142onkowskich. Ka\u017cdego roku, przy \u015bcis\u0142ej wsp\u00f3\u0142pracy z izbami lekarskimi organizujemy turnieje tenisowe w ca\u0142ej Polsce. Nasi cz\u0142onkowie z dum\u0105 r\u00f3wnie\u017c regularnie reprezentuj\u0105 Polsk\u0119 podczas Mistrzostw \u015awiata Lekarzy w tenisie.<\/p>\n\n\n\n<p><a href=\"https:\/\/pstl.pl\/wp-content\/uploads\/2025\/02\/statut-pstl.pdf\" data-type=\"link\" data-id=\"https:\/\/pstl.pl\/wp-content\/uploads\/2025\/02\/statut-pstl.pdf\"><strong>STATUT PSTL -&gt; KLIKNIJ TUTAJ<\/strong><\/a><\/p>\n\n\n\n<p class=\"has-text-align-center\"><strong>HYMN PSTL<\/strong><\/p>\n\n\n\n<center><iframe loading=\"lazy\" width=\"560\" height=\"315\" src=\"https:\/\/www.youtube.com\/embed\/Vy4yyC_-zUk\" title=\"YouTube video player\" frameborder=\"0\" allow=\"accelerometer; autoplay; clipboard-write; encrypted-media; gyroscope; picture-in-picture\" allowfullscreen=\"\"><\/iframe><\/center>\n\n\n<p><span style=\"color: #ff0000;\"><strong><a style=\"color: #ff0000;\" href=\"https:\/\/www.pstl.pl\/index.php\/dolacz-do-nas\/\">DO\u0141\u0104CZ DO NAS<\/a><\/strong><\/span><\/p>\n\n\n<p><\/p>\n\n\n\n<h2 class=\"wp-block-heading\"><strong>Zarz\u0105d PSTL:<\/strong><\/h2>\n\n\n\n<p><\/p>\n\n\n\n<figure class=\"wp-block-image size-large is-resized\"><img loading=\"lazy\" decoding=\"async\" width=\"150\" height=\"240\" src=\"https:\/\/www.pstl.radwanskie.nstrefa.pl\/wp-content\/uploads\/2020\/04\/szafranek.jpg\" alt=\"\" class=\"wp-image-83\" style=\"width:205px;height:328px\"\/><\/figure>\n\n\n<p><strong>1. Prezes \u2013 dr n. med. Joanna Szafranek (Che\u0142m)<\/strong><br \/>Absolwentka II Wydzia\u0142u Lekarskiego Akademii Medycznej w Warszawie.<br \/>Absolwentka Akademii Wychowania Fizycznego w Gda\u0144sku &#8211; trener II klasy tenisa sto\u0142owego.<br \/>Kierownik Zak\u0142adu Radiologii w Wojew\u00f3dzkim Szpitalu Specjalistycznym w Che\u0142mie w latach 2008-2010.<br \/>Obecnie: w\u0142a\u015bciciel i Prezes w firmie TOP-MED JOANNA SZAFRANEK Sp. z o.o.<br \/>Wyk\u0142adowca Akademicki na Wydziale Piel\u0119gniarstwa w Pa\u0144stwowej Wy\u017cszej Szkole Zawodowej w Che\u0142mie (Zak\u0142ad Anatomii i Radiologii).<br \/>W latach 1990-1993 \u2013 Udzia\u0142 w rozgrywkach Extraklasy w tenisie sto\u0142owym &#8211; reprezentowa\u0142a ,,Ogniwo\u201d Che\u0142m i AZS AWF Gda\u0144sk.<br \/>Mistrzostwo \u015awiata lekarzy w tenisie sto\u0142owym w 2002 r. (singiel, debel i mixt).<br \/>Od 2002 r. na arenie tenisowej lekarzy.<br \/>2009, 2010, 2011, 2013 \u2013 Mistrz Polski Lekarzy Kobiet w grze pojedynczej w kategorii OPEN.<br \/>2017 &#8211; Mistrz Polski Lekarzy Kobiet w grze pojedynczej w kategorii 45-55.<br \/>Wielokrotna medalistka Mistrzostw \u015awiata Lekarzy w singlu, deblu oraz grze mieszanej (\u0141otwa, Bali, Holandia, Czechy).<br \/>Multimedalistka Igrzysk Lekarskich w Zakopanem &#8211; tenis, tenis sto\u0142owy, p\u0142ywanie, triathlon.<br \/>Wsp\u00f3\u0142organizator Mistrzostw Polski Lekarzy w 2011 &#8211; Warszawa ,,Deski\u201d i 2014 Warszawa ,,Legia\u201d.<br \/><em><strong>e-mail: szafranek@pstl.pl, tel. 502615413<\/strong><\/em><\/p>\n\n\n<figure class=\"wp-block-image size-large is-resized\"><img loading=\"lazy\" decoding=\"async\" width=\"195\" height=\"240\" src=\"https:\/\/www.pstl.radwanskie.nstrefa.pl\/wp-content\/uploads\/2020\/04\/borkowski.jpg\" alt=\"\" class=\"wp-image-84\" style=\"width:230px;height:283px\"\/><\/figure>\n\n\n\n<p><strong>2. Vice-prezes \u2013 lek. med. Lech Borkowski (Gubin)<\/strong><br>Specjalista medycyny rodzinnej, lekarz chor\u00f3b wewn\u0119trznych, wsp\u00f3\u0142w\u0142a\u015bciciel przychodni medycyny rodzinnej w Gubinie, wsp\u00f3\u0142za\u0142o\u017cyciel i cz\u0142onek klubu tenisowego Grand Slam w Gubinie, wielokrotny medalista turniej\u00f3w tenisowych, czynnie gra w tenisa od 20 lat.<br><em><strong>e-mail: borkowski@pstl.pl, tel. 606429848<\/strong><\/em><\/p>\n\n\n\n<p><\/p>\n\n\n\n<figure class=\"wp-block-image size-large is-resized\"><img loading=\"lazy\" decoding=\"async\" width=\"768\" height=\"1024\" src=\"https:\/\/www.pstl.radwanskie.nstrefa.pl\/wp-content\/uploads\/2020\/04\/pokrzywnicki-768x1024.jpg\" alt=\"\" class=\"wp-image-85\" style=\"width:224px;height:298px\" srcset=\"https:\/\/pstl.pl\/wp-content\/uploads\/2020\/04\/pokrzywnicki-768x1024.jpg 768w, https:\/\/pstl.pl\/wp-content\/uploads\/2020\/04\/pokrzywnicki-225x300.jpg 225w, https:\/\/pstl.pl\/wp-content\/uploads\/2020\/04\/pokrzywnicki.jpg 960w\" sizes=\"auto, (max-width: 767px) 89vw, (max-width: 1000px) 54vw, (max-width: 1071px) 543px, 580px\" \/><\/figure>\n\n\n\n<p><strong>3. Sekretarz &#8211; lek. dent. Marcin Pokrzywnicki (Zabrze)<\/strong><br>Jestem absolwentem \u015al\u0105skiego Uniwersytetu Medycznego Wydzia\u0142u Lekarskiego z Oddzia\u0142em Lekarsko &#8211; Dentystycznym w Zabrzu. Pasjonat tenisa, zwyci\u0119zca ponad 130 amatorskich turniej\u00f3w tenisowych, Letni i Halowy mistrz oraz lider rankingu cyklu Amatorski Tenis \u015al\u0105ski, Letni i Wiosenny Mistrz oraz lider rankingu cyklu Polska Liga Tenisa, lider rankingu open cyklu Seniorzy i Amatorzy PZT, Dru\u017cynowy Mistrz \u015awiata Lekarza w Tenisie Turcja 2021, wielokrotny medalista Mistrzostw Polski Lekarzy w Tenisie (letni i halowy z\u0142oty medalista w singlu, deblu i w mik\u015bcie).<br><strong><em>e-mail: pokrzywnicki@pstl.pl, tel. 601172151<\/em><\/strong><\/p>\n\n\n\n<figure class=\"wp-block-image size-large is-resized\"><img loading=\"lazy\" decoding=\"async\" width=\"607\" height=\"1024\" src=\"https:\/\/pstl.pl\/wp-content\/uploads\/2022\/07\/37a5ded9-506f-4415-a15c-51b13c9da447-607x1024.jfif\" alt=\"\" class=\"wp-image-1731\" style=\"width:217px;height:365px\" srcset=\"https:\/\/pstl.pl\/wp-content\/uploads\/2022\/07\/37a5ded9-506f-4415-a15c-51b13c9da447-607x1024.jfif 607w, https:\/\/pstl.pl\/wp-content\/uploads\/2022\/07\/37a5ded9-506f-4415-a15c-51b13c9da447-178x300.jfif 178w, https:\/\/pstl.pl\/wp-content\/uploads\/2022\/07\/37a5ded9-506f-4415-a15c-51b13c9da447-768x1297.jfif 768w, https:\/\/pstl.pl\/wp-content\/uploads\/2022\/07\/37a5ded9-506f-4415-a15c-51b13c9da447-910x1536.jfif 910w, https:\/\/pstl.pl\/wp-content\/uploads\/2022\/07\/37a5ded9-506f-4415-a15c-51b13c9da447.jfif 1171w\" sizes=\"auto, (max-width: 607px) 100vw, 607px\" \/><\/figure>\n\n\n\n<p><strong>4. Skarbnik &#8211; lek. stom. Anna Komar (Oborniki)<\/strong><\/p>\n\n\n\n<p>Absolwentka Uniwersytetu Medycznego w Poznaniu wydzia\u0142u lekarsko &#8211; dentystycznego. Wielokrotna Mistrzyni Polski Lekarzy w singlu, deblu i mik\u015bcie, Mistrzyni i vice Mistrzyni \u015awiata Lekarzy w rozgrywkach dru\u017cynowych (Wilno 2019, Belek 2021), medalistka wielu turniej\u00f3w amatorskich.<br><strong><em>e-mail: komar@pstl.pl, tel. 662029587<\/em><\/strong><\/p>\n\n\n\n<figure class=\"wp-block-image size-large is-resized\"><img loading=\"lazy\" decoding=\"async\" width=\"765\" height=\"1024\" src=\"https:\/\/pstl.pl\/wp-content\/uploads\/2025\/09\/WhatsApp-Image-2025-09-26-at-12-765x1024.jpg\" alt=\"\" class=\"wp-image-2938\" style=\"width:231px;height:307px\" srcset=\"https:\/\/pstl.pl\/wp-content\/uploads\/2025\/09\/WhatsApp-Image-2025-09-26-at-12-765x1024.jpg 765w, https:\/\/pstl.pl\/wp-content\/uploads\/2025\/09\/WhatsApp-Image-2025-09-26-at-12-224x300.jpg 224w, https:\/\/pstl.pl\/wp-content\/uploads\/2025\/09\/WhatsApp-Image-2025-09-26-at-12-768x1029.jpg 768w, https:\/\/pstl.pl\/wp-content\/uploads\/2025\/09\/WhatsApp-Image-2025-09-26-at-12.jpg 796w\" sizes=\"auto, (max-width: 706px) 89vw, (max-width: 767px) 82vw, 740px\" \/><\/figure>\n\n\n\n<p class=\"has-vivid-red-color has-text-color has-link-color wp-elements-a7f948489955688032d15652fc2640c8\"><strong>5. Cz\u0142onek zarz\u0105du &#8211; lek. med. Aleksander Skop (Toru\u0144)<\/strong> &#8211; ZMAR\u0141 25.09.2025<\/p>\n\n\n\n<p>Absolwent Wydzia\u0142u Lekarskiego Akademii Medycznej w Poznaniu.<br>Specjalista Po\u0142o\u017cnictwa i Ginekologii oraz Ginekologii Onkologicznej.<br>Cz\u0142onek Okr\u0119gowej Rady Lekarskiej KPOIL w Toruniu.<br>Cz\u0142onek Komisji Sportu Naczelnej Izby Lekarskiej.<br>Pasjonat tenisa &#8211; gra od 10 r.\u017c. (Wis\u0142a Toru\u0144 jako junior).<br>Medalista Mistrzostw Polski Lekarzy w singlu i deblu.<br>Profesjonalnie gra w bryd\u017ca sportowego (Mistrzostwa Polski, Mistrzostwa Europy, ekstraklasa)<br><\/p>\n\n\n\n<p><\/p>\n\n\n\n<p><\/p>\n\n\n\n<h2 class=\"wp-block-heading\"><strong>HISTORYCZNE ZARZ\u0104DY PSTL:<\/strong><\/h2>\n\n\n\n<p><strong>2018-2022<\/strong><\/p>\n\n\n\n<ol class=\"wp-block-list\">\n<li>Prezes \u2013 Joanna Szafranek<\/li>\n\n\n\n<li>Vice-prezes \u2013 Lech Borkowski<\/li>\n\n\n\n<li>Sekretarz &#8211; Marcin Pokrzywnicki<\/li>\n\n\n\n<li>Skarbnik &#8211; Remigiusz Stamirowski<\/li>\n\n\n\n<li>Cz\u0142onek zarz\u0105du &#8211; Natalia Pelczar<\/li>\n<\/ol>\n\n\n\n<p><strong>2014-2018<\/strong><\/p>\n\n\n\n<ol class=\"wp-block-list\">\n<li>Prezes \u2013 Marcin Wro\u0144ski<\/li>\n\n\n\n<li>Vice-prezes \u2013 Andrzej Semczuk<\/li>\n\n\n\n<li>Sekretarz &#8211; Bo\u017cena K\u0119dzierska<\/li>\n\n\n\n<li>Skarbnik &#8211; Remigiusz Stamirowski<\/li>\n\n\n\n<li>Cz\u0142onek zarz\u0105du &#8211; J\u00f3zef Safian<\/li>\n<\/ol>\n\n\n\n<p><strong>2010-2014<\/strong><\/p>\n\n\n\n<ol class=\"wp-block-list\">\n<li>Prezes \u2013 Marcin Wro\u0144ski<\/li>\n\n\n\n<li>Vice-prezes &#8211; Andrzej Semczuk<\/li>\n\n\n\n<li>Sekretarz &#8211; Agnieszka Widziszowska, Bo\u017cena K\u0119dzierska<\/li>\n\n\n\n<li>Skarbnik &#8211; Alfred Mica\u0142<\/li>\n\n\n\n<li>Cz\u0142onek zarz\u0105du &#8211; Jacek Kowal<\/li>\n<\/ol>\n\n\n\n<p><strong>2002-2009<\/strong><\/p>\n\n\n\n<ol class=\"wp-block-list\">\n<li>Prezes &#8211; Krzysztof Miga\u0142a<\/li>\n\n\n\n<li>Vice-prezes &#8211; Marek Filipek<\/li>\n\n\n\n<li>Vice-prezes &#8211; Zbigniew Frenszkowski<\/li>\n\n\n\n<li>Sekretarz &#8211; Janusz Malarski<\/li>\n\n\n\n<li>Skarbnik &#8211; El\u017cbieta Warzecha<\/li>\n<\/ol>\n\n\n\n<p><strong>1999-2002 &#8211; pierwszy zarz\u0105d PSTL<\/strong><\/p>\n\n\n\n<ol class=\"wp-block-list\">\n<li>Prezes &#8211; Zbigniew Frenszkowski<\/li>\n\n\n\n<li>Vice-prezes Maciej Mro\u017cewski<\/li>\n\n\n\n<li>Sekretarz &#8211; Magnus Pawe\u0142czyk<\/li>\n\n\n\n<li>Skarbnik &#8211; Andrzej Jasi\u0144ski<\/li>\n\n\n\n<li>Cz\u0142onek zarz\u0105du &#8211; Janusz Malarski<\/li>\n<\/ol>\n\n\n\n<p><\/p>\n\n\n\n<h2 class=\"wp-block-heading\"><strong>HISTORIA PSTL:<\/strong><\/h2>\n\n\n\n<p><strong>Historyczne zdj\u0119cia<\/strong>&nbsp;-&gt;&nbsp;<a href=\"https:\/\/imgur.com\/a\/GeqHWrM\" target=\"_blank\" rel=\"noreferrer noopener\">tutaj<\/a><\/p>\n\n\n\n<p><strong>Pierwsze w historii lekarskiego sportu Mistrzostwa Polski w tenisie ziemnym odby\u0142y si\u0119 w 1991 roku w Olsztynie. Ich pomys\u0142odawc\u0105 i organizatorem by\u0142 Prezes Olszty\u0144skiego Towarzystwa Tenisowego, laryngolog Zbigniew Frenszkowski.<\/strong> Ilu lekarzy w Polsce gra w tenisa i jaka ich cz\u0119\u015b\u0107 wyrazi ochot\u0119 uczestnictwa w turniejowej rywalizacji, by\u0142a dla organizator\u00f3w wielk\u0105 niewiadom\u0105. Zg\u0142osi\u0142o si\u0119 24 koleg\u00f3w z r\u00f3\u017cnych stron Polski, ale ju\u017c od 1992 roku ilo\u015b\u0107 uczestnik\u00f3w corocznie si\u0119 zwi\u0119ksza\u0142a, aby podczas XII Mistrzostw Polski w Bytomiu zgromadzi\u0107 rekordow\u0105 liczb\u0119 168 lekarzy, w tym 25 pa\u0144.<\/p>\n\n\n\n<p>Przez pierwsze 5 lat kolejne Mistrzostwa Polski odbywa\u0142y si\u0119 w Olsztynie. Jednocze\u015bnie od 1993 roku powstawa\u0142y nowe pr\u0119\u017cne o\u015brodki ruchu tenisowego lekarzy. W Szczecinie, \u0141odzi, Poznaniu, Wroc\u0142awiu, Krakowie, Stalowej Woli, na \u015al\u0105sku, a ostatnio r\u00f3wnie\u017c w Warszawie i Cz\u0119stochowie.<\/p>\n\n\n\n<p>Bujny rozw\u00f3j lekarskiego sportu tenisowego stworzy\u0142 konieczno\u015b\u0107 uj\u0119cia go w ramy organizacyjne. <strong>Dlatego w 1999 roku powo\u0142ano do \u017cycia Polskie Stowarzyszenie Tenisowe Lekarzy z siedzib\u0105 w Olsztynie. <\/strong>Jest ono zarejestrowane w s\u0105dzie jako stowarzyszenie kultury fizycznej. W tym czasie ka\u017cdy cz\u0142onek PSTL otrzymywa\u0142 legitymacj\u0119, w kt\u00f3rej by\u0142o miejsce na piecz\u0105tk\u0119 potwierdzaj\u0105c\u0105 przynale\u017cno\u015b\u0107 do stowarzyszenia. Oto jedna z pierwszych legitymacji, a dok\u0142adnie nr 18:<\/p>\n\n\n<div class=\"wp-block-image\">\n<figure class=\"aligncenter size-large is-resized\"><img loading=\"lazy\" decoding=\"async\" width=\"768\" height=\"1024\" src=\"https:\/\/pstl.pl\/wp-content\/uploads\/2024\/04\/legitymacja-pstl-2-768x1024.jpeg\" alt=\"\" class=\"wp-image-2364\" style=\"width:290px;height:auto\" srcset=\"https:\/\/pstl.pl\/wp-content\/uploads\/2024\/04\/legitymacja-pstl-2-768x1024.jpeg 768w, https:\/\/pstl.pl\/wp-content\/uploads\/2024\/04\/legitymacja-pstl-2-225x300.jpeg 225w, https:\/\/pstl.pl\/wp-content\/uploads\/2024\/04\/legitymacja-pstl-2-1152x1536.jpeg 1152w, https:\/\/pstl.pl\/wp-content\/uploads\/2024\/04\/legitymacja-pstl-2.jpeg 1200w\" sizes=\"auto, (max-width: 767px) 89vw, (max-width: 1000px) 54vw, (max-width: 1071px) 543px, 580px\" \/><\/figure><\/div>\n\n<div class=\"wp-block-image\">\n<figure class=\"aligncenter size-large is-resized\"><img loading=\"lazy\" decoding=\"async\" width=\"768\" height=\"1024\" src=\"https:\/\/pstl.pl\/wp-content\/uploads\/2024\/04\/legitymacja-pstl-768x1024.jpeg\" alt=\"\" class=\"wp-image-2365\" style=\"width:296px;height:auto\" srcset=\"https:\/\/pstl.pl\/wp-content\/uploads\/2024\/04\/legitymacja-pstl-768x1024.jpeg 768w, https:\/\/pstl.pl\/wp-content\/uploads\/2024\/04\/legitymacja-pstl-225x300.jpeg 225w, https:\/\/pstl.pl\/wp-content\/uploads\/2024\/04\/legitymacja-pstl-1152x1536.jpeg 1152w, https:\/\/pstl.pl\/wp-content\/uploads\/2024\/04\/legitymacja-pstl.jpeg 1200w\" sizes=\"auto, (max-width: 767px) 89vw, (max-width: 1000px) 54vw, (max-width: 1071px) 543px, 580px\" \/><\/figure><\/div>\n\n\n<p><\/p>\n\n\n\n<p>Na pierwszym Walnym Zgromadzeniu Cz\u0142onk\u00f3w Polskiego Stowarzyszenia Tenisowego Lekarzy powo\u0142ano w\u0142adze w nast\u0119puj\u0105cym sk\u0142adzie: Zbigniew Frenszkowski &#8211; prezes zarz\u0105du, Maciej Mro\u017cewski &#8211; wiceprezes, Magnus Pawe\u0142czyk &#8211; sekretarz, Andrzej Jasi\u0144ski &#8211; skarbnik, Janusz Malarski &#8211; cz\u0142onek zarz\u0105du.<\/p>\n\n\n\n<p>Z powodu przewlek\u0142ej choroby, a p\u00f3\u017aniej \u015bmierci znakomitego lekarza, wspania\u0142ego cz\u0142owieka, tenisisty i dzia\u0142acza sportowego, jakim by\u0142 Magnus Pawe\u0142czyk, obowi\u0105zki sekretarza od 2001 roku przej\u0105\u0142 prezes.<\/p>\n\n\n\n<p>Zarz\u0105d opracowa\u0142 jednolity regulamin i system punktacji. Uk\u0142ada listy rankingowe, wy\u0142ania reprezentacj\u0119 Polski w Pucharze Narod\u00f3w na Mistrzostwa \u015awiata Lekarzy. Zg\u0142osi\u0142 r\u00f3wnie\u017c oficjalnie akces PSTL do \u015awiatowego Stowarzyszenia Tenisowego Lekarzy (WMTS). <\/p>\n\n\n\n<p>Od 2000 roku, w spos\u00f3b zorganizowany polscy lekarze uczestnicz\u0105 w odbywanych corocznie od 1976 roku Mistrzostwach \u015awiata (w latach 90-tych pojedyncze osoby z Polski bra\u0142y udzia\u0142 w tych imprezach, a w 1998 roku kol. Jolanta Kloc zdoby\u0142a tytu\u0142 wicemistrzyni \u015bwiata).<\/p>\n\n\n\n<p>Przy udziale Polskiego Stowarzyszenia Tenisowego Lekarzy kol. Bogdan Ostapowicz zorganizowa\u0142 w sierpniu 2001 w Singen (Niemcy) mi\u0119dzynarodowy turniej, w kt\u00f3rym wzi\u0119\u0142o udzia\u0142 ponad 30 lekarzy z Polski.<\/p>\n\n\n\n<p>Dwukrotnie turnieje og\u00f3lnopolskie &#8222;Nexter Cup&#8221; zorganizowa\u0142 w Krakowie dr Marcin Wro\u0144ski przy wsp\u00f3\u0142udziale dr Marka Filipka, a w 2003 roku w Cz\u0119stochowie dr Les\u0142aw Rudzi\u0144ski.<\/p>\n\n\n\n<p>Og\u00f3lnopolski Turniej Halowy w Pabianicach zorganizowa\u0142a w 2003 roku \u0141\u00f3dzka Izba Lekarska pod kierunkiem dr Janusza Malarskiego.<\/p>\n\n\n\n<p><\/p>\n\n\n\n<p><strong>19.05.2022 r. zmar\u0142 Zbigniew Frenszkowski.<\/strong><\/p>\n\n\n\n<p>W 1994 r. zorganizowa\u0142 pierwszy Turniej Tenisowy Lekarzy, doprowadzaj\u0105c w 1999 r. do utworzenia Polskiego Stowarzyszenia Tenisowego Lekarzy.  Ojciec lekarskiego tenisa, pierwszy Prezes Stowarzyszenia, Prezes Honorowy, wprowadzi\u0142 PSTL w struktury \u015awiatowego Zwi\u0105zku Tenisowego Lekarzy.<\/p>\n\n\n\n<p><strong>Organizatorzy letnich Mistrzostw Polski:<\/strong><\/p>\n\n\n\n<figure class=\"wp-block-table is-style-stripes\"><table><tbody><tr><td><strong>Rok<\/strong><\/td><td><strong>Miejsce<\/strong><\/td><\/tr><tr><td>1991<\/td><td>Olsztyn<\/td><\/tr><tr><td>1992<\/td><td>Olsztyn<\/td><\/tr><tr><td>1993<\/td><td>Olsztyn<\/td><\/tr><tr><td>1994<\/td><td>Olsztyn<\/td><\/tr><tr><td>1995<\/td><td>Olsztyn<\/td><\/tr><tr><td>1996<\/td><td>Gryfino<\/td><\/tr><tr><td>1997<\/td><td>Wroc\u0142aw<\/td><\/tr><tr><td>1998<\/td><td>\u0141\u00f3d\u017a<\/td><\/tr><tr><td>1999<\/td><td>Olsztyn<\/td><\/tr><tr><td>2000<\/td><td>Gryfino<\/td><\/tr><tr><td>2001<\/td><td>Wroc\u0142aw<\/td><\/tr><tr><td>2002<\/td><td>Bytom<\/td><\/tr><tr><td>2003<\/td><td>Warszawa<\/td><\/tr><tr><td>2004<\/td><td>Gdynia<\/td><\/tr><tr><td>2005<\/td><td>Wroc\u0142aw<\/td><\/tr><tr><td>2006<\/td><td>Krak\u00f3w<\/td><\/tr><tr><td>2007<\/td><td>Olsztyn<\/td><\/tr><tr><td>2008<\/td><td>\u0141\u00f3d\u017a<\/td><\/tr><tr><td>2009<\/td><td>Pozna\u0144<\/td><\/tr><tr><td>2010<\/td><td>Krak\u00f3w<\/td><\/tr><tr><td>2011<\/td><td>Warszawa<\/td><\/tr><tr><td>2012<\/td><td>Zabrze<\/td><\/tr><tr><td>2013<\/td><td>Szczecin<\/td><\/tr><tr><td>2014<\/td><td>Warszawa<\/td><\/tr><tr><td>2015<\/td><td>Pozna\u0144<\/td><\/tr><tr><td>2016<\/td><td>\u0141\u00f3d\u017a<\/td><\/tr><tr><td>2017<\/td><td>Warszawa<\/td><\/tr><tr><td>2018<\/td><td>Zielona G\u00f3ra<\/td><\/tr><tr><td>2019<\/td><td>Olsztyn<\/td><\/tr><tr><td>2020<\/td><td>Pozna\u0144<\/td><\/tr><tr><td>2021<\/td><td>Szczecin<\/td><\/tr><tr><td>2022<\/td><td>\u017bywiec<\/td><\/tr><tr><td>2023<\/td><td>Stalowa Wola<\/td><\/tr><\/tbody><\/table><\/figure>\n\n\n\n<p><\/p>\n\n\n\n<p><strong>Organizatorzy halowych Mistrzostw Polski:<\/strong><\/p>\n\n\n\n<figure class=\"wp-block-table is-style-stripes\"><table><tbody><tr><td><strong>Rok<\/strong><\/td><td><strong>Miejsce<\/strong><\/td><\/tr><tr><td>1991<\/td><td>nie odby\u0142y si\u0119<\/td><\/tr><tr><td>1992<\/td><td>nie odby\u0142y si\u0119<\/td><\/tr><tr><td>1993<\/td><td>nie odby\u0142y si\u0119<\/td><\/tr><tr><td>1994<\/td><td>nie odby\u0142y si\u0119<\/td><\/tr><tr><td>1995<\/td><td>nie odby\u0142y si\u0119<\/td><\/tr><tr><td>1996<\/td><td>Pozna\u0144<\/td><\/tr><tr><td>1997<\/td><td>nie odby\u0142y si\u0119<\/td><\/tr><tr><td>1998<\/td><td>Pozna\u0144<\/td><\/tr><tr><td>1999<\/td><td>nie odby\u0142y si\u0119<\/td><\/tr><tr><td>2000<\/td><td>nie odby\u0142y si\u0119<\/td><\/tr><tr><td>2001<\/td><td>Pozna\u0144<\/td><\/tr><tr><td>2002<\/td><td>Stalowa Wola<\/td><\/tr><tr><td>2003<\/td><td>Stalowa Wola<\/td><\/tr><tr><td>2004<\/td><td>Gliwice<\/td><\/tr><tr><td>2005<\/td><td>Gliwice<\/td><\/tr><tr><td>2006<\/td><td>Gliwice<\/td><\/tr><tr><td>2007<\/td><td>Stalowa Wola<\/td><\/tr><tr><td>2008<\/td><td>Stalowa Wola<\/td><\/tr><tr><td>2009<\/td><td>Pabianice<\/td><\/tr><tr><td>2010<\/td><td>Pabianice<\/td><\/tr><tr><td>2011<\/td><td>Pabianice<\/td><\/tr><tr><td>2012<\/td><td>Pabianice<\/td><\/tr><tr><td>2013<\/td><td>Stalowa Wola<\/td><\/tr><tr><td>2014<\/td><td>Stalowa Wola<\/td><\/tr><tr><td>2015<\/td><td>Pabianice<\/td><\/tr><tr><td>2016<\/td><td>Drzonk\u00f3w<\/td><\/tr><tr><td>2017<\/td><td>Stalowa Wola<\/td><\/tr><tr><td>2018<\/td><td>Pabianice<\/td><\/tr><tr><td>2019<\/td><td>Stalowa Wola<\/td><\/tr><tr><td>2020<\/td><td>nie odby\u0142y si\u0119 (Covid)<\/td><\/tr><tr><td>2021<\/td><td>Pabianice<\/td><\/tr><tr><td>2022<\/td><td>Bielsko-Bia\u0142a<\/td><\/tr><tr><td>2023<\/td><td>Kielce<\/td><\/tr><\/tbody><\/table><\/figure>\n\n\n\n<p><\/p>\n","protected":false},"excerpt":{"rendered":"<p>Polskie Stowarzyszenie Tenisowe Lekarzy powsta\u0142o w 1999 roku. Zrzesza ono lekarzy i dentyst\u00f3w, kt\u00f3rych pasj\u0105 jest tenis. Nasz\u0105 g\u0142\u00f3wn\u0105 ide\u0105 jest propagowanie aktywno\u015bci fizycznej w \u015brodowisku lekarskim oraz stworzenie okazji do spotka\u0144 poza szpitalami, przychodniami, gabinetami czy konferencjami naukowymi. Stowarzyszenie ma charakter&nbsp;non-profit&nbsp;\u2014 finansowane jest ze sk\u0142adek cz\u0142onkowskich. Ka\u017cdego roku, przy \u015bcis\u0142ej wsp\u00f3\u0142pracy z izbami lekarskimi &hellip; <\/p>\n<p class=\"link-more\"><a href=\"https:\/\/pstl.pl\/index.php\/o-nas\/\" class=\"more-link\">Czytaj dalej<span class=\"screen-reader-text\"> \u201eO nas\u201d<\/span><\/a><\/p>\n","protected":false},"author":1,"featured_media":0,"parent":0,"menu_order":1,"comment_status":"closed","ping_status":"closed","template":"","meta":{"footnotes":""},"class_list":["post-34","page","type-page","status-publish","hentry"],"_links":{"self":[{"href":"https:\/\/pstl.pl\/index.php\/wp-json\/wp\/v2\/pages\/34","targetHints":{"allow":["GET"]}}],"collection":[{"href":"https:\/\/pstl.pl\/index.php\/wp-json\/wp\/v2\/pages"}],"about":[{"href":"https:\/\/pstl.pl\/index.php\/wp-json\/wp\/v2\/types\/page"}],"author":[{"embeddable":true,"href":"https:\/\/pstl.pl\/index.php\/wp-json\/wp\/v2\/users\/1"}],"replies":[{"embeddable":true,"href":"https:\/\/pstl.pl\/index.php\/wp-json\/wp\/v2\/comments?post=34"}],"version-history":[{"count":32,"href":"https:\/\/pstl.pl\/index.php\/wp-json\/wp\/v2\/pages\/34\/revisions"}],"predecessor-version":[{"id":2941,"href":"https:\/\/pstl.pl\/index.php\/wp-json\/wp\/v2\/pages\/34\/revisions\/2941"}],"wp:attachment":[{"href":"https:\/\/pstl.pl\/index.php\/wp-json\/wp\/v2\/media?parent=34"}],"curies":[{"name":"wp","href":"https:\/\/api.w.org\/{rel}","templated":true}]}}