{"id":2951,"date":"2025-11-15T23:30:32","date_gmt":"2025-11-15T23:30:32","guid":{"rendered":"https:\/\/pstl.pl\/?page_id=2951"},"modified":"2025-12-05T00:09:30","modified_gmt":"2025-12-05T00:09:30","slug":"xxvi-halowe-mistrzostwa-polski-lekarzy-w-tenisie","status":"publish","type":"page","link":"https:\/\/pstl.pl\/index.php\/xxvi-halowe-mistrzostwa-polski-lekarzy-w-tenisie\/","title":{"rendered":"XXVI Halowe Mistrzostwa Polski Lekarzy w Tenisie"},"content":{"rendered":"<div class=\"wp-block-image\">\n<figure class=\"aligncenter size-full\"><img loading=\"lazy\" decoding=\"async\" width=\"724\" height=\"1024\" src=\"https:\/\/pstl.pl\/wp-content\/uploads\/2025\/11\/image.png\" alt=\"\" class=\"wp-image-2958\" srcset=\"https:\/\/pstl.pl\/wp-content\/uploads\/2025\/11\/image.png 724w, https:\/\/pstl.pl\/wp-content\/uploads\/2025\/11\/image-212x300.png 212w\" sizes=\"auto, (max-width: 724px) 100vw, 724px\" \/><\/figure><\/div>\n\n\n<p><strong>Chorz\u00f3w, 8-11.11.2025 r.<\/strong><\/p>\n\n\n\n<p><strong>Starochorzowskie Centrum Sportu Sok\u00f3\u0142 <\/strong><\/p>\n\n\n\n<p><strong>Drabinki, wyniki -&gt; <a href=\"https:\/\/portal.pzt.pl\/TournamentDrawsheet.aspx?CategoryID=AIS&amp;Male=&amp;TournamentID=FCA8C6F8-5898-400A-A3CB-F45E1D884CB2\" data-type=\"link\" data-id=\"https:\/\/portal.pzt.pl\/TournamentDrawsheet.aspx?CategoryID=AIS&amp;Male=&amp;TournamentID=FCA8C6F8-5898-400A-A3CB-F45E1D884CB2\">TUTAJ<\/a><\/strong><\/p>\n\n\n\n<p><strong>ZDJ\u0118CIA -&gt; <a href=\"https:\/\/drive.google.com\/open?id=1htPsSAs-YIZmV0euKh2m-Vg76LMWAF2U&amp;usp=drive_fs\" data-type=\"link\" data-id=\"https:\/\/drive.google.com\/open?id=1htPsSAs-YIZmV0euKh2m-Vg76LMWAF2U&amp;usp=drive_fs\">TUTAJ<\/a><\/strong><\/p>\n\n\n\n<p><\/p>\n\n\n\n<p><strong>Medali\u015bci:<\/strong><\/p>\n\n\n\n<figure class=\"wp-block-table\"><table class=\"has-fixed-layout\"><tbody><tr><th>Kategoria: 35+. Typ: Gra pojedyncza; M\u0119\u017cczy\u017ani<\/th><\/tr><tr><td>1Ptak Bart\u0142omiej<br>2Galik Rafa\u0142<br>3-4Go\u015bcimski Piotr<br>3-4Marinkovi\u0107 Bogus\u0142aw<\/td><\/tr><tr><th>Kategoria: 45+. Typ: Gra pojedyncza; Kobiety<\/th><\/tr><tr><td>1Szafranek Joanna<br>2Komar Anna<br>3-4Kubicka-Dyl\u0105g Justyna<br>3-4Nalepa-Marinkovi\u0107 Aldona<\/td><\/tr><tr><th>Kategoria: 45+. Typ: Gra podw\u00f3jna; Kobiety<\/th><\/tr><tr><td>1Komar Anna\/Szafranek Joanna<br>2Nalepa-Marinkovi\u0107 Aldona\/Struzik Ma\u0142gorzata<br>3-4Dubiel Edyta\/Kubicka-Dyl\u0105g Justyna<br>3-4Hajduk Bo\u017cena\/Markiewicz Monika<\/td><\/tr><tr><th>Kategoria: 45+. Typ: Gra podw\u00f3jna; M\u0119\u017cczy\u017ani<\/th><\/tr><tr><td>1Krywiak Marcin\/Marinkovi\u0107 Bogus\u0142aw<br>2Komar Marek Kornacki Jakub<br>3Aksamit Dariusz\/Ko\u017ami\u0144ski Pawe\u0142<\/td><\/tr><tr><th>Kategoria: 50+. Typ: Gra pojedyncza; M\u0119\u017cczy\u017ani<\/th><\/tr><tr><td>1Ferencz Artur<br>2Kornacki Jakub<br>3-4Szewczyk Maciej<br>3-4Dyl\u0105g Marcin<\/td><\/tr><tr><th>Kategoria: 50+. Typ: Gra podw\u00f3jna; Mieszany<\/th><\/tr><tr><td>1Nalepa-Marinkovi\u0107 Aldona\/Marinkovi\u0107 Bogus\u0142aw<br>2Struzik Ma\u0142gorzata\/Regu\u0142a Janusz<br>3-4Markiewicz Monika\/Lembas Lubomir<br>3-4Szafranek Joanna\/Kornacki Jakub<\/td><\/tr><tr><th>Kategoria: 55+. Typ: Gra pojedyncza; Kobiety<\/th><\/tr><tr><td>1Martini-Kami\u0144ska Gra\u017cyna<br>2\u015aliwi\u0144ska Anna<br>3-4K\u0105kol-Kaczmarska Mariola<br>3-4Struzik Ma\u0142gorzata<\/td><\/tr><tr><th>Kategoria: 55+. Typ: Gra podw\u00f3jna; Kobiety<\/th><\/tr><tr><td>1Ga\u0142uszka-Garnuszek Joanna\/Martini-Kami\u0144ska Gra\u017cyna<br>2K\u0119dzierska Bo\u017cenna\/Pawelec-Wojtalik Malgorzata<br>3-4K\u0105kol-Kaczmarska Mariola\/Klimas Danuta<br>3-4\u015aliwi\u0144ska Anna\/Za\u0142oga Beata<\/td><\/tr><tr><th>Kategoria: 55+. Typ: Gra pojedyncza; M\u0119\u017cczy\u017ani<\/th><\/tr><tr><td>1\u017b\u0119gota Zbigniew<br>2Pietrzak Wojciech<br>3-4Kowalczyk Robert<br>3-4Maziak Tomasz<\/td><\/tr><tr><th>Kategoria: 55+. Typ: Gra podw\u00f3jna; M\u0119\u017cczy\u017ani<\/th><\/tr><tr><td>1Danielewicz Piotr\/S\u0142u\u017calec Wojciech<br>2Ferencz Artur\/Semczuk Andrzej<br>3-4Grzywocz Jerzy\/Hakuba Jerzy<br>3-4Maziak Tomasz\/\u017b\u0119gota Zbigniew<\/td><\/tr><tr><th>Kategoria: 60+. Typ: Gra pojedyncza; M\u0119\u017cczy\u017ani<\/th><\/tr><tr><td>1Fundament Mariusz<br>2Hakuba Jerzy<br>3-4Gajecki Dariusz<br>3-4Pude\u0142ko Marek<\/td><\/tr><tr><th>Kategoria: 65+. Typ: Gra pojedyncza; Kobiety<\/th><\/tr><tr><td>1K\u0119dzierska Bo\u017cenna<br>2Pawelec-Wojtalik Malgorzata<br>3Klimczyk Bo\u017cena<\/td><\/tr><tr><th>Kategoria: 65+. Typ: Gra pojedyncza; M\u0119\u017cczy\u017ani<\/th><\/tr><tr><td>1Glabisz Jerzy<br>2Molenda Jacek<br>3Bachurski Andrzej<br>4Polikowski Mariusz<\/td><\/tr><tr><th>Kategoria: 65+. Typ: Gra podw\u00f3jna; M\u0119\u017cczy\u017ani<\/th><\/tr><tr><td>1Glabisz Jerzy\/Talarczyk Jerzy<br>2Leo\u0144czyk Daniel\/Lubi\u0144ski Ignacy<br>3-4Bachurski Andrzej\/Urbanowicz Zygmunt<br>3-4Hrynkiewicz Zdzis\u0142aw\/Sobel Jerzy<\/td><\/tr><tr><th>Kategoria: 70+. Typ: Gra pojedyncza; M\u0119\u017cczy\u017ani<\/th><\/tr><tr><td>1Hrynkiewicz Zdzis\u0142aw<br>2Leo\u0144czyk Daniel<br>3-4Obin Dariusz<br>3-4Talarczyk Jerzy<\/td><\/tr><tr><th>Kategoria: 75+. Typ: Gra pojedyncza; M\u0119\u017cczy\u017ani<\/th><\/tr><tr><td>1Koczorowski Ryszard<br>2Ko\u0142odziej Piotr<br>3Lubi\u0144ski Ignacy<br>4Sobel Jerzy<\/td><\/tr><tr><th>Kategoria: 75+. Typ: Gra podw\u00f3jna; M\u0119\u017cczy\u017ani<\/th><\/tr><tr><td>1Koczorowski Ryszard\/Ko\u0142odziej Piotr<br>2Pieczkowski Wojciech\/Safian Jozef<\/td><\/tr><tr><th>Kategoria: 80+. Typ: Gra pojedyncza; M\u0119\u017cczy\u017ani<\/th><\/tr><tr><td>1Pieczkowski Wojciech<br>2Pozowski Andrzej<br>3Safian Jozef<br>4Struk Bogdan<\/td><\/tr><tr><th>Kategoria: Open. Typ: Gra pojedyncza; Kobiety<\/th><\/tr><tr><td>1Szpak Olesja<br>2Go\u0142da Maria<br>3-4Bernecka Paulina<br>3-4Firkowska Agata<\/td><\/tr><tr><th>Kategoria: Open. Typ: Gra podw\u00f3jna; Kobiety<\/th><\/tr><tr><td>1Go\u0142da Maria\/Suchy Wiktoria<br>2Bernecka Paulina\/Firkowska Agata<br>3-4Lubomirska Julia\/Szpak Olesja<br>3-4S\u0142u\u017calec Karolina\/St\u0119pie\u0144 Maria<\/td><\/tr><tr><th>Kategoria: Open. Typ: Gra pojedyncza; M\u0119\u017cczy\u017ani<\/th><\/tr><tr><td>1Arndt Philipp<br>2Dyrda Micha\u0142<br>3-4Pokrzywnicki Marcin<br>3-4Rozwadowski Pawe\u0142<\/td><\/tr><tr><th>Kategoria: Open. Typ: Gra podw\u00f3jna; M\u0119\u017cczy\u017ani<\/th><\/tr><tr><td>1Pokrzywnicki Marcin\/Rozwadowski Pawe\u0142<br>2Ptak Bart\u0142omiej\/Stawi\u0144ski Micha\u0142<br>3-4Pietrzak J\u0119drzej\/Pietrzak Wojciech<br>3-4Politowski Jaros\u0142aw\/Politowski Szymon<\/td><\/tr><tr><th>Kategoria: Open. Typ: Gra podw\u00f3jna; Mieszany<\/th><\/tr><tr><td>1Szpak Olesja Pokrzywnicki Marcin<br>2Bernecka Paulina\/Szyca Ignacy<br>3-4Go\u0142da Maria\/Barlik Artur<br>3-4Pil\u015bniak Aleksandra\/Pil\u015bniak Pawe\u0142<\/td><\/tr><\/tbody><\/table><\/figure>\n","protected":false},"excerpt":{"rendered":"<p>Chorz\u00f3w, 8-11.11.2025 r. Starochorzowskie Centrum Sportu Sok\u00f3\u0142 Drabinki, wyniki -&gt; TUTAJ ZDJ\u0118CIA -&gt; TUTAJ Medali\u015bci: Kategoria: 35+. Typ: Gra pojedyncza; M\u0119\u017cczy\u017ani 1Ptak Bart\u0142omiej2Galik Rafa\u01423-4Go\u015bcimski Piotr3-4Marinkovi\u0107 Bogus\u0142aw Kategoria: 45+. Typ: Gra pojedyncza; Kobiety 1Szafranek Joanna2Komar Anna3-4Kubicka-Dyl\u0105g Justyna3-4Nalepa-Marinkovi\u0107 Aldona Kategoria: 45+. Typ: Gra podw\u00f3jna; Kobiety 1Komar Anna\/Szafranek Joanna2Nalepa-Marinkovi\u0107 Aldona\/Struzik Ma\u0142gorzata3-4Dubiel Edyta\/Kubicka-Dyl\u0105g Justyna3-4Hajduk Bo\u017cena\/Markiewicz Monika Kategoria: 45+. Typ: &hellip; <\/p>\n<p class=\"link-more\"><a href=\"https:\/\/pstl.pl\/index.php\/xxvi-halowe-mistrzostwa-polski-lekarzy-w-tenisie\/\" class=\"more-link\">Czytaj dalej<span class=\"screen-reader-text\"> \u201eXXVI Halowe Mistrzostwa Polski Lekarzy w Tenisie\u201d<\/span><\/a><\/p>\n","protected":false},"author":1,"featured_media":0,"parent":0,"menu_order":0,"comment_status":"closed","ping_status":"closed","template":"","meta":{"footnotes":""},"class_list":["post-2951","page","type-page","status-publish","hentry"],"_links":{"self":[{"href":"https:\/\/pstl.pl\/index.php\/wp-json\/wp\/v2\/pages\/2951","targetHints":{"allow":["GET"]}}],"collection":[{"href":"https:\/\/pstl.pl\/index.php\/wp-json\/wp\/v2\/pages"}],"about":[{"href":"https:\/\/pstl.pl\/index.php\/wp-json\/wp\/v2\/types\/page"}],"author":[{"embeddable":true,"href":"https:\/\/pstl.pl\/index.php\/wp-json\/wp\/v2\/users\/1"}],"replies":[{"embeddable":true,"href":"https:\/\/pstl.pl\/index.php\/wp-json\/wp\/v2\/comments?post=2951"}],"version-history":[{"count":6,"href":"https:\/\/pstl.pl\/index.php\/wp-json\/wp\/v2\/pages\/2951\/revisions"}],"predecessor-version":[{"id":3000,"href":"https:\/\/pstl.pl\/index.php\/wp-json\/wp\/v2\/pages\/2951\/revisions\/3000"}],"wp:attachment":[{"href":"https:\/\/pstl.pl\/index.php\/wp-json\/wp\/v2\/media?parent=2951"}],"curies":[{"name":"wp","href":"https:\/\/api.w.org\/{rel}","templated":true}]}}