{"id":285,"date":"2020-04-09T18:58:27","date_gmt":"2020-04-09T18:58:27","guid":{"rendered":"http:\/\/www.pstl.radwanskie.nstrefa.pl\/?page_id=285"},"modified":"2020-04-09T18:58:27","modified_gmt":"2020-04-09T18:58:27","slug":"iii-ogolnopolski-turniej-tenisowy-lekarzy-vital-medic-cup-2019-chrzastowice-kolo-opola-23-25-08-2019-r","status":"publish","type":"page","link":"https:\/\/pstl.pl\/index.php\/iii-ogolnopolski-turniej-tenisowy-lekarzy-vital-medic-cup-2019-chrzastowice-kolo-opola-23-25-08-2019-r\/","title":{"rendered":"III Og\u00f3lnopolski Turniej Tenisowy Lekarzy VITAL MEDIC CUP 2019 &#8211; Chrz\u0105stowice (ko\u0142o Opola) 23-25.08.2019 r."},"content":{"rendered":"\n<h2 class=\"wp-block-heading\"><strong>SKR\u00d3TOWE WYNIKI:<\/strong><\/h2>\n\n\n\n<p><strong>KOBIETY SINGIEL +45<\/strong><\/p>\n\n\n\n<p>1. Joanna Szafranek<\/p>\n\n\n\n<p>2. Anna Komar<\/p>\n\n\n\n<p>3. Mariona K\u0105kol-Kaczmarska<\/p>\n\n\n\n<p><strong>KOBIETY SINGIEL +55<\/strong><\/p>\n\n\n\n<p>1. Gra\u017cyna Martini-Kami\u0144ska<\/p>\n\n\n\n<p>2. Ma\u0142gorzata Olszewska-Kozi\u0144ska<\/p>\n\n\n\n<p>3. Katarzyna Smolik<\/p>\n\n\n\n<p><strong>KOBIETY SINGIEL +60<\/strong><\/p>\n\n\n\n<p>1. Bo\u017cena K\u0119dzierska<\/p>\n\n\n\n<p>2. Ma\u0142gorzata Pawelec-Wojtalik<\/p>\n\n\n\n<p>3. Bo\u017cena Klimczyk<\/p>\n\n\n\n<p><strong>KOBIETY DEBEL +45<\/strong><\/p>\n\n\n\n<p>1. Joanna Szafranek\/Anna Komar<\/p>\n\n\n\n<p>2. Mariola K\u0105kol-Kaczmarska\/Gra\u017cyna Martini-Kami\u0144ska<\/p>\n\n\n\n<p>3. Ma\u0142gorzata Olszewska-Kozi\u0144ska\/Danuta Klimas<\/p>\n\n\n\n<p><strong>KOBIETY DEBEL +55<\/strong><\/p>\n\n\n\n<p>1. Bo\u017cena K\u0119dzierska\/Ma\u0142gorzata Pawelec-Wojtalik<\/p>\n\n\n\n<p>2. Katarzyna Smolik\/Bo\u017cena K\u0119dzierska<\/p>\n\n\n\n<p><strong>M\u0118\u017bCZY\u0179NI SINGIEL OPEN<\/strong><\/p>\n\n\n\n<p>1. Jan Paradowski<\/p>\n\n\n\n<p>2. Marcin Pokrzywnicki<\/p>\n\n\n\n<p>3. Wiktor Savvides<\/p>\n\n\n\n<p><strong>M\u0118\u017bCZY\u0179NI SINGIEL +45<\/strong><\/p>\n\n\n\n<p>1. Marcin Krywiak<\/p>\n\n\n\n<p>2. Robert Telega<\/p>\n\n\n\n<p>3. Piotr Huda\u0142a<\/p>\n\n\n\n<p><strong>M\u0118\u017bCZY\u0179NI SINGIEL +50<\/strong><\/p>\n\n\n\n<p>1. Mariusz Smolik<\/p>\n\n\n\n<p>2. Dariusz Terlecki<\/p>\n\n\n\n<p>3. Pawe\u0142 \u0141ysikowski<\/p>\n\n\n\n<p><strong>M\u0118\u017bCZY\u0179NI SINGIEL +55<\/strong><\/p>\n\n\n\n<p>1. Roman Sadowski<\/p>\n\n\n\n<p>2. Wies\u0142aw B\u0105ba<\/p>\n\n\n\n<p>3. Jerzy Hakuba, Dariusz Gajecki<\/p>\n\n\n\n<p><strong>M\u0118\u017bCZY\u0179NI SINGIEL +60<\/strong><\/p>\n\n\n\n<p>1. Tomasz Maziak<\/p>\n\n\n\n<p>2. Bogus\u0142aw Rataj<\/p>\n\n\n\n<p>3. Marek Kintzi, Marek Pude\u0142ko<\/p>\n\n\n\n<p><strong>M\u0118\u017bCZY\u0179NI SINGIEL +65<\/strong><\/p>\n\n\n\n<p>1. Ryszard Koczorowski<\/p>\n\n\n\n<p>2. Daniel Leo\u0144czyk<\/p>\n\n\n\n<p>3. Kazimierz Bujak, Roman Pawlas<\/p>\n\n\n\n<p><strong>M\u0118\u017bCZY\u0179NI SINGIEL +75<\/strong><\/p>\n\n\n\n<p>1. Stanis\u0142aw \u015awierad<\/p>\n\n\n\n<p>2. Zbigniew Nanowski<\/p>\n\n\n\n<p>3. Kadet Stemplewski<\/p>\n\n\n\n<p><strong>M\u0118\u017bCZY\u0179NI DEBEL OPEN<\/strong><\/p>\n\n\n\n<p>1. Marcin Krywiak\/Jan Paradowski<\/p>\n\n\n\n<p>2. Marcin Pokrzywnicki\/Wiktor Savvides<\/p>\n\n\n\n<p><strong>M\u0118\u017bCZY\u0179NI DEBEL 45-55<\/strong><\/p>\n\n\n\n<p>1. Lech Borkowski\/Robert Telega<\/p>\n\n\n\n<p>2. Mariusz Smolik\/Jerzy Grzywocz<\/p>\n\n\n\n<p>3. Piotr Huda\u0142a\/Grzegorz Szymczak, Jerzy Barna\u015b\/Marek Komar<\/p>\n\n\n\n<p><strong>M\u0118\u017bCZY\u0179NI DEBEL 55-65<\/strong><\/p>\n\n\n\n<p>1. Bogus\u0142aw Rataj\/Roman Sadowski<\/p>\n\n\n\n<p>2. Krzysztof Staro\u0144\/Andrzej Bachurski<\/p>\n\n\n\n<p>3. Dariusz Gajecki\/Jacek Gabrysiak, Tomasz Maziak\/Przemys\u0142aw Klimas<\/p>\n\n\n\n<p><strong>M\u0118\u017bCZY\u0179NI DEBEL +65<\/strong><\/p>\n\n\n\n<p>1. Kazimierz Bujak\/Daniel Leo\u0144czyk<\/p>\n\n\n\n<p>2. Ignacy Lubi\u0144ski\/Roman Pawlas<\/p>\n\n\n\n<p>3. Kadet Stemplewski\/Stanis\u0142aw \u015awierad<\/p>\n\n\n\n<p><\/p>\n\n\n\n<h2 class=\"wp-block-heading\"><strong>PE\u0141NE WYNIKI, DRABINKI, GRUPY:<\/strong><\/h2>\n\n\n\n<p>&#8211;\u00a0<a href=\"http:\/\/www.pstl.radwanskie.nstrefa.pl\/wp-content\/uploads\/2020\/04\/opole19-K-plus-45.doc\" target=\"_blank\" rel=\"noreferrer noopener\">K singiel +45<\/a><\/p>\n\n\n\n<p>&#8211;\u00a0<a href=\"http:\/\/www.pstl.radwanskie.nstrefa.pl\/wp-content\/uploads\/2020\/04\/opole19-K-plus-55.doc\" target=\"_blank\" rel=\"noreferrer noopener\">K singiel +55<\/a><\/p>\n\n\n\n<p>&#8211;\u00a0<a href=\"http:\/\/www.pstl.radwanskie.nstrefa.pl\/wp-content\/uploads\/2020\/04\/opole19-K-plus-60.doc\" target=\"_blank\" rel=\"noreferrer noopener\">K singiel +60<\/a><\/p>\n\n\n\n<p><br>&#8211;\u00a0<a href=\"http:\/\/www.pstl.radwanskie.nstrefa.pl\/wp-content\/uploads\/2020\/04\/opole19-K-debel-plus-45.doc\" target=\"_blank\" rel=\"noreferrer noopener\">K debel +45<\/a><\/p>\n\n\n\n<p>&#8211;\u00a0<a href=\"http:\/\/www.pstl.radwanskie.nstrefa.pl\/wp-content\/uploads\/2020\/04\/opole19-K-debel-plus-55-M-debel-open-plus-45-plus-55.xls\" target=\"_blank\" rel=\"noreferrer noopener\">K debel +55, M debel open, M debel 45-55, M debel 55-65<\/a><\/p>\n\n\n\n<p>&#8211;\u00a0<a href=\"http:\/\/www.pstl.radwanskie.nstrefa.pl\/wp-content\/uploads\/2020\/04\/opole19-M-open.doc\" target=\"_blank\" rel=\"noreferrer noopener\">M singiel open<\/a><\/p>\n\n\n\n<p>&#8211;\u00a0<a href=\"http:\/\/www.pstl.radwanskie.nstrefa.pl\/wp-content\/uploads\/2020\/04\/opole19-M-plus-45.doc\" target=\"_blank\" rel=\"noreferrer noopener\">M singiel +45<\/a><\/p>\n\n\n\n<p>&#8211;\u00a0<a href=\"http:\/\/www.pstl.radwanskie.nstrefa.pl\/wp-content\/uploads\/2020\/04\/opole19-M-plus-50.doc\" target=\"_blank\" rel=\"noreferrer noopener\">M singiel +50<\/a><\/p>\n\n\n\n<p>&#8211;\u00a0<a href=\"http:\/\/www.pstl.radwanskie.nstrefa.pl\/wp-content\/uploads\/2020\/04\/opole19-M-plus-55-60-65.xls\" target=\"_blank\" rel=\"noreferrer noopener\">M singiel +55, +60, +65<\/a><\/p>\n\n\n\n<p>&#8211;\u00a0<a href=\"http:\/\/www.pstl.radwanskie.nstrefa.pl\/wp-content\/uploads\/2020\/04\/opole19-M-plus-75.doc\" target=\"_blank\" rel=\"noreferrer noopener\">M singiel +75<\/a><\/p>\n\n\n\n<p>&#8211;\u00a0<a rel=\"noreferrer noopener\" href=\"http:\/\/www.pstl.org\/uploads\/chrzastowice2019\/wyniki\/M%20debel%20plus%2065.doc\" target=\"_blank\">M <\/a><a href=\"http:\/\/www.pstl.radwanskie.nstrefa.pl\/wp-content\/uploads\/2020\/04\/opole19-M-debel-plus-65.doc\" target=\"_blank\" rel=\"noreferrer noopener\">d<\/a><a rel=\"noreferrer noopener\" href=\"http:\/\/www.pstl.org\/uploads\/chrzastowice2019\/wyniki\/M%20debel%20plus%2065.doc\" target=\"_blank\">ebel +65<\/a><\/p>\n\n\n\n<p><\/p>\n\n\n\n<h2 class=\"wp-block-heading\"><strong>ZDJ\u0118CIA<\/strong>\u00a0->\u00a0<a rel=\"noreferrer noopener\" href=\"https:\/\/imgur.com\/a\/HgL6gT5\" target=\"_blank\">TUTAJ<\/a><\/h2>\n\n\n\n<p><\/p>\n\n\n\n<h2 class=\"wp-block-heading\"><strong>FILM Z TURNIEJU<\/strong>\u00a0->\u00a0<a rel=\"noreferrer noopener\" href=\"https:\/\/www.youtube.com\/watch?v=aU0UiaYd8pw\" target=\"_blank\">TUTAJ<\/a><\/h2>\n","protected":false},"excerpt":{"rendered":"<p>SKR\u00d3TOWE WYNIKI: KOBIETY SINGIEL +45 1. Joanna Szafranek 2. Anna Komar 3. Mariona K\u0105kol-Kaczmarska KOBIETY SINGIEL +55 1. Gra\u017cyna Martini-Kami\u0144ska 2. Ma\u0142gorzata Olszewska-Kozi\u0144ska 3. Katarzyna Smolik KOBIETY SINGIEL +60 1. Bo\u017cena K\u0119dzierska 2. Ma\u0142gorzata Pawelec-Wojtalik 3. Bo\u017cena Klimczyk KOBIETY DEBEL +45 1. Joanna Szafranek\/Anna Komar 2. Mariola K\u0105kol-Kaczmarska\/Gra\u017cyna Martini-Kami\u0144ska 3. Ma\u0142gorzata Olszewska-Kozi\u0144ska\/Danuta Klimas KOBIETY DEBEL &hellip; <\/p>\n<p class=\"link-more\"><a href=\"https:\/\/pstl.pl\/index.php\/iii-ogolnopolski-turniej-tenisowy-lekarzy-vital-medic-cup-2019-chrzastowice-kolo-opola-23-25-08-2019-r\/\" class=\"more-link\">Czytaj dalej<span class=\"screen-reader-text\"> \u201eIII Og\u00f3lnopolski Turniej Tenisowy Lekarzy VITAL MEDIC CUP 2019 &#8211; Chrz\u0105stowice (ko\u0142o Opola) 23-25.08.2019 r.\u201d<\/span><\/a><\/p>\n","protected":false},"author":1,"featured_media":0,"parent":0,"menu_order":0,"comment_status":"closed","ping_status":"closed","template":"","meta":{"footnotes":""},"class_list":["post-285","page","type-page","status-publish","hentry"],"_links":{"self":[{"href":"https:\/\/pstl.pl\/index.php\/wp-json\/wp\/v2\/pages\/285","targetHints":{"allow":["GET"]}}],"collection":[{"href":"https:\/\/pstl.pl\/index.php\/wp-json\/wp\/v2\/pages"}],"about":[{"href":"https:\/\/pstl.pl\/index.php\/wp-json\/wp\/v2\/types\/page"}],"author":[{"embeddable":true,"href":"https:\/\/pstl.pl\/index.php\/wp-json\/wp\/v2\/users\/1"}],"replies":[{"embeddable":true,"href":"https:\/\/pstl.pl\/index.php\/wp-json\/wp\/v2\/comments?post=285"}],"version-history":[{"count":1,"href":"https:\/\/pstl.pl\/index.php\/wp-json\/wp\/v2\/pages\/285\/revisions"}],"predecessor-version":[{"id":297,"href":"https:\/\/pstl.pl\/index.php\/wp-json\/wp\/v2\/pages\/285\/revisions\/297"}],"wp:attachment":[{"href":"https:\/\/pstl.pl\/index.php\/wp-json\/wp\/v2\/media?parent=285"}],"curies":[{"name":"wp","href":"https:\/\/api.w.org\/{rel}","templated":true}]}}