{"id":2820,"date":"2025-07-08T23:43:25","date_gmt":"2025-07-08T23:43:25","guid":{"rendered":"https:\/\/pstl.pl\/?page_id=2820"},"modified":"2025-07-08T23:43:26","modified_gmt":"2025-07-08T23:43:26","slug":"turniej-pstl-lodz","status":"publish","type":"page","link":"https:\/\/pstl.pl\/index.php\/turniej-pstl-lodz\/","title":{"rendered":"Turniej PSTL &#8211; L\u00f3d\u017a"},"content":{"rendered":"\n<p><strong>Og\u00f3lnopolski Turniej Tenisowy Lekarzy \u2013 \u0141\u00f3d\u017a<\/strong><\/p>\n\n\n\n<p><strong>19.06-22.06.25 (czwartek-niedziela)<\/strong><\/p>\n\n\n\n<p><strong>Wyniki, drabinki, grupy -&gt;&nbsp;<a href=\"https:\/\/portal.pzt.pl\/TournamentOrderOfPlay.aspx?CategoryID=AIS&amp;Male=&amp;TournamentID=5E3F136A-4F71-46BC-99A9-9D7AC6638124\" target=\"_blank\" rel=\"noreferrer noopener\">TUTAJ<\/a><\/strong><\/p>\n\n\n\n<p><\/p>\n","protected":false},"excerpt":{"rendered":"<p>Og\u00f3lnopolski Turniej Tenisowy Lekarzy \u2013 \u0141\u00f3d\u017a 19.06-22.06.25 (czwartek-niedziela) Wyniki, drabinki, grupy -&gt;&nbsp;TUTAJ<\/p>\n","protected":false},"author":1,"featured_media":0,"parent":0,"menu_order":0,"comment_status":"closed","ping_status":"closed","template":"","meta":{"footnotes":""},"class_list":["post-2820","page","type-page","status-publish","hentry"],"_links":{"self":[{"href":"https:\/\/pstl.pl\/index.php\/wp-json\/wp\/v2\/pages\/2820","targetHints":{"allow":["GET"]}}],"collection":[{"href":"https:\/\/pstl.pl\/index.php\/wp-json\/wp\/v2\/pages"}],"about":[{"href":"https:\/\/pstl.pl\/index.php\/wp-json\/wp\/v2\/types\/page"}],"author":[{"embeddable":true,"href":"https:\/\/pstl.pl\/index.php\/wp-json\/wp\/v2\/users\/1"}],"replies":[{"embeddable":true,"href":"https:\/\/pstl.pl\/index.php\/wp-json\/wp\/v2\/comments?post=2820"}],"version-history":[{"count":1,"href":"https:\/\/pstl.pl\/index.php\/wp-json\/wp\/v2\/pages\/2820\/revisions"}],"predecessor-version":[{"id":2821,"href":"https:\/\/pstl.pl\/index.php\/wp-json\/wp\/v2\/pages\/2820\/revisions\/2821"}],"wp:attachment":[{"href":"https:\/\/pstl.pl\/index.php\/wp-json\/wp\/v2\/media?parent=2820"}],"curies":[{"name":"wp","href":"https:\/\/api.w.org\/{rel}","templated":true}]}}