{"id":2752,"date":"2025-04-14T20:51:56","date_gmt":"2025-04-14T20:51:56","guid":{"rendered":"https:\/\/pstl.pl\/?page_id=2752"},"modified":"2025-04-14T22:52:13","modified_gmt":"2025-04-14T22:52:13","slug":"turniej-pstl-bydgoszcz-2025","status":"publish","type":"page","link":"https:\/\/pstl.pl\/index.php\/turniej-pstl-bydgoszcz-2025\/","title":{"rendered":"Turniej PSTL &#8211; Bydgoszcz 2025"},"content":{"rendered":"\n<p>W dniach 4-6 kwietnia 2025, na kortach Klubu Sportowego Centrum w Bydgoszczy odby\u0142 si\u0119 pierwszy turniej PSTL w 2025 roku, w kt\u00f3rym rywalizowa\u0142o a\u017c 84 lekarzy, a przez 3 dni rozegrano \u0142\u0105cznie 110 mecz\u00f3w.<\/p>\n\n\n\n<p>W pierwszym dniu tego wydarzenia uczestnicy integrowali si\u0119 na bankiecie w Restauracji Czosnek i Oliwa, kt\u00f3ra zachwyci\u0142a wszystkich swoimi potrawami.<\/p>\n\n\n\n<p>W trakcie turnieju niespodziewanie pojawi\u0142a si\u0119 niezwyk\u0142a bohaterka Agata Wojciuk, kt\u00f3ra swoimi odwiedzinami wywo\u0142a\u0142a ogromn\u0105 rado\u015b\u0107 w\u015br\u00f3d uczestnik\u00f3w imprezy. To wspania\u0142a osoba i tenisistka znana nie tylko w\u015br\u00f3d lekarzy, ale r\u00f3wnie\u017c ca\u0142ego \u015brodowiska tenisowego. Agatka po ci\u0119\u017ckim wypadku nadal walczy o powr\u00f3t do zdrowia.<\/p>\n\n\n\n<p>Wydarzenie wsparli: Naczelna Izba Lekarska, <a href=\"https:\/\/www.facebook.com\/lthomes.es?__cft__[0]=AZUFMuQfT_m8Jn65uQouwsn4eII4Cw9Yte_Fei8purtry_50SHUV1OAbjDrvP_rdcXl6CJEoazRKVLNnvI6mEiRe2eAV5mWXcw_x0CuEpe9D7TDLmObrp1m9wEqSytw0GZX2DhU4OswWRHP0-ofIIwInKDCBjIfeagIuQACPIHf00g&amp;__tn__=-]K-R\">LT Homes<\/a>, <a href=\"https:\/\/www.facebook.com\/uptou.pl.sc?__cft__[0]=AZUFMuQfT_m8Jn65uQouwsn4eII4Cw9Yte_Fei8purtry_50SHUV1OAbjDrvP_rdcXl6CJEoazRKVLNnvI6mEiRe2eAV5mWXcw_x0CuEpe9D7TDLmObrp1m9wEqSytw0GZX2DhU4OswWRHP0-ofIIwInKDCBjIfeagIuQACPIHf00g&amp;__tn__=-]K-R\">uptou.pl<\/a>, <a href=\"https:\/\/www.facebook.com\/toppzt?__cft__[0]=AZUFMuQfT_m8Jn65uQouwsn4eII4Cw9Yte_Fei8purtry_50SHUV1OAbjDrvP_rdcXl6CJEoazRKVLNnvI6mEiRe2eAV5mWXcw_x0CuEpe9D7TDLmObrp1m9wEqSytw0GZX2DhU4OswWRHP0-ofIIwInKDCBjIfeagIuQACPIHf00g&amp;__tn__=-]K-R\">Tenis Open Polska<\/a>, <a href=\"https:\/\/www.facebook.com\/TENISMAGAZYN?__cft__[0]=AZUFMuQfT_m8Jn65uQouwsn4eII4Cw9Yte_Fei8purtry_50SHUV1OAbjDrvP_rdcXl6CJEoazRKVLNnvI6mEiRe2eAV5mWXcw_x0CuEpe9D7TDLmObrp1m9wEqSytw0GZX2DhU4OswWRHP0-ofIIwInKDCBjIfeagIuQACPIHf00g&amp;__tn__=-]K-R\">TENIS MAGAZYN<\/a>.<\/p>\n\n\n\n<p>Szczeg\u00f3\u0142owe wyniki znajdziecie tutaj:<\/p>\n\n\n\n<p><a href=\"https:\/\/portal.pzt.pl\/TournamentDrawsheet.aspx?CategoryID=AIS&amp;Male=&amp;TournamentID=2F606EF0-A5C3-465A-913E-01192F6966A2\">https:\/\/portal.pzt.pl\/TournamentDrawsheet.aspx?CategoryID=AIS&amp;Male=&amp;TournamentID=2F606EF0-A5C3-465A-913E-01192F6966A2<\/a><\/p>\n\n\n\n<p><strong>ZDJ\u0118CIA -> <a href=\"https:\/\/imgur.com\/a\/Lh8Hjkl\" data-type=\"link\" data-id=\"https:\/\/imgur.com\/a\/Lh8Hjkl\">TUTAJ<\/a><\/strong><\/p>\n\n\n\n<p><\/p>\n","protected":false},"excerpt":{"rendered":"<p>W dniach 4-6 kwietnia 2025, na kortach Klubu Sportowego Centrum w Bydgoszczy odby\u0142 si\u0119 pierwszy turniej PSTL w 2025 roku, w kt\u00f3rym rywalizowa\u0142o a\u017c 84 lekarzy, a przez 3 dni rozegrano \u0142\u0105cznie 110 mecz\u00f3w. W pierwszym dniu tego wydarzenia uczestnicy integrowali si\u0119 na bankiecie w Restauracji Czosnek i Oliwa, kt\u00f3ra zachwyci\u0142a wszystkich swoimi potrawami. W &hellip; <\/p>\n<p class=\"link-more\"><a href=\"https:\/\/pstl.pl\/index.php\/turniej-pstl-bydgoszcz-2025\/\" class=\"more-link\">Czytaj dalej<span class=\"screen-reader-text\"> \u201eTurniej PSTL &#8211; Bydgoszcz 2025\u201d<\/span><\/a><\/p>\n","protected":false},"author":1,"featured_media":0,"parent":0,"menu_order":0,"comment_status":"closed","ping_status":"closed","template":"","meta":{"footnotes":""},"class_list":["post-2752","page","type-page","status-publish","hentry"],"_links":{"self":[{"href":"https:\/\/pstl.pl\/index.php\/wp-json\/wp\/v2\/pages\/2752","targetHints":{"allow":["GET"]}}],"collection":[{"href":"https:\/\/pstl.pl\/index.php\/wp-json\/wp\/v2\/pages"}],"about":[{"href":"https:\/\/pstl.pl\/index.php\/wp-json\/wp\/v2\/types\/page"}],"author":[{"embeddable":true,"href":"https:\/\/pstl.pl\/index.php\/wp-json\/wp\/v2\/users\/1"}],"replies":[{"embeddable":true,"href":"https:\/\/pstl.pl\/index.php\/wp-json\/wp\/v2\/comments?post=2752"}],"version-history":[{"count":2,"href":"https:\/\/pstl.pl\/index.php\/wp-json\/wp\/v2\/pages\/2752\/revisions"}],"predecessor-version":[{"id":2766,"href":"https:\/\/pstl.pl\/index.php\/wp-json\/wp\/v2\/pages\/2752\/revisions\/2766"}],"wp:attachment":[{"href":"https:\/\/pstl.pl\/index.php\/wp-json\/wp\/v2\/media?parent=2752"}],"curies":[{"name":"wp","href":"https:\/\/api.w.org\/{rel}","templated":true}]}}