{"id":2615,"date":"2024-11-22T23:20:10","date_gmt":"2024-11-22T23:20:10","guid":{"rendered":"https:\/\/pstl.pl\/?page_id=2615"},"modified":"2024-11-23T14:06:35","modified_gmt":"2024-11-23T14:06:35","slug":"xxv-halowe-mistrzostwa-polski-lekarzy-w-tenisie-giebultow-krakow-2024","status":"publish","type":"page","link":"https:\/\/pstl.pl\/index.php\/xxv-halowe-mistrzostwa-polski-lekarzy-w-tenisie-giebultow-krakow-2024\/","title":{"rendered":"XXV Halowe Mistrzostwa Polski Lekarzy w Tenisie &#8211; Giebu\u0142t\u00f3w (Krak\u00f3w) 2024"},"content":{"rendered":"\n<figure class=\"wp-block-image size-full\"><img loading=\"lazy\" decoding=\"async\" width=\"724\" height=\"1024\" src=\"https:\/\/pstl.pl\/wp-content\/uploads\/2024\/11\/image.png\" alt=\"\" class=\"wp-image-2616\" srcset=\"https:\/\/pstl.pl\/wp-content\/uploads\/2024\/11\/image.png 724w, https:\/\/pstl.pl\/wp-content\/uploads\/2024\/11\/image-212x300.png 212w\" sizes=\"auto, (max-width: 724px) 100vw, 724px\" \/><\/figure>\n\n\n\n<figure class=\"wp-block-image size-full\"><img loading=\"lazy\" decoding=\"async\" width=\"724\" height=\"1024\" src=\"https:\/\/pstl.pl\/wp-content\/uploads\/2024\/11\/image-1.png\" alt=\"\" class=\"wp-image-2617\" srcset=\"https:\/\/pstl.pl\/wp-content\/uploads\/2024\/11\/image-1.png 724w, https:\/\/pstl.pl\/wp-content\/uploads\/2024\/11\/image-1-212x300.png 212w\" sizes=\"auto, (max-width: 724px) 100vw, 724px\" \/><\/figure>\n\n\n\n<p><\/p>\n\n\n\n<p>Komunikat turniejowy -&gt; <a href=\"https:\/\/pstl.pl\/wp-content\/uploads\/2024\/11\/KOMUNIKAT-OIL-CUP-KRAKOW-3.pdf\" data-type=\"link\" data-id=\"https:\/\/pstl.pl\/wp-content\/uploads\/2024\/11\/KOMUNIKAT-OIL-CUP-KRAKOW-3.pdf\">TUTAJ<\/a><\/p>\n\n\n\n<p>Drabinki, grupy, wyniki -&gt; <a href=\"https:\/\/portal.pzt.pl\/TournamentDrawsheet.aspx?CategoryID=&amp;Male=&amp;TournamentID=B0FAC231-EFA1-4548-BB31-F043844BE38C\" data-type=\"link\" data-id=\"https:\/\/portal.pzt.pl\/TournamentDrawsheet.aspx?CategoryID=&amp;Male=&amp;TournamentID=B0FAC231-EFA1-4548-BB31-F043844BE38C\">TUTAJ<\/a><\/p>\n\n\n\n<p>Wyniki turnieju mikstowego -&gt; <a href=\"https:\/\/pstl.pl\/wp-content\/uploads\/2024\/11\/XXV-Halowe-MP-Lekarzy-miksty-1.xls\" data-type=\"link\" data-id=\"https:\/\/pstl.pl\/wp-content\/uploads\/2024\/11\/XXV-Halowe-MP-Lekarzy-miksty-1.xls\">TUTAJ<\/a><\/p>\n\n\n\n<p>ZDJ\u0118CIA:<\/p>\n\n\n\n<ul class=\"wp-block-list\">\n<li><a href=\"https:\/\/imgur.com\/gallery\/xxv-halowe-mistrzostwa-polski-lekarzy-w-tenisie-giebu-t-w-k-krakowa-fot-anna-g-rska-i-grzegorz-chajda-4CjWt9N\" data-type=\"link\" data-id=\"https:\/\/imgur.com\/gallery\/xxv-halowe-mistrzostwa-polski-lekarzy-w-tenisie-giebu-t-w-k-krakowa-fot-anna-g-rska-i-grzegorz-chajda-4CjWt9N\">fot. Anna G\u00f3rska i Grzegorz Chajda\u015b<\/a><\/li>\n\n\n\n<li><a href=\"https:\/\/imgur.com\/a\/xxv-halowe-mistrzostwa-polski-lekarzy-w-tenisie-giebu-t-w-2024-krak-w-fot-wojciech-latawiec-3cUlhPC\" data-type=\"link\" data-id=\"https:\/\/imgur.com\/a\/xxv-halowe-mistrzostwa-polski-lekarzy-w-tenisie-giebu-t-w-2024-krak-w-fot-wojciech-latawiec-3cUlhPC\">fot. Wojciech Latawiec<\/a><\/li>\n\n\n\n<li><a href=\"https:\/\/imgur.com\/gallery\/xxv-halowe-mistrzostwa-polski-lekarzy-w-tenisie-giebu-t-w-2024-krak-w-fot-anna-domejko-zRLBNMb\" data-type=\"link\" data-id=\"https:\/\/imgur.com\/gallery\/xxv-halowe-mistrzostwa-polski-lekarzy-w-tenisie-giebu-t-w-2024-krak-w-fot-anna-domejko-zRLBNMb\">fot. Anna Domejko<\/a><\/li>\n\n\n\n<li><a href=\"https:\/\/imgur.com\/gallery\/xxv-halowe-mistrzostwa-polski-lekarzy-w-tenisie-giebu-t-w-krak-w-2024-fot-anna-komar-IKfc5WG\" data-type=\"link\" data-id=\"https:\/\/imgur.com\/gallery\/xxv-halowe-mistrzostwa-polski-lekarzy-w-tenisie-giebu-t-w-krak-w-2024-fot-anna-komar-IKfc5WG\">fot. Anna Komar<\/a><\/li>\n\n\n\n<li><a href=\"https:\/\/imgur.com\/gallery\/xxv-halowe-mistrzostwa-polski-lekarzy-w-tenisie-giebu-t-w-2024-krak-w-zdj-cia-ze-zbior-w-w-asnych-tDRRtB4\" data-type=\"link\" data-id=\"https:\/\/imgur.com\/gallery\/xxv-halowe-mistrzostwa-polski-lekarzy-w-tenisie-giebu-t-w-2024-krak-w-zdj-cia-ze-zbior-w-w-asnych-tDRRtB4\">inne zdj\u0119cia<\/a><\/li>\n<\/ul>\n\n\n\n<p><\/p>\n\n\n\n<p><strong>MEDALI\u015aCI:<\/strong><\/p>\n\n\n\n<p><strong>Gra pojedyncza kobiet Open:<\/strong><\/p>\n\n\n\n<ol class=\"wp-block-list\">\n<li>Olesja Szpak<\/li>\n\n\n\n<li>Julia Lubomirska<\/li>\n\n\n\n<li>Maria Go\u0142da<\/li>\n\n\n\n<li>Kinga Janczukowicz<\/li>\n<\/ol>\n\n\n\n<p><strong>Gra pojedyncza kobiet 45+:<\/strong><\/p>\n\n\n\n<ol class=\"wp-block-list\">\n<li>Agnieszka Widziszewska<\/li>\n\n\n\n<li>Anna Komar<\/li>\n\n\n\n<li>Joanna Szafranek<\/li>\n\n\n\n<li>Edyta Dubiel<\/li>\n<\/ol>\n\n\n\n<p><strong>Gra pojedyncza kobiet 55+:<\/strong><\/p>\n\n\n\n<ol class=\"wp-block-list\">\n<li>Anna \u015aliwi\u0144ska<\/li>\n\n\n\n<li>Agata Biniewicz<\/li>\n\n\n\n<li>Dorota Grudzie\u0144<\/li>\n\n\n\n<li>Mariola K\u0105kol Kaczmarska<\/li>\n<\/ol>\n\n\n\n<p><strong>Gra pojedyncza kobiet 65+:<\/strong><\/p>\n\n\n\n<ol class=\"wp-block-list\">\n<li>Ma\u0142gorzata Pawelec Wojtalik<\/li>\n\n\n\n<li>Bo\u017cena K\u0119dzierska<\/li>\n\n\n\n<li>Bo\u017cena Klimczyk<\/li>\n<\/ol>\n\n\n\n<p><strong>Gra pojedyncza m\u0119\u017cczyzn Open:<\/strong><\/p>\n\n\n\n<ol class=\"wp-block-list\">\n<li>Marcin Pokrzywnicki<\/li>\n\n\n\n<li>Jacek Lipa<\/li>\n\n\n\n<li>Arkadiusz Staro\u0144<\/li>\n\n\n\n<li>Dominik Augustyn<\/li>\n<\/ol>\n\n\n\n<p><strong>Gra pojedyncza m\u0119\u017cczyzn 35+:<\/strong><\/p>\n\n\n\n<ol class=\"wp-block-list\">\n<li>Kamil Cyganiuk<\/li>\n\n\n\n<li>Rafa\u0142 Galik<\/li>\n\n\n\n<li>Mateusz Br\u00f3zda<\/li>\n\n\n\n<li>Artur Barlik<\/li>\n<\/ol>\n\n\n\n<p><strong>Gra pojedyncza m\u0119\u017cczyzn 45+:<\/strong><\/p>\n\n\n\n<ol class=\"wp-block-list\">\n<li>Marcin Krywiak<\/li>\n\n\n\n<li>Bogus\u0142aw Marinkovi\u0107<\/li>\n\n\n\n<li>Rados\u0142aw Janek<\/li>\n<\/ol>\n\n\n\n<p><strong>Gra pojedyncza m\u0119\u017cczyzn 50+:<\/strong><\/p>\n\n\n\n<ol class=\"wp-block-list\">\n<li>Artur Ferencz<\/li>\n\n\n\n<li>Robert Telega<\/li>\n\n\n\n<li>Dariusz Aksamit<\/li>\n\n\n\n<li>Marek Komar<\/li>\n<\/ol>\n\n\n\n<p><strong>Gra pojedyncza m\u0119\u017cczyzn 55+:<\/strong><\/p>\n\n\n\n<ol class=\"wp-block-list\">\n<li>Piotr Gomu\u0142a<\/li>\n\n\n\n<li>Robert Kowalczyk<\/li>\n\n\n\n<li>Marek Andrzejewski<\/li>\n\n\n\n<li>Pawe\u0142 \u0141ysikowski<\/li>\n<\/ol>\n\n\n\n<p><strong>Gra pojedyncza m\u0119\u017cczyzn 60+:<\/strong><\/p>\n\n\n\n<ol class=\"wp-block-list\">\n<li>Dariusz Gajecki<\/li>\n\n\n\n<li>Tomasz Maziak<\/li>\n\n\n\n<li>Mariusz Fundament<\/li>\n\n\n\n<li>Marek Pude\u0142ko<\/li>\n<\/ol>\n\n\n\n<p><strong>Gra pojedyncza m\u0119\u017cczyzn 65+:<\/strong><\/p>\n\n\n\n<ol class=\"wp-block-list\">\n<li>Jerzy Glabisz<\/li>\n\n\n\n<li>Andrzej Bachurski<\/li>\n\n\n\n<li>Andrzej Zygo<\/li>\n\n\n\n<li>Bogus\u0142aw Rataj<\/li>\n<\/ol>\n\n\n\n<p><strong>Gra pojedyncza m\u0119\u017cczyzn 70+:<\/strong><\/p>\n\n\n\n<ol class=\"wp-block-list\">\n<li>Zdzis\u0142aw Hrynkiewicz<\/li>\n\n\n\n<li>Jerzy Talarczyk<\/li>\n\n\n\n<li>Daniel Leo\u0144czyk<\/li>\n\n\n\n<li>Jerzy Sobel<\/li>\n<\/ol>\n\n\n\n<p><strong>Gra pojedyncza m\u0119\u017cczyzn 80+:<\/strong><\/p>\n\n\n\n<ol class=\"wp-block-list\">\n<li>Wojciech Pieczkowski<\/li>\n\n\n\n<li>J\u00f3zef Safian<\/li>\n\n\n\n<li>Andrzej Pozowski<\/li>\n<\/ol>\n\n\n\n<p><strong>Turniej pocieszenia kobiet:<\/strong><\/p>\n\n\n\n<ol class=\"wp-block-list\">\n<li>Agnieszka Marcinowska Kaliszczak<\/li>\n\n\n\n<li>Beata Bobrowska<\/li>\n\n\n\n<li>Agnieszka Rewera<\/li>\n\n\n\n<li>Alicja Wypych<\/li>\n<\/ol>\n\n\n\n<p><strong>Turniej pocieszenia m\u0119\u017cczyzn:<\/strong><\/p>\n\n\n\n<ol class=\"wp-block-list\">\n<li>Jakub Dudzik<\/li>\n\n\n\n<li>Wiktor Le\u015bniak<\/li>\n\n\n\n<li>Maciej Krekora<\/li>\n\n\n\n<li>Wojciech Str\u0119k<\/li>\n<\/ol>\n\n\n\n<p><strong>Gra podw\u00f3jna kobiet Open:<\/strong><\/p>\n\n\n\n<ol class=\"wp-block-list\">\n<li>Julia Lubomirska\/Olesja Szpak<\/li>\n\n\n\n<li>Kinga Janczukowicz\/Maria Go\u0142da<\/li>\n\n\n\n<li>Aldona Nalepa Marinkovi\u0107\/Ma\u0142gorzata Pietras Staszczyk<\/li>\n\n\n\n<li>Maja Draszczuk\/Agnieszka Jedlikowska<\/li>\n<\/ol>\n\n\n\n<p><strong>Gra podw\u00f3jna kobiet 45+:<\/strong><\/p>\n\n\n\n<ol class=\"wp-block-list\">\n<li>Anna Komar\/Joanna Szafranek<\/li>\n\n\n\n<li>Ma\u0142gorzata Frydrych\/Alicja Wypych<\/li>\n\n\n\n<li>Justyna Kubicka\/Dyl\u0105g\/Agnieszka Marcinowska\/Kaliszczak<\/li>\n\n\n\n<li>Edyta Dubiel\/Joanna Martyniuk<\/li>\n<\/ol>\n\n\n\n<p><strong>Gra podw\u00f3jna kobiet 55+:<\/strong><\/p>\n\n\n\n<ol class=\"wp-block-list\">\n<li>Dorota Grudzie\u0144\/Ma\u0142gorzata Pawelec Wojtalik<\/li>\n\n\n\n<li>Beata Za\u0142oga\/Bo\u017cena K\u0119dzierska<\/li>\n\n\n\n<li>Agata Biniewicz\/Anna \u015aliwi\u0144ska<\/li>\n\n\n\n<li>Mariola K\u0105kol-Kaczmarska\/Danuta Klimas<\/li>\n<\/ol>\n\n\n\n<p><strong>Gra podw\u00f3jna m\u0119\u017cczyzn Open:<\/strong><\/p>\n\n\n\n<ol class=\"wp-block-list\">\n<li>Marcin Krywiak\/Marcin Pokrzywnicki<\/li>\n\n\n\n<li>Dominik Augustyn\/Wojciech Str\u0119k<\/li>\n\n\n\n<li>Marek Andrzejewski\/Kamil Cyganiuk<\/li>\n\n\n\n<li>Rafa\u0142 Galik\/Bogus\u0142aw Marinkovi\u0107<\/li>\n<\/ol>\n\n\n\n<p><strong>Gra podw\u00f3jna m\u0119\u017cczyzn 45+:<\/strong><\/p>\n\n\n\n<ol class=\"wp-block-list\">\n<li>Marek Komar\/Robert Telega<\/li>\n\n\n\n<li>Rados\u0142aw Janek\/Cezary Sierant<\/li>\n\n\n\n<li>Dariusz Aksamit\/Pawe\u0142 Ko\u017ami\u0144ski<\/li>\n\n\n\n<li>Jakub Kornacki\/Marcin Marcinkowski<\/li>\n<\/ol>\n\n\n\n<p><strong>Gra podw\u00f3jna m\u0119\u017cczyzn 55+:<\/strong><\/p>\n\n\n\n<ol class=\"wp-block-list\">\n<li>Tomasz Maziak\/Piotr Gomu\u0142a<\/li>\n\n\n\n<li>Wies\u0142aw Baba\/Stanis\u0142aw Wo\u017aniak<\/li>\n\n\n\n<li>Lech Borkowski\/Przemys\u0142aw Klimas<\/li>\n\n\n\n<li>Dariusz Gajecki\/Robert Kowalczyk<\/li>\n<\/ol>\n\n\n\n<p><strong>Gra podw\u00f3jna m\u0119\u017cczyzn 65+:<\/strong><\/p>\n\n\n\n<ol class=\"wp-block-list\">\n<li>Daniel Leo\u0144czyk\/Ignacy Lubi\u0144ski<\/li>\n\n\n\n<li>Jerzy Talarczyk\/Stanis\u0142aw Misztal<\/li>\n\n\n\n<li>Zdzis\u0142aw Hrynkiewicz\/Jerzy Sobel<\/li>\n\n\n\n<li>Andrzej Bachurski\/Zygmunt Urbanowicz<\/li>\n<\/ol>\n\n\n\n<p><strong>Mikst Open:<\/strong><\/p>\n\n\n\n<ol class=\"wp-block-list\">\n<li>Julia Lubomirska\/Marcin Pokrzywnicki<\/li>\n\n\n\n<li>Maria Go\u0142da\/Robert Telega<\/li>\n\n\n\n<li>Kinga Janczukowicz\/Mateusz Br\u00f3zda<\/li>\n\n\n\n<li>Beata Bobrowska\/Marcin Marcinkowski<\/li>\n<\/ol>\n\n\n\n<p><strong>Mikst 50+:<\/strong><\/p>\n\n\n\n<ol class=\"wp-block-list\">\n<li>Agnieszka Widziszewska\/Marcin Krywiak<\/li>\n\n\n\n<li>Joanna Szafranek\/Jakub Kornacki<\/li>\n\n\n\n<li>Mariola K\u0105kol-Kaczmarska\/Lech Borkowski<\/li>\n\n\n\n<li>Anna \u015aliwi\u0144ska\/Tomasz Maziak<\/li>\n<\/ol>\n","protected":false},"excerpt":{"rendered":"<p>Komunikat turniejowy -&gt; TUTAJ Drabinki, grupy, wyniki -&gt; TUTAJ Wyniki turnieju mikstowego -&gt; TUTAJ ZDJ\u0118CIA: MEDALI\u015aCI: Gra pojedyncza kobiet Open: Gra pojedyncza kobiet 45+: Gra pojedyncza kobiet 55+: Gra pojedyncza kobiet 65+: Gra pojedyncza m\u0119\u017cczyzn Open: Gra pojedyncza m\u0119\u017cczyzn 35+: Gra pojedyncza m\u0119\u017cczyzn 45+: Gra pojedyncza m\u0119\u017cczyzn 50+: Gra pojedyncza m\u0119\u017cczyzn 55+: Gra pojedyncza m\u0119\u017cczyzn &hellip; <\/p>\n<p class=\"link-more\"><a href=\"https:\/\/pstl.pl\/index.php\/xxv-halowe-mistrzostwa-polski-lekarzy-w-tenisie-giebultow-krakow-2024\/\" class=\"more-link\">Czytaj dalej<span class=\"screen-reader-text\"> \u201eXXV Halowe Mistrzostwa Polski Lekarzy w Tenisie &#8211; Giebu\u0142t\u00f3w (Krak\u00f3w) 2024\u201d<\/span><\/a><\/p>\n","protected":false},"author":1,"featured_media":0,"parent":0,"menu_order":0,"comment_status":"closed","ping_status":"closed","template":"","meta":{"footnotes":""},"class_list":["post-2615","page","type-page","status-publish","hentry"],"_links":{"self":[{"href":"https:\/\/pstl.pl\/index.php\/wp-json\/wp\/v2\/pages\/2615","targetHints":{"allow":["GET"]}}],"collection":[{"href":"https:\/\/pstl.pl\/index.php\/wp-json\/wp\/v2\/pages"}],"about":[{"href":"https:\/\/pstl.pl\/index.php\/wp-json\/wp\/v2\/types\/page"}],"author":[{"embeddable":true,"href":"https:\/\/pstl.pl\/index.php\/wp-json\/wp\/v2\/users\/1"}],"replies":[{"embeddable":true,"href":"https:\/\/pstl.pl\/index.php\/wp-json\/wp\/v2\/comments?post=2615"}],"version-history":[{"count":3,"href":"https:\/\/pstl.pl\/index.php\/wp-json\/wp\/v2\/pages\/2615\/revisions"}],"predecessor-version":[{"id":2639,"href":"https:\/\/pstl.pl\/index.php\/wp-json\/wp\/v2\/pages\/2615\/revisions\/2639"}],"wp:attachment":[{"href":"https:\/\/pstl.pl\/index.php\/wp-json\/wp\/v2\/media?parent=2615"}],"curies":[{"name":"wp","href":"https:\/\/api.w.org\/{rel}","templated":true}]}}