{"id":2487,"date":"2024-07-19T22:32:25","date_gmt":"2024-07-19T22:32:25","guid":{"rendered":"https:\/\/pstl.pl\/?page_id=2487"},"modified":"2024-07-20T20:34:49","modified_gmt":"2024-07-20T20:34:49","slug":"turniej-pstl-michalowek-2024","status":"publish","type":"page","link":"https:\/\/pstl.pl\/index.php\/turniej-pstl-michalowek-2024\/","title":{"rendered":"Turniej PSTL &#8211; Micha\u0142\u00f3wek 2024"},"content":{"rendered":"\n<p><strong>III Og\u00f3lnopolski Turniej Tenisowy Lekarzy na trawie ,,Medbledon\u201d 2024<\/strong><\/p>\n\n\n\n<p><strong>Micha\u0142\u00f3wek (k. \u0141owicza), nawierzchnia trawiasta<\/strong><\/p>\n\n\n\n<p><strong>12-14.07.2024 r.<\/strong><\/p>\n\n\n\n<p><strong>WYNIKI, DRABINKI, GRUPY -&gt;&nbsp;<a href=\"https:\/\/portal.pzt.pl\/TournamentResults.aspx?CategoryID=AIS&amp;TournamentID=3E4DBF04-3FB2-482A-99BD-147067A0E286\">TUTAJ<\/a><\/strong><\/p>\n\n\n\n<p><strong>Komunikat turniejowy -&gt;&nbsp;<a href=\"https:\/\/michalowek2016.pl\/iii-ogolnopolski-turniej-tenisowy-lekarzy-na-trawie-medbledon-2024\/\">TUTAJ<\/a><\/strong><\/p>\n\n\n\n<p><\/p>\n\n\n\n<p><strong>ZDJ\u0118CIA:<\/strong><\/p>\n\n\n\n<iframe loading=\"lazy\" src=\"https:\/\/www.facebook.com\/plugins\/post.php?href=https%3A%2F%2Fwww.facebook.com%2Ftoppzt%2Fposts%2Fpfbid023Af5LE9C6wMbqygJA6AReVoBRgRVBgXWWCewaewbSy5WC6AEP2VYwTTucaNa9WxHl&#038;show_text=true&#038;width=500\" width=\"500\" height=\"651\" style=\"border:none;overflow:hidden\" scrolling=\"no\" frameborder=\"0\" allowfullscreen=\"true\" allow=\"autoplay; clipboard-write; encrypted-media; picture-in-picture; web-share\"><\/iframe>\n\n\n\n<iframe loading=\"lazy\" src=\"https:\/\/www.facebook.com\/plugins\/post.php?href=https%3A%2F%2Fwww.facebook.com%2Ftoppzt%2Fposts%2Fpfbid02vUXKNiv1FFjP8oyKYJcwRSLTXp7H8bkpB3ZtFwV6CvcGRTTtLmxEYuFDG3DDKTPnl&#038;show_text=true&#038;width=500\" width=\"500\" height=\"670\" style=\"border:none;overflow:hidden\" scrolling=\"no\" frameborder=\"0\" allowfullscreen=\"true\" allow=\"autoplay; clipboard-write; encrypted-media; picture-in-picture; web-share\"><\/iframe>\n\n\n\n<p>Fot. Anna Komar:<\/p>\n\n\n\n<p><a href=\"https:\/\/imgur.com\/a\/uZgwHlr\" data-type=\"link\" data-id=\"https:\/\/imgur.com\/a\/uZgwHlr\">Cz\u0119\u015b\u0107 1<\/a><\/p>\n\n\n\n<p><a href=\"https:\/\/imgur.com\/a\/GJSRLtz\" data-type=\"link\" data-id=\"https:\/\/imgur.com\/a\/GJSRLtz\">Cz\u0119\u015b\u0107 2<\/a><\/p>\n\n\n\n<p><a href=\"https:\/\/imgur.com\/a\/JAcFmD6\" data-type=\"link\" data-id=\"https:\/\/imgur.com\/a\/JAcFmD6\">Cz\u0119\u015b\u0107 3<\/a><\/p>\n\n\n\n<p><a href=\"https:\/\/imgur.com\/a\/pq3uuqA\" data-type=\"link\" data-id=\"https:\/\/imgur.com\/a\/pq3uuqA\">Cz\u0119\u015b\u0107 4<\/a><\/p>\n\n\n\n<p><a href=\"https:\/\/imgur.com\/a\/xvXxIm7\" data-type=\"link\" data-id=\"https:\/\/imgur.com\/a\/xvXxIm7\">Cz\u0119\u015b\u0107 5<\/a><\/p>\n\n\n\n<p><a href=\"https:\/\/imgur.com\/a\/wgsEbrm\" data-type=\"link\" data-id=\"https:\/\/imgur.com\/a\/wgsEbrm\">Cz\u0119\u015b\u0107 6<\/a><\/p>\n\n\n\n<p><a href=\"https:\/\/imgur.com\/a\/W7xbKh7\" data-type=\"link\" data-id=\"https:\/\/imgur.com\/a\/W7xbKh7\">Cz\u0119\u015b\u0107 7<\/a><\/p>\n\n\n\n<p><a href=\"https:\/\/imgur.com\/a\/6Bl9gN6\" data-type=\"link\" data-id=\"https:\/\/imgur.com\/a\/6Bl9gN6\">Cz\u0119\u015b\u0107 8<\/a><\/p>\n\n\n\n<p><a href=\"https:\/\/imgur.com\/a\/Bsd9RWd\" data-type=\"link\" data-id=\"https:\/\/imgur.com\/a\/Bsd9RWd\">Cz\u0119\u015b\u0107 9<\/a><\/p>\n\n\n\n<p><\/p>\n\n\n\n<p><a href=\"https:\/\/lowicz24.eu\/artykul\/michalowek-iii-ogolnopolski-n1600176?fbclid=IwZXh0bgNhZW0CMTEAAR1WPIig8i42CK2nA1oZ4U0MkGpXwDMXyjQYuIGp_87BICt-Cv9iP-lFWiI_aem_0Wn6hkq5y_uGBCD721kQKA\" data-type=\"link\" data-id=\"https:\/\/lowicz24.eu\/artykul\/michalowek-iii-ogolnopolski-n1600176?fbclid=IwZXh0bgNhZW0CMTEAAR1WPIig8i42CK2nA1oZ4U0MkGpXwDMXyjQYuIGp_87BICt-Cv9iP-lFWiI_aem_0Wn6hkq5y_uGBCD721kQKA\">Inne zdj\u0119cia i video-wywiad z dyrektorem turnieju<\/a><\/p>\n\n\n\n\n","protected":false},"excerpt":{"rendered":"<p>III Og\u00f3lnopolski Turniej Tenisowy Lekarzy na trawie ,,Medbledon\u201d 2024 Micha\u0142\u00f3wek (k. \u0141owicza), nawierzchnia trawiasta 12-14.07.2024 r. WYNIKI, DRABINKI, GRUPY -&gt;&nbsp;TUTAJ Komunikat turniejowy -&gt;&nbsp;TUTAJ ZDJ\u0118CIA: Fot. Anna Komar: Cz\u0119\u015b\u0107 1 Cz\u0119\u015b\u0107 2 Cz\u0119\u015b\u0107 3 Cz\u0119\u015b\u0107 4 Cz\u0119\u015b\u0107 5 Cz\u0119\u015b\u0107 6 Cz\u0119\u015b\u0107 7 Cz\u0119\u015b\u0107 8 Cz\u0119\u015b\u0107 9 Inne zdj\u0119cia i video-wywiad z dyrektorem turnieju<\/p>\n","protected":false},"author":1,"featured_media":0,"parent":0,"menu_order":0,"comment_status":"closed","ping_status":"closed","template":"","meta":{"footnotes":""},"class_list":["post-2487","page","type-page","status-publish","hentry"],"_links":{"self":[{"href":"https:\/\/pstl.pl\/index.php\/wp-json\/wp\/v2\/pages\/2487","targetHints":{"allow":["GET"]}}],"collection":[{"href":"https:\/\/pstl.pl\/index.php\/wp-json\/wp\/v2\/pages"}],"about":[{"href":"https:\/\/pstl.pl\/index.php\/wp-json\/wp\/v2\/types\/page"}],"author":[{"embeddable":true,"href":"https:\/\/pstl.pl\/index.php\/wp-json\/wp\/v2\/users\/1"}],"replies":[{"embeddable":true,"href":"https:\/\/pstl.pl\/index.php\/wp-json\/wp\/v2\/comments?post=2487"}],"version-history":[{"count":4,"href":"https:\/\/pstl.pl\/index.php\/wp-json\/wp\/v2\/pages\/2487\/revisions"}],"predecessor-version":[{"id":2492,"href":"https:\/\/pstl.pl\/index.php\/wp-json\/wp\/v2\/pages\/2487\/revisions\/2492"}],"wp:attachment":[{"href":"https:\/\/pstl.pl\/index.php\/wp-json\/wp\/v2\/media?parent=2487"}],"curies":[{"name":"wp","href":"https:\/\/api.w.org\/{rel}","templated":true}]}}