{"id":246,"date":"2020-04-07T21:01:57","date_gmt":"2020-04-07T21:01:57","guid":{"rendered":"http:\/\/www.pstl.radwanskie.nstrefa.pl\/?page_id=246"},"modified":"2020-04-07T21:01:57","modified_gmt":"2020-04-07T21:01:57","slug":"viii-ogolnopolski-turniej-tenisowy-lekarzy-winobranie-2019-zielona-gora-13-15-09-2019-r","status":"publish","type":"page","link":"https:\/\/pstl.pl\/index.php\/viii-ogolnopolski-turniej-tenisowy-lekarzy-winobranie-2019-zielona-gora-13-15-09-2019-r\/","title":{"rendered":"VIII Og\u00f3lnopolski Turniej Tenisowy Lekarzy ,,Winobranie 2019&#8243; &#8211; Zielona G\u00f3ra 13-15.09.2019 r."},"content":{"rendered":"\n<p><strong>Komunikat turniejowy<\/strong>\u00a0->\u00a0<a href=\"http:\/\/www.pstl.radwanskie.nstrefa.pl\/wp-content\/uploads\/2020\/04\/ULOTKA-2-Tenis-Winobranie-2019.docx\" target=\"_blank\" rel=\"noreferrer noopener\">TUTAJ<\/a><\/p>\n\n\n\n<p><strong>Plakat turniejowy<\/strong>\u00a0->\u00a0<a href=\"http:\/\/www.pstl.radwanskie.nstrefa.pl\/wp-content\/uploads\/2020\/04\/ULOTKA-Tenis-Winobranie-2019_POPRAWA-sponsorIII.pdf\" target=\"_blank\" rel=\"noreferrer noopener\">TUTAJ<\/a><\/p>\n\n\n\n<p>74 lekarzy &#8211; pasjonat\u00f3w gry w tenisa przyby\u0142o do Zielonej G\u00f3ry w czasie \u015bwi\u0119ta Winobrania. W pi\u0119knej scenerii kort\u00f3w MOSiR i przy s\u0142onecznej pogodzie odby\u0142 si\u0119 ostatni w tym sezonie turniej na ,,m\u0105czce&#8221;. MVP zawod\u00f3w zostali Marcin Pokrzywnicki i Ma\u0142gorzata Pawelec &#8211; Wojtalik. W imieniu organizator\u00f3w i sponsor\u00f3w dzi\u0119kuj\u0119 za walk\u0119, rodzinn\u0105 atmosfer\u0119 i wspania\u0142\u0105 lekarsk\u0105 integracj\u0119. Do zobaczenia za rok!<\/p>\n\n\n\n<p class=\"has-text-align-right\">Autor relacji: Lech Borkowski<\/p>\n\n\n\n<p><\/p>\n\n\n\n<h2 class=\"wp-block-heading\"><strong>SKR\u00d3TOWE WYNIKI:<\/strong><\/h2>\n\n\n\n<p><strong>KOBIETY SINGIEL OPEN<\/strong><\/p>\n\n\n\n<p>1. Olesja Szpak<\/p>\n\n\n\n<p>2. Agata Wojciuk<\/p>\n\n\n\n<p>3. Kinga Janczukowicz<\/p>\n\n\n\n<p><strong>KOBIETY SINGIEL +45<\/strong><\/p>\n\n\n\n<p>1. Joanna Szafranek<\/p>\n\n\n\n<p>2. Anna Komar<\/p>\n\n\n\n<p>3. Iwona Zdanowicz, Zofia Chili\u0144ska<\/p>\n\n\n\n<p><strong>KOBIETY SINGIEL +55<\/strong><\/p>\n\n\n\n<p>1. Katarzyna Strok-Brzozowska<\/p>\n\n\n\n<p>2. Gra\u017cyna Martini-Kami\u0144ska<\/p>\n\n\n\n<p><strong>KOBIETY SINGIEL +60<\/strong><\/p>\n\n\n\n<p>1. Ma\u0142gorzata Pawelec-Wojtalik<\/p>\n\n\n\n<p>2. Bo\u017cena K\u0119dzierska<\/p>\n\n\n\n<p>3. Bo\u017cena Klimczyk<\/p>\n\n\n\n<p><strong>KOBIETY DEBEL OPEN<\/strong><\/p>\n\n\n\n<p>1. Agata Wojciuk\/Olesja Szpak<\/p>\n\n\n\n<p>2. Iwona Zdanowicz\/Anna Komar<\/p>\n\n\n\n<p>3. Joanna Szafranek\/Kinga Janczukowicz<\/p>\n\n\n\n<p><strong>KOBIETY DEBEL +45<\/strong><\/p>\n\n\n\n<p>1. Ma\u0142gorzata Pawelec-Wojtalik\/Bo\u017cena K\u0119dzierska<\/p>\n\n\n\n<p>2. Gra\u017cyna Martini-Kami\u0144ska\/Mariola K\u0105kol-Kaczmarska<\/p>\n\n\n\n<p>3. Joanna Maryniuk-Muratov\/Bo\u017cena Klimczyk<\/p>\n\n\n\n<p><strong>KOBIETY DEBEL +55<\/strong><\/p>\n\n\n\n<p>1. Ma\u0142gorzata Pawelec-Wojtalik\/Bo\u017cena K\u0119dzierska<\/p>\n\n\n\n<p><strong>M\u0118\u017bCZY\u0179NI SINGIEL OPEN<\/strong><\/p>\n\n\n\n<p>1. Marcin Pokrzywnicki<\/p>\n\n\n\n<p>2. Wiktor Savvides<\/p>\n\n\n\n<p>3. Konrad Pisk\u00f3rz, Dariusz Nosal<\/p>\n\n\n\n<p><strong>M\u0118\u017bCZY\u0179NI SINGIEL +35<\/strong><\/p>\n\n\n\n<p>1. Andrzej Jakubczyk<\/p>\n\n\n\n<p><strong>M\u0118\u017bCZY\u0179NI SINGIEL +45<\/strong><\/p>\n\n\n\n<p>1. Marcin Krywiak<\/p>\n\n\n\n<p>2. Robert Telega<\/p>\n\n\n\n<p>3. Marek Komar, Bartosz Ruszkowski<\/p>\n\n\n\n<p><strong>M\u0118\u017bCZY\u0179NI SINGIEL +50<\/strong><\/p>\n\n\n\n<p>1. Robert Kowalczyk<\/p>\n\n\n\n<p>2. Marek Andrzejewski<\/p>\n\n\n\n<p>3. Dariusz Terlecki, Lech Borkowski<\/p>\n\n\n\n<p><strong>M\u0118\u017bCZY\u0179NI SINGIEL +55<\/strong><\/p>\n\n\n\n<p>1. Artur Ferencz<\/p>\n\n\n\n<p>2. Grzegorz Przybylski<\/p>\n\n\n\n<p>3. Dariusz Gajecki, Wies\u0142aw B\u0105ba<\/p>\n\n\n\n<p><strong>M\u0118\u017bCZY\u0179NI SINGIEL +60<\/strong><\/p>\n\n\n\n<p>1. Tomasz Maziak<\/p>\n\n\n\n<p>2. Marek Pude\u0142ko<\/p>\n\n\n\n<p>3. Andrzej Bachurski, Andrzej Kiedrowski<\/p>\n\n\n\n<p><strong>M\u0118\u017bCZY\u0179NI SINGIEL +65<\/strong><\/p>\n\n\n\n<p>1. Daniel Leo\u0144czyk<\/p>\n\n\n\n<p>2. Kazimierz Bujak<\/p>\n\n\n\n<p>3. Jerzy Sobel<\/p>\n\n\n\n<p><strong>M\u0118\u017bCZY\u0179NI SINGIEL +70<\/strong><\/p>\n\n\n\n<p>1. Ryszard Koczorowski<\/p>\n\n\n\n<p>2. J\u00f3zef Szafranek<\/p>\n\n\n\n<p>3. Andrzej Galubi\u0144ski<\/p>\n\n\n\n<p><strong>M\u0118\u017bCZY\u0179NI SINGIEL +75<\/strong><\/p>\n\n\n\n<p>1. J\u00f3zef Safian<\/p>\n\n\n\n<p>2. Zbigniew Nanowski<\/p>\n\n\n\n<p>3. Bogdan Struk<\/p>\n\n\n\n<p><strong>M\u0118\u017bCZY\u0179NI SINGIEL +80<\/strong><\/p>\n\n\n\n<p>1. Stanis\u0142aw \u015awierad<\/p>\n\n\n\n<p><strong>M\u0118\u017bCZY\u0179NI DEBEL OPEN<\/strong><\/p>\n\n\n\n<p>1. Marcin Pokrzywnicki\/Wiktor Savvides<\/p>\n\n\n\n<p>2. Wojciech Pietrzak\/Marcin Krywiak<\/p>\n\n\n\n<p>3. Dariusz Nosal\/Konrad Pisk\u00f3rz<\/p>\n\n\n\n<p><strong>M\u0118\u017bCZY\u0179NI DEBEL +45<\/strong><\/p>\n\n\n\n<p>1. Robert Telega\/Robert Kowalczyk<\/p>\n\n\n\n<p>2. Lech Borkowski\/Artur Ferencz<\/p>\n\n\n\n<p>3. Marek Komar\/Dariusz Karo\u0144<\/p>\n\n\n\n<p><strong>M\u0118\u017bCZY\u0179NI DEBEL +55<\/strong><\/p>\n\n\n\n<p>1. Aleksander Skop\/Grzegorz Przybylski<\/p>\n\n\n\n<p>2. Dariusz Gajecki\/Piotr Wieczorkowski<\/p>\n\n\n\n<p>3. Tomasz Maziak\/Andrzej Bachurski, Kurasiewicz\/Kiedrowski<\/p>\n\n\n\n<p><strong>M\u0118\u017bCZY\u0179NI SINGIEL +65<\/strong><\/p>\n\n\n\n<p>1. Daniel Leo\u0144czyl\/Kazimierz Bujak<\/p>\n\n\n\n<p>2. Jerzy Sobel\/Kurasiewicz<\/p>\n\n\n\n<p><strong>M\u0118\u017bCZY\u0143NI DEBEL +75<\/strong><\/p>\n\n\n\n<p>1. J\u00f3zef Safian\/Bogdan Struk<\/p>\n\n\n\n<p>2. Zbigniew Nanowski\/Stanis\u0142aw \u015awierad<\/p>\n\n\n\n<p>3. Adam Onyszkiewicz\/Kadet Stemplewski<\/p>\n\n\n\n<p><strong>MIKST DO 100 LAT<\/strong><\/p>\n\n\n\n<p>1. Olesja Szpak\/Marcin Krywiak<\/p>\n\n\n\n<p>2. Zofia Krywiak\/Wojciech Pietrzak<\/p>\n\n\n\n<p><strong>MIKST POWY\u017bEJ 100 LAT<\/strong><\/p>\n\n\n\n<p>1. Ma\u0142gorzata Pawelec-Wojtaik\/Marek Kintzi<\/p>\n\n\n\n<p>2. Bo\u017cena K\u0119dzierska\/Dariusz Karo\u0144<\/p>\n\n\n\n<p>3. Mariola K\u0105kol-Kaczmarska\/Marek Komar<\/p>\n\n\n\n<p><strong>TURNIEJ POCIESZENIA M\u0118\u017bCZYZN<\/strong><\/p>\n\n\n\n<p>1. Aleksander Skop<\/p>\n\n\n\n<p>2. Piotr Wieczorkowski<\/p>\n\n\n\n<p><\/p>\n\n\n\n<h2 class=\"wp-block-heading\"><strong>PE\u0141NE WYNIKI, DRABINKI, GRUPY:<\/strong><\/h2>\n\n\n\n<div class=\"wp-block-file\"><a href=\"http:\/\/www.pstl.radwanskie.nstrefa.pl\/wp-content\/uploads\/2020\/04\/zg-2019-K-singiel-open.docx\">2019 K singiel open<\/a><a href=\"http:\/\/www.pstl.radwanskie.nstrefa.pl\/wp-content\/uploads\/2020\/04\/zg-2019-K-singiel-open.docx\" class=\"wp-block-file__button\" download>Pobierz<\/a><\/div>\n\n\n\n<div class=\"wp-block-file\"><a href=\"http:\/\/www.pstl.radwanskie.nstrefa.pl\/wp-content\/uploads\/2020\/04\/zg-2019-K-singiel-plus-45.xlsx\">2019 K singiel plus 45<\/a><a href=\"http:\/\/www.pstl.radwanskie.nstrefa.pl\/wp-content\/uploads\/2020\/04\/zg-2019-K-singiel-plus-45.xlsx\" class=\"wp-block-file__button\" download>Pobierz<\/a><\/div>\n\n\n\n<div class=\"wp-block-file\"><a href=\"http:\/\/www.pstl.radwanskie.nstrefa.pl\/wp-content\/uploads\/2020\/04\/zg-2019-K-singiel-plus-55.docx\">2019 K singiel plus 55<\/a><a href=\"http:\/\/www.pstl.radwanskie.nstrefa.pl\/wp-content\/uploads\/2020\/04\/zg-2019-K-singiel-plus-55.docx\" class=\"wp-block-file__button\" download>Pobierz<\/a><\/div>\n\n\n\n<div class=\"wp-block-file\"><a href=\"http:\/\/www.pstl.radwanskie.nstrefa.pl\/wp-content\/uploads\/2020\/04\/zg-2019-K-singiel-plus-60.docx\">2019 K singiel plus 60<\/a><a href=\"http:\/\/www.pstl.radwanskie.nstrefa.pl\/wp-content\/uploads\/2020\/04\/zg-2019-K-singiel-plus-60.docx\" class=\"wp-block-file__button\" download>Pobierz<\/a><\/div>\n\n\n\n<div class=\"wp-block-file\"><a href=\"http:\/\/www.pstl.radwanskie.nstrefa.pl\/wp-content\/uploads\/2020\/04\/zg-2019-K-debel-open.docx\">2019 K debel open<\/a><a href=\"http:\/\/www.pstl.radwanskie.nstrefa.pl\/wp-content\/uploads\/2020\/04\/zg-2019-K-debel-open.docx\" class=\"wp-block-file__button\" download>Pobierz<\/a><\/div>\n\n\n\n<div class=\"wp-block-file\"><a href=\"http:\/\/www.pstl.radwanskie.nstrefa.pl\/wp-content\/uploads\/2020\/04\/zg-2019-K-debel-plus-55.docx\">2019 K debel plus 55<\/a><a href=\"http:\/\/www.pstl.radwanskie.nstrefa.pl\/wp-content\/uploads\/2020\/04\/zg-2019-K-debel-plus-55.docx\" class=\"wp-block-file__button\" download>Pobierz<\/a><\/div>\n\n\n\n<div class=\"wp-block-file\"><a href=\"http:\/\/www.pstl.radwanskie.nstrefa.pl\/wp-content\/uploads\/2020\/04\/zg-2019-M-singiel-open-gr-A.docx\">2019 M singiel open gr A<\/a><a href=\"http:\/\/www.pstl.radwanskie.nstrefa.pl\/wp-content\/uploads\/2020\/04\/zg-2019-M-singiel-open-gr-A.docx\" class=\"wp-block-file__button\" download>Pobierz<\/a><\/div>\n\n\n\n<div class=\"wp-block-file\"><a href=\"http:\/\/www.pstl.radwanskie.nstrefa.pl\/wp-content\/uploads\/2020\/04\/zg-2019-M-singiel-open-gr-B.docx\">2019 M singiel open gr B<\/a><a href=\"http:\/\/www.pstl.radwanskie.nstrefa.pl\/wp-content\/uploads\/2020\/04\/zg-2019-M-singiel-open-gr-B.docx\" class=\"wp-block-file__button\" download>Pobierz<\/a><\/div>\n\n\n\n<div class=\"wp-block-file\"><a href=\"http:\/\/www.pstl.radwanskie.nstrefa.pl\/wp-content\/uploads\/2020\/04\/zg-2019-M-singiel-plus-35.docx\">2019 M singiel plus 35<\/a><a href=\"http:\/\/www.pstl.radwanskie.nstrefa.pl\/wp-content\/uploads\/2020\/04\/zg-2019-M-singiel-plus-35.docx\" class=\"wp-block-file__button\" download>Pobierz<\/a><\/div>\n\n\n\n<div class=\"wp-block-file\"><a href=\"http:\/\/www.pstl.radwanskie.nstrefa.pl\/wp-content\/uploads\/2020\/04\/zg-2019-M-singiel-plus-45.xlsx\">2019 M singiel plus 45<\/a><a href=\"http:\/\/www.pstl.radwanskie.nstrefa.pl\/wp-content\/uploads\/2020\/04\/zg-2019-M-singiel-plus-45.xlsx\" class=\"wp-block-file__button\" download>Pobierz<\/a><\/div>\n\n\n\n<div class=\"wp-block-file\"><a href=\"http:\/\/www.pstl.radwanskie.nstrefa.pl\/wp-content\/uploads\/2020\/04\/zg-2019-M-singiel-plus-50.xlsx\">2019 M singiel plus 50<\/a><a href=\"http:\/\/www.pstl.radwanskie.nstrefa.pl\/wp-content\/uploads\/2020\/04\/zg-2019-M-singiel-plus-50.xlsx\" class=\"wp-block-file__button\" download>Pobierz<\/a><\/div>\n\n\n\n<div class=\"wp-block-file\"><a href=\"http:\/\/www.pstl.radwanskie.nstrefa.pl\/wp-content\/uploads\/2020\/04\/zg-2019-M-singiel-plus-55.xlsx\">M singiel plus 55<\/a><a href=\"http:\/\/www.pstl.radwanskie.nstrefa.pl\/wp-content\/uploads\/2020\/04\/zg-2019-M-singiel-plus-55.xlsx\" class=\"wp-block-file__button\" download>Pobierz<\/a><\/div>\n\n\n\n<div class=\"wp-block-file\"><a href=\"http:\/\/www.pstl.radwanskie.nstrefa.pl\/wp-content\/uploads\/2020\/04\/zg-2019-M-singiel-plus-60.xlsx\">2019 M singiel plus 60<\/a><a href=\"http:\/\/www.pstl.radwanskie.nstrefa.pl\/wp-content\/uploads\/2020\/04\/zg-2019-M-singiel-plus-60.xlsx\" class=\"wp-block-file__button\" download>Pobierz<\/a><\/div>\n\n\n\n<div class=\"wp-block-file\"><a href=\"http:\/\/www.pstl.radwanskie.nstrefa.pl\/wp-content\/uploads\/2020\/04\/zg-2019-M-singiel-plus-65.xlsx\">2019 M singiel plus 65<\/a><a href=\"http:\/\/www.pstl.radwanskie.nstrefa.pl\/wp-content\/uploads\/2020\/04\/zg-2019-M-singiel-plus-65.xlsx\" class=\"wp-block-file__button\" download>Pobierz<\/a><\/div>\n\n\n\n<div class=\"wp-block-file\"><a href=\"http:\/\/www.pstl.radwanskie.nstrefa.pl\/wp-content\/uploads\/2020\/04\/zg-2019-M-singiel-plus-70.docx\">2019 M singiel plus 70<\/a><a href=\"http:\/\/www.pstl.radwanskie.nstrefa.pl\/wp-content\/uploads\/2020\/04\/zg-2019-M-singiel-plus-70.docx\" class=\"wp-block-file__button\" download>Pobierz<\/a><\/div>\n\n\n\n<div class=\"wp-block-file\"><a href=\"http:\/\/www.pstl.radwanskie.nstrefa.pl\/wp-content\/uploads\/2020\/04\/zg-2019-M-singiel-plus-75.docx\">2019 M singiel plus 75<\/a><a href=\"http:\/\/www.pstl.radwanskie.nstrefa.pl\/wp-content\/uploads\/2020\/04\/zg-2019-M-singiel-plus-75.docx\" class=\"wp-block-file__button\" download>Pobierz<\/a><\/div>\n\n\n\n<div class=\"wp-block-file\"><a href=\"http:\/\/www.pstl.radwanskie.nstrefa.pl\/wp-content\/uploads\/2020\/04\/zg-2019-M-singiel-plus-80.docx\">2019 M singiel plus 80<\/a><a href=\"http:\/\/www.pstl.radwanskie.nstrefa.pl\/wp-content\/uploads\/2020\/04\/zg-2019-M-singiel-plus-80.docx\" class=\"wp-block-file__button\" download>Pobierz<\/a><\/div>\n\n\n\n<div class=\"wp-block-file\"><a href=\"http:\/\/www.pstl.radwanskie.nstrefa.pl\/wp-content\/uploads\/2020\/04\/zg-2019-M-debel-open.docx\">2019 M debel open<\/a><a href=\"http:\/\/www.pstl.radwanskie.nstrefa.pl\/wp-content\/uploads\/2020\/04\/zg-2019-M-debel-open.docx\" class=\"wp-block-file__button\" download>Pobierz<\/a><\/div>\n\n\n\n<div class=\"wp-block-file\"><a href=\"http:\/\/www.pstl.radwanskie.nstrefa.pl\/wp-content\/uploads\/2020\/04\/zg-2019-M-debel-plus-45.docx\">2019 M debel plus 45<\/a><a href=\"http:\/\/www.pstl.radwanskie.nstrefa.pl\/wp-content\/uploads\/2020\/04\/zg-2019-M-debel-plus-45.docx\" class=\"wp-block-file__button\" download>Pobierz<\/a><\/div>\n\n\n\n<div class=\"wp-block-file\"><a href=\"http:\/\/www.pstl.radwanskie.nstrefa.pl\/wp-content\/uploads\/2020\/04\/zg-2019-M-debel-plus-55-gr-A.docx\">2019 M debel plus 55 gr A<\/a><a href=\"http:\/\/www.pstl.radwanskie.nstrefa.pl\/wp-content\/uploads\/2020\/04\/zg-2019-M-debel-plus-55-gr-A.docx\" class=\"wp-block-file__button\" download>Pobierz<\/a><\/div>\n\n\n\n<div class=\"wp-block-file\"><a href=\"http:\/\/www.pstl.radwanskie.nstrefa.pl\/wp-content\/uploads\/2020\/04\/zg-2019-M-debel-plus-55-gr-B.docx\">2019 M debel plus 55 gr B<\/a><a href=\"http:\/\/www.pstl.radwanskie.nstrefa.pl\/wp-content\/uploads\/2020\/04\/zg-2019-M-debel-plus-55-gr-B.docx\" class=\"wp-block-file__button\" download>Pobierz<\/a><\/div>\n\n\n\n<div class=\"wp-block-file\"><a href=\"http:\/\/www.pstl.radwanskie.nstrefa.pl\/wp-content\/uploads\/2020\/04\/zg-2019-M-debel-plus-65.docx\">2019 M debel plus 65<\/a><a href=\"http:\/\/www.pstl.radwanskie.nstrefa.pl\/wp-content\/uploads\/2020\/04\/zg-2019-M-debel-plus-65.docx\" class=\"wp-block-file__button\" download>Pobierz<\/a><\/div>\n\n\n\n<div class=\"wp-block-file\"><a href=\"http:\/\/www.pstl.radwanskie.nstrefa.pl\/wp-content\/uploads\/2020\/04\/zg-2019-M-Debel-plus-75.docx\">2019 M Debel plus 75<\/a><a href=\"http:\/\/www.pstl.radwanskie.nstrefa.pl\/wp-content\/uploads\/2020\/04\/zg-2019-M-Debel-plus-75.docx\" class=\"wp-block-file__button\" download>Pobierz<\/a><\/div>\n\n\n\n<div class=\"wp-block-file\"><a href=\"http:\/\/www.pstl.radwanskie.nstrefa.pl\/wp-content\/uploads\/2020\/04\/zg-2019-M-pocieszenie.xlsx\">2019 M pocieszenie<\/a><a href=\"http:\/\/www.pstl.radwanskie.nstrefa.pl\/wp-content\/uploads\/2020\/04\/zg-2019-M-pocieszenie.xlsx\" class=\"wp-block-file__button\" download>Pobierz<\/a><\/div>\n\n\n\n<div class=\"wp-block-file\"><a href=\"http:\/\/www.pstl.radwanskie.nstrefa.pl\/wp-content\/uploads\/2020\/04\/zg-2019-Mixt-do-100-lat.docx\">2019 Mixt do 100 lat<\/a><a href=\"http:\/\/www.pstl.radwanskie.nstrefa.pl\/wp-content\/uploads\/2020\/04\/zg-2019-Mixt-do-100-lat.docx\" class=\"wp-block-file__button\" download>Pobierz<\/a><\/div>\n\n\n\n<div class=\"wp-block-file\"><a href=\"http:\/\/www.pstl.radwanskie.nstrefa.pl\/wp-content\/uploads\/2020\/04\/zg-2019-Mixt-powy\u017cej-100-lat.xlsx\">2019 Mixt powy\u017cej 100 lat<\/a><a href=\"http:\/\/www.pstl.radwanskie.nstrefa.pl\/wp-content\/uploads\/2020\/04\/zg-2019-Mixt-powy\u017cej-100-lat.xlsx\" class=\"wp-block-file__button\" download>Pobierz<\/a><\/div>\n\n\n\n<p><\/p>\n\n\n\n<h2 class=\"wp-block-heading\"><strong>ZDJ\u0118CIA<\/strong>\u00a0->\u00a0<a rel=\"noreferrer noopener\" href=\"https:\/\/imgur.com\/a\/vUDtUXl\" target=\"_blank\">TUTAJ<\/a><\/h2>\n","protected":false},"excerpt":{"rendered":"<p>Komunikat turniejowy\u00a0->\u00a0TUTAJ Plakat turniejowy\u00a0->\u00a0TUTAJ 74 lekarzy &#8211; pasjonat\u00f3w gry w tenisa przyby\u0142o do Zielonej G\u00f3ry w czasie \u015bwi\u0119ta Winobrania. W pi\u0119knej scenerii kort\u00f3w MOSiR i przy s\u0142onecznej pogodzie odby\u0142 si\u0119 ostatni w tym sezonie turniej na ,,m\u0105czce&#8221;. MVP zawod\u00f3w zostali Marcin Pokrzywnicki i Ma\u0142gorzata Pawelec &#8211; Wojtalik. W imieniu organizator\u00f3w i sponsor\u00f3w dzi\u0119kuj\u0119 za walk\u0119, &hellip; <\/p>\n<p class=\"link-more\"><a href=\"https:\/\/pstl.pl\/index.php\/viii-ogolnopolski-turniej-tenisowy-lekarzy-winobranie-2019-zielona-gora-13-15-09-2019-r\/\" class=\"more-link\">Czytaj dalej<span class=\"screen-reader-text\"> \u201eVIII Og\u00f3lnopolski Turniej Tenisowy Lekarzy ,,Winobranie 2019&#8243; &#8211; Zielona G\u00f3ra 13-15.09.2019 r.\u201d<\/span><\/a><\/p>\n","protected":false},"author":1,"featured_media":0,"parent":0,"menu_order":0,"comment_status":"closed","ping_status":"closed","template":"","meta":{"footnotes":""},"class_list":["post-246","page","type-page","status-publish","hentry"],"_links":{"self":[{"href":"https:\/\/pstl.pl\/index.php\/wp-json\/wp\/v2\/pages\/246","targetHints":{"allow":["GET"]}}],"collection":[{"href":"https:\/\/pstl.pl\/index.php\/wp-json\/wp\/v2\/pages"}],"about":[{"href":"https:\/\/pstl.pl\/index.php\/wp-json\/wp\/v2\/types\/page"}],"author":[{"embeddable":true,"href":"https:\/\/pstl.pl\/index.php\/wp-json\/wp\/v2\/users\/1"}],"replies":[{"embeddable":true,"href":"https:\/\/pstl.pl\/index.php\/wp-json\/wp\/v2\/comments?post=246"}],"version-history":[{"count":1,"href":"https:\/\/pstl.pl\/index.php\/wp-json\/wp\/v2\/pages\/246\/revisions"}],"predecessor-version":[{"id":281,"href":"https:\/\/pstl.pl\/index.php\/wp-json\/wp\/v2\/pages\/246\/revisions\/281"}],"wp:attachment":[{"href":"https:\/\/pstl.pl\/index.php\/wp-json\/wp\/v2\/media?parent=246"}],"curies":[{"name":"wp","href":"https:\/\/api.w.org\/{rel}","templated":true}]}}