{"id":2404,"date":"2024-05-25T22:09:32","date_gmt":"2024-05-25T22:09:32","guid":{"rendered":"https:\/\/pstl.pl\/?page_id=2404"},"modified":"2024-05-29T21:09:01","modified_gmt":"2024-05-29T21:09:01","slug":"xxi-ogolnopolski-turniej-tenisowy-lekarzy","status":"publish","type":"page","link":"https:\/\/pstl.pl\/index.php\/xxi-ogolnopolski-turniej-tenisowy-lekarzy\/","title":{"rendered":"XXI Og\u00f3lnopolski Turniej Tenisowy Lekarzy"},"content":{"rendered":"\n<p><\/p>\n\n\n\n<p><strong>Cz\u0119stochowa (Korty Tenisowe W\u0142odary, m\u0105czka)<\/strong><\/p>\n\n\n\n<p><strong>17-19.05.2024 r. (pi\u0105tek-niedziela)<\/strong><\/p>\n\n\n\n<p><a href=\"http:\/\/portal.pzt.pl\/TournamentResults.aspx?CategoryID=AIS&amp;TournamentID=853FAEE5-4EAD-4CE6-AADD-3F39B2353B13\"><strong>Wyniki &#8211; drabinki, grupy<\/strong><\/a><\/p>\n\n\n\n<p><a href=\"https:\/\/pstl.pl\/wp-content\/uploads\/2024\/04\/komunikat-turniejowy-czestochowa.pdf\" target=\"_blank\" rel=\"noreferrer noopener\"><strong>Komunikat turniejowy<\/strong><\/a><\/p>\n\n\n\n<p><a href=\"https:\/\/imgur.com\/a\/lPdGDGH\" data-type=\"link\" data-id=\"https:\/\/imgur.com\/a\/lPdGDGH\"><strong>Zdj\u0119cia<\/strong><\/a><\/p>\n","protected":false},"excerpt":{"rendered":"<p>Cz\u0119stochowa (Korty Tenisowe W\u0142odary, m\u0105czka) 17-19.05.2024 r. (pi\u0105tek-niedziela) Wyniki &#8211; drabinki, grupy Komunikat turniejowy Zdj\u0119cia<\/p>\n","protected":false},"author":1,"featured_media":0,"parent":0,"menu_order":0,"comment_status":"closed","ping_status":"closed","template":"","meta":{"footnotes":""},"class_list":["post-2404","page","type-page","status-publish","hentry"],"_links":{"self":[{"href":"https:\/\/pstl.pl\/index.php\/wp-json\/wp\/v2\/pages\/2404","targetHints":{"allow":["GET"]}}],"collection":[{"href":"https:\/\/pstl.pl\/index.php\/wp-json\/wp\/v2\/pages"}],"about":[{"href":"https:\/\/pstl.pl\/index.php\/wp-json\/wp\/v2\/types\/page"}],"author":[{"embeddable":true,"href":"https:\/\/pstl.pl\/index.php\/wp-json\/wp\/v2\/users\/1"}],"replies":[{"embeddable":true,"href":"https:\/\/pstl.pl\/index.php\/wp-json\/wp\/v2\/comments?post=2404"}],"version-history":[{"count":2,"href":"https:\/\/pstl.pl\/index.php\/wp-json\/wp\/v2\/pages\/2404\/revisions"}],"predecessor-version":[{"id":2410,"href":"https:\/\/pstl.pl\/index.php\/wp-json\/wp\/v2\/pages\/2404\/revisions\/2410"}],"wp:attachment":[{"href":"https:\/\/pstl.pl\/index.php\/wp-json\/wp\/v2\/media?parent=2404"}],"curies":[{"name":"wp","href":"https:\/\/api.w.org\/{rel}","templated":true}]}}