{"id":2286,"date":"2023-11-16T14:35:53","date_gmt":"2023-11-16T14:35:53","guid":{"rendered":"https:\/\/pstl.pl\/?page_id=2286"},"modified":"2023-11-24T02:19:45","modified_gmt":"2023-11-24T02:19:45","slug":"ogolnopolski-turniej-tenisowy-lekarzy-wroclaw-2023","status":"publish","type":"page","link":"https:\/\/pstl.pl\/index.php\/ogolnopolski-turniej-tenisowy-lekarzy-wroclaw-2023\/","title":{"rendered":"Og\u00f3lnopolski Turniej Tenisowy Lekarzy &#8211; Wroc\u0142aw 2023"},"content":{"rendered":"\n<p><strong>Wroc\u0142aw \u2013 \u015al\u0119za (Match Point, nawierzchnia twarda hala)<\/strong><\/p>\n\n\n\n<p><strong>10-12.11.2023 r. (pi\u0105tek-niedziela)<\/strong><\/p>\n\n\n\n<p> <a rel=\"noreferrer noopener\" href=\"https:\/\/pstl.pl\/wp-content\/uploads\/2023\/10\/komunikat-turniejowy-Wroclaw-2023.pdf\" target=\"_blank\">KOMUNIKAT TURNIEJOWY<\/a> <\/p>\n\n\n\n<p><a rel=\"noreferrer noopener\" href=\"https:\/\/portal.pzt.pl\/TournamentDrawsheet.aspx?CategoryID=AIS&amp;Male=&amp;TournamentID=2A4C2EA0-9AE4-461E-BFB0-4482098E9E14\" target=\"_blank\"><strong>Wyniki &#8211; drabinki, grupy<\/strong><\/a><\/p>\n\n\n\n<p><strong>Zdj\u0119cia<\/strong> -> <a rel=\"noreferrer noopener\" href=\"https:\/\/imgur.com\/a\/ChTHKSw\" data-type=\"URL\" data-id=\"https:\/\/imgur.com\/a\/ChTHKSw\" target=\"_blank\">cz\u0119\u015b\u0107 1<\/a>, <a href=\"https:\/\/imgur.com\/gallery\/3to2d6w\" data-type=\"URL\" data-id=\"https:\/\/imgur.com\/gallery\/3to2d6w\" target=\"_blank\" rel=\"noreferrer noopener\">cz\u0119\u015b\u0107 2<\/a><\/p>\n","protected":false},"excerpt":{"rendered":"<p>Wroc\u0142aw \u2013 \u015al\u0119za (Match Point, nawierzchnia twarda hala) 10-12.11.2023 r. (pi\u0105tek-niedziela) KOMUNIKAT TURNIEJOWY Wyniki &#8211; drabinki, grupy Zdj\u0119cia -> cz\u0119\u015b\u0107 1, cz\u0119\u015b\u0107 2<\/p>\n","protected":false},"author":1,"featured_media":0,"parent":0,"menu_order":0,"comment_status":"closed","ping_status":"closed","template":"","meta":{"footnotes":""},"class_list":["post-2286","page","type-page","status-publish","hentry"],"_links":{"self":[{"href":"https:\/\/pstl.pl\/index.php\/wp-json\/wp\/v2\/pages\/2286","targetHints":{"allow":["GET"]}}],"collection":[{"href":"https:\/\/pstl.pl\/index.php\/wp-json\/wp\/v2\/pages"}],"about":[{"href":"https:\/\/pstl.pl\/index.php\/wp-json\/wp\/v2\/types\/page"}],"author":[{"embeddable":true,"href":"https:\/\/pstl.pl\/index.php\/wp-json\/wp\/v2\/users\/1"}],"replies":[{"embeddable":true,"href":"https:\/\/pstl.pl\/index.php\/wp-json\/wp\/v2\/comments?post=2286"}],"version-history":[{"count":2,"href":"https:\/\/pstl.pl\/index.php\/wp-json\/wp\/v2\/pages\/2286\/revisions"}],"predecessor-version":[{"id":2304,"href":"https:\/\/pstl.pl\/index.php\/wp-json\/wp\/v2\/pages\/2286\/revisions\/2304"}],"wp:attachment":[{"href":"https:\/\/pstl.pl\/index.php\/wp-json\/wp\/v2\/media?parent=2286"}],"curies":[{"name":"wp","href":"https:\/\/api.w.org\/{rel}","templated":true}]}}