{"id":2138,"date":"2023-07-30T19:26:10","date_gmt":"2023-07-30T19:26:10","guid":{"rendered":"https:\/\/pstl.pl\/?page_id=2138"},"modified":"2023-07-31T10:15:24","modified_gmt":"2023-07-31T10:15:24","slug":"52-mistrzostwa-swiata-lekarzy-w-tenisie-wmts-2023-lotwa-jurmala","status":"publish","type":"page","link":"https:\/\/pstl.pl\/index.php\/52-mistrzostwa-swiata-lekarzy-w-tenisie-wmts-2023-lotwa-jurmala\/","title":{"rendered":"52. Mistrzostwa \u015awiata Lekarzy w Tenisie WMTS 2023 &#8211; \u0141otwa (Jurmala)"},"content":{"rendered":"\n<p>W dniach 22-28.07.2023 pod egid\u0105 WMTS w Jurmali na \u0141otwie odby\u0142y si\u0119 52. Mistrzostwa \u015awiata Lekarzy w Tenisie. Polacy wywalczyli \u0142\u0105cznie 57 medali. Za rok gospodarzem M\u015a b\u0119d\u0105 W\u0119gry (Budapeszt). Poni\u017cej zdobycze medalowe lekarzy w Polski. Klasyfikacja nie uwzgl\u0119dnia medali z turniej\u00f3w pocieszenia.<\/p>\n\n\n\n<p><\/p>\n\n\n\n<p><strong>Micha\u0142 Dyrda<\/strong><\/p>\n\n\n\n<ul class=\"wp-block-list\"><li>br\u0105z w singlu w kategorii open<\/li><li>br\u0105z w deblu w kategorii open<\/li><li>br\u0105z w Pucharze Narod\u00f3w<\/li><\/ul>\n\n\n\n<p><strong>Kinga Janczukowicz<\/strong><\/p>\n\n\n\n<ul class=\"wp-block-list\"><li>srebro w deblu w kategorii open<\/li><li>br\u0105z w mik\u015bcie w kategorii open<\/li><\/ul>\n\n\n\n<p><strong>Olesja Szpak<\/strong><\/p>\n\n\n\n<ul class=\"wp-block-list\"><li>srebro w deblu w kategorii open<\/li><li>z\u0142oto w mik\u015bcie w kategorii open<\/li><li>srebro w singlu w kategorii open<\/li><li>br\u0105z w Pucharze Narod\u00f3w<\/li><\/ul>\n\n\n\n<p><strong>Marcin Pokrzywnicki<\/strong><\/p>\n\n\n\n<ul class=\"wp-block-list\"><li>br\u0105z w mik\u015bcie w kategorii open<\/li><li>br\u0105z w Pucharze Narod\u00f3w<\/li><\/ul>\n\n\n\n<p><strong>Wiktor Savvides<\/strong><\/p>\n\n\n\n<ul class=\"wp-block-list\"><li>br\u0105z w singlu w kategorii open<\/li><\/ul>\n\n\n\n<p><strong>Agata Cie\u015blikowska<\/strong><\/p>\n\n\n\n<ul class=\"wp-block-list\"><li>srebro w deblu w kategorii +40<\/li><li>br\u0105z w mik\u015bcie w kategorii +40<\/li><li>br\u0105z w singlu w kategorii +40<\/li><\/ul>\n\n\n\n<p><strong>Jakub Kornacki<\/strong><\/p>\n\n\n\n<ul class=\"wp-block-list\"><li>br\u0105z w singlu w kategorii +50<\/li><\/ul>\n\n\n\n<p><strong>Grzegorz Szel\u0105gowicz<\/strong><\/p>\n\n\n\n<ul class=\"wp-block-list\"><li>srebro w deblu w kategorii +50<\/li><li>br\u0105z w Pucharze Narod\u00f3w<\/li><\/ul>\n\n\n\n<p><strong>Robert Kowalczyk<\/strong><\/p>\n\n\n\n<ul class=\"wp-block-list\"><li>br\u0105z w deblu w kategorii +50<\/li><li>br\u0105z w mik\u015bcie w kategorii +55<\/li><li>br\u0105z w Pucharze Narod\u00f3w<\/li><\/ul>\n\n\n\n<p><strong>Robert Telega<\/strong><\/p>\n\n\n\n<ul class=\"wp-block-list\"><li>br\u0105z w deblu w kategorii +50<\/li><\/ul>\n\n\n\n<p><strong>Joanna Szafranek<\/strong><\/p>\n\n\n\n<ul class=\"wp-block-list\"><li>br\u0105z w deblu w kategorii +50<\/li><li>br\u0105z w singlu w kategorii +50<\/li><li>br\u0105z w Pucharze Narod\u00f3w<\/li><\/ul>\n\n\n\n<p><strong>Joanna Ga\u0142uszka-Garnuszek<\/strong><\/p>\n\n\n\n<ul class=\"wp-block-list\"><li>br\u0105z w deblu w kategorii +50<\/li><\/ul>\n\n\n\n<p><strong>Artur Ferencz<\/strong><\/p>\n\n\n\n<ul class=\"wp-block-list\"><li>srebro w singlu w kategorii +60<\/li><li>srebro w deblu w kategorii +60<\/li><li>srebro w mik\u015bcie w kategorii +60<\/li><li>br\u0105z w Pucharze Narod\u00f3w<\/li><\/ul>\n\n\n\n<p><strong>Wojciech Pietrzak<\/strong><\/p>\n\n\n\n<ul class=\"wp-block-list\"><li>br\u0105z w singlu w kategorii +60<\/li><li>srebro w deblu w kategorii +60<\/li><li>br\u0105z w Pucharze Narod\u00f3w<\/li><\/ul>\n\n\n\n<p><strong>Tomasz Maziak<\/strong><\/p>\n\n\n\n<ul class=\"wp-block-list\"><li>br\u0105z w singlu w kategorii +65<\/li><li>br\u0105z w mik\u015bcie w kategorii +40<\/li><\/ul>\n\n\n\n<p><strong>Gra\u017cyna Martini-Kami\u0144ska<\/strong><\/p>\n\n\n\n<ul class=\"wp-block-list\"><li>br\u0105z w mik\u015bcie w kategorii +55<\/li><li>br\u0105z w Pucharze Narod\u00f3w<\/li><\/ul>\n\n\n\n<p><strong>Bo\u017cena Klimczyk<\/strong><\/p>\n\n\n\n<ul class=\"wp-block-list\"><li>br\u0105z w singlu w kategorii +65<\/li><li>srebro w deblu w kategorii +65<\/li><li>br\u0105z w mik\u015bcie w kategorii +65<\/li><\/ul>\n\n\n\n<p><strong>Bogus\u0142aw Rataj<\/strong><\/p>\n\n\n\n<ul class=\"wp-block-list\"><li>srebro w deblu w kategorii +65<\/li><\/ul>\n\n\n\n<p><strong>Ma\u0142gorzata Pawelec-Wojtalik<\/strong><\/p>\n\n\n\n<ul class=\"wp-block-list\"><li>z\u0142oto w deblu w kategorii +65<\/li><li>srebro w singlu w kategorii +70<\/li><\/ul>\n\n\n\n<p><strong>Bo\u017cena K\u0119dzierska<\/strong><\/p>\n\n\n\n<ul class=\"wp-block-list\"><li>srebro w deblu w kategorii +65<\/li><li>srebro w mik\u015bcie w kategorii +60<\/li><li>z\u0142oto w singlu w kategorii +70<\/li><li>br\u0105z w Pucharze Narod\u00f3w<\/li><\/ul>\n\n\n\n<p><strong>Ryszard Koczorowski<\/strong><\/p>\n\n\n\n<ul class=\"wp-block-list\"><li>br\u0105z w singlu w kategorii +75<\/li><li>br\u0105z w deblu w kategorii +75<\/li><\/ul>\n\n\n\n<p><strong>J\u00f3zef Safian<\/strong><\/p>\n\n\n\n<ul class=\"wp-block-list\"><li>br\u0105z w singlu w kategorii +80<\/li><li>br\u0105z w deblu w kategorii +80<\/li><\/ul>\n\n\n\n<p><strong>Bogdan Solarski<\/strong><\/p>\n\n\n\n<ul class=\"wp-block-list\"><li>br\u0105z w singlu w kategorii +80<\/li><li>br\u0105z w deblu w kategorii +80<\/li><\/ul>\n\n\n\n<p><strong>Daniel Leo\u0144czyk<\/strong><\/p>\n\n\n\n<ul class=\"wp-block-list\"><li>br\u0105z w deblu w kategorii +70<\/li><\/ul>\n\n\n\n<p><strong>Ignacy Lubi\u0144ski<\/strong><\/p>\n\n\n\n<ul class=\"wp-block-list\"><li>br\u0105z w deblu w kategorii +70<\/li><\/ul>\n\n\n\n<p><strong>Rozalia Szafranek<\/strong><\/p>\n\n\n\n<ul class=\"wp-block-list\"><li>br\u0105z w mik\u015bcie w kategorii +70<\/li><\/ul>\n\n\n\n<p><strong>J\u00f3zef Szafranek<\/strong><\/p>\n\n\n\n<ul class=\"wp-block-list\"><li>br\u0105z w mik\u015bcie w kategorii +70<\/li><\/ul>\n\n\n\n<p><strong>Puchar Narod\u00f3w m\u0119\u017cczy\u017ani &#8211; br\u0105z<\/strong> (sk\u0142ad: Marcin Pokrzywnicki, Micha\u0142 Dyrda, Robert Kowalczyk, Artur Ferencz, Wojciech Pietrzak, Grzegorz Szel\u0105gowicz)<br><strong>Puchar Narod\u00f3w kobiety &#8211; br\u0105z<\/strong> (sk\u0142ad: Olesja Szpak, Bo\u017cena K\u0119dzierska, Gra\u017cyna Martini-Kami\u0144ska, Joanna Szafranek)<\/p>\n\n\n\n<p><\/p>\n\n\n\n<p><strong>DRABINKI, GRUPY, WYNIKI <\/strong>-&gt; <a href=\"https:\/\/www.tournamentsoftware.com\/tournament\/10E991D5-0D4B-4F3C-BC03-D173CBE21A54\" data-type=\"URL\" data-id=\"https:\/\/www.tournamentsoftware.com\/tournament\/10E991D5-0D4B-4F3C-BC03-D173CBE21A54\" target=\"_blank\" rel=\"noreferrer noopener\">TUTAJ<\/a><\/p>\n\n\n\n<p><strong>ZDJ\u0118CIA<\/strong> <strong>UCZESTNIK\u00d3W<\/strong> -&gt; <a href=\"https:\/\/imgur.com\/a\/sQIvmuV\" data-type=\"URL\" data-id=\"https:\/\/imgur.com\/a\/sQIvmuV\" target=\"_blank\" rel=\"noreferrer noopener\">TUTAJ<\/a><\/p>\n\n\n\n<p> <strong>ZDJ\u0118CIA OFICJALNE TURNIEJOWE<\/strong> -&gt; <a rel=\"noreferrer noopener\" href=\"https:\/\/failiem.lv\/u\/g2nu7dm5e\" data-type=\"URL\" data-id=\"https:\/\/failiem.lv\/u\/g2nu7dm5e\" target=\"_blank\">CZ\u0118\u015a\u0106 1<\/a>, <a rel=\"noreferrer noopener\" href=\"https:\/\/failiem.lv\/u\/jqedpnw7x\" data-type=\"URL\" data-id=\"https:\/\/failiem.lv\/u\/jqedpnw7x\" target=\"_blank\">CZ\u0118\u015a\u0106 2<\/a>, <a rel=\"noreferrer noopener\" href=\"https:\/\/failiem.lv\/u\/m5dapeg2z\" data-type=\"URL\" data-id=\"https:\/\/failiem.lv\/u\/m5dapeg2z\" target=\"_blank\">CZ\u0118\u015a\u0106 3<\/a>,  <a rel=\"noreferrer noopener\" href=\"https:\/\/failiem.lv\/u\/n4spx4nab\" data-type=\"URL\" data-id=\"https:\/\/failiem.lv\/u\/n4spx4nab\" target=\"_blank\">CZ\u0118\u015a\u0106 4<\/a>, <a rel=\"noreferrer noopener\" href=\"https:\/\/failiem.lv\/u\/33uswhaqp\" data-type=\"URL\" data-id=\"https:\/\/failiem.lv\/u\/33uswhaqp\" target=\"_blank\">CZ\u0118\u015a\u0106 5<\/a>, <a rel=\"noreferrer noopener\" href=\"https:\/\/failiem.lv\/u\/nvpwcz8tb\" data-type=\"URL\" data-id=\"https:\/\/failiem.lv\/u\/nvpwcz8tb\" target=\"_blank\">CZ\u0118\u015a\u0106 6<\/a>, <a rel=\"noreferrer noopener\" href=\"https:\/\/failiem.lv\/u\/cnxrp8vyd\" data-type=\"URL\" data-id=\"https:\/\/failiem.lv\/u\/cnxrp8vyd\" target=\"_blank\">CZ\u0118\u015a\u0106 7<\/a>, <a rel=\"noreferrer noopener\" href=\"https:\/\/failiem.lv\/u\/u6xw86anr\" data-type=\"URL\" data-id=\"https:\/\/failiem.lv\/u\/u6xw86anr\" target=\"_blank\">CZ\u0118\u015a\u0106 8<\/a>, <a rel=\"noreferrer noopener\" href=\"https:\/\/failiem.lv\/u\/ptw8rfcrq\" data-type=\"URL\" data-id=\"https:\/\/failiem.lv\/u\/ptw8rfcrq\" target=\"_blank\">CZ\u0118\u015a\u0106 9<\/a>, <a rel=\"noreferrer noopener\" href=\"https:\/\/failiem.lv\/u\/jtkcn2ygg\" data-type=\"URL\" data-id=\"https:\/\/failiem.lv\/u\/jtkcn2ygg\" target=\"_blank\">CZ\u0118\u015a\u0106 10<\/a>    <\/p>\n\n\n\n<p> <\/p>\n","protected":false},"excerpt":{"rendered":"<p>W dniach 22-28.07.2023 pod egid\u0105 WMTS w Jurmali na \u0141otwie odby\u0142y si\u0119 52. Mistrzostwa \u015awiata Lekarzy w Tenisie. Polacy wywalczyli \u0142\u0105cznie 57 medali. Za rok gospodarzem M\u015a b\u0119d\u0105 W\u0119gry (Budapeszt). Poni\u017cej zdobycze medalowe lekarzy w Polski. Klasyfikacja nie uwzgl\u0119dnia medali z turniej\u00f3w pocieszenia. Micha\u0142 Dyrda br\u0105z w singlu w kategorii open br\u0105z w deblu w &hellip; <\/p>\n<p class=\"link-more\"><a href=\"https:\/\/pstl.pl\/index.php\/52-mistrzostwa-swiata-lekarzy-w-tenisie-wmts-2023-lotwa-jurmala\/\" class=\"more-link\">Czytaj dalej<span class=\"screen-reader-text\"> \u201e52. Mistrzostwa \u015awiata Lekarzy w Tenisie WMTS 2023 &#8211; \u0141otwa (Jurmala)\u201d<\/span><\/a><\/p>\n","protected":false},"author":1,"featured_media":0,"parent":0,"menu_order":0,"comment_status":"closed","ping_status":"closed","template":"","meta":{"footnotes":""},"class_list":["post-2138","page","type-page","status-publish","hentry"],"_links":{"self":[{"href":"https:\/\/pstl.pl\/index.php\/wp-json\/wp\/v2\/pages\/2138","targetHints":{"allow":["GET"]}}],"collection":[{"href":"https:\/\/pstl.pl\/index.php\/wp-json\/wp\/v2\/pages"}],"about":[{"href":"https:\/\/pstl.pl\/index.php\/wp-json\/wp\/v2\/types\/page"}],"author":[{"embeddable":true,"href":"https:\/\/pstl.pl\/index.php\/wp-json\/wp\/v2\/users\/1"}],"replies":[{"embeddable":true,"href":"https:\/\/pstl.pl\/index.php\/wp-json\/wp\/v2\/comments?post=2138"}],"version-history":[{"count":7,"href":"https:\/\/pstl.pl\/index.php\/wp-json\/wp\/v2\/pages\/2138\/revisions"}],"predecessor-version":[{"id":2157,"href":"https:\/\/pstl.pl\/index.php\/wp-json\/wp\/v2\/pages\/2138\/revisions\/2157"}],"wp:attachment":[{"href":"https:\/\/pstl.pl\/index.php\/wp-json\/wp\/v2\/media?parent=2138"}],"curies":[{"name":"wp","href":"https:\/\/api.w.org\/{rel}","templated":true}]}}