{"id":210,"date":"2020-04-07T18:41:58","date_gmt":"2020-04-07T18:41:58","guid":{"rendered":"http:\/\/www.pstl.radwanskie.nstrefa.pl\/?page_id=210"},"modified":"2020-04-07T18:41:58","modified_gmt":"2020-04-07T18:41:58","slug":"xix-ogolnopolski-turniej-tenisowy-lekarzy-trzech-kroli-czestochowa-4-6-01-2020-r","status":"publish","type":"page","link":"https:\/\/pstl.pl\/index.php\/xix-ogolnopolski-turniej-tenisowy-lekarzy-trzech-kroli-czestochowa-4-6-01-2020-r\/","title":{"rendered":"XIX Og\u00f3lnopolski Turniej Tenisowy Lekarzy ,,Trzech Kr\u00f3li&#8221; Cz\u0119stochowa, 4-6.01.2020 r."},"content":{"rendered":"\n<p><a rel=\"noreferrer noopener\" href=\"http:\/\/www.pstl.radwanskie.nstrefa.pl\/wp-content\/uploads\/2020\/04\/folderottlczestochowa2020_150.pdf\" target=\"_blank\">Komunikat turniejowy<\/a><\/p>\n\n\n\n<p><a href=\"http:\/\/www.pstl.radwanskie.nstrefa.pl\/wp-content\/uploads\/2020\/04\/tenis-karta-zg\u0142oszenia2020.pdf\" target=\"_blank\" rel=\"noreferrer noopener\">Karta zg\u0142oszeniowa<\/a><\/p>\n\n\n\n<p><\/p>\n\n\n\n<h2 class=\"wp-block-heading\"><strong>WYNIKI:<\/strong><\/h2>\n\n\n\n<p><a href=\"http:\/\/www.pstl.radwanskie.nstrefa.pl\/wp-content\/uploads\/2020\/04\/cz-2020-K-Open.pdf\" target=\"_blank\" rel=\"noreferrer noopener\">K open<\/a><\/p>\n\n\n\n<p><a href=\"http:\/\/www.pstl.radwanskie.nstrefa.pl\/wp-content\/uploads\/2020\/04\/cz-2020-K55.pdf\" target=\"_blank\" rel=\"noreferrer noopener\">K +55<\/a><\/p>\n\n\n\n<p><a href=\"http:\/\/www.pstl.radwanskie.nstrefa.pl\/wp-content\/uploads\/2020\/04\/cz-2020-K-60.pdf\" target=\"_blank\" rel=\"noreferrer noopener\">K +60<\/a><\/p>\n\n\n\n<p><a href=\"http:\/\/www.pstl.radwanskie.nstrefa.pl\/wp-content\/uploads\/2020\/04\/cz-2020-D-K-Open.pdf\" target=\"_blank\" rel=\"noreferrer noopener\">K D open<\/a><\/p>\n\n\n\n<p><a href=\"http:\/\/www.pstl.radwanskie.nstrefa.pl\/wp-content\/uploads\/2020\/04\/cz-2020-D-K-55.pdf\" target=\"_blank\" rel=\"noreferrer noopener\">K D +55<\/a><\/p>\n\n\n\n<p><a href=\"http:\/\/www.pstl.radwanskie.nstrefa.pl\/wp-content\/uploads\/2020\/04\/cz-2020-M-Open.pdf\" target=\"_blank\" rel=\"noreferrer noopener\">M open<\/a><\/p>\n\n\n\n<p><a href=\"http:\/\/www.pstl.radwanskie.nstrefa.pl\/wp-content\/uploads\/2020\/04\/cz-2020-M45.pdf\" target=\"_blank\" rel=\"noreferrer noopener\">M +45<\/a><\/p>\n\n\n\n<p><a href=\"http:\/\/www.pstl.radwanskie.nstrefa.pl\/wp-content\/uploads\/2020\/04\/cz-2020-M50.pdf\" target=\"_blank\" rel=\"noreferrer noopener\">M +50<\/a><\/p>\n\n\n\n<p><a href=\"http:\/\/www.pstl.radwanskie.nstrefa.pl\/wp-content\/uploads\/2020\/04\/cz-2020-M55.pdf\" target=\"_blank\" rel=\"noreferrer noopener\">M +55<\/a><\/p>\n\n\n\n<p><a href=\"http:\/\/www.pstl.radwanskie.nstrefa.pl\/wp-content\/uploads\/2020\/04\/cz-2020-M-60.pdf\" target=\"_blank\" rel=\"noreferrer noopener\">M +60<\/a><\/p>\n\n\n\n<p><a href=\"http:\/\/www.pstl.radwanskie.nstrefa.pl\/wp-content\/uploads\/2020\/04\/cz-2020-M-65.pdf\" target=\"_blank\" rel=\"noreferrer noopener\">M +65<\/a><\/p>\n\n\n\n<p><a href=\"http:\/\/www.pstl.radwanskie.nstrefa.pl\/wp-content\/uploads\/2020\/04\/cz-2020-M-70.pdf\" target=\"_blank\" rel=\"noreferrer noopener\">M +70<\/a><\/p>\n\n\n\n<p><a href=\"http:\/\/www.pstl.radwanskie.nstrefa.pl\/wp-content\/uploads\/2020\/04\/cz-2020-D-M-Open.pdf\" target=\"_blank\" rel=\"noreferrer noopener\">M D open<\/a><\/p>\n\n\n\n<p><a href=\"http:\/\/www.pstl.radwanskie.nstrefa.pl\/wp-content\/uploads\/2020\/04\/cz-2020-D-M-45.pdf\" target=\"_blank\" rel=\"noreferrer noopener\">M D +45<\/a><\/p>\n\n\n\n<p><a href=\"http:\/\/www.pstl.radwanskie.nstrefa.pl\/wp-content\/uploads\/2020\/04\/cz-2020-D-M-55.pdf\" target=\"_blank\" rel=\"noreferrer noopener\">M D +55<\/a><\/p>\n\n\n\n<p><a href=\"http:\/\/www.pstl.radwanskie.nstrefa.pl\/wp-content\/uploads\/2020\/04\/cz-2020-Debel-M-65.pdf\" target=\"_blank\" rel=\"noreferrer noopener\">M D +65<\/a><\/p>\n\n\n\n<p><\/p>\n\n\n\n<h2 class=\"wp-block-heading\"><strong>ZDJ\u0118CIA<\/strong>\u00a0->\u00a0<a rel=\"noreferrer noopener\" href=\"https:\/\/imgur.com\/a\/uz3AFUU\" target=\"_blank\">TUTAJ<\/a><\/h2>\n","protected":false},"excerpt":{"rendered":"<p>Komunikat turniejowy Karta zg\u0142oszeniowa WYNIKI: K open K +55 K +60 K D open K D +55 M open M +45 M +50 M +55 M +60 M +65 M +70 M D open M D +45 M D +55 M D +65 ZDJ\u0118CIA\u00a0->\u00a0TUTAJ<\/p>\n","protected":false},"author":1,"featured_media":0,"parent":0,"menu_order":0,"comment_status":"closed","ping_status":"closed","template":"","meta":{"footnotes":""},"class_list":["post-210","page","type-page","status-publish","hentry"],"_links":{"self":[{"href":"https:\/\/pstl.pl\/index.php\/wp-json\/wp\/v2\/pages\/210","targetHints":{"allow":["GET"]}}],"collection":[{"href":"https:\/\/pstl.pl\/index.php\/wp-json\/wp\/v2\/pages"}],"about":[{"href":"https:\/\/pstl.pl\/index.php\/wp-json\/wp\/v2\/types\/page"}],"author":[{"embeddable":true,"href":"https:\/\/pstl.pl\/index.php\/wp-json\/wp\/v2\/users\/1"}],"replies":[{"embeddable":true,"href":"https:\/\/pstl.pl\/index.php\/wp-json\/wp\/v2\/comments?post=210"}],"version-history":[{"count":1,"href":"https:\/\/pstl.pl\/index.php\/wp-json\/wp\/v2\/pages\/210\/revisions"}],"predecessor-version":[{"id":230,"href":"https:\/\/pstl.pl\/index.php\/wp-json\/wp\/v2\/pages\/210\/revisions\/230"}],"wp:attachment":[{"href":"https:\/\/pstl.pl\/index.php\/wp-json\/wp\/v2\/media?parent=210"}],"curies":[{"name":"wp","href":"https:\/\/api.w.org\/{rel}","templated":true}]}}