{"id":2073,"date":"2023-05-18T22:55:28","date_gmt":"2023-05-18T22:55:28","guid":{"rendered":"https:\/\/pstl.pl\/?page_id=2073"},"modified":"2023-06-17T21:06:11","modified_gmt":"2023-06-17T21:06:11","slug":"ogolnopolski-turniej-tenisowy-lekarzy-lodz-2023","status":"publish","type":"page","link":"https:\/\/pstl.pl\/index.php\/ogolnopolski-turniej-tenisowy-lekarzy-lodz-2023\/","title":{"rendered":"Og\u00f3lnopolski Turniej Tenisowy Lekarzy \u2013 \u0141\u00f3d\u017a 2023"},"content":{"rendered":"\n<p>Memoria\u0142 dra Andrzeja Jasi\u0144skiego<\/p>\n\n\n\n<p>Choje\u0144ski Klub Sportowy, m\u0105czka<\/p>\n\n\n\n<p>12-14.05.2023 r.<\/p>\n\n\n\n<p><a rel=\"noreferrer noopener\" href=\"https:\/\/pstl.pl\/wp-content\/uploads\/2023\/04\/OTT-Lekarzy-Lodz-12-14.05.2023-2.pdf\" target=\"_blank\"><strong>Komunikat turniejowy<\/strong><\/a><\/p>\n\n\n\n<p><a rel=\"noreferrer noopener\" href=\"https:\/\/portal.pzt.pl\/TournamentDrawsheet.aspx?CategoryID=AIS&amp;Male=&amp;TournamentID=6BCA88EB-BB1D-4558-B077-7F1E61AC4B24\" data-type=\"URL\" data-id=\"https:\/\/portal.pzt.pl\/TournamentDrawsheet.aspx?CategoryID=AIS&amp;Male=&amp;TournamentID=6BCA88EB-BB1D-4558-B077-7F1E61AC4B24\" target=\"_blank\"><strong>Wyniki, drabinki, grupy<\/strong><\/a><\/p>\n\n\n\n<p><a href=\"https:\/\/imgur.com\/a\/0e70Nrs\" data-type=\"URL\" data-id=\"https:\/\/imgur.com\/a\/0e70Nrs\" target=\"_blank\" rel=\"noreferrer noopener\"><strong>Zdj\u0119cia<\/strong><\/a><\/p>\n\n\n\n<p><\/p>\n\n\n\n<p><strong>Pozosta\u0142e wyniki<\/strong>:<\/p>\n\n\n\n<p>Gra podw\u00f3jna:<br>Panie open: 1m. MARTINI\/GA\u0141USZKA<\/p>\n\n\n\n<p>2m. KLIMAS\/OLSZEWSKA<\/p>\n\n\n\n<p>3m. KLIMCZYK\/ZA\u0141OGA<\/p>\n\n\n\n<p>4m. WOJTALIK\/CHE\u0141MI\u0143SKA<\/p>\n\n\n\n<p><a href=\"https:\/\/pstl.pl\/wp-content\/uploads\/2023\/05\/OTT-LEKARZY-LODZ-2023.ods\" data-type=\"URL\" data-id=\"https:\/\/pstl.pl\/wp-content\/uploads\/2023\/05\/OTT-LEKARZY-LODZ-2023.ods\" target=\"_blank\" rel=\"noreferrer noopener\">Debel m\u0119\u017cczy\u017ani<\/a><\/p>\n","protected":false},"excerpt":{"rendered":"<p>Memoria\u0142 dra Andrzeja Jasi\u0144skiego Choje\u0144ski Klub Sportowy, m\u0105czka 12-14.05.2023 r. Komunikat turniejowy Wyniki, drabinki, grupy Zdj\u0119cia Pozosta\u0142e wyniki: Gra podw\u00f3jna:Panie open: 1m. MARTINI\/GA\u0141USZKA 2m. KLIMAS\/OLSZEWSKA 3m. KLIMCZYK\/ZA\u0141OGA 4m. WOJTALIK\/CHE\u0141MI\u0143SKA Debel m\u0119\u017cczy\u017ani<\/p>\n","protected":false},"author":1,"featured_media":0,"parent":0,"menu_order":0,"comment_status":"closed","ping_status":"closed","template":"","meta":{"footnotes":""},"class_list":["post-2073","page","type-page","status-publish","hentry"],"_links":{"self":[{"href":"https:\/\/pstl.pl\/index.php\/wp-json\/wp\/v2\/pages\/2073","targetHints":{"allow":["GET"]}}],"collection":[{"href":"https:\/\/pstl.pl\/index.php\/wp-json\/wp\/v2\/pages"}],"about":[{"href":"https:\/\/pstl.pl\/index.php\/wp-json\/wp\/v2\/types\/page"}],"author":[{"embeddable":true,"href":"https:\/\/pstl.pl\/index.php\/wp-json\/wp\/v2\/users\/1"}],"replies":[{"embeddable":true,"href":"https:\/\/pstl.pl\/index.php\/wp-json\/wp\/v2\/comments?post=2073"}],"version-history":[{"count":3,"href":"https:\/\/pstl.pl\/index.php\/wp-json\/wp\/v2\/pages\/2073\/revisions"}],"predecessor-version":[{"id":2123,"href":"https:\/\/pstl.pl\/index.php\/wp-json\/wp\/v2\/pages\/2073\/revisions\/2123"}],"wp:attachment":[{"href":"https:\/\/pstl.pl\/index.php\/wp-json\/wp\/v2\/media?parent=2073"}],"curies":[{"name":"wp","href":"https:\/\/api.w.org\/{rel}","templated":true}]}}