{"id":1876,"date":"2022-09-24T18:12:11","date_gmt":"2022-09-24T18:12:11","guid":{"rendered":"https:\/\/pstl.pl\/?page_id=1876"},"modified":"2022-09-24T18:42:06","modified_gmt":"2022-09-24T18:42:06","slug":"turniej-pstl-zielona-gora-2022","status":"publish","type":"page","link":"https:\/\/pstl.pl\/index.php\/turniej-pstl-zielona-gora-2022\/","title":{"rendered":"Turniej PSTL &#8211; Zielona G\u00f3ra 2022"},"content":{"rendered":"\n<p>X Og\u00f3lnopolski Turniej Tenisowy Lekarzy<\/p>\n\n\n\n<p>Korty tenisowe MOSIR, m\u0105czka<\/p>\n\n\n\n<p>16-18.09.2022 Zielona G\u00f3ra<\/p>\n\n\n\n<div class=\"wp-block-file\"><a href=\"https:\/\/pstl.pl\/wp-content\/uploads\/2022\/08\/zielona-gora-2022.pdf\">Komunikat turniejowy<\/a><a href=\"https:\/\/pstl.pl\/wp-content\/uploads\/2022\/08\/zielona-gora-2022.pdf\" class=\"wp-block-file__button\" download>Pobierz<\/a><\/div>\n\n\n\n<p><\/p>\n\n\n\n<p><strong>WYNIKI:<\/strong><\/p>\n\n\n\n<div class=\"wp-block-file\"><a href=\"https:\/\/pstl.pl\/wp-content\/uploads\/2022\/09\/K-open-1-rotated.jpeg\">K-open-1<\/a><a href=\"https:\/\/pstl.pl\/wp-content\/uploads\/2022\/09\/K-open-1-rotated.jpeg\" class=\"wp-block-file__button\" download>Pobierz<\/a><\/div>\n\n\n\n<div class=\"wp-block-file\"><a href=\"https:\/\/pstl.pl\/wp-content\/uploads\/2022\/09\/K-debel-open-rotated.jpeg\">K-debel-open<\/a><a href=\"https:\/\/pstl.pl\/wp-content\/uploads\/2022\/09\/K-debel-open-rotated.jpeg\" class=\"wp-block-file__button\" download>Pobierz<\/a><\/div>\n\n\n\n<div class=\"wp-block-file\"><a href=\"https:\/\/pstl.pl\/wp-content\/uploads\/2022\/09\/K-55-1-rotated.jpeg\">K-55-1<\/a><a href=\"https:\/\/pstl.pl\/wp-content\/uploads\/2022\/09\/K-55-1-rotated.jpeg\" class=\"wp-block-file__button\" download>Pobierz<\/a><\/div>\n\n\n\n<div class=\"wp-block-file\"><a href=\"https:\/\/pstl.pl\/wp-content\/uploads\/2022\/09\/K-60-1-rotated.jpeg\">K-60-1<\/a><a href=\"https:\/\/pstl.pl\/wp-content\/uploads\/2022\/09\/K-60-1-rotated.jpeg\" class=\"wp-block-file__button\" download>Pobierz<\/a><\/div>\n\n\n\n<div class=\"wp-block-file\"><a href=\"https:\/\/pstl.pl\/wp-content\/uploads\/2022\/09\/M-open-1-rotated.jpeg\">M-open-1<\/a><a href=\"https:\/\/pstl.pl\/wp-content\/uploads\/2022\/09\/M-open-1-rotated.jpeg\" class=\"wp-block-file__button\" download>Pobierz<\/a><\/div>\n\n\n\n<div class=\"wp-block-file\"><a href=\"https:\/\/pstl.pl\/wp-content\/uploads\/2022\/09\/M-35-1-rotated.jpeg\">M-35-1<\/a><a href=\"https:\/\/pstl.pl\/wp-content\/uploads\/2022\/09\/M-35-1-rotated.jpeg\" class=\"wp-block-file__button\" download>Pobierz<\/a><\/div>\n\n\n\n<div class=\"wp-block-file\"><a href=\"https:\/\/pstl.pl\/wp-content\/uploads\/2022\/09\/M-45-1-rotated.jpeg\">M-45-1<\/a><a href=\"https:\/\/pstl.pl\/wp-content\/uploads\/2022\/09\/M-45-1-rotated.jpeg\" class=\"wp-block-file__button\" download>Pobierz<\/a><\/div>\n\n\n\n<div class=\"wp-block-file\"><a href=\"https:\/\/pstl.pl\/wp-content\/uploads\/2022\/09\/M-55-gr-A-1-rotated.jpeg\">M-55-gr-A-1<\/a><a href=\"https:\/\/pstl.pl\/wp-content\/uploads\/2022\/09\/M-55-gr-A-1-rotated.jpeg\" class=\"wp-block-file__button\" download>Pobierz<\/a><\/div>\n\n\n\n<div class=\"wp-block-file\"><a href=\"https:\/\/pstl.pl\/wp-content\/uploads\/2022\/09\/M-55-gr-B-1-rotated.jpeg\">M-55-gr-B-1<\/a><a href=\"https:\/\/pstl.pl\/wp-content\/uploads\/2022\/09\/M-55-gr-B-1-rotated.jpeg\" class=\"wp-block-file__button\" download>Pobierz<\/a><\/div>\n\n\n\n<div class=\"wp-block-file\"><a href=\"https:\/\/pstl.pl\/wp-content\/uploads\/2022\/09\/M-60-rotated.jpeg\">M-60<\/a><a href=\"https:\/\/pstl.pl\/wp-content\/uploads\/2022\/09\/M-60-rotated.jpeg\" class=\"wp-block-file__button\" download>Pobierz<\/a><\/div>\n\n\n\n<div class=\"wp-block-file\"><a href=\"https:\/\/pstl.pl\/wp-content\/uploads\/2022\/09\/M-65-rotated.jpeg\">M-65<\/a><a href=\"https:\/\/pstl.pl\/wp-content\/uploads\/2022\/09\/M-65-rotated.jpeg\" class=\"wp-block-file__button\" download>Pobierz<\/a><\/div>\n\n\n\n<div class=\"wp-block-file\"><a href=\"https:\/\/pstl.pl\/wp-content\/uploads\/2022\/09\/M-70-1-rotated.jpeg\">M-70-1<\/a><a href=\"https:\/\/pstl.pl\/wp-content\/uploads\/2022\/09\/M-70-1-rotated.jpeg\" class=\"wp-block-file__button\" download>Pobierz<\/a><\/div>\n\n\n\n<div class=\"wp-block-file\"><a href=\"https:\/\/pstl.pl\/wp-content\/uploads\/2022\/09\/M-75-1-rotated.jpeg\">M-75-1<\/a><a href=\"https:\/\/pstl.pl\/wp-content\/uploads\/2022\/09\/M-75-1-rotated.jpeg\" class=\"wp-block-file__button\" download>Pobierz<\/a><\/div>\n\n\n\n<div class=\"wp-block-file\"><a href=\"https:\/\/pstl.pl\/wp-content\/uploads\/2022\/09\/M-80-rotated.jpeg\">M-80<\/a><a href=\"https:\/\/pstl.pl\/wp-content\/uploads\/2022\/09\/M-80-rotated.jpeg\" class=\"wp-block-file__button\" download>Pobierz<\/a><\/div>\n\n\n\n<div class=\"wp-block-file\"><a href=\"https:\/\/pstl.pl\/wp-content\/uploads\/2022\/09\/M-85-1-rotated.jpeg\">M-85-1<\/a><a href=\"https:\/\/pstl.pl\/wp-content\/uploads\/2022\/09\/M-85-1-rotated.jpeg\" class=\"wp-block-file__button\" download>Pobierz<\/a><\/div>\n\n\n\n<div class=\"wp-block-file\"><a href=\"https:\/\/pstl.pl\/wp-content\/uploads\/2022\/09\/M-debel-open-rotated.jpeg\">M-debel-open<\/a><a href=\"https:\/\/pstl.pl\/wp-content\/uploads\/2022\/09\/M-debel-open-rotated.jpeg\" class=\"wp-block-file__button\" download>Pobierz<\/a><\/div>\n\n\n\n<div class=\"wp-block-file\"><a href=\"https:\/\/pstl.pl\/wp-content\/uploads\/2022\/09\/M-debel-55-rotated.jpeg\">M-debel-55<\/a><a href=\"https:\/\/pstl.pl\/wp-content\/uploads\/2022\/09\/M-debel-55-rotated.jpeg\" class=\"wp-block-file__button\" download>Pobierz<\/a><\/div>\n\n\n\n<div class=\"wp-block-file\"><a href=\"https:\/\/pstl.pl\/wp-content\/uploads\/2022\/09\/M-debel-75-rotated.jpeg\">M-debel-75<\/a><a href=\"https:\/\/pstl.pl\/wp-content\/uploads\/2022\/09\/M-debel-75-rotated.jpeg\" class=\"wp-block-file__button\" download>Pobierz<\/a><\/div>\n\n\n\n<p><\/p>\n\n\n\n<p><strong>ZDJ\u0118CIA <\/strong>-> <a href=\"https:\/\/imgur.com\/a\/MpvZevS\" data-type=\"URL\" data-id=\"https:\/\/imgur.com\/a\/MpvZevS\" target=\"_blank\" rel=\"noreferrer noopener\">TUTAJ<\/a><\/p>\n","protected":false},"excerpt":{"rendered":"<p>X Og\u00f3lnopolski Turniej Tenisowy Lekarzy Korty tenisowe MOSIR, m\u0105czka 16-18.09.2022 Zielona G\u00f3ra WYNIKI: ZDJ\u0118CIA -> TUTAJ<\/p>\n","protected":false},"author":1,"featured_media":0,"parent":0,"menu_order":0,"comment_status":"closed","ping_status":"closed","template":"","meta":{"footnotes":""},"class_list":["post-1876","page","type-page","status-publish","hentry"],"_links":{"self":[{"href":"https:\/\/pstl.pl\/index.php\/wp-json\/wp\/v2\/pages\/1876","targetHints":{"allow":["GET"]}}],"collection":[{"href":"https:\/\/pstl.pl\/index.php\/wp-json\/wp\/v2\/pages"}],"about":[{"href":"https:\/\/pstl.pl\/index.php\/wp-json\/wp\/v2\/types\/page"}],"author":[{"embeddable":true,"href":"https:\/\/pstl.pl\/index.php\/wp-json\/wp\/v2\/users\/1"}],"replies":[{"embeddable":true,"href":"https:\/\/pstl.pl\/index.php\/wp-json\/wp\/v2\/comments?post=1876"}],"version-history":[{"count":2,"href":"https:\/\/pstl.pl\/index.php\/wp-json\/wp\/v2\/pages\/1876\/revisions"}],"predecessor-version":[{"id":1897,"href":"https:\/\/pstl.pl\/index.php\/wp-json\/wp\/v2\/pages\/1876\/revisions\/1897"}],"wp:attachment":[{"href":"https:\/\/pstl.pl\/index.php\/wp-json\/wp\/v2\/media?parent=1876"}],"curies":[{"name":"wp","href":"https:\/\/api.w.org\/{rel}","templated":true}]}}