{"id":181,"date":"2020-04-06T23:18:34","date_gmt":"2020-04-06T23:18:34","guid":{"rendered":"http:\/\/www.pstl.radwanskie.nstrefa.pl\/?page_id=181"},"modified":"2020-04-06T23:30:09","modified_gmt":"2020-04-06T23:30:09","slug":"puchar-izb-lekarskich-wyniki-punktacji-za-sezon-2018-2019","status":"publish","type":"page","link":"https:\/\/pstl.pl\/index.php\/puchar-izb-lekarskich-wyniki-punktacji-za-sezon-2018-2019\/","title":{"rendered":"PUCHAR IZB LEKARSKICH &#8211; WYNIKI PUNKTACJI ZA SEZON 2018\/2019"},"content":{"rendered":"\n<p><strong>10. MIEJSCE<\/strong><\/p>\n\n\n\n<p><strong>\u015aWI\u0118TOKRZYSKA IZBA LEKARSKA \u2013 348 PKT<\/strong><\/p>\n\n\n\n<p>1. JOANNA GA\u0141USZKA &#8211; GARNUSZEK \u2013 152 PKT<\/p>\n\n\n\n<p>2. DOROTA GRUDZIE\u0143 \u2013 116 PKT<\/p>\n\n\n\n<p>3. MARCIN ZBO\u017bE\u0143 \u2013 80 PKT<\/p>\n\n\n\n<hr class=\"wp-block-separator\"\/>\n\n\n\n<p><strong>9. MIEJSCE<\/strong><\/p>\n\n\n\n<p><strong>OKR\u0118GOWA IZBA LEKARSKA W \u0141ODZI \u2013 507 PKT<\/strong><\/p>\n\n\n\n<p>1. BOGUS\u0141AW RATAJ &#8211; 196 PKT<\/p>\n\n\n\n<p>2. WOJCIECH PIETRZAK &#8211; 175 PKT<\/p>\n\n\n\n<p>3. MA\u0141GORZATA OLSZEWSKA -KOZI\u0143SKA &#8211; 136 PKT<\/p>\n\n\n\n<hr class=\"wp-block-separator\"\/>\n\n\n\n<p><\/p>\n\n\n\n<p><strong>8. MIEJSCE<\/strong><\/p>\n\n\n\n<p><strong>OKR\u0118GOWA IZBA LEKARSKA W ZIELONEJ G\u00d3RZE \u2013 517 PKT<\/strong><\/p>\n\n\n\n<p>1. J\u00d3ZEF SAFIAN &#8211; 265 PKT<\/p>\n\n\n\n<p>2. ARTUR FERENCZ &#8211; 175 PKT<\/p>\n\n\n\n<p>3. LECH BORKOWSKI &#8211; 112 PKT<\/p>\n\n\n\n<hr class=\"wp-block-separator\"\/>\n\n\n\n<p><\/p>\n\n\n\n<p><strong>7. MIEJSCE<\/strong><\/p>\n\n\n\n<p><strong>OKR\u0118GOWA IZBA LEKARSKA W OPOLU \u2013 619 PKT<\/strong><\/p>\n\n\n\n<p>1. ROMAN SADOWSKI &#8211; 302 PKT<\/p>\n\n\n\n<p>2. ZBIGNIEW NANOWSKI &#8211; 281 PKT<\/p>\n\n\n\n<p>3. KRZYSZTOF PARTYKA &#8211; 36 PKT<\/p>\n\n\n\n<hr class=\"wp-block-separator\"\/>\n\n\n\n<p><\/p>\n\n\n\n<p><strong>6. MIEJSCE<\/strong><\/p>\n\n\n\n<p><strong>WIELKOPOLSKA IZBA LEKARSKA \u2013 686 PKT<\/strong><\/p>\n\n\n\n<p>1. MA\u0141GORZATA PAWELEC-WOJTALIK &#8211; 305 PKT<\/p>\n\n\n\n<p>2. ANNA KOMAR &#8211; 226 PKT<\/p>\n\n\n\n<p>3. RYSZARD KOCZOROWSKI &#8211; 155 PKT<\/p>\n\n\n\n<hr class=\"wp-block-separator\"\/>\n\n\n\n<p><\/p>\n\n\n\n<p><strong>5. MIEJSCE<\/strong><\/p>\n\n\n\n<p><strong>OKR\u0118GOWA IZBA LEKARSKA W RZESZOWIE &#8211; 703 PKT<\/strong><\/p>\n\n\n\n<p>1. KAZIMIERZ BUJAK &#8211; 295 PKT<\/p>\n\n\n\n<p>2. WIES\u0141AW B\u0104BA &#8211; 208 PKT<\/p>\n\n\n\n<p>3. BOGDAN SOLARSKI &#8211; 200 PKT<\/p>\n\n\n\n<hr class=\"wp-block-separator\"\/>\n\n\n\n<p><\/p>\n\n\n\n<p><strong>4. MIEJSCE<\/strong><\/p>\n\n\n\n<p><strong>\u015aL\u0104SKA IZBA LEKARSKA &#8211; 760 PKT<\/strong><\/p>\n\n\n\n<p>1. MARCIN POKRZYWNICKI &#8211; 375 PKT<\/p>\n\n\n\n<p>2. BART\u0141OMIEJ PTAK &#8211; 230 PKT<\/p>\n\n\n\n<p>3. RENATA BARNA\u015a-SAMSON &#8211; 155 PKT<\/p>\n\n\n\n<hr class=\"wp-block-separator\"\/>\n\n\n\n<p><\/p>\n\n\n\n<p><strong>3. MIEJSCE<\/strong><\/p>\n\n\n\n<p><strong>OKR\u0118GOWA IZBA LEKARSKA W KRAKOWIE &#8211; 906 PKT<\/strong><\/p>\n\n\n\n<p>1. ROBERT TELEGA &#8211; 370 PKT<\/p>\n\n\n\n<p>2. JAN PARADOWSKI &#8211; 276 PKT<\/p>\n\n\n\n<p>3. PAWE\u0141 \u0141YSIKOWSKI &#8211; 260 PKT<\/p>\n\n\n\n<hr class=\"wp-block-separator\"\/>\n\n\n\n<p><\/p>\n\n\n\n<p><strong>2. MIEJSCE<\/strong><\/p>\n\n\n\n<p><strong>DOLNO\u015aL\u0104SKA IZBA LEKARSKA &#8211; 910 PKT<\/strong><\/p>\n\n\n\n<p>1. TOMASZ MAZIAK &#8211; 375 PKT<\/p>\n\n\n\n<p>2. STANIS\u0141AW \u015aWIERAD &#8211; 270 PKT<\/p>\n\n\n\n<p>3. MAREK PUDE\u0141KO &#8211; 265 PKT<\/p>\n\n\n\n<hr class=\"wp-block-separator\"\/>\n\n\n\n<p><\/p>\n\n\n\n<p><strong><span class=\"has-inline-color has-vivid-red-color\">1. MIEJSCE<\/span><\/strong><\/p>\n\n\n\n<p><strong><span class=\"has-inline-color has-vivid-red-color\">LUBELSKA IZBA LEKARSKA &#8211; 946 PKT<\/span><\/strong><\/p>\n\n\n\n<p><span class=\"has-inline-color has-vivid-red-color\">1. AGATA WOJCIUK \u2013 450 PKT<\/span><\/p>\n\n\n\n<p><span class=\"has-inline-color has-vivid-red-color\">2. JOANNA SZAFRANEK \u2013 290 PKT<\/span><\/p>\n\n\n\n<p><span class=\"has-inline-color has-vivid-red-color\">3. KRZYSZTOF MICHA\u0141OWSKI \u2013 206 PKT<\/span><\/p>\n\n\n\n<div class=\"wp-block-image\"><figure class=\"aligncenter size-large is-resized\"><img loading=\"lazy\" decoding=\"async\" src=\"https:\/\/www.pstl.radwanskie.nstrefa.pl\/wp-content\/uploads\/2020\/04\/puchar-izb-2018-19-1024x768.jpg\" alt=\"\" class=\"wp-image-182\" width=\"856\" height=\"642\" srcset=\"https:\/\/pstl.pl\/wp-content\/uploads\/2020\/04\/puchar-izb-2018-19-1024x768.jpg 1024w, https:\/\/pstl.pl\/wp-content\/uploads\/2020\/04\/puchar-izb-2018-19-300x225.jpg 300w, https:\/\/pstl.pl\/wp-content\/uploads\/2020\/04\/puchar-izb-2018-19-768x576.jpg 768w, https:\/\/pstl.pl\/wp-content\/uploads\/2020\/04\/puchar-izb-2018-19-1536x1152.jpg 1536w, https:\/\/pstl.pl\/wp-content\/uploads\/2020\/04\/puchar-izb-2018-19.jpg 1600w\" sizes=\"auto, (max-width: 767px) 89vw, (max-width: 1000px) 54vw, (max-width: 1071px) 543px, 580px\" \/><\/figure><\/div>\n","protected":false},"excerpt":{"rendered":"<p>10. MIEJSCE \u015aWI\u0118TOKRZYSKA IZBA LEKARSKA \u2013 348 PKT 1. JOANNA GA\u0141USZKA &#8211; GARNUSZEK \u2013 152 PKT 2. DOROTA GRUDZIE\u0143 \u2013 116 PKT 3. MARCIN ZBO\u017bE\u0143 \u2013 80 PKT 9. MIEJSCE OKR\u0118GOWA IZBA LEKARSKA W \u0141ODZI \u2013 507 PKT 1. BOGUS\u0141AW RATAJ &#8211; 196 PKT 2. WOJCIECH PIETRZAK &#8211; 175 PKT 3. MA\u0141GORZATA OLSZEWSKA -KOZI\u0143SKA &#8211; &hellip; <\/p>\n<p class=\"link-more\"><a href=\"https:\/\/pstl.pl\/index.php\/puchar-izb-lekarskich-wyniki-punktacji-za-sezon-2018-2019\/\" class=\"more-link\">Czytaj dalej<span class=\"screen-reader-text\"> \u201ePUCHAR IZB LEKARSKICH &#8211; WYNIKI PUNKTACJI ZA SEZON 2018\/2019\u201d<\/span><\/a><\/p>\n","protected":false},"author":1,"featured_media":0,"parent":0,"menu_order":0,"comment_status":"closed","ping_status":"closed","template":"","meta":{"footnotes":""},"class_list":["post-181","page","type-page","status-publish","hentry"],"_links":{"self":[{"href":"https:\/\/pstl.pl\/index.php\/wp-json\/wp\/v2\/pages\/181","targetHints":{"allow":["GET"]}}],"collection":[{"href":"https:\/\/pstl.pl\/index.php\/wp-json\/wp\/v2\/pages"}],"about":[{"href":"https:\/\/pstl.pl\/index.php\/wp-json\/wp\/v2\/types\/page"}],"author":[{"embeddable":true,"href":"https:\/\/pstl.pl\/index.php\/wp-json\/wp\/v2\/users\/1"}],"replies":[{"embeddable":true,"href":"https:\/\/pstl.pl\/index.php\/wp-json\/wp\/v2\/comments?post=181"}],"version-history":[{"count":6,"href":"https:\/\/pstl.pl\/index.php\/wp-json\/wp\/v2\/pages\/181\/revisions"}],"predecessor-version":[{"id":189,"href":"https:\/\/pstl.pl\/index.php\/wp-json\/wp\/v2\/pages\/181\/revisions\/189"}],"wp:attachment":[{"href":"https:\/\/pstl.pl\/index.php\/wp-json\/wp\/v2\/media?parent=181"}],"curies":[{"name":"wp","href":"https:\/\/api.w.org\/{rel}","templated":true}]}}