{"id":178,"date":"2020-04-06T23:11:49","date_gmt":"2020-04-06T23:11:49","guid":{"rendered":"http:\/\/www.pstl.radwanskie.nstrefa.pl\/?page_id=178"},"modified":"2025-11-23T23:32:28","modified_gmt":"2025-11-23T23:32:28","slug":"puchar-izb-lekarskich","status":"publish","type":"page","link":"https:\/\/pstl.pl\/index.php\/puchar-izb-lekarskich\/","title":{"rendered":"Puchar Izb Lekarskich"},"content":{"rendered":"\n<p>PUCHAR IZB LEKARSKICH JEST KLASYFIKACJ\u0104 DRU\u017bYNOW\u0104 PSTL, W KT\u00d3REJ ZWYCI\u0118ZC\u0104 JEST ZESP\u00d3\u0141 POSIADAJACY NAJWIEKSZ\u0104 ILO\u015a\u0106 PUNKT\u00d3W.<\/p>\n\n\n\n<p>DRU\u017bYNA SK\u0141ADA SI\u0118 MAKSYMALNIE Z 3 ZAWODNIK\u00d3W LUB ZAWODNICZEK:<\/p>\n\n\n\n<p>&#8211; NALE\u017b\u0104CYCH DO TEJ SAMEJ IZBY LEKARSKIEJ<\/p>\n\n\n\n<p>&#8211; MAJ\u0104CYCH NAJWIEKSZ\u0104 ILO\u015a\u0106 PUNKT\u00d3W W RANKINGU SINGLOWYM PSTL W SWOJEJ&nbsp; KATEGORII WIEKOWEJ LUB KATEGORII NI\u017bSZEJ<\/p>\n\n\n\n<p>&#8211; DO SK\u0141ADU DRU\u017bYNY NIE S\u0104 WLICZANI ZAWODNICY NIE NALE\u017b\u0104CY DO PSTL<\/p>\n\n\n\n<p>SEZON LICZONY JEST OD LETNICH MISTRZOSTW POLSKI DO TURNIEJU POPRZEDZAJ\u0104CEGO KOLEJNE LETNIE MISTRZOSTWA POLSKI.<\/p>\n\n\n\n<p>ZWYCI\u0118SKA DRU\u017bYNA OTRZYMUJE PUCHAR IZB LEKARSKICH WR\u0118CZANY NA LETNICH MISTRZOSTWACH POLSKI PSTL.<\/p>\n\n\n\n<p><\/p>\n\n\n\n<br>\n\n\n\n<p><strong><a href=\"https:\/\/pstl.pl\/index.php\/puchar-izb-lekarskich-2024-2025-2\/\" data-type=\"link\" data-id=\"https:\/\/pstl.pl\/index.php\/2025\/11\/23\/puchar-izb-lekarskich-2024-2025\/\">Puchar Izb Lekarskich 2024\/2025<\/a><\/strong><\/p>\n\n\n\n<p><strong><a href=\"https:\/\/pstl.pl\/index.php\/puchar-izb-lekarskich-2023-2024\/\" data-type=\"URL\" data-id=\"https:\/\/pstl.pl\/index.php\/2023\/09\/10\/puchar-izb-lekarskich-2022-2023\/\">Puchar Izb Lekarskich 2023\/2024<\/a><\/strong><\/p>\n\n\n\n<p><strong><a href=\"https:\/\/pstl.pl\/index.php\/2023\/09\/10\/puchar-izb-lekarskich-2022-2023\/\" data-type=\"URL\" data-id=\"https:\/\/pstl.pl\/index.php\/2023\/09\/10\/puchar-izb-lekarskich-2022-2023\/\">Puchar Izb Lekarskich 2022\/2023<\/a><\/strong><\/p>\n\n\n\n<p><strong><a href=\"https:\/\/pstl.pl\/index.php\/puchar-izb-lekarskich-2021-22\/\" data-type=\"URL\" data-id=\"https:\/\/pstl.pl\/index.php\/puchar-izb-lekarskich-2021-22\/\">Puchar Izb Lekarskich 2021\/2022<\/a><\/strong> <\/p>\n\n\n\n<p><strong><a href=\"https:\/\/pstl.pl\/index.php\/puchar-izb-lekarskich-2019-2020\/\">Puchar Izb Lekarskich 2019\/2020<\/a><\/strong><\/p>\n\n\n\n<p><strong><a href=\"https:\/\/www.pstl.pl\/index.php\/puchar-izb-lekarskich-wyniki-punktacji-za-sezon-2018-2019\/\">Puchar Izb Lekarskich 2018\/2019<\/a><\/strong><\/p>\n","protected":false},"excerpt":{"rendered":"<p>PUCHAR IZB LEKARSKICH JEST KLASYFIKACJ\u0104 DRU\u017bYNOW\u0104 PSTL, W KT\u00d3REJ ZWYCI\u0118ZC\u0104 JEST ZESP\u00d3\u0141 POSIADAJACY NAJWIEKSZ\u0104 ILO\u015a\u0106 PUNKT\u00d3W. DRU\u017bYNA SK\u0141ADA SI\u0118 MAKSYMALNIE Z 3 ZAWODNIK\u00d3W LUB ZAWODNICZEK: &#8211; NALE\u017b\u0104CYCH DO TEJ SAMEJ IZBY LEKARSKIEJ &#8211; MAJ\u0104CYCH NAJWIEKSZ\u0104 ILO\u015a\u0106 PUNKT\u00d3W W RANKINGU SINGLOWYM PSTL W SWOJEJ&nbsp; KATEGORII WIEKOWEJ LUB KATEGORII NI\u017bSZEJ &#8211; DO SK\u0141ADU DRU\u017bYNY NIE S\u0104 WLICZANI &hellip; <\/p>\n<p class=\"link-more\"><a href=\"https:\/\/pstl.pl\/index.php\/puchar-izb-lekarskich\/\" class=\"more-link\">Czytaj dalej<span class=\"screen-reader-text\"> \u201ePuchar Izb Lekarskich\u201d<\/span><\/a><\/p>\n","protected":false},"author":1,"featured_media":0,"parent":0,"menu_order":0,"comment_status":"closed","ping_status":"closed","template":"","meta":{"footnotes":""},"class_list":["post-178","page","type-page","status-publish","hentry"],"_links":{"self":[{"href":"https:\/\/pstl.pl\/index.php\/wp-json\/wp\/v2\/pages\/178","targetHints":{"allow":["GET"]}}],"collection":[{"href":"https:\/\/pstl.pl\/index.php\/wp-json\/wp\/v2\/pages"}],"about":[{"href":"https:\/\/pstl.pl\/index.php\/wp-json\/wp\/v2\/types\/page"}],"author":[{"embeddable":true,"href":"https:\/\/pstl.pl\/index.php\/wp-json\/wp\/v2\/users\/1"}],"replies":[{"embeddable":true,"href":"https:\/\/pstl.pl\/index.php\/wp-json\/wp\/v2\/comments?post=178"}],"version-history":[{"count":16,"href":"https:\/\/pstl.pl\/index.php\/wp-json\/wp\/v2\/pages\/178\/revisions"}],"predecessor-version":[{"id":2988,"href":"https:\/\/pstl.pl\/index.php\/wp-json\/wp\/v2\/pages\/178\/revisions\/2988"}],"wp:attachment":[{"href":"https:\/\/pstl.pl\/index.php\/wp-json\/wp\/v2\/media?parent=178"}],"curies":[{"name":"wp","href":"https:\/\/api.w.org\/{rel}","templated":true}]}}