{"id":1757,"date":"2022-07-19T10:15:19","date_gmt":"2022-07-19T10:15:19","guid":{"rendered":"https:\/\/pstl.pl\/?page_id=1757"},"modified":"2022-07-19T22:45:29","modified_gmt":"2022-07-19T22:45:29","slug":"ii-ogolnopolski-turniej-tenisowy-lekarzy-na-trawie-medbledon","status":"publish","type":"page","link":"https:\/\/pstl.pl\/index.php\/ii-ogolnopolski-turniej-tenisowy-lekarzy-na-trawie-medbledon\/","title":{"rendered":"II Og\u00f3lnopolski Turniej Tenisowy Lekarzy na trawie ,,Medbledon\u201d"},"content":{"rendered":"\n<p>Micha\u0142\u00f3wek, k. \u0141owicza (nawierzchnia trawiasta)<\/p>\n\n\n\n<p>15-17.07.2022 r, (pi\u0105tek-niedziela)<\/p>\n\n\n\n<p><strong>Komunikat turniejowy<\/strong> -&gt; <a rel=\"noreferrer noopener\" href=\"http:\/\/michalowek2016.pl\/iii-ogolnopolski-turniej-tenisowy-lekarzy-na-trawie-medbledon-2022\/\" data-type=\"URL\" data-id=\"http:\/\/michalowek2016.pl\/iii-ogolnopolski-turniej-tenisowy-lekarzy-na-trawie-medbledon-2022\/\" target=\"_blank\">TUTAJ<\/a><\/p>\n\n\n\n<p><a rel=\"noreferrer noopener\" href=\"https:\/\/portal.pzt.pl\/TournamentDrawsheet.aspx?CategoryID=&amp;Male=&amp;TournamentID=96AE30A9-4B61-43F2-BBB7-5EB6A4C3CE77\" data-type=\"URL\" data-id=\"https:\/\/portal.pzt.pl\/TournamentDrawsheet.aspx?CategoryID=&amp;Male=&amp;TournamentID=96AE30A9-4B61-43F2-BBB7-5EB6A4C3CE77\" target=\"_blank\">WYNIKI &#8211; DABINKI i GRUPY<\/a><\/p>\n\n\n\n<p><a href=\"https:\/\/imgur.com\/a\/vjmqzMK\" data-type=\"URL\" data-id=\"https:\/\/imgur.com\/a\/vjmqzMK\" target=\"_blank\" rel=\"noreferrer noopener\">ZDJ\u0118CIA<\/a><\/p>\n","protected":false},"excerpt":{"rendered":"<p>Micha\u0142\u00f3wek, k. \u0141owicza (nawierzchnia trawiasta) 15-17.07.2022 r, (pi\u0105tek-niedziela) Komunikat turniejowy -&gt; TUTAJ WYNIKI &#8211; DABINKI i GRUPY ZDJ\u0118CIA<\/p>\n","protected":false},"author":1,"featured_media":0,"parent":0,"menu_order":0,"comment_status":"closed","ping_status":"closed","template":"","meta":{"footnotes":""},"class_list":["post-1757","page","type-page","status-publish","hentry"],"_links":{"self":[{"href":"https:\/\/pstl.pl\/index.php\/wp-json\/wp\/v2\/pages\/1757","targetHints":{"allow":["GET"]}}],"collection":[{"href":"https:\/\/pstl.pl\/index.php\/wp-json\/wp\/v2\/pages"}],"about":[{"href":"https:\/\/pstl.pl\/index.php\/wp-json\/wp\/v2\/types\/page"}],"author":[{"embeddable":true,"href":"https:\/\/pstl.pl\/index.php\/wp-json\/wp\/v2\/users\/1"}],"replies":[{"embeddable":true,"href":"https:\/\/pstl.pl\/index.php\/wp-json\/wp\/v2\/comments?post=1757"}],"version-history":[{"count":3,"href":"https:\/\/pstl.pl\/index.php\/wp-json\/wp\/v2\/pages\/1757\/revisions"}],"predecessor-version":[{"id":1773,"href":"https:\/\/pstl.pl\/index.php\/wp-json\/wp\/v2\/pages\/1757\/revisions\/1773"}],"wp:attachment":[{"href":"https:\/\/pstl.pl\/index.php\/wp-json\/wp\/v2\/media?parent=1757"}],"curies":[{"name":"wp","href":"https:\/\/api.w.org\/{rel}","templated":true}]}}