{"id":1722,"date":"2022-07-01T17:12:28","date_gmt":"2022-07-01T17:12:28","guid":{"rendered":"https:\/\/pstl.pl\/?page_id=1722"},"modified":"2022-07-19T21:42:16","modified_gmt":"2022-07-19T21:42:16","slug":"puchar-izb-lekarskich-2021-22","status":"publish","type":"page","link":"https:\/\/pstl.pl\/index.php\/puchar-izb-lekarskich-2021-22\/","title":{"rendered":"Puchar Izb Lekarskich 2021\/22"},"content":{"rendered":"\n<p><strong>10 MIEJSCE &#8211; OKR\u0118GOWA IZBA LEKARSKA W GDA\u0143SKU \u2013 335 PKT<\/strong><\/p>\n\n\n\n<p>1. TOMASZ ZWIERSKI &#8211; 180 PKT<br>2. OLIVER SABO &#8211; 120 PKT<br>3. ZBIGNIEW JAB\u0141O\u0143SKI &#8211; 35 PKT<\/p>\n\n\n\n<p><strong>9 MIEJSCE &#8211; LUBELSKA IZBA LEKARSKA &#8211; 338 PKT<\/strong><\/p>\n\n\n\n<p>1.JOANNA SZAFRANEK-PYZEL &#8211; 138 PKT<br>2.KRZYSZTOF MICHA\u0141OWSKI &#8211; 120 PKT<br>3.J\u00d3ZEF SZAFRANEK &#8211; 80 PKT<\/p>\n\n\n\n<p><strong>8 MIEJSCE &#8211; OKR\u0118GOWA IZBA LEKARSKA W RZESZOWIE \u2013 372 PKT<\/strong><\/p>\n\n\n\n<p>1.WIES\u0141AW B\u0104BA &#8211; 162 PKT<br>2.KAZIMIERZ BUJAK &#8211; 130 PKT<br>3.BOGDAN SOLARSKI &#8211; 80 PKT<\/p>\n\n\n\n<p><strong>7 MIEJSCE &#8211; \u015aL\u0104SKA IZBA LEKARSKA \u2013 380 PKT<\/strong><\/p>\n\n\n\n<p>1.BO\u017bENA KLIMCZYK \u2013 124 PKT<br>2.JERZY SOBEL &#8211; 136 PKT<br>3.MICHA\u0141 DYRDA \u2013 120 PKT<\/p>\n\n\n\n<p><strong>6 MIEJSCE &#8211; OKR\u0118GOWA IZBA LEKARSKA W \u0141ODZI &#8211; 571 PKT<\/strong><\/p>\n\n\n\n<p>1.BOGUS\u0141AW RATAJ &#8211; 218 PKT<br>2.MA\u0141GORZATA OLSZEWSKA-KOZI\u0143SKA &#8211; 186 PKT<br>3.DANIEL LEO\u0143CZYK &#8211; 167 PKT<\/p>\n\n\n\n<p><strong>5 MIEJSCE &#8211; OKR\u0118GOWA IZBA LEKARSKA W WARSZAWIE- 600 PKT<\/strong><\/p>\n\n\n\n<p>1.BO\u017bENA K\u0118DZIERSKA &#8211; 445 PKT<br>2.ARTUR BARLIK &#8211; 155 PKT<\/p>\n\n\n\n<p>4<strong> MIEJSCE &#8211; OKR\u0118GOWA IZBA LEKARSKA W BIELSKU-BIA\u0141EJ &#8211; 696 PKT<\/strong><\/p>\n\n\n\n<p>1.GRA\u017bYNA MARTINI- KAMI\u0143SKA &#8211; 415 PKT<br>2.ROMAN PAWLAS &#8211; 281 PKT<\/p>\n\n\n\n<p><strong>3 MIEJSCE &#8211; OKR\u0118GOWA IZBA LEKARSKA W ZIELONEJ G\u00d3RZE &#8211; 885 PKT<\/strong><\/p>\n\n\n\n<p>1.J\u00d3ZEF SAFIAN &#8211; 380 PKT<br>2.ARTUR FERENCZ &#8211; 330 PKT<br>3.LECH BORKOWSKI &#8211; 175 PKT<\/p>\n\n\n\n<p><strong>2 MIEJSCE &#8211; DOLNO\u015aL\u0104SKA IZBA LEKARSKA &#8211; 1119 PKT (979 PKT + 140 PKT)<\/strong><\/p>\n\n\n\n<p>1.KRYWIAK MARCIN &#8211; 440 PKT (310 PKT + 140 PKT OPEN)<br>2.\u015aWIERAD STANIS\u0141AW &#8211; 380 PKT<br>3.MAREK PUDE\u0141KO &#8211; 281 PKT<\/p>\n\n\n\n<p><strong><span class=\"has-inline-color has-vivid-red-color\">1 MIEJSCE &#8211; WIELKOPOLSKA IZBA LEKARSKA- 1130 PKT<\/span><\/strong><\/p>\n\n\n\n<p><strong><span class=\"has-inline-color has-vivid-red-color\">1.ANNA KOMAR \u2013 450 PKT<br>2.MA\u0141GORZATA PAWELEC-WOJTALIK \u2013 340 PKT<br>3.RYSZARD KOCZOROWSKI \u2013 340 PKT<\/span><\/strong><\/p>\n\n\n\n<figure class=\"wp-block-image size-large\"><img loading=\"lazy\" decoding=\"async\" width=\"768\" height=\"1024\" src=\"https:\/\/pstl.pl\/wp-content\/uploads\/2022\/07\/WhatsApp-Image-2022-07-19-at-23.19.21-768x1024.jpeg\" alt=\"\" class=\"wp-image-1771\" srcset=\"https:\/\/pstl.pl\/wp-content\/uploads\/2022\/07\/WhatsApp-Image-2022-07-19-at-23.19.21-768x1024.jpeg 768w, https:\/\/pstl.pl\/wp-content\/uploads\/2022\/07\/WhatsApp-Image-2022-07-19-at-23.19.21-225x300.jpeg 225w, https:\/\/pstl.pl\/wp-content\/uploads\/2022\/07\/WhatsApp-Image-2022-07-19-at-23.19.21-1152x1536.jpeg 1152w, https:\/\/pstl.pl\/wp-content\/uploads\/2022\/07\/WhatsApp-Image-2022-07-19-at-23.19.21.jpeg 1200w\" sizes=\"auto, (max-width: 767px) 89vw, (max-width: 1000px) 54vw, (max-width: 1071px) 543px, 580px\" \/><\/figure>\n","protected":false},"excerpt":{"rendered":"<p>10 MIEJSCE &#8211; OKR\u0118GOWA IZBA LEKARSKA W GDA\u0143SKU \u2013 335 PKT 1. TOMASZ ZWIERSKI &#8211; 180 PKT2. OLIVER SABO &#8211; 120 PKT3. ZBIGNIEW JAB\u0141O\u0143SKI &#8211; 35 PKT 9 MIEJSCE &#8211; LUBELSKA IZBA LEKARSKA &#8211; 338 PKT 1.JOANNA SZAFRANEK-PYZEL &#8211; 138 PKT2.KRZYSZTOF MICHA\u0141OWSKI &#8211; 120 PKT3.J\u00d3ZEF SZAFRANEK &#8211; 80 PKT 8 MIEJSCE &#8211; OKR\u0118GOWA IZBA LEKARSKA &hellip; <\/p>\n<p class=\"link-more\"><a href=\"https:\/\/pstl.pl\/index.php\/puchar-izb-lekarskich-2021-22\/\" class=\"more-link\">Czytaj dalej<span class=\"screen-reader-text\"> \u201ePuchar Izb Lekarskich 2021\/22\u201d<\/span><\/a><\/p>\n","protected":false},"author":1,"featured_media":0,"parent":0,"menu_order":0,"comment_status":"closed","ping_status":"closed","template":"","meta":{"footnotes":""},"class_list":["post-1722","page","type-page","status-publish","hentry"],"_links":{"self":[{"href":"https:\/\/pstl.pl\/index.php\/wp-json\/wp\/v2\/pages\/1722","targetHints":{"allow":["GET"]}}],"collection":[{"href":"https:\/\/pstl.pl\/index.php\/wp-json\/wp\/v2\/pages"}],"about":[{"href":"https:\/\/pstl.pl\/index.php\/wp-json\/wp\/v2\/types\/page"}],"author":[{"embeddable":true,"href":"https:\/\/pstl.pl\/index.php\/wp-json\/wp\/v2\/users\/1"}],"replies":[{"embeddable":true,"href":"https:\/\/pstl.pl\/index.php\/wp-json\/wp\/v2\/comments?post=1722"}],"version-history":[{"count":2,"href":"https:\/\/pstl.pl\/index.php\/wp-json\/wp\/v2\/pages\/1722\/revisions"}],"predecessor-version":[{"id":1772,"href":"https:\/\/pstl.pl\/index.php\/wp-json\/wp\/v2\/pages\/1722\/revisions\/1772"}],"wp:attachment":[{"href":"https:\/\/pstl.pl\/index.php\/wp-json\/wp\/v2\/media?parent=1722"}],"curies":[{"name":"wp","href":"https:\/\/api.w.org\/{rel}","templated":true}]}}