{"id":1673,"date":"2022-06-22T15:31:00","date_gmt":"2022-06-22T15:31:00","guid":{"rendered":"https:\/\/pstl.pl\/?page_id=1673"},"modified":"2022-06-28T11:37:54","modified_gmt":"2022-06-28T11:37:54","slug":"xxxii-letnie-mistrzostwa-polski-lekarzy-w-tenisie-zywiec-2022","status":"publish","type":"page","link":"https:\/\/pstl.pl\/index.php\/xxxii-letnie-mistrzostwa-polski-lekarzy-w-tenisie-zywiec-2022\/","title":{"rendered":"XXXII Letnie Mistrzostwa Polski Lekarzy w Tenisie &#8211; \u017bywiec 2022"},"content":{"rendered":"\n<p><\/p>\n\n\n\n<p><strong>Tenis Park \u017bywiec 1918, m\u0105czka<\/strong><\/p>\n\n\n\n<p><strong>16-19.06.2022 r. (czwartek-niedziela)<\/strong><\/p>\n\n\n\n<p><a href=\"https:\/\/pstl.pl\/wp-content\/uploads\/2022\/05\/komunikat-turniejowy-zywiec-2022.pdf\"><u>KOMUNIKAT TURNIEJOWY<\/u><\/a><\/p>\n\n\n\n<p><\/p>\n\n\n\n<p>XXXII Letnie Mistrzostwa Polski Lekarzy w Tenisie odby\u0142y si\u0119 na kortach Tenis Park \u017bywiec 1918. Turniej zgromadzi\u0142 ponad 100 uczestnik\u00f3w. Puchar Burmistrza miasta \u017bywiec dla najlepszych zawodnik\u00f3w turnieju otrzymali Olesja Szpak i Micha\u0142 Dyrda.<br>Tradycyjnie, na letnich mistrzostwach wr\u0119czono r\u00f3wnie\u017c nagrody liderom singlowego i deblowego rankingu PSTL za sezon 2021. Zwyci\u0119stwo w rozgrywkach dru\u017cynowych zdoby\u0142a Wielkopolska Izba Lekarska, kt\u00f3rej reprezentanci otrzymali okaza\u0142y 'Puchar Izb Lekarskich&#8217;. Podczas turnieju odby\u0142o si\u0119 r\u00f3wnie\u017c Walne Zebranie Sprawozdawczo \u2013 Wyborcze Cz\u0142onk\u00f3w Polskiego Stowarzyszenia Tenisowego Lekarzy, podczas kt\u00f3rego wybrano nowy Zarz\u0105d PSTL na lata 2022-2026. <\/p>\n\n\n\n<p><br><strong>Z\u0141OCI MEDALI\u015aCI MP<\/strong> <\/p>\n\n\n\n<p><strong>Singiel kobiet<\/strong><br>Open &#8211; Olesja Szpak<br>W45 &#8211; Anna Komar<br>W55 &#8211; Gra\u017cyna Martini-Kami\u0144ska<br>W60 &#8211; Bo\u017cena K\u0119dzierska<\/p>\n\n\n\n<p><br><strong>Singiel m\u0119\u017cczyzn<\/strong><br>Open &#8211; Micha\u0142 Dyrda<br>M35 &#8211; Marcin Krywiak<br>M50 &#8211; Micha\u0142 J\u0119drzejewski<br>M55 &#8211; Dariusz Gajecki<br>M60 &#8211; Artur Ferencz<br>M65 &#8211; Zdzis\u0142aw Hrynkiewicz<br>M70 &#8211; Ryszard Koczorowski<br>M75 &#8211; J\u00f3zef Safian<\/p>\n\n\n\n<p><strong>Debel kobiet<\/strong><br>Open &#8211; Anna Le\u015bnikowska i Aleksandra \u017berdzi\u0144ska<br>WD 45 &#8211; Anna Komar i Gra\u017cyna Martini-Kami\u0144ska<br>WD55 &#8211; Bo\u017cena K\u0119dzierska i Ma\u0142gorzata Pawelec-Wojtalik<\/p>\n\n\n\n<p><br><strong>Debel m\u0119\u017cczyzn<\/strong><br>Open &#8211; Micha\u0142 Dyrda i Marcin Pokrzywnicki<br>MD45 &#8211; Maciej \u0141ukasiewicz i Wojciech Wawrzynek<br>MD55 &#8211; Pawe\u0142 \u0141ysikowski i Tomasz Maziak<br>MD65  &#8211; Jerzy Glabisz i Bogus\u0142aw Rataj<br>MD75  &#8211; J\u00f3zef Safian I Stanis\u0142aw Solarski<\/p>\n\n\n\n<p><strong>Gra mieszana<\/strong><br>do 100 lat &#8211; Olesja Szpak i Marcin Krywiak<br>powy\u017cej 100 lat &#8211; Ma\u0142gorzata Pawelec-Wojtalik i Robert Kowalczyk<\/p>\n\n\n\n<p><\/p>\n\n\n\n<p><strong>WYNIKI:<\/strong><\/p>\n\n\n\n<div class=\"wp-block-file\"><a href=\"https:\/\/pstl.pl\/wp-content\/uploads\/2022\/06\/K-singiel-open.pdf\">K-singiel-open<\/a><a href=\"https:\/\/pstl.pl\/wp-content\/uploads\/2022\/06\/K-singiel-open.pdf\" class=\"wp-block-file__button\" download>Pobierz<\/a><\/div>\n\n\n\n<div class=\"wp-block-file\"><a href=\"https:\/\/pstl.pl\/wp-content\/uploads\/2022\/06\/K-singiel-45.pdf\">K-singiel-45<\/a><a href=\"https:\/\/pstl.pl\/wp-content\/uploads\/2022\/06\/K-singiel-45.pdf\" class=\"wp-block-file__button\" download>Pobierz<\/a><\/div>\n\n\n\n<div class=\"wp-block-file\"><a href=\"https:\/\/pstl.pl\/wp-content\/uploads\/2022\/06\/K-singiel-55.pdf\">K-singiel-55<\/a><a href=\"https:\/\/pstl.pl\/wp-content\/uploads\/2022\/06\/K-singiel-55.pdf\" class=\"wp-block-file__button\" download>Pobierz<\/a><\/div>\n\n\n\n<div class=\"wp-block-file\"><a href=\"https:\/\/pstl.pl\/wp-content\/uploads\/2022\/06\/K-singiel-60.pdf\">K-singiel-60<\/a><a href=\"https:\/\/pstl.pl\/wp-content\/uploads\/2022\/06\/K-singiel-60.pdf\" class=\"wp-block-file__button\" download>Pobierz<\/a><\/div>\n\n\n\n<div class=\"wp-block-file\"><a href=\"https:\/\/pstl.pl\/wp-content\/uploads\/2022\/06\/M-singiel-open.pdf\">M-singiel-open<\/a><a href=\"https:\/\/pstl.pl\/wp-content\/uploads\/2022\/06\/M-singiel-open.pdf\" class=\"wp-block-file__button\" download>Pobierz<\/a><\/div>\n\n\n\n<div class=\"wp-block-file\"><a href=\"https:\/\/pstl.pl\/wp-content\/uploads\/2022\/06\/M-singiel-35.pdf\">M-singiel-35<\/a><a href=\"https:\/\/pstl.pl\/wp-content\/uploads\/2022\/06\/M-singiel-35.pdf\" class=\"wp-block-file__button\" download>Pobierz<\/a><\/div>\n\n\n\n<div class=\"wp-block-file\"><a href=\"https:\/\/pstl.pl\/wp-content\/uploads\/2022\/06\/M-singiel-50.pdf\">M-singiel-50<\/a><a href=\"https:\/\/pstl.pl\/wp-content\/uploads\/2022\/06\/M-singiel-50.pdf\" class=\"wp-block-file__button\" download>Pobierz<\/a><\/div>\n\n\n\n<div class=\"wp-block-file\"><a href=\"https:\/\/pstl.pl\/wp-content\/uploads\/2022\/06\/M-singiel-55.pdf\">M-singiel-55<\/a><a href=\"https:\/\/pstl.pl\/wp-content\/uploads\/2022\/06\/M-singiel-55.pdf\" class=\"wp-block-file__button\" download>Pobierz<\/a><\/div>\n\n\n\n<div class=\"wp-block-file\"><a href=\"https:\/\/pstl.pl\/wp-content\/uploads\/2022\/06\/M-singiel-60.pdf\">M-singiel-60<\/a><a href=\"https:\/\/pstl.pl\/wp-content\/uploads\/2022\/06\/M-singiel-60.pdf\" class=\"wp-block-file__button\" download>Pobierz<\/a><\/div>\n\n\n\n<div class=\"wp-block-file\"><a href=\"https:\/\/pstl.pl\/wp-content\/uploads\/2022\/06\/M-singiel-65.pdf\">M-singiel-65<\/a><a href=\"https:\/\/pstl.pl\/wp-content\/uploads\/2022\/06\/M-singiel-65.pdf\" class=\"wp-block-file__button\" download>Pobierz<\/a><\/div>\n\n\n\n<div class=\"wp-block-file\"><a href=\"https:\/\/pstl.pl\/wp-content\/uploads\/2022\/06\/M-singiel-70.pdf\">M-singiel-70<\/a><a href=\"https:\/\/pstl.pl\/wp-content\/uploads\/2022\/06\/M-singiel-70.pdf\" class=\"wp-block-file__button\" download>Pobierz<\/a><\/div>\n\n\n\n<div class=\"wp-block-file\"><a href=\"https:\/\/pstl.pl\/wp-content\/uploads\/2022\/06\/M-singiel-80.pdf\">M-singiel-80<\/a><a href=\"https:\/\/pstl.pl\/wp-content\/uploads\/2022\/06\/M-singiel-80.pdf\" class=\"wp-block-file__button\" download>Pobierz<\/a><\/div>\n\n\n\n<div class=\"wp-block-file\"><a href=\"https:\/\/pstl.pl\/wp-content\/uploads\/2022\/06\/K-debel-open.pdf\">K-debel-open<\/a><a href=\"https:\/\/pstl.pl\/wp-content\/uploads\/2022\/06\/K-debel-open.pdf\" class=\"wp-block-file__button\" download>Pobierz<\/a><\/div>\n\n\n\n<div class=\"wp-block-file\"><a href=\"https:\/\/pstl.pl\/wp-content\/uploads\/2022\/06\/K-debel-45.pdf\">K-debel-45<\/a><a href=\"https:\/\/pstl.pl\/wp-content\/uploads\/2022\/06\/K-debel-45.pdf\" class=\"wp-block-file__button\" download>Pobierz<\/a><\/div>\n\n\n\n<div class=\"wp-block-file\"><a href=\"https:\/\/pstl.pl\/wp-content\/uploads\/2022\/06\/K-debel-55.pdf\">K-debel-55<\/a><a href=\"https:\/\/pstl.pl\/wp-content\/uploads\/2022\/06\/K-debel-55.pdf\" class=\"wp-block-file__button\" download>Pobierz<\/a><\/div>\n\n\n\n<div class=\"wp-block-file\"><a href=\"https:\/\/pstl.pl\/wp-content\/uploads\/2022\/06\/M-debel-open.pdf\">M-debel-open<\/a><a href=\"https:\/\/pstl.pl\/wp-content\/uploads\/2022\/06\/M-debel-open.pdf\" class=\"wp-block-file__button\" download>Pobierz<\/a><\/div>\n\n\n\n<div class=\"wp-block-file\"><a href=\"https:\/\/pstl.pl\/wp-content\/uploads\/2022\/06\/M-debel-45.pdf\">M-debel-45<\/a><a href=\"https:\/\/pstl.pl\/wp-content\/uploads\/2022\/06\/M-debel-45.pdf\" class=\"wp-block-file__button\" download>Pobierz<\/a><\/div>\n\n\n\n<div class=\"wp-block-file\"><a href=\"https:\/\/pstl.pl\/wp-content\/uploads\/2022\/06\/M-debel-55.pdf\">M-debel-55<\/a><a href=\"https:\/\/pstl.pl\/wp-content\/uploads\/2022\/06\/M-debel-55.pdf\" class=\"wp-block-file__button\" download>Pobierz<\/a><\/div>\n\n\n\n<div class=\"wp-block-file\"><a href=\"https:\/\/pstl.pl\/wp-content\/uploads\/2022\/06\/M-debel-65.pdf\">M-debel-65<\/a><a href=\"https:\/\/pstl.pl\/wp-content\/uploads\/2022\/06\/M-debel-65.pdf\" class=\"wp-block-file__button\" download>Pobierz<\/a><\/div>\n\n\n\n<div class=\"wp-block-file\"><a href=\"https:\/\/pstl.pl\/wp-content\/uploads\/2022\/06\/M-debel-75.pdf\">M-debel-75<\/a><a href=\"https:\/\/pstl.pl\/wp-content\/uploads\/2022\/06\/M-debel-75.pdf\" class=\"wp-block-file__button\" download>Pobierz<\/a><\/div>\n\n\n\n<div class=\"wp-block-file\"><a href=\"https:\/\/pstl.pl\/wp-content\/uploads\/2022\/06\/Pocieszenie-M.pdf\">Pocieszenie-M<\/a><a href=\"https:\/\/pstl.pl\/wp-content\/uploads\/2022\/06\/Pocieszenie-M.pdf\" class=\"wp-block-file__button\" download>Pobierz<\/a><\/div>\n\n\n\n<div class=\"wp-block-file\"><a href=\"https:\/\/pstl.pl\/wp-content\/uploads\/2022\/06\/Mikst-ponizej-100-lat.pdf\">Mikst-ponizej-100-lat<\/a><a href=\"https:\/\/pstl.pl\/wp-content\/uploads\/2022\/06\/Mikst-ponizej-100-lat.pdf\" class=\"wp-block-file__button\" download>Pobierz<\/a><\/div>\n\n\n\n<div class=\"wp-block-file\"><a href=\"https:\/\/pstl.pl\/wp-content\/uploads\/2022\/06\/Mikst-100.pdf\">Mikst-100<\/a><a href=\"https:\/\/pstl.pl\/wp-content\/uploads\/2022\/06\/Mikst-100.pdf\" class=\"wp-block-file__button\" download>Pobierz<\/a><\/div>\n\n\n\n<p><\/p>\n\n\n\n<p><strong>ZDJ\u0118CIA<\/strong> -> <a href=\"https:\/\/imgur.com\/a\/c5zz0OS\" data-type=\"URL\" data-id=\"https:\/\/imgur.com\/a\/c5zz0OS\" target=\"_blank\" rel=\"noreferrer noopener\">TUTAJ<\/a><\/p>\n","protected":false},"excerpt":{"rendered":"<p>Tenis Park \u017bywiec 1918, m\u0105czka 16-19.06.2022 r. (czwartek-niedziela) KOMUNIKAT TURNIEJOWY XXXII Letnie Mistrzostwa Polski Lekarzy w Tenisie odby\u0142y si\u0119 na kortach Tenis Park \u017bywiec 1918. Turniej zgromadzi\u0142 ponad 100 uczestnik\u00f3w. Puchar Burmistrza miasta \u017bywiec dla najlepszych zawodnik\u00f3w turnieju otrzymali Olesja Szpak i Micha\u0142 Dyrda.Tradycyjnie, na letnich mistrzostwach wr\u0119czono r\u00f3wnie\u017c nagrody liderom singlowego i deblowego rankingu &hellip; <\/p>\n<p class=\"link-more\"><a href=\"https:\/\/pstl.pl\/index.php\/xxxii-letnie-mistrzostwa-polski-lekarzy-w-tenisie-zywiec-2022\/\" class=\"more-link\">Czytaj dalej<span class=\"screen-reader-text\"> \u201eXXXII Letnie Mistrzostwa Polski Lekarzy w Tenisie &#8211; \u017bywiec 2022\u201d<\/span><\/a><\/p>\n","protected":false},"author":1,"featured_media":0,"parent":0,"menu_order":0,"comment_status":"closed","ping_status":"closed","template":"","meta":{"footnotes":""},"class_list":["post-1673","page","type-page","status-publish","hentry"],"_links":{"self":[{"href":"https:\/\/pstl.pl\/index.php\/wp-json\/wp\/v2\/pages\/1673","targetHints":{"allow":["GET"]}}],"collection":[{"href":"https:\/\/pstl.pl\/index.php\/wp-json\/wp\/v2\/pages"}],"about":[{"href":"https:\/\/pstl.pl\/index.php\/wp-json\/wp\/v2\/types\/page"}],"author":[{"embeddable":true,"href":"https:\/\/pstl.pl\/index.php\/wp-json\/wp\/v2\/users\/1"}],"replies":[{"embeddable":true,"href":"https:\/\/pstl.pl\/index.php\/wp-json\/wp\/v2\/comments?post=1673"}],"version-history":[{"count":3,"href":"https:\/\/pstl.pl\/index.php\/wp-json\/wp\/v2\/pages\/1673\/revisions"}],"predecessor-version":[{"id":1706,"href":"https:\/\/pstl.pl\/index.php\/wp-json\/wp\/v2\/pages\/1673\/revisions\/1706"}],"wp:attachment":[{"href":"https:\/\/pstl.pl\/index.php\/wp-json\/wp\/v2\/media?parent=1673"}],"curies":[{"name":"wp","href":"https:\/\/api.w.org\/{rel}","templated":true}]}}