{"id":1611,"date":"2022-05-22T16:40:28","date_gmt":"2022-05-22T16:40:28","guid":{"rendered":"https:\/\/pstl.pl\/?page_id=1611"},"modified":"2022-05-22T17:23:44","modified_gmt":"2022-05-22T17:23:44","slug":"turniej-pstl-lodz-2022","status":"publish","type":"page","link":"https:\/\/pstl.pl\/index.php\/turniej-pstl-lodz-2022\/","title":{"rendered":"Turniej PSTL &#8211; \u0141\u00f3d\u017a 2022"},"content":{"rendered":"\n<p><strong>Og\u00f3lnopolski Turniej Tenisowy Lekarzy ,,Memoria\u0142 dra Andrzeja Jasi\u0144skiego\u201d<\/strong><\/p>\n\n\n\n<p><strong>\u0141\u00f3d\u017a<\/strong>&nbsp;<strong>(Choje\u0144ski Klub Sportowy, m\u0105czka)<\/strong><\/p>\n\n\n\n<p><strong>13-15.05.2022 r. (pi\u0105tek-niedziela)<\/strong><strong><\/strong><\/p>\n\n\n\n<p><strong><a href=\"https:\/\/pstl.pl\/wp-content\/uploads\/2022\/04\/Komunikat-turniejowy-Lodz-13-15.05.22.pdf\"><u>KOMUNIKT TURNIEJOWY<\/u><\/a><\/strong><\/p>\n\n\n\n<p><\/p>\n\n\n\n<p><strong>Wyniki, drabinki, grupy<\/strong> -> <a href=\"https:\/\/pstl.pl\/wp-content\/uploads\/2022\/05\/OTT-LEKARZY-2022-1.ods\" data-type=\"URL\" data-id=\"https:\/\/pstl.pl\/wp-content\/uploads\/2022\/05\/OTT-LEKARZY-2022-1.ods\" target=\"_blank\" rel=\"noreferrer noopener\">TUTAJ<\/a><\/p>\n\n\n\n<p><strong>Zdj\u0119cia<\/strong> -> <a href=\"https:\/\/imgur.com\/a\/6rjfAyd\" data-type=\"URL\" data-id=\"https:\/\/imgur.com\/a\/6rjfAyd\" target=\"_blank\" rel=\"noreferrer noopener\">TUTAJ<\/a><\/p>\n\n\n\n<p>Puchar fair play ufundowany przez Wies\u0142awa Lewandowskiego otrzyma\u0142 Marek Komar, puchar Angory dla Jana Kubickiego.<\/p>\n","protected":false},"excerpt":{"rendered":"<p>Og\u00f3lnopolski Turniej Tenisowy Lekarzy ,,Memoria\u0142 dra Andrzeja Jasi\u0144skiego\u201d \u0141\u00f3d\u017a&nbsp;(Choje\u0144ski Klub Sportowy, m\u0105czka) 13-15.05.2022 r. (pi\u0105tek-niedziela) KOMUNIKT TURNIEJOWY Wyniki, drabinki, grupy -> TUTAJ Zdj\u0119cia -> TUTAJ Puchar fair play ufundowany przez Wies\u0142awa Lewandowskiego otrzyma\u0142 Marek Komar, puchar Angory dla Jana Kubickiego.<\/p>\n","protected":false},"author":1,"featured_media":0,"parent":0,"menu_order":0,"comment_status":"closed","ping_status":"closed","template":"","meta":{"footnotes":""},"class_list":["post-1611","page","type-page","status-publish","hentry"],"_links":{"self":[{"href":"https:\/\/pstl.pl\/index.php\/wp-json\/wp\/v2\/pages\/1611","targetHints":{"allow":["GET"]}}],"collection":[{"href":"https:\/\/pstl.pl\/index.php\/wp-json\/wp\/v2\/pages"}],"about":[{"href":"https:\/\/pstl.pl\/index.php\/wp-json\/wp\/v2\/types\/page"}],"author":[{"embeddable":true,"href":"https:\/\/pstl.pl\/index.php\/wp-json\/wp\/v2\/users\/1"}],"replies":[{"embeddable":true,"href":"https:\/\/pstl.pl\/index.php\/wp-json\/wp\/v2\/comments?post=1611"}],"version-history":[{"count":3,"href":"https:\/\/pstl.pl\/index.php\/wp-json\/wp\/v2\/pages\/1611\/revisions"}],"predecessor-version":[{"id":1618,"href":"https:\/\/pstl.pl\/index.php\/wp-json\/wp\/v2\/pages\/1611\/revisions\/1618"}],"wp:attachment":[{"href":"https:\/\/pstl.pl\/index.php\/wp-json\/wp\/v2\/media?parent=1611"}],"curies":[{"name":"wp","href":"https:\/\/api.w.org\/{rel}","templated":true}]}}