{"id":1362,"date":"2021-10-19T20:54:19","date_gmt":"2021-10-19T20:54:19","guid":{"rendered":"https:\/\/pstl.pl\/?page_id=1362"},"modified":"2022-01-15T17:03:34","modified_gmt":"2022-01-15T17:03:34","slug":"50-mistrzostwa-swiata-lekarzy-w-tenisie-turcja-2021","status":"publish","type":"page","link":"https:\/\/pstl.pl\/index.php\/50-mistrzostwa-swiata-lekarzy-w-tenisie-turcja-2021\/","title":{"rendered":"50. Mistrzostwa \u015awiata Lekarzy w Tenisie &#8211; Turcja 2021"},"content":{"rendered":"\n<p>Od 9 do 15 pa\u017adziernika 2021 roku w Turcji, w s\u0142onecznym Belek w prowincji Antalya nad Morzem \u015ar\u00f3dziemnym odbywa\u0142y si\u0119 jubileuszowe 50. Mistrzostwa \u015awiata Lekarzy w Tenisie pod egid\u0105 WMTS (World Medical Tennis Society). 21 lekarzy oraz dentyst\u00f3w z Polski zdoby\u0142o \u0142\u0105cznie 33 medale: 15 z\u0142otych, 10 srebrnych oraz 8 br\u0105zowych. Najbardziej warto\u015bciowym osi\u0105gnieciem by\u0142o zaj\u0119cie przez m\u0119sk\u0105 reprezentacj\u0119 Polski 1 miejsca w Pucharze Narod\u00f3w (Nations Cup), co uda\u0142o si\u0119 dopiero pierwszy raz w historii. Bia\u0142o-czerwona dru\u017cyna w sk\u0142adzie: Marcin Pokrzywnicki, Tomasz Maziak, Dariusz Gajecki, Robert Telega oraz Robert Kowalczyk pokona\u0142a kolejno Rosjan, Czech\u00f3w, W\u0142och\u00f3w oraz \u0141otyszy i tym samym okaza\u0142y, przechodni Puchar Narod\u00f3w pow\u0119drowa\u0142 na kolejny rok do naszego kraju. Dzielnie walczy\u0142a r\u00f3wnie\u017c nasza reprezentacja kobiet w sk\u0142adzie: Olesja Szpak, Ma\u0142gorzata Pawelec-Wojtalik, Anna Komar, Bo\u017cena K\u0119dzierska, Agata Wojciuk. Polki by\u0142y blisko obrony z\u0142otego medalu sprzed 2 lat z Wilna, ale jednak w finale ostatecznie musia\u0142y w decyduj\u0105cej rozgrywce deblowej uzna\u0107 wy\u017cszo\u015b\u0107 reprezentacji Litwy. Kolejne Mistrzostwa \u015awiata w 2022 roku odb\u0119d\u0105 si\u0119 w Stanach Zjednoczonych w Orlando na Florydzie od 23 do 29 pa\u017adziernika.<\/p>\n\n\n\n<pre class=\"wp-block-verse\"><\/pre>\n\n\n\n<p><strong>Z\u0142ote medale: 15<\/strong><\/p>\n\n\n\n<p><strong>Srebrne medale: 10<\/strong><\/p>\n\n\n\n<p><strong>Br\u0105zowe medale: 8<\/strong><\/p>\n\n\n\n<p><strong>\u0141\u0104CZNIE: 33<\/strong><\/p>\n\n\n\n<pre class=\"wp-block-verse\"><\/pre>\n\n\n\n<p><strong>POLSCY MEDALI\u015aCI:<\/strong><\/p>\n\n\n\n<p><strong>Agata Wojciuk<\/strong>: z\u0142oty medal w kategorii singiel +40, debel open, mikst +40, srebrny medal w Nations Cup (Puchar Narod\u00f3w)<\/p>\n\n\n\n<p><strong>Ma\u0142gorzata Pawelec-Wojtalik<\/strong>: z\u0142oty medal w kategorii singiel +60, debel +60, srebrny medal w Nations Cup (Puchar Narod\u00f3w), kategorii mikst +60<\/p>\n\n\n\n<p><strong>Bo\u017cena K\u0119dzierska<\/strong>: z\u0142oty medal w kategorii singiel +70, debel +60, mikst +60, srebrny medal w Nations Cup (Puchar Narod\u00f3w)<\/p>\n\n\n\n<p><strong>Tomasz Maziak<\/strong>: z\u0142oty medal w kategorii singiel +60, mikst +60, Nations Cup (Puchar Narod\u00f3w), br\u0105zowy medal w kategorii debel +60<\/p>\n\n\n\n<p><strong>J\u00f3zef Safian<\/strong>: z\u0142oty medal w kategorii singiel +80, debel +75<\/p>\n\n\n\n<p><strong>Olesja Szpak<\/strong>: z\u0142oty medal w kategorii debel open, mikst open, srebrny medal w Nations Cup (Puchar Narod\u00f3w), srebrny medal w kategorii singiel open<\/p>\n\n\n\n<p><strong>Jerzy Talarczyk<\/strong>: z\u0142oty medal w kategorii debel +65, pocieszenie singiel +65<\/p>\n\n\n\n<p><strong>Bogdan Solarski<\/strong>: z\u0142oty medal w kategorii debel +65, srebrny medal w kategorii +80<\/p>\n\n\n\n<p><strong>Marcin Pokrzywnicki<\/strong>: z\u0142oty medal w kategorii mikst open, Nations Cup (Puchar Narod\u00f3w), br\u0105zowy medal w kategorii debel open, br\u0105zowy medal w kategorii singiel open<\/p>\n\n\n\n<p><strong>Robert Telega<\/strong>: z\u0142oty medal w kategorii mikst +40, Nations Cup (Puchar Narod\u00f3w), srebrny medal w kategorii debel +50, br\u0105zowy medal w kategorii singiel +50<\/p>\n\n\n\n<p><strong>Bogus\u0142aw Rataj<\/strong>: z\u0142oty medal w karegorii pocieszenie mikst +50, srebrny medal w kategorii debel +55<\/p>\n\n\n\n<p><strong>Gra\u017cyna Martini-Kami\u0144ska<\/strong>: z\u0142oty medal w kategorii pocieszenie mikst +50, br\u0105zowy medal w kategorii debel +50<\/p>\n\n\n\n<p><strong>Dariusz Gajecki<\/strong>: z\u0142oty medal w Nations Cup (Puchar Narod\u00f3w), srebrny medal w kategorii debel +55<\/p>\n\n\n\n<p><strong>Anna Komar<\/strong>: srebrny medal w Nations Cup (Puchar Narod\u00f3w), br\u0105zowy medal w kategorii mikst +50, debel +50<\/p>\n\n\n\n<p><strong>Bart\u0142omiej Ptak<\/strong>: srebrny medal w kategorii singiel +40, br\u0105zowy medal w kategorii debel open<\/p>\n\n\n\n<p><strong>Jakub Kornacki<\/strong>: srebrny medal w kategorii singiel +45<\/p>\n\n\n\n<p><strong>Robert Kowalczyk<\/strong>: srebrny medal w kategorii singiel +55, debel +50, br\u0105zowy medal w kategorii mikst +50<\/p>\n\n\n\n<p><strong>Zdzis\u0142aw Plicner<\/strong>: srebrny medal w kategorii singiel +75, br\u0105zowy medal w kategorii mikst +75<\/p>\n\n\n\n<p><strong>Marek Pude\u0142ko<\/strong>: br\u0105zowy medal w kategorii singiel +60, debel +60<\/p>\n\n\n\n<p><strong>Helena Plicner<\/strong>: br\u0105zowy medal w kategorii mikst +75<\/p>\n\n\n\n<pre class=\"wp-block-verse\"><\/pre>\n\n\n\n<p><strong>Sk\u0142ad m\u0119skiej dru\u017cyny w Nations Cup (Puchar Narod\u00f3w)<\/strong>: Marcin Pokrzywnicki, Tomasz Maziak, Dariusz Gajecki, Robert Telega, Robert Kowalczyk<\/p>\n\n\n\n<p><strong>Sk\u0142ad \u017ce\u0144skiej dru\u017cyny w Nations Cup (Puchar Narod\u00f3w)<\/strong>: Olesja Szpak, Ma\u0142gorzata Pawelec-Wojtalik, Anna Komar, Agata Wojciuk, Bo\u017cena K\u0119dzierska<\/p>\n\n\n\n<pre class=\"wp-block-verse\"><\/pre>\n\n\n\n<p><strong>WYNIKI:<\/strong><\/p>\n\n\n\n<div class=\"wp-block-file\"><a href=\"https:\/\/pstl.pl\/wp-content\/uploads\/2021\/10\/NATIONS-CUP-PROGRAM.xlsx\">Puchar Narod\u00f3w<\/a><a href=\"https:\/\/pstl.pl\/wp-content\/uploads\/2021\/10\/NATIONS-CUP-PROGRAM.xlsx\" class=\"wp-block-file__button\" download>Pobierz<\/a><\/div>\n\n\n\n<div class=\"wp-block-file\"><a href=\"https:\/\/pstl.pl\/wp-content\/uploads\/2021\/10\/50th-WMTS-round-robin.xls\">Grupy<\/a><a href=\"https:\/\/pstl.pl\/wp-content\/uploads\/2021\/10\/50th-WMTS-round-robin.xls\" class=\"wp-block-file__button\" download>Pobierz<\/a><\/div>\n\n\n\n<div class=\"wp-block-file\"><a href=\"https:\/\/pstl.pl\/wp-content\/uploads\/2021\/10\/50TH-WMTS-draws.xls\">Drabinki<\/a><a href=\"https:\/\/pstl.pl\/wp-content\/uploads\/2021\/10\/50TH-WMTS-draws.xls\" class=\"wp-block-file__button\" download>Pobierz<\/a><\/div>\n\n\n\n<div class=\"wp-block-file\"><a href=\"https:\/\/pstl.pl\/wp-content\/uploads\/2021\/10\/SIRALAMA.xlsx\">Medali\u015bci<\/a><a href=\"https:\/\/pstl.pl\/wp-content\/uploads\/2021\/10\/SIRALAMA.xlsx\" class=\"wp-block-file__button\" download>Pobierz<\/a><\/div>\n\n\n\n<h2 class=\"wp-block-heading\"><strong>ZDJ\u0118CIA<\/strong> -> <a href=\"https:\/\/imgur.com\/a\/DhUYFE7\">TUTAJ <\/a><\/h2>\n\n\n\n<h2 class=\"wp-block-heading\"><strong>VIDEO<\/strong> -> <a href=\"https:\/\/www.youtube.com\/watch?v=r9KvnfTVKYY\" data-type=\"URL\" data-id=\"https:\/\/www.youtube.com\/watch?v=r9KvnfTVKYY\" target=\"_blank\" rel=\"noreferrer noopener\">TUTAJ<\/a><\/h2>\n\n\n\n<h2 class=\"wp-block-heading\"><strong>Pozosta\u0142e zdj\u0119cia i filmy (od organizatora)<\/strong> -> <a href=\"https:\/\/www.wmtsturkey.com\/en\/photovideo-gallery\/\" data-type=\"URL\" data-id=\"https:\/\/www.wmtsturkey.com\/en\/photovideo-gallery\/\" target=\"_blank\" rel=\"noreferrer noopener\">TUTAJ<\/a><\/h2>\n\n\n\n<p><\/p>\n","protected":false},"excerpt":{"rendered":"<p>Od 9 do 15 pa\u017adziernika 2021 roku w Turcji, w s\u0142onecznym Belek w prowincji Antalya nad Morzem \u015ar\u00f3dziemnym odbywa\u0142y si\u0119 jubileuszowe 50. Mistrzostwa \u015awiata Lekarzy w Tenisie pod egid\u0105 WMTS (World Medical Tennis Society). 21 lekarzy oraz dentyst\u00f3w z Polski zdoby\u0142o \u0142\u0105cznie 33 medale: 15 z\u0142otych, 10 srebrnych oraz 8 br\u0105zowych. Najbardziej warto\u015bciowym osi\u0105gnieciem by\u0142o &hellip; <\/p>\n<p class=\"link-more\"><a href=\"https:\/\/pstl.pl\/index.php\/50-mistrzostwa-swiata-lekarzy-w-tenisie-turcja-2021\/\" class=\"more-link\">Czytaj dalej<span class=\"screen-reader-text\"> \u201e50. Mistrzostwa \u015awiata Lekarzy w Tenisie &#8211; Turcja 2021\u201d<\/span><\/a><\/p>\n","protected":false},"author":1,"featured_media":0,"parent":0,"menu_order":0,"comment_status":"closed","ping_status":"closed","template":"","meta":{"footnotes":""},"class_list":["post-1362","page","type-page","status-publish","hentry"],"_links":{"self":[{"href":"https:\/\/pstl.pl\/index.php\/wp-json\/wp\/v2\/pages\/1362","targetHints":{"allow":["GET"]}}],"collection":[{"href":"https:\/\/pstl.pl\/index.php\/wp-json\/wp\/v2\/pages"}],"about":[{"href":"https:\/\/pstl.pl\/index.php\/wp-json\/wp\/v2\/types\/page"}],"author":[{"embeddable":true,"href":"https:\/\/pstl.pl\/index.php\/wp-json\/wp\/v2\/users\/1"}],"replies":[{"embeddable":true,"href":"https:\/\/pstl.pl\/index.php\/wp-json\/wp\/v2\/comments?post=1362"}],"version-history":[{"count":10,"href":"https:\/\/pstl.pl\/index.php\/wp-json\/wp\/v2\/pages\/1362\/revisions"}],"predecessor-version":[{"id":1469,"href":"https:\/\/pstl.pl\/index.php\/wp-json\/wp\/v2\/pages\/1362\/revisions\/1469"}],"wp:attachment":[{"href":"https:\/\/pstl.pl\/index.php\/wp-json\/wp\/v2\/media?parent=1362"}],"curies":[{"name":"wp","href":"https:\/\/api.w.org\/{rel}","templated":true}]}}