{"id":125,"date":"2020-04-05T23:13:48","date_gmt":"2020-04-05T23:13:48","guid":{"rendered":"http:\/\/www.pstl.radwanskie.nstrefa.pl\/?page_id=125"},"modified":"2020-04-09T19:02:16","modified_gmt":"2020-04-09T19:02:16","slug":"49-mistrzostwa-swiata-lekarzy-w-tenisie-wilno-2019","status":"publish","type":"page","link":"https:\/\/pstl.pl\/index.php\/49-mistrzostwa-swiata-lekarzy-w-tenisie-wilno-2019\/","title":{"rendered":"49. MISTRZOSTWA \u015aWIATA LEKARZY W TENISIE &#8211; WILNO 2019"},"content":{"rendered":"\n<p>Wilno w dniach 3-12.08.2019 by\u0142o aren\u0105 zmaga\u0144 321 zawodnik\u00f3w z 29 kraj\u00f3w w ramach 49. Tenisowych Mistrzostw \u015awiata Lekarzy. Na czterech pi\u0119knych obiektach rozegrano \u0142\u0105cznie 869 pojedynk\u00f3w w 48 kategoriach. Polska reprezentacja zanotowa\u0142a najlepszy w historii wyst\u0119p zdobywaj\u0105c 31 medali (8 z\u0142otych, 5 srebrnych i 19 br\u0105zowych) i wygrywaj\u0105c klasyfikacj\u0119 medalow\u0105 przed ekipami USA (7-5-0) i Litwy (6-5-16).<\/p>\n\n\n\n<p>Nasza narodowa dru\u017cyna kobiet w sk\u0142adzie: Olesja Szpak, Agata Wojciuk, Anna Komar, Agnieszka Widziszowska, Gra\u017cyna Martini &#8211; Kami\u0144ska i Bo\u017cena K\u0119dzierska wygra\u0142a po dramatycznych bojach NATION CUP \u2013 po raz pierwszy w 49-letniej tradycji tych zawod\u00f3w. Okaza\u0142e trofeum b\u0119dzie go\u015bci\u0142o w Polsce przez rok &#8211; a\u017c do nast\u0119pnych Mistrzostw \u015awiata, kt\u00f3re zorganizuj\u0105 w pa\u017adzierniku 2020 lekarze z Turcji.<\/p>\n\n\n\n<p>W\u0142adze WMTS (World Medical Tennis Society) przyzna\u0142y Polsce organizacje mistrzostw w roku 2024 \u2013 to wielkie wyr\u00f3\u017cnienie i jednocze\u015bnie wyzwanie.<\/p>\n\n\n\n<p>R\u00f3wnocze\u015bnie z zawodami sportowymi odby\u0142a si\u0119 2-dniowa konferencja naukowa, w trakcie kt\u00f3rej wybitni specjali\u015bci z dziedziny medycyny sportowej, ortopedii i inni dzielili si\u0119 swoj\u0105 wiedz\u0105 z uczestnikami szkolenia. Warto podkre\u015bli\u0107 wspania\u0142\u0105 organizacj\u0119 zawod\u00f3w, pi\u0119knie przygotowane obiekty sportowe i niezawodny transport. Nad wszystkim czuwa\u0142 g\u0142\u00f3wny organizator \u2013 rektor Akademii Medycznej w Wilnie prof. Remigijus \u017dali\u016bnas. Zwie\u0144czeniem imprezy by\u0142a wykwintna kolacja na dziedzi\u0144cu Zamku Ksi\u0105\u017c\u0105t Litewskich, w takcie kt\u00f3rej wr\u0119czono zwyci\u0119skim dru\u017cynom pi\u0119kne puchary.<\/p>\n\n\n\n<p>Niezwyk\u0142a star\u00f3wka Wilna, go\u015bcinno\u015b\u0107 gospodarzy, a przede wszystkim cudowna atmosfera stworzona przez uczestnik\u00f3w Mistrzostw \u015awiata sprawi\u0142y, \u017ce sierpniowy tydzie\u0144 sp\u0119dzony na Litwie pozostanie na d\u0142ugo w pami\u0119ci ka\u017cdego z uczestnik\u00f3w.<\/p>\n\n\n\n<p>Polscy zawodnicy nie zapomnieli r\u00f3wnie\u017c o odwiedzeniu grob\u00f3w wielkich Polak\u00f3w na cmentarzu na Rosie i w kryptach katedry Wile\u0144skiej, a tak\u017ce wspania\u0142ych zabytk\u00f3w i historycznych miejsc w Wilnie i okolicach.<\/p>\n\n\n\n<p>Litwo &#8211; mamy nadziej\u0119 tu wr\u00f3ci\u0107 i zagra\u0107 jeszcze raz &#8211; powiedzia\u0142 kapitan m\u0119skiej dru\u017cyny niemieckiej Alexander Schamberger trzymaj\u0105c w r\u0119kach puchar Nation Cup. Podpisuje si\u0119 pod tym ca\u0142a 40-osobowa ekipa z Polski.<\/p>\n\n\n\n<p class=\"has-text-align-right\">Autor relacji: Lech Borkowski &#8211; wiceprezes PSTL<\/p>\n\n\n\n<p><\/p>\n\n\n\n<h2 class=\"wp-block-heading\"><strong>MEDALE POLSKICH LEKARZY<\/strong>:<\/h2>\n\n\n\n<p>Jan Paradowski \u2013 br\u0105zowy medal singiel open<\/p>\n\n\n\n<p>Robert Telega \u2013 z\u0142oty medal singiel +40<\/p>\n\n\n\n<p>Marcin Krywiak \u2013 z\u0142oty medal singiel +45<\/p>\n\n\n\n<p>Maciej Koczorowski \u2013 br\u0105zowy medal singiel +45<\/p>\n\n\n\n<p>Wojciech Pietrzak \u2013 br\u0105zowy medal singiel +55<\/p>\n\n\n\n<p>Artur Ferencz \u2013 br\u0105zowy medal singiel +55<\/p>\n\n\n\n<p>J\u00f3zef Safian \u2013 fianlista turnieju pocieszenia +75<\/p>\n\n\n\n<p>Bogdan Solarski \u2013 br\u0105zowy medal singiel +80<\/p>\n\n\n\n<p>Pawe\u0142 Garnuszek \u2013 br\u0105zowy medal singiel &#8222;Non Physician &#8222;<\/p>\n\n\n\n<p>Olesja Szpak \u2013 z\u0142oty medal singiel open<\/p>\n\n\n\n<p>Agata Wojciuk \u2013 z\u0142oty medal singiel +40<\/p>\n\n\n\n<p>Agnieszka Widziszowska \u2013 br\u0105zowy medal singiel +45<\/p>\n\n\n\n<p>Joanna Ga\u0142uszka-Garnuszek \u2013 br\u0105zowy medal singiel +50<\/p>\n\n\n\n<p>Gra\u017cyna Martini-Kami\u0144ska \u2013 br\u0105zowy medal singiel +55<\/p>\n\n\n\n<p>Bo\u017cena Klimczyk \u2013 1 miejsce w turnieju pocieszenia singiel +60<\/p>\n\n\n\n<p>Ma\u0142gorzata Pawelec-Wojtalik \u2013 br\u0105zowy medal singiel +65<\/p>\n\n\n\n<p>Bo\u017cena K\u0119dzierska \u2013 br\u0105zowy medal singiel +65<\/p>\n\n\n\n<p>Micha\u0142 Dyrda (z Tomas Fiala) \u2013 z\u0142oty medal debel open<\/p>\n\n\n\n<p>Jan Paradowski\/Marcin Krywiak \u2013 br\u0105zowy medal debel open<\/p>\n\n\n\n<p>Maciej Koczorowski\/Robert Telega \u2013 srebrny medal debel +45<\/p>\n\n\n\n<p>Wojciech Pietrzak\/Grzegorz Szel\u0105gowicz \u2013 z\u0142oty medal debel +50<\/p>\n\n\n\n<p>Artur Ferencz\/Lech Borkowski \u2013 srebrny medal debel +50<\/p>\n\n\n\n<p>Bogus\u0142aw Rataj\/Tomasz Maziak \u2013 br\u0105zowy medal debel +60<\/p>\n\n\n\n<p>Piotr Ko\u0142odziej (z Jozsef Szantho) \u2013 1 miejsce w turnieju pocieszenia debel +70<\/p>\n\n\n\n<p>J\u00f3zef Safian\/Zbigniew Nanowski \u2013 br\u0105zowy medal debel +75<\/p>\n\n\n\n<p>Bogdan Solarski (z Yasuhiro Takitani) \u2013 br\u0105zowy medal debel +80<\/p>\n\n\n\n<p>Olesja Szpak (z Dalia Jarusaitiene) \u2013 srebrny medal debel open<\/p>\n\n\n\n<p>Agnieszka Widziszowska\/Agata Wojciuk \u2013 srebrny medal debel +45<\/p>\n\n\n\n<p>Anna Komar\/Joanna Szafranek \u2013 br\u0105zowy medal debel +45<\/p>\n\n\n\n<p>Joanna Ga\u0142uszka-Garnuszek (z Heidi Beate Eggesbo) \u2013 br\u0105zowy medal debel +50<\/p>\n\n\n\n<p>Gra\u017cyna Martini-Kami\u0144ska\/Ewa Dyrda \u2013 br\u0105zowy medal debel +55<\/p>\n\n\n\n<p>Ma\u0142gorzata Pawelec-Wojtalik\/Bo\u017cena K\u0119dzierska \u2013 z\u0142oty medal debel +65<\/p>\n\n\n\n<p>Robert Telega\/Agata Wojciuk \u2013 z\u0142oty medal w mik\u015bcie +40<\/p>\n\n\n\n<p>Maciej Koczorowski\/Joanna Szafranek \u2013 srebrny medal w mik\u015bcie +45<\/p>\n\n\n\n<p>Joanna Ga\u0142uszka-Garnuszek\/Pawe\u0142 Garnuszek \u2013 br\u0105zowy medal w mik\u015bcie +50<\/p>\n\n\n\n<p>Tomasz Maziak\/Ma\u0142gorzata Pawelec-Wojtalik \u2013 srebrny medal w mik\u015bcie +60<\/p>\n\n\n\n<p>Dariusz Obin\/Renata Bana\u015b-Samson \u2013 finali\u015bcie turnieju pocieszenia w mik\u015bcie +60<\/p>\n\n\n\n<p><\/p>\n\n\n\n<h2 class=\"wp-block-heading\"><strong>SKR\u00d3TOWE WYNIKI<\/strong>&nbsp;-&gt;&nbsp;<a rel=\"noreferrer noopener\" href=\"https:\/\/www.wmtsvilnius.com\/wp-content\/uploads\/Protocol.pdf\" target=\"_blank\">TUTAJ<\/a><\/h2>\n\n\n\n<h2 class=\"wp-block-heading\"><strong>PE\u0141NE WYNIKI, DRABINKI, GRUPY<\/strong>&nbsp;-&gt;&nbsp;<a href=\"https:\/\/wmts.tennisalibi.com\/tournaments\/vilnius-2019\/draws\" target=\"_blank\" rel=\"noreferrer noopener\">TUTAJ<\/a><\/h2>\n\n\n\n<h2 class=\"wp-block-heading\"><strong>ZDJ\u0118CIA<\/strong>&nbsp;-&gt;&nbsp;<a href=\"https:\/\/www.wmtsvilnius.com\/photos-2\/\" target=\"_blank\" rel=\"noreferrer noopener\">CZ\u0118\u015a\u0106 1<\/a>,&nbsp;<a href=\"https:\/\/imgur.com\/a\/rLsWG8h\" target=\"_blank\" rel=\"noreferrer noopener\">CZ\u0118\u015a\u0106 2<\/a><\/h2>\n\n\n\n<p><\/p>\n","protected":false},"excerpt":{"rendered":"<p>Wilno w dniach 3-12.08.2019 by\u0142o aren\u0105 zmaga\u0144 321 zawodnik\u00f3w z 29 kraj\u00f3w w ramach 49. Tenisowych Mistrzostw \u015awiata Lekarzy. Na czterech pi\u0119knych obiektach rozegrano \u0142\u0105cznie 869 pojedynk\u00f3w w 48 kategoriach. Polska reprezentacja zanotowa\u0142a najlepszy w historii wyst\u0119p zdobywaj\u0105c 31 medali (8 z\u0142otych, 5 srebrnych i 19 br\u0105zowych) i wygrywaj\u0105c klasyfikacj\u0119 medalow\u0105 przed ekipami USA (7-5-0) &hellip; <\/p>\n<p class=\"link-more\"><a href=\"https:\/\/pstl.pl\/index.php\/49-mistrzostwa-swiata-lekarzy-w-tenisie-wilno-2019\/\" class=\"more-link\">Czytaj dalej<span class=\"screen-reader-text\"> \u201e49. MISTRZOSTWA \u015aWIATA LEKARZY W TENISIE &#8211; WILNO 2019\u201d<\/span><\/a><\/p>\n","protected":false},"author":1,"featured_media":0,"parent":0,"menu_order":0,"comment_status":"closed","ping_status":"closed","template":"","meta":{"footnotes":""},"class_list":["post-125","page","type-page","status-publish","hentry"],"_links":{"self":[{"href":"https:\/\/pstl.pl\/index.php\/wp-json\/wp\/v2\/pages\/125","targetHints":{"allow":["GET"]}}],"collection":[{"href":"https:\/\/pstl.pl\/index.php\/wp-json\/wp\/v2\/pages"}],"about":[{"href":"https:\/\/pstl.pl\/index.php\/wp-json\/wp\/v2\/types\/page"}],"author":[{"embeddable":true,"href":"https:\/\/pstl.pl\/index.php\/wp-json\/wp\/v2\/users\/1"}],"replies":[{"embeddable":true,"href":"https:\/\/pstl.pl\/index.php\/wp-json\/wp\/v2\/comments?post=125"}],"version-history":[{"count":2,"href":"https:\/\/pstl.pl\/index.php\/wp-json\/wp\/v2\/pages\/125\/revisions"}],"predecessor-version":[{"id":301,"href":"https:\/\/pstl.pl\/index.php\/wp-json\/wp\/v2\/pages\/125\/revisions\/301"}],"wp:attachment":[{"href":"https:\/\/pstl.pl\/index.php\/wp-json\/wp\/v2\/media?parent=125"}],"curies":[{"name":"wp","href":"https:\/\/api.w.org\/{rel}","templated":true}]}}