{"id":116,"date":"2020-04-05T22:12:12","date_gmt":"2020-04-05T22:12:12","guid":{"rendered":"http:\/\/www.pstl.radwanskie.nstrefa.pl\/?page_id=116"},"modified":"2026-03-25T21:06:48","modified_gmt":"2026-03-25T21:06:48","slug":"rankingi","status":"publish","type":"page","link":"https:\/\/pstl.pl\/index.php\/rankingi\/","title":{"rendered":"Rankingi"},"content":{"rendered":"\n<p>W rankingu figuruj\u0105 tylko osoby z op\u0142acon\u0105 sk\u0142adk\u0105 cz\u0142onkowsk\u0105.<\/p>\n\n\n\n<pre class=\"wp-block-verse\"><a href=\"https:\/\/pstl.pl\/wp-content\/uploads\/2026\/03\/ranking-kobiet-po-BIELSKO-BIALA-2026.xls\" data-type=\"link\" data-id=\"https:\/\/pstl.pl\/wp-content\/uploads\/2026\/03\/ranking-kobiet-po-BIELSKO-BIALA-2026.xls\" target=\"_blank\" rel=\"noreferrer noopener\">Ranking kobiet 2026<\/a> (po turnieju w Bielsko-Bia\u0142a 2026)<br>Aktualizacja: 25.03.2026 r.<\/pre>\n\n\n\n<pre class=\"wp-block-verse\"><a href=\"https:\/\/pstl.pl\/wp-content\/uploads\/2026\/03\/ranking-mezczyzn-po-Bielsko-Biala-2026.xls\" data-type=\"link\" data-id=\"https:\/\/pstl.pl\/wp-content\/uploads\/2026\/03\/ranking-mezczyzn-po-Bielsko-Biala-2026.xls\" target=\"_blank\" rel=\"noreferrer noopener\">Ranking m\u0119\u017cczyzn 2026<\/a> (po turnieju w Bielsko-Bia\u0142a 2026)<br>Aktualizacja: 25.03.2026 r.<\/pre>\n\n\n\n<p class=\"has-text-align-center has-large-font-size\"><strong><strong>2024<\/strong><\/strong><\/p>\n\n\n\n<figure class=\"wp-block-image size-large\"><img loading=\"lazy\" decoding=\"async\" width=\"1024\" height=\"683\" src=\"https:\/\/pstl.pl\/wp-content\/uploads\/2025\/11\/nr-1-w-rank-1024x683.jpg\" alt=\"\" class=\"wp-image-2969\" srcset=\"https:\/\/pstl.pl\/wp-content\/uploads\/2025\/11\/nr-1-w-rank-1024x683.jpg 1024w, https:\/\/pstl.pl\/wp-content\/uploads\/2025\/11\/nr-1-w-rank-300x200.jpg 300w, https:\/\/pstl.pl\/wp-content\/uploads\/2025\/11\/nr-1-w-rank-768x512.jpg 768w, https:\/\/pstl.pl\/wp-content\/uploads\/2025\/11\/nr-1-w-rank-1536x1024.jpg 1536w, https:\/\/pstl.pl\/wp-content\/uploads\/2025\/11\/nr-1-w-rank-2048x1366.jpg 2048w\" sizes=\"auto, (max-width: 767px) 89vw, (max-width: 1000px) 54vw, (max-width: 1071px) 543px, 580px\" \/><\/figure>\n\n\n\n<p><strong>LIDERKI RANKINGU PSTL ZA SEZON 2024 &#8211; OSOBY Z NAJWI\u0118KSZ\u0104 LICZB\u0104 PUNKT\u00d3W NA KONIEC SEZONU 2024<\/strong><\/p>\n\n\n\n<p>&#8211; kategoria singiel kobiet do lat 45 Olesja Szpak<\/p>\n\n\n\n<p>&#8211; kategoria singiel kobiet 45-55 Anna Komar<\/p>\n\n\n\n<p>&#8211; kategoria singiel kobiet +55 Anna \u015aliwi\u0144ska<\/p>\n\n\n\n<p>&#8211; kategoria singiel kobiet +60 Ma\u0142gorzata Pawelec-Wojtalik<\/p>\n\n\n\n<p>&#8211; kategoria debel kobiet do lat 45 Kinga Janczukowicz<\/p>\n\n\n\n<p>&#8211; kategoria debel kobiet +45  ex aequo Anna Komar i Joanna Szafranek<\/p>\n\n\n\n<p>&#8211; kategoria debel kobiet +55 Ma\u0142gorzata Pawelec-Wojtalik <\/p>\n\n\n\n<p><br><strong>LIDERZY RANKINGU PSTL ZA SEZON 2024 &#8211; OSOBY Z NAJWI\u0118KSZ\u0104 LICZB\u0104 PUNKT\u00d3W NA KONIEC SEZONU 202<\/strong>4<\/p>\n\n\n\n<p>&#8211; kategoria singiel m\u0119\u017cczyzn do lat 35 Marcin Pokrzywnicki<\/p>\n\n\n\n<p>&#8211; kategoria singiel m\u0119\u017cczyzn +35 Mateusz Br\u00f3zda<\/p>\n\n\n\n<p>&#8211; kategoria singiel m\u0119\u017cczyzn +45 Marcin Krywiak<\/p>\n\n\n\n<p>&#8211; kategoria singiel m\u0119\u017cczyzn +50 Robert Telega<\/p>\n\n\n\n<p>&#8211; kategoria singiel m\u0119\u017cczyzn +55 Robert Kowalczyk<\/p>\n\n\n\n<p>&#8211; kategoria singiel m\u0119\u017cczyzn +60 Dariusz Gajecki <\/p>\n\n\n\n<p>&#8211; kategoria singiel m\u0119\u017cczyzn +65 Andrzej Bachurski<\/p>\n\n\n\n<p>&#8211; kategoria singiel m\u0119\u017cczyzn +70 Zdzis\u0142aw Hrynkiewicz<\/p>\n\n\n\n<p>&#8211; kategoria singiel m\u0119\u017cczyzn +75 Ignacy Lubi\u0144ski<\/p>\n\n\n\n<p>&#8211; kategoria singiel m\u0119\u017cczyzn +80 J\u00f3zef Safian<\/p>\n\n\n\n<p>&#8211; kategoria singiel m\u0119\u017cczyzn +85 Stanis\u0142aw \u015awierad<\/p>\n\n\n\n<p>&#8211; kategoria debel m\u0119\u017cczyzn do lat 45 Marcin Pokrzywnicki<\/p>\n\n\n\n<p>&#8211; kategoria debel m\u0119\u017cczyzn 45-55 Marek Komar<\/p>\n\n\n\n<p>&#8211; kategoria debel m\u0119\u017cczyzn 55-65 Przemys\u0142aw Klimas<\/p>\n\n\n\n<p>&#8211; kategoria debel m\u0119\u017cczyzn +65 Daniel Leo\u0144czyk<\/p>\n\n\n\n<p>&#8211; kategoria debel m\u0119\u017cczyzn +75 J\u00f3zef Safian<\/p>\n\n\n\n<p class=\"has-text-align-center\" style=\"font-size:24px\"><strong>2023<\/strong><\/p>\n\n\n<div class=\"wp-block-image\">\n<figure class=\"aligncenter size-large\"><img decoding=\"async\" src=\"https:\/\/pstl.pl\/wp-content\/uploads\/2024\/06\/zdj-ranking-scaled.jpg\" alt=\"\"\/><\/figure><\/div>\n\n\n<p><strong>LIDERKI RANKINGU PSTL ZA SEZON 2023 &#8211; OSOBY Z NAJWI\u0118KSZ\u0104 LICZB\u0104 PUNKT\u00d3W NA KONIEC SEZONU 2023<\/strong><\/p>\n\n\n\n<p>&#8211; kategoria singiel kobiet do lat 45 Kinga Janczukowicz<\/p>\n\n\n\n<p>&#8211; kategoria singiel kobiet 45-55 Joanna Szafranek<\/p>\n\n\n\n<p>&#8211; kategoria singiel kobiet +55 Gra\u017cyna Martini-Kami\u0144ska<\/p>\n\n\n\n<p>&#8211; kategoria singiel kobiet +60 Bo\u017cena K\u0119dzierska<\/p>\n\n\n\n<p>&#8211; kategoria debel kobiet do lat 45 Joanna Ga\u0142uszka-Garnuszek<\/p>\n\n\n\n<p>&#8211; kategoria debel kobiet +45 Anna Komar <\/p>\n\n\n\n<p>&#8211; kategoria debel kobiet +55 Mariola K\u0105kol-Kaczmarska<\/p>\n\n\n\n<p><strong>LIDERZY RANKINGU PSTL ZA SEZON 2023 &#8211; OSOBY Z NAJWI\u0118KSZ\u0104 LICZB\u0104 PUNKT\u00d3W NA KONIEC SEZONU 2023<\/strong><\/p>\n\n\n\n<p>&#8211; kategoria singiel m\u0119\u017cczyzn do lat 35 Marcin Pokrzywnicki<\/p>\n\n\n\n<p>&#8211; kategoria singiel m\u0119\u017cczyzn +35 Bart\u0142omiej Ptak<\/p>\n\n\n\n<p>&#8211; kategoria singiel m\u0119\u017cczyzn +45 Marcin Krywiak<\/p>\n\n\n\n<p>&#8211; kategoria singiel m\u0119\u017cczyzn +50 Robert Telega<\/p>\n\n\n\n<p>&#8211; kategoria singiel m\u0119\u017cczyzn +55 Robert Kowalczyk<\/p>\n\n\n\n<p>&#8211; kategoria singiel m\u0119\u017cczyzn +60 Tomasz Maziak<\/p>\n\n\n\n<p>&#8211; kategoria singiel m\u0119\u017cczyzn +65 Jerzy Talarczyk<\/p>\n\n\n\n<p>&#8211; kategoria singiel m\u0119\u017cczyzn +70 Daniel Leo\u0144czyk<\/p>\n\n\n\n<p>&#8211; kategoria singiel m\u0119\u017cczyzn +75 Ryszard Koczorowski<\/p>\n\n\n\n<p>&#8211; kategoria singiel m\u0119\u017cczyzn +80 J\u00f3zef Safian<\/p>\n\n\n\n<p>&#8211; kategoria singiel m\u0119\u017cczyzn +85 Stanis\u0142aw \u015awierad<\/p>\n\n\n\n<p>&#8211; kategoria debel m\u0119\u017cczyzn do lat 45 Marcin Pokrzywnicki<\/p>\n\n\n\n<p>&#8211; kategoria debel m\u0119\u017cczyzn 45-55 Robert Telega<\/p>\n\n\n\n<p>&#8211; kategoria debel m\u0119\u017cczyzn 55-65 Robert Kowalczyk i Dariusz Gajecki<\/p>\n\n\n\n<p>&#8211; kategoria debel m\u0119\u017cczyzn +65 Daniel Leo\u0144czyk<\/p>\n\n\n\n<p>&#8211; kategoria debel m\u0119\u017cczyzn +75 Ryszard Koczorowski<\/p>\n\n\n\n<h1 class=\"wp-block-heading has-text-align-center\"><strong>2022<\/strong><\/h1>\n\n\n\n<figure class=\"wp-block-image size-large\"><img loading=\"lazy\" decoding=\"async\" width=\"1024\" height=\"683\" src=\"https:\/\/pstl.pl\/wp-content\/uploads\/2023\/07\/rankingi-1024x683.jpg\" alt=\"\" class=\"wp-image-2153\" srcset=\"https:\/\/pstl.pl\/wp-content\/uploads\/2023\/07\/rankingi-1024x683.jpg 1024w, https:\/\/pstl.pl\/wp-content\/uploads\/2023\/07\/rankingi-300x200.jpg 300w, https:\/\/pstl.pl\/wp-content\/uploads\/2023\/07\/rankingi-768x512.jpg 768w, https:\/\/pstl.pl\/wp-content\/uploads\/2023\/07\/rankingi-1536x1024.jpg 1536w, https:\/\/pstl.pl\/wp-content\/uploads\/2023\/07\/rankingi-2048x1365.jpg 2048w\" sizes=\"auto, (max-width: 767px) 89vw, (max-width: 1000px) 54vw, (max-width: 1071px) 543px, 580px\" \/><\/figure>\n\n\n\n<p><strong>LIDERKI RANKINGU PSTL ZA SEZON 2022 &#8211; OSOBY Z NAJWI\u0118KSZ\u0104 LICZB\u0104 PUNKT\u00d3W NA KONIEC SEZONU 2022<\/strong><\/p>\n\n\n\n<p>&#8211; kategoria singiel kobiet do lat 45 Olesja Szpak<\/p>\n\n\n\n<p>&#8211; kategoria singiel kobiet 45-55 Anna Komar<\/p>\n\n\n\n<p>&#8211; kategoria singiel kobiet +55 Gra\u017cyna Martini-Kami\u0144ska<\/p>\n\n\n\n<p>&#8211; kategoria singiel kobiet +60 Bo\u017cena K\u0119dzierska<\/p>\n\n\n\n<p>&#8211; kategoria debel kobiet do lat 45 Olesja Szpak<\/p>\n\n\n\n<p>&#8211; kategoria debel kobiet +45 Anna Komar i Gra\u017cyna Martini-Kami\u0144ska<\/p>\n\n\n\n<p>&#8211; kategoria debel kobiet +55 Bo\u017cena K\u0119dzierska i Ma\u0142gorzata Pawelec-Wojtalik<\/p>\n\n\n\n<p><strong>LIDERZY RANKINGU PSTL ZA SEZON 2022 &#8211; OSOBY Z NAJWI\u0118KSZ\u0104 LICZB\u0104 PUNKT\u00d3W NA KONIEC SEZONU 2022<\/strong><\/p>\n\n\n\n<p>&#8211; kategoria singiel m\u0119\u017cczyzn do lat 35 Maciej Krekora<\/p>\n\n\n\n<p>&#8211; kategoria singiel m\u0119\u017cczyzn +35 Marcin Krywiak<\/p>\n\n\n\n<p>&#8211; kategoria singiel m\u0119\u017cczyzn +45 Bogus\u0142aw Marinkovic<\/p>\n\n\n\n<p>&#8211; kategoria singiel m\u0119\u017cczyzn +50 Lech Borkowski<\/p>\n\n\n\n<p>&#8211; kategoria singiel m\u0119\u017cczyzn +55 Robert Kowalczyk<\/p>\n\n\n\n<p>&#8211; kategoria singiel m\u0119\u017cczyzn +60 Jerzy Hakuba<\/p>\n\n\n\n<p>&#8211; kategoria singiel m\u0119\u017cczyzn +65 Zdzis\u0142aw Hrynkiewicz<\/p>\n\n\n\n<p>&#8211; kategoria singiel m\u0119\u017cczyzn +70 Roman Pawlas<\/p>\n\n\n\n<p>&#8211; kategoria singiel m\u0119\u017cczyzn +75 Ryszard Koczorowski<\/p>\n\n\n\n<p>&#8211; kategoria singiel m\u0119\u017cczyzn +80 J\u00f3zef Safian<\/p>\n\n\n\n<p>&#8211; kategoria singiel m\u0119\u017cczyzn +85 Stanis\u0142aw \u015awierad<\/p>\n\n\n\n<p>&#8211; kategoria debel m\u0119\u017cczyzn do lat 45 Rafa\u0142 Galik<\/p>\n\n\n\n<p>&#8211; kategoria debel m\u0119\u017cczyzn 45-55 Lech Borkowski<\/p>\n\n\n\n<p>&#8211; kategoria debel m\u0119\u017cczyzn 55-65 Andrzej Semczuk<\/p>\n\n\n\n<p>&#8211; kategoria debel m\u0119\u017cczyzn +65 Bogus\u0142aw Rataj<\/p>\n\n\n\n<p>&#8211; kategoria debel m\u0119\u017cczyzn +75 J\u00f3zef Safian<\/p>\n\n\n\n<h1 class=\"wp-block-heading has-text-align-center\"><strong>2021<\/strong><\/h1>\n\n\n\n<figure class=\"wp-block-image size-large is-resized\"><img loading=\"lazy\" decoding=\"async\" width=\"1024\" height=\"768\" src=\"https:\/\/pstl.pl\/wp-content\/uploads\/2022\/06\/liderzy-rankingu-2021-1024x768.jpg\" alt=\"\" class=\"wp-image-1720\" style=\"width:764px;height:572px\" srcset=\"https:\/\/pstl.pl\/wp-content\/uploads\/2022\/06\/liderzy-rankingu-2021-1024x768.jpg 1024w, https:\/\/pstl.pl\/wp-content\/uploads\/2022\/06\/liderzy-rankingu-2021-300x225.jpg 300w, https:\/\/pstl.pl\/wp-content\/uploads\/2022\/06\/liderzy-rankingu-2021-768x576.jpg 768w, https:\/\/pstl.pl\/wp-content\/uploads\/2022\/06\/liderzy-rankingu-2021-1536x1152.jpg 1536w, https:\/\/pstl.pl\/wp-content\/uploads\/2022\/06\/liderzy-rankingu-2021.jpg 1600w\" sizes=\"auto, (max-width: 767px) 89vw, (max-width: 1000px) 54vw, (max-width: 1071px) 543px, 580px\" \/><\/figure>\n\n\n\n<p><strong>LIDERKI RANKINGU PSTL ZA SEZON 2021 &#8211; OSOBY Z NAJWI\u0118KSZ\u0104 LICZB\u0104 PUNKT\u00d3W NA KONIEC SEZONU 2021<\/strong><\/p>\n\n\n\n<p>&#8211; kategoria singiel kobiet do lat 45 Olesja Szpak<\/p>\n\n\n\n<p>&#8211; kategoria singiel kobiet 45-55 Anna Komar<\/p>\n\n\n\n<p>&#8211; kategoria singiel kobiet +55 Gra\u017cyna Martini-Kami\u0144ska<\/p>\n\n\n\n<p>&#8211; kategoria singiel kobiet +60 Bo\u017cena K\u0119dzierska<\/p>\n\n\n\n<p>&#8211; kategoria debel kobiet do lat 45 Olesja Szpak<\/p>\n\n\n\n<p>&#8211; kategoria debel kobiet +45 Anna Komar<\/p>\n\n\n\n<p>&#8211; kategoria debel kobiet +55 Bo\u017cena K\u0119dzierska<\/p>\n\n\n\n<p><strong>LIDERZY RANKINGU PSTL ZA SEZON 2021 &#8211; OSOBY Z NAJWI\u0118KSZ\u0104 LICZB\u0104 PUNKT\u00d3W NA KONIEC SEZONU 2021<\/strong><\/p>\n\n\n\n<p>&#8211; kategoria singiel m\u0119\u017cczyzn do lat 35 Marcin Pokrzywnicki<\/p>\n\n\n\n<p>&#8211; kategoria singiel m\u0119\u017cczyzn +35 Marcin Krywiak &amp; Artur Barlik ex aequo<\/p>\n\n\n\n<p>&#8211; kategoria singiel m\u0119\u017cczyzn +45 Jakub Kornacki<\/p>\n\n\n\n<p>&#8211; kategoria singiel m\u0119\u017cczyzn +50 Marek Komar<\/p>\n\n\n\n<p>&#8211; kategoria singiel m\u0119\u017cczyzn +55 Tomasz Mazak<\/p>\n\n\n\n<p>&#8211; kategoria singiel m\u0119\u017cczyzn +60 Artur Ferencz<\/p>\n\n\n\n<p>&#8211; kategoria singiel m\u0119\u017cczyzn +65 Marek Kintzi<\/p>\n\n\n\n<p>&#8211; kategoria singiel m\u0119\u017cczyzn +70 Ryszard Koczorowski<\/p>\n\n\n\n<p>&#8211; kategoria singiel m\u0119\u017cczyzn +75 Krzysztof Micha\u0142owski<\/p>\n\n\n\n<p>&#8211; kategoria singiel m\u0119\u017cczyzn +80 J\u00f3zef Safian<\/p>\n\n\n\n<p>&#8211; kategoria singiel m\u0119\u017cczyzn +85 Stanis\u0142aw \u015awierad<\/p>\n\n\n\n<p>&#8211; kategoria debel m\u0119\u017cczyzn do lat 45 Marcin Pokrzywnicki<\/p>\n\n\n\n<p>&#8211; kategoria debel m\u0119\u017cczyzn 45-55 Marcin Krywiak<\/p>\n\n\n\n<p>&#8211; kategoria debel m\u0119\u017cczyzn 55-65 Artur Ferencz<\/p>\n\n\n\n<p>&#8211; kategoria debel m\u0119\u017cczyzn +65 Daniel Leo\u0144czyk<\/p>\n\n\n\n<p>&#8211; kategoria debel m\u0119\u017cczyzn +75 J\u00f3zef Safian<\/p>\n\n\n\n<h1 class=\"wp-block-heading has-text-align-center\"><strong>2020<\/strong> COVID<\/h1>\n\n\n\n<p><\/p>\n\n\n<h1 style=\"text-align: center;\"><strong>2019<\/strong><\/h1>\n\n<div class=\"wp-block-image\">\n<figure class=\"aligncenter size-large is-resized\"><img loading=\"lazy\" decoding=\"async\" width=\"1024\" height=\"683\" src=\"https:\/\/pstl.pl\/wp-content\/uploads\/2020\/08\/liderzy-rankingu-1024x683.jpg\" alt=\"\" class=\"wp-image-912\" style=\"width:786px;height:524px\" srcset=\"https:\/\/pstl.pl\/wp-content\/uploads\/2020\/08\/liderzy-rankingu-1024x683.jpg 1024w, https:\/\/pstl.pl\/wp-content\/uploads\/2020\/08\/liderzy-rankingu-300x200.jpg 300w, https:\/\/pstl.pl\/wp-content\/uploads\/2020\/08\/liderzy-rankingu-768x512.jpg 768w, https:\/\/pstl.pl\/wp-content\/uploads\/2020\/08\/liderzy-rankingu-1536x1024.jpg 1536w, https:\/\/pstl.pl\/wp-content\/uploads\/2020\/08\/liderzy-rankingu-2048x1365.jpg 2048w\" sizes=\"auto, (max-width: 767px) 89vw, (max-width: 1000px) 54vw, (max-width: 1071px) 543px, 580px\" \/><\/figure><\/div>\n\n\n<p><strong>LIDERKI RANKINGU PSTL ZA SEZON 2019 &#8211; OSOBY Z NAJWI\u0118KSZ\u0104 LICZB\u0104 PUNKT\u00d3W NA KONIEC SEZONU 2019<\/strong><\/p>\n\n\n\n<p>&#8211; kategoria singiel kobiet do lat 45 Agata Wojciuk<\/p>\n\n\n\n<p>&#8211; kategoria singiel kobiet 45-55 Anna Komar<\/p>\n\n\n\n<p>&#8211; kategoria singiel kobiet +55 Gra\u017cyna Martini-Kami\u0144ska<\/p>\n\n\n\n<p>&#8211; kategoria singiel kobiet +60 Ma\u0142gorzata Pawelec-Wojtalik<\/p>\n\n\n\n<p>&#8211; kategoria debel kobiet do lat 45 Agata Wojciuk<\/p>\n\n\n\n<p>&#8211; kategoria debel kobiet +45 Anna Komar<\/p>\n\n\n\n<p>&#8211; kategoria debel kobiet +55 Ma\u0142gorzata Pawelec-Wojtalik<\/p>\n\n\n\n<p><\/p>\n\n\n\n<p><strong>LIDERZY RANKINGU PSTL ZA SEZON 2019 &#8211; OSOBY Z NAJWI\u0118KSZ\u0104 LICZB\u0104 PUNKT\u00d3W NA KONIEC SEZONU 2019<\/strong><\/p>\n\n\n\n<p>&#8211; kategoria singiel m\u0119\u017cczyzn do lat 35 Marcin Pokrzywnicki<\/p>\n\n\n\n<p>&#8211; kategoria singiel m\u0119\u017cczyzn +35 Bart\u0142omiej Ptak<\/p>\n\n\n\n<p>&#8211; kategoria singiel m\u0119\u017cczyzn +45 Marcin Krywiak<\/p>\n\n\n\n<p>&#8211; kategoria singiel m\u0119\u017cczyzn +50 Robert Kowalczyk<\/p>\n\n\n\n<p>&#8211; kategoria singiel m\u0119\u017cczyzn +55 Artur Ferencz<\/p>\n\n\n\n<p>&#8211; kategoria singiel m\u0119\u017cczyzn +60 Tomasz Maziak<\/p>\n\n\n\n<p>&#8211; kategoria singiel m\u0119\u017cczyzn +65 Zdzis\u0142aw Hrynkiewicz<\/p>\n\n\n\n<p>&#8211; kategoria singiel m\u0119\u017cczyzn +70 Ignacy Lubi\u0144ski<\/p>\n\n\n\n<p>&#8211; kategoria singiel m\u0119\u017cczyzn +75 Zbigniew Nanowski<\/p>\n\n\n\n<p>&#8211; kategoria singiel m\u0119\u017cczyzn +80 Stanis\u0142aw \u015awierad<\/p>\n\n\n\n<p>&#8211; kategoria debel m\u0119\u017cczyzn do lat 45 Marcin Pokrzywnicki<\/p>\n\n\n\n<p>&#8211; kategoria debel m\u0119\u017cczyzn 45-55 Robert Telega<\/p>\n\n\n\n<p>&#8211; kategoria debel m\u0119\u017cczyzn 55-65 Bogus\u0142aw Rataj<\/p>\n\n\n\n<p>&#8211; kategoria debel m\u0119\u017cczyzn +65 Daniel Leo\u0144czyk<\/p>\n\n\n\n<p>&#8211; kategoria debel m\u0119\u017cczyzn +75 Zbigniew Nanowski<\/p>\n\n\n\n<p><\/p>\n\n\n\n<h2 class=\"wp-block-heading has-text-align-center\"><strong>2018<\/strong><\/h2>\n\n\n\n<figure class=\"wp-block-image is-resized\"><img decoding=\"async\" src=\"https:\/\/www.pstl.radwanskie.nstrefa.pl\/wp-content\/uploads\/2020\/04\/liderzyrankingu2018-1024x768.jpg\" alt=\"Obrazek posiada pusty atrybut alt; plik o nazwie liderzyrankingu2018-1024x768.jpg\" style=\"width:835px;height:626px\"\/><\/figure>\n\n\n\n<p><strong>LIDERKI RANKINGU PSTL ZA SEZON 2018 &#8211; OSOBY Z NAJWI\u0118KSZ\u0104 LICZB\u0104 PUNKT\u00d3W NA KONIEC SEZONU 2018<\/strong><\/p>\n\n\n\n<p>&#8211; kategoria singiel kobiet do lat 45 Agata Wojciuk<\/p>\n\n\n\n<p>&#8211; kategoria singiel kobiet 45-55 Joanna Szafranek<\/p>\n\n\n\n<p>&#8211; kategoria singiel kobiet +55 Ma\u0142gorzata Pawelec-Wojtalik<\/p>\n\n\n\n<p>&#8211; kategoria debel kobiet do lat 45 Agata Wojciuk<\/p>\n\n\n\n<p>&#8211; kategoria debel kobiet +45 Anna Komar<\/p>\n\n\n\n<p><strong>LIDERZY RANKINGU PSTL ZA SEZON 2018 &#8211; OSOBY Z NAJWI\u0118KSZ\u0104 LICZB\u0104 PUNKT\u00d3W NA KONIEC SEZONU 2018<\/strong><\/p>\n\n\n\n<p>&#8211; kategoria singiel m\u0119\u017cczyzn do lat 35 Jan Paradowski<\/p>\n\n\n\n<p>&#8211; kategoria singiel m\u0119\u017cczyzn +35 Bart\u0142omiej Ptak<\/p>\n\n\n\n<p>&#8211; kategoria singiel m\u0119\u017cczyzn +45 Robert Telega<\/p>\n\n\n\n<p>&#8211; kategoria singiel m\u0119\u017cczyzn +50 Robert Kowalczyk<\/p>\n\n\n\n<p>&#8211; kategoria singiel m\u0119\u017cczyzn +55 Roman Sadowski<\/p>\n\n\n\n<p>&#8211; kategoria singiel m\u0119\u017cczyzn +60 Tomasz Maziak<\/p>\n\n\n\n<p>&#8211; kategoria singiel m\u0119\u017cczyzn +65 Roman Pawlas<\/p>\n\n\n\n<p>&#8211; kategoria singiel m\u0119\u017cczyzn +70 Krzysztof Micha\u0142owski<\/p>\n\n\n\n<p>&#8211; kategoria singiel m\u0119\u017cczyzn +75 Andrzej Pozowski<\/p>\n\n\n\n<p>&#8211; kategoria singiel m\u0119\u017cczyzn +80 Stanis\u0142aw \u015awierad<\/p>\n\n\n\n<p>&#8211; kategoria debel m\u0119\u017cczyzn do lat 45 Micha\u0142 Dyrda<\/p>\n\n\n\n<p>&#8211; kategoria debel m\u0119\u017cczyzn 45-55 Robert Kowalczyk i Robert Telega<\/p>\n\n\n\n<p>&#8211; kategoria debel m\u0119\u017cczyzn 55-65 Bogus\u0142aw Rataj<\/p>\n\n\n\n<p>&#8211; kategoria debel m\u0119\u017cczyzn +65 Kazimierz Bujak<\/p>\n\n\n\n<p>&#8211; kategoria debel m\u0119\u017cczyzn +75 J\u00f3zef Safian i Andrzej Pozowski<\/p>\n\n\n\n<p><\/p>\n","protected":false},"excerpt":{"rendered":"<p>W rankingu figuruj\u0105 tylko osoby z op\u0142acon\u0105 sk\u0142adk\u0105 cz\u0142onkowsk\u0105. Ranking kobiet 2026 (po turnieju w Bielsko-Bia\u0142a 2026)Aktualizacja: 25.03.2026 r. Ranking m\u0119\u017cczyzn 2026 (po turnieju w Bielsko-Bia\u0142a 2026)Aktualizacja: 25.03.2026 r. 2024 LIDERKI RANKINGU PSTL ZA SEZON 2024 &#8211; OSOBY Z NAJWI\u0118KSZ\u0104 LICZB\u0104 PUNKT\u00d3W NA KONIEC SEZONU 2024 &#8211; kategoria singiel kobiet do lat 45 Olesja Szpak &hellip; <\/p>\n<p class=\"link-more\"><a href=\"https:\/\/pstl.pl\/index.php\/rankingi\/\" class=\"more-link\">Czytaj dalej<span class=\"screen-reader-text\"> \u201eRankingi\u201d<\/span><\/a><\/p>\n","protected":false},"author":1,"featured_media":0,"parent":0,"menu_order":0,"comment_status":"closed","ping_status":"closed","template":"","meta":{"footnotes":""},"class_list":["post-116","page","type-page","status-publish","hentry"],"_links":{"self":[{"href":"https:\/\/pstl.pl\/index.php\/wp-json\/wp\/v2\/pages\/116","targetHints":{"allow":["GET"]}}],"collection":[{"href":"https:\/\/pstl.pl\/index.php\/wp-json\/wp\/v2\/pages"}],"about":[{"href":"https:\/\/pstl.pl\/index.php\/wp-json\/wp\/v2\/types\/page"}],"author":[{"embeddable":true,"href":"https:\/\/pstl.pl\/index.php\/wp-json\/wp\/v2\/users\/1"}],"replies":[{"embeddable":true,"href":"https:\/\/pstl.pl\/index.php\/wp-json\/wp\/v2\/comments?post=116"}],"version-history":[{"count":86,"href":"https:\/\/pstl.pl\/index.php\/wp-json\/wp\/v2\/pages\/116\/revisions"}],"predecessor-version":[{"id":3056,"href":"https:\/\/pstl.pl\/index.php\/wp-json\/wp\/v2\/pages\/116\/revisions\/3056"}],"wp:attachment":[{"href":"https:\/\/pstl.pl\/index.php\/wp-json\/wp\/v2\/media?parent=116"}],"curies":[{"name":"wp","href":"https:\/\/api.w.org\/{rel}","templated":true}]}}